{"id":10019,"date":"2023-05-08T11:30:02","date_gmt":"2023-05-08T11:30:02","guid":{"rendered":"https:\/\/kosa.mk\/%d0%bd%d0%b0%d1%87%d0%b8%d0%bd-%d0%bd%d0%b0-%d0%b8%d1%81%d0%bf%d0%be%d1%80%d0%b0%d0%ba%d0%b0\/"},"modified":"2023-05-08T11:50:49","modified_gmt":"2023-05-08T11:50:49","slug":"nacin-na-isporaka","status":"publish","type":"page","link":"https:\/\/kosa.mk\/sq\/nacin-na-isporaka\/","title":{"rendered":"M\u00cbNYRA E DOR\u00cbZIMIT"},"content":{"rendered":"\t\t<div data-elementor-type=\"wp-page\" data-elementor-id=\"10019\" class=\"elementor elementor-10019 elementor-10014\">\n\t\t\t\t\t\t<section class=\"elementor-section elementor-top-section elementor-element elementor-element-b25518f elementor-section-boxed elementor-section-height-default elementor-section-height-default wd-section-disabled\" data-id=\"b25518f\" data-element_type=\"section\" data-e-type=\"section\">\n\t\t\t\t\t\t<div class=\"elementor-container elementor-column-gap-default\">\n\t\t\t\t\t<div class=\"elementor-column elementor-col-100 elementor-top-column elementor-element elementor-element-e98342e\" data-id=\"e98342e\" data-element_type=\"column\" data-e-type=\"column\">\n\t\t\t<div class=\"elementor-widget-wrap elementor-element-populated\">\n\t\t\t\t\t\t<div class=\"elementor-element elementor-element-e5e52e3 elementor-widget elementor-widget-heading\" data-id=\"e5e52e3\" data-element_type=\"widget\" data-e-type=\"widget\" data-widget_type=\"heading.default\">\n\t\t\t\t<div class=\"elementor-widget-container\">\n\t\t\t\t\t<h2 class=\"elementor-heading-title elementor-size-default\">M\u00cbNYRA E DOR\u00cbZIMIT<\/h2>\t\t\t\t<\/div>\n\t\t\t\t<\/div>\n\t\t\t\t<div class=\"elementor-element elementor-element-37eb2ad color-scheme-inherit text-left elementor-widget elementor-widget-text-editor\" data-id=\"37eb2ad\" data-element_type=\"widget\" data-e-type=\"widget\" data-widget_type=\"text-editor.default\">\n\t\t\t\t<div class=\"elementor-widget-container\">\n\t\t\t\t\t\t\t\t\t<h4 style=\"text-align: left;\">N\u00eb territorin e gjith\u00eb Maqedonis\u00eb s\u00eb Veriut, Kosov\u00ebs dhe Shqip\u00ebris\u00eb, zbatohen kushtet e p\u00ebrcaktuara n\u00eb p\u00ebrfundim t\u00eb p\u00ebrpunimit t\u00eb porosive n\u00eb seksionin e kostove t\u00eb transportit. N\u00ebse shuma e porosis\u00eb tejkalon nj\u00eb shum\u00eb t\u00eb caktuar, mund t\u00eb merrni transport falas. Ne rezervojm\u00eb t\u00eb drejt\u00ebn p\u00ebr t\u00eb ndryshuar kushtet, sipas ndryshimeve q\u00eb nuk jan\u00eb pjes\u00eb e aktivitetit ton\u00eb.<\/h4><h4 style=\"text-align: left;\">Sh\u00ebrbimi i d\u00ebrges\u00ebs e dor\u00ebzon \u00e7do d\u00ebrges\u00eb brenda 1 deri n\u00eb 5 dit\u00eb pune n\u00eb t\u00eb gjith\u00eb territorin e Maqedonis\u00eb s\u00eb Veriut, Kosov\u00ebs dhe Shqip\u00ebris\u00eb, n\u00eb \u00e7do adres\u00eb dhe qytet, p\u00ebrve\u00e7 rasteve kur theksohet n\u00eb m\u00ebnyr\u00eb specifike n\u00eb k\u00ebt\u00eb seksion.<br \/>Porosit\u00eb d\u00ebrgohen nga e h\u00ebna n\u00eb t\u00eb premte nga ora 09:00 deri n\u00eb 16:00. dhe Sht. 10-13h.<\/h4><h4 style=\"text-align: left;\">D\u00ebrgesat dor\u00ebzohen n\u00eb hyrje t\u00eb nd\u00ebrtes\u00ebs s\u00eb banimit nga adresa e specifikuar. Sh\u00ebrbimi i dor\u00ebzimit nuk d\u00ebrgon t\u00eb dielave dhe festave.<\/h4><h4 style=\"text-align: left;\">Informacione t\u00eb tjera rreth dor\u00ebzimit<br \/>Produktet jan\u00eb gjithmon\u00eb t\u00eb paketuara n\u00eb m\u00ebnyr\u00eb t\u00eb sigurt\u00eb, k\u00ebshtu q\u00eb nuk kan\u00eb mund\u00ebsi t\u00eb d\u00ebmtohen gjat\u00eb transportit. Pas marrjes s\u00eb d\u00ebrges\u00ebs, klienti \u00ebsht\u00eb i detyruar ta kontrolloj\u00eb at\u00eb n\u00eb detaje dhe t\u00eb shoh\u00eb n\u00ebse ka ndonj\u00eb d\u00ebmtim t\u00eb duksh\u00ebm. N\u00ebse konstatohen d\u00ebmtime dhe mang\u00ebsi, raportojini menj\u00ebher\u00eb personit q\u00eb dor\u00ebzon d\u00ebrges\u00ebn.<\/h4><h4 style=\"text-align: left;\">T\u00eb gjitha d\u00ebrgesat jan\u00eb t\u00eb siguruara kund\u00ebr humbjes dhe d\u00ebmtimit gjat\u00eb dor\u00ebzimit n\u00eb \u00e7do adres\u00eb. Me rastin e marrjes n\u00eb dor\u00ebzim t\u00eb d\u00ebrges\u00ebs, klienti \u00ebsht\u00eb i detyruar t\u00eb n\u00ebnshkruaj\u00eb flet\u00ebngarkes\u00eb nga personi d\u00ebrgues dhe t\u00eb mbaj\u00eb p\u00ebr vete nj\u00eb nga mostrat si konfirmim t\u00eb marrjes n\u00eb dor\u00ebzim.<\/h4><h4 style=\"text-align: left;\">P\u00ebr t\u00eb gjitha informatat tjera na kontaktoni n\u00eb info@kosa.mk<\/h4>\t\t\t\t\t\t\t\t<\/div>\n\t\t\t\t<\/div>\n\t\t\t\t\t<\/div>\n\t\t<\/div>\n\t\t\t\t\t<\/div>\n\t\t<\/section>\n\t\t\t\t<section class=\"elementor-section elementor-top-section elementor-element elementor-element-fc19e87 elementor-section-boxed elementor-section-height-default elementor-section-height-default wd-section-disabled\" data-id=\"fc19e87\" data-element_type=\"section\" data-e-type=\"section\">\n\t\t\t\t\t\t<div class=\"elementor-container elementor-column-gap-default\">\n\t\t\t\t\t<div class=\"elementor-column elementor-col-100 elementor-top-column elementor-element elementor-element-0391f84\" data-id=\"0391f84\" data-element_type=\"column\" data-e-type=\"column\">\n\t\t\t<div class=\"elementor-widget-wrap\">\n\t\t\t\t\t\t\t<\/div>\n\t\t<\/div>\n\t\t\t\t\t<\/div>\n\t\t<\/section>\n\t\t\t\t<\/div>\n\t\t","protected":false},"excerpt":{"rendered":"<p>M\u00cbNYRA E DOR\u00cbZIMIT N\u00eb territorin e gjith\u00eb Maqedonis\u00eb s\u00eb Veriut, Kosov\u00ebs dhe Shqip\u00ebris\u00eb, zbatohen kushtet e p\u00ebrcaktuara n\u00eb p\u00ebrfundim t\u00eb<\/p>\n","protected":false},"author":1,"featured_media":0,"parent":0,"menu_order":0,"comment_status":"closed","ping_status":"closed","template":"","meta":{"footnotes":""},"class_list":["post-10019","page","type-page","status-publish","hentry"],"yoast_head":"<!-- This site is optimized with the Yoast SEO plugin v27.5 - https:\/\/yoast.com\/product\/yoast-seo-wordpress\/ -->\n<title>M\u00cbNYRA E DOR\u00cbZIMIT - KOSA.MK - \u041d\u0415\u0413\u0410 \u041d\u0410 \u041a\u041e\u0421\u0410 HAIR CARE SHOP<\/title>\n<meta name=\"robots\" content=\"index, follow, max-snippet:-1, max-image-preview:large, max-video-preview:-1\" \/>\n<link rel=\"canonical\" href=\"https:\/\/kosa.mk\/sq\/nacin-na-isporaka\/\" \/>\n<meta property=\"og:locale\" content=\"sq_AL\" \/>\n<meta property=\"og:type\" content=\"article\" \/>\n<meta property=\"og:title\" content=\"M\u00cbNYRA E DOR\u00cbZIMIT - KOSA.MK - \u041d\u0415\u0413\u0410 \u041d\u0410 \u041a\u041e\u0421\u0410 HAIR CARE SHOP\" \/>\n<meta property=\"og:description\" content=\"M\u00cbNYRA E DOR\u00cbZIMIT N\u00eb territorin e gjith\u00eb Maqedonis\u00eb s\u00eb Veriut, Kosov\u00ebs dhe Shqip\u00ebris\u00eb, zbatohen kushtet e p\u00ebrcaktuara n\u00eb p\u00ebrfundim t\u00eb\" \/>\n<meta property=\"og:url\" content=\"https:\/\/kosa.mk\/sq\/nacin-na-isporaka\/\" \/>\n<meta property=\"og:site_name\" content=\"KOSA.MK - \u041d\u0415\u0413\u0410 \u041d\u0410 \u041a\u041e\u0421\u0410 HAIR CARE SHOP\" \/>\n<meta property=\"article:modified_time\" content=\"2023-05-08T11:50:49+00:00\" \/>\n<meta name=\"twitter:card\" content=\"summary_large_image\" \/>\n<meta name=\"twitter:label1\" content=\"Est. reading time\" \/>\n\t<meta name=\"twitter:data1\" content=\"2 minutes\" \/>\n<script type=\"application\/ld+json\" class=\"yoast-schema-graph\">{\"@context\":\"https:\\\/\\\/schema.org\",\"@graph\":[{\"@type\":\"WebPage\",\"@id\":\"https:\\\/\\\/kosa.mk\\\/sq\\\/nacin-na-isporaka\\\/\",\"url\":\"https:\\\/\\\/kosa.mk\\\/sq\\\/nacin-na-isporaka\\\/\",\"name\":\"M\u00cbNYRA E DOR\u00cbZIMIT - KOSA.MK - \u041d\u0415\u0413\u0410 \u041d\u0410 \u041a\u041e\u0421\u0410 HAIR CARE SHOP\",\"isPartOf\":{\"@id\":\"https:\\\/\\\/kosa.mk\\\/#website\"},\"datePublished\":\"2023-05-08T11:30:02+00:00\",\"dateModified\":\"2023-05-08T11:50:49+00:00\",\"breadcrumb\":{\"@id\":\"https:\\\/\\\/kosa.mk\\\/sq\\\/nacin-na-isporaka\\\/#breadcrumb\"},\"inLanguage\":\"sq-AL\",\"potentialAction\":[{\"@type\":\"ReadAction\",\"target\":[\"https:\\\/\\\/kosa.mk\\\/sq\\\/nacin-na-isporaka\\\/\"]}]},{\"@type\":\"BreadcrumbList\",\"@id\":\"https:\\\/\\\/kosa.mk\\\/sq\\\/nacin-na-isporaka\\\/#breadcrumb\",\"itemListElement\":[{\"@type\":\"ListItem\",\"position\":1,\"name\":\"Home\",\"item\":\"https:\\\/\\\/kosa.mk\\\/sq\\\/\"},{\"@type\":\"ListItem\",\"position\":2,\"name\":\"M\u00cbNYRA E DOR\u00cbZIMIT\"}]},{\"@type\":\"WebSite\",\"@id\":\"https:\\\/\\\/kosa.mk\\\/#website\",\"url\":\"https:\\\/\\\/kosa.mk\\\/\",\"name\":\"KOSA.MK - \u041d\u0415\u0413\u0410 \u041d\u0410 \u041a\u041e\u0421\u0410 HAIR CARE SHOP\",\"description\":\"\u041d\u0415\u0413\u0410 ,\u0421\u0422\u0410\u0408\u041b\u0418\u041d\u0413,\u0422\u0420\u0415\u0422\u041c\u0410\u041d\u0418  \u0417\u0410 \u041a\u041e\u0421\u0410 , HARECARE, HAIR TREATMENTS, SHAMPOO, MASK, CONDITIONERS, STYLING\",\"publisher\":{\"@id\":\"https:\\\/\\\/kosa.mk\\\/#organization\"},\"potentialAction\":[{\"@type\":\"SearchAction\",\"target\":{\"@type\":\"EntryPoint\",\"urlTemplate\":\"https:\\\/\\\/kosa.mk\\\/?s={search_term_string}\"},\"query-input\":{\"@type\":\"PropertyValueSpecification\",\"valueRequired\":true,\"valueName\":\"search_term_string\"}}],\"inLanguage\":\"sq-AL\"},{\"@type\":\"Organization\",\"@id\":\"https:\\\/\\\/kosa.mk\\\/#organization\",\"name\":\"KOSA.MK - \u041d\u0415\u0413\u0410 \u041d\u0410 \u041a\u041e\u0421\u0410 HAIR CARE SHOP\",\"url\":\"https:\\\/\\\/kosa.mk\\\/\",\"logo\":{\"@type\":\"ImageObject\",\"inLanguage\":\"sq-AL\",\"@id\":\"https:\\\/\\\/kosa.mk\\\/#\\\/schema\\\/logo\\\/image\\\/\",\"url\":\"https:\\\/\\\/kosa.mk\\\/wp-content\\\/uploads\\\/2023\\\/04\\\/LOGO5.png\",\"contentUrl\":\"https:\\\/\\\/kosa.mk\\\/wp-content\\\/uploads\\\/2023\\\/04\\\/LOGO5.png\",\"width\":499,\"height\":188,\"caption\":\"KOSA.MK - \u041d\u0415\u0413\u0410 \u041d\u0410 \u041a\u041e\u0421\u0410 HAIR CARE SHOP\"},\"image\":{\"@id\":\"https:\\\/\\\/kosa.mk\\\/#\\\/schema\\\/logo\\\/image\\\/\"}}]}<\/script>\n<!-- \/ Yoast SEO plugin. -->","yoast_head_json":{"title":"M\u00cbNYRA E DOR\u00cbZIMIT - KOSA.MK - \u041d\u0415\u0413\u0410 \u041d\u0410 \u041a\u041e\u0421\u0410 HAIR CARE SHOP","robots":{"index":"index","follow":"follow","max-snippet":"max-snippet:-1","max-image-preview":"max-image-preview:large","max-video-preview":"max-video-preview:-1"},"canonical":"https:\/\/kosa.mk\/sq\/nacin-na-isporaka\/","og_locale":"sq_AL","og_type":"article","og_title":"M\u00cbNYRA E DOR\u00cbZIMIT - KOSA.MK - \u041d\u0415\u0413\u0410 \u041d\u0410 \u041a\u041e\u0421\u0410 HAIR CARE SHOP","og_description":"M\u00cbNYRA E DOR\u00cbZIMIT N\u00eb territorin e gjith\u00eb Maqedonis\u00eb s\u00eb Veriut, Kosov\u00ebs dhe Shqip\u00ebris\u00eb, zbatohen kushtet e p\u00ebrcaktuara n\u00eb p\u00ebrfundim t\u00eb","og_url":"https:\/\/kosa.mk\/sq\/nacin-na-isporaka\/","og_site_name":"KOSA.MK - \u041d\u0415\u0413\u0410 \u041d\u0410 \u041a\u041e\u0421\u0410 HAIR CARE SHOP","article_modified_time":"2023-05-08T11:50:49+00:00","twitter_card":"summary_large_image","twitter_misc":{"Est. reading time":"2 minutes"},"schema":{"@context":"https:\/\/schema.org","@graph":[{"@type":"WebPage","@id":"https:\/\/kosa.mk\/sq\/nacin-na-isporaka\/","url":"https:\/\/kosa.mk\/sq\/nacin-na-isporaka\/","name":"M\u00cbNYRA E DOR\u00cbZIMIT - KOSA.MK - \u041d\u0415\u0413\u0410 \u041d\u0410 \u041a\u041e\u0421\u0410 HAIR CARE SHOP","isPartOf":{"@id":"https:\/\/kosa.mk\/#website"},"datePublished":"2023-05-08T11:30:02+00:00","dateModified":"2023-05-08T11:50:49+00:00","breadcrumb":{"@id":"https:\/\/kosa.mk\/sq\/nacin-na-isporaka\/#breadcrumb"},"inLanguage":"sq-AL","potentialAction":[{"@type":"ReadAction","target":["https:\/\/kosa.mk\/sq\/nacin-na-isporaka\/"]}]},{"@type":"BreadcrumbList","@id":"https:\/\/kosa.mk\/sq\/nacin-na-isporaka\/#breadcrumb","itemListElement":[{"@type":"ListItem","position":1,"name":"Home","item":"https:\/\/kosa.mk\/sq\/"},{"@type":"ListItem","position":2,"name":"M\u00cbNYRA E DOR\u00cbZIMIT"}]},{"@type":"WebSite","@id":"https:\/\/kosa.mk\/#website","url":"https:\/\/kosa.mk\/","name":"KOSA.MK - \u041d\u0415\u0413\u0410 \u041d\u0410 \u041a\u041e\u0421\u0410 HAIR CARE SHOP","description":"\u041d\u0415\u0413\u0410 ,\u0421\u0422\u0410\u0408\u041b\u0418\u041d\u0413,\u0422\u0420\u0415\u0422\u041c\u0410\u041d\u0418  \u0417\u0410 \u041a\u041e\u0421\u0410 , HARECARE, HAIR TREATMENTS, SHAMPOO, MASK, CONDITIONERS, STYLING","publisher":{"@id":"https:\/\/kosa.mk\/#organization"},"potentialAction":[{"@type":"SearchAction","target":{"@type":"EntryPoint","urlTemplate":"https:\/\/kosa.mk\/?s={search_term_string}"},"query-input":{"@type":"PropertyValueSpecification","valueRequired":true,"valueName":"search_term_string"}}],"inLanguage":"sq-AL"},{"@type":"Organization","@id":"https:\/\/kosa.mk\/#organization","name":"KOSA.MK - \u041d\u0415\u0413\u0410 \u041d\u0410 \u041a\u041e\u0421\u0410 HAIR CARE SHOP","url":"https:\/\/kosa.mk\/","logo":{"@type":"ImageObject","inLanguage":"sq-AL","@id":"https:\/\/kosa.mk\/#\/schema\/logo\/image\/","url":"https:\/\/kosa.mk\/wp-content\/uploads\/2023\/04\/LOGO5.png","contentUrl":"https:\/\/kosa.mk\/wp-content\/uploads\/2023\/04\/LOGO5.png","width":499,"height":188,"caption":"KOSA.MK - \u041d\u0415\u0413\u0410 \u041d\u0410 \u041a\u041e\u0421\u0410 HAIR CARE SHOP"},"image":{"@id":"https:\/\/kosa.mk\/#\/schema\/logo\/image\/"}}]}},"_links":{"self":[{"href":"https:\/\/kosa.mk\/sq\/wp-json\/wp\/v2\/pages\/10019","targetHints":{"allow":["GET"]}}],"collection":[{"href":"https:\/\/kosa.mk\/sq\/wp-json\/wp\/v2\/pages"}],"about":[{"href":"https:\/\/kosa.mk\/sq\/wp-json\/wp\/v2\/types\/page"}],"author":[{"embeddable":true,"href":"https:\/\/kosa.mk\/sq\/wp-json\/wp\/v2\/users\/1"}],"replies":[{"embeddable":true,"href":"https:\/\/kosa.mk\/sq\/wp-json\/wp\/v2\/comments?post=10019"}],"version-history":[{"count":0,"href":"https:\/\/kosa.mk\/sq\/wp-json\/wp\/v2\/pages\/10019\/revisions"}],"wp:attachment":[{"href":"https:\/\/kosa.mk\/sq\/wp-json\/wp\/v2\/media?parent=10019"}],"curies":[{"name":"wp","href":"https:\/\/api.w.org\/{rel}","templated":true}]}}