{"id":10085,"date":"2023-05-09T10:27:08","date_gmt":"2023-05-09T10:27:08","guid":{"rendered":"https:\/\/kosa.mk\/politika-za-refundiranje\/"},"modified":"2023-05-10T00:22:42","modified_gmt":"2023-05-10T00:22:42","slug":"politika-za-refundiranje","status":"publish","type":"page","link":"https:\/\/kosa.mk\/sq\/politika-za-refundiranje\/","title":{"rendered":"POLITIKA E RIFUNDIT"},"content":{"rendered":"\t\t<div data-elementor-type=\"wp-page\" data-elementor-id=\"10085\" class=\"elementor elementor-10085 elementor-28\">\n\t\t\t\t\t\t<section class=\"elementor-section elementor-top-section elementor-element elementor-element-219330b elementor-section-boxed elementor-section-height-default elementor-section-height-default wd-section-disabled\" data-id=\"219330b\" data-element_type=\"section\" data-e-type=\"section\">\n\t\t\t\t\t\t<div class=\"elementor-container elementor-column-gap-default\">\n\t\t\t\t\t<div class=\"elementor-column elementor-col-100 elementor-top-column elementor-element elementor-element-154d640\" data-id=\"154d640\" data-element_type=\"column\" data-e-type=\"column\">\n\t\t\t<div class=\"elementor-widget-wrap elementor-element-populated\">\n\t\t\t\t\t\t<div class=\"elementor-element elementor-element-00dd775 elementor-widget elementor-widget-heading\" data-id=\"00dd775\" data-element_type=\"widget\" data-e-type=\"widget\" data-widget_type=\"heading.default\">\n\t\t\t\t<div class=\"elementor-widget-container\">\n\t\t\t\t\t<h2 class=\"elementor-heading-title elementor-size-default\">POLITIKA E RIFUNDIT<\/h2>\t\t\t\t<\/div>\n\t\t\t\t<\/div>\n\t\t\t\t\t<\/div>\n\t\t<\/div>\n\t\t\t\t\t<\/div>\n\t\t<\/section>\n\t\t\t\t<section class=\"elementor-section elementor-top-section elementor-element elementor-element-339e0dda elementor-section-boxed elementor-section-height-default elementor-section-height-default wd-section-disabled\" data-id=\"339e0dda\" data-element_type=\"section\" data-e-type=\"section\">\n\t\t\t\t\t\t<div class=\"elementor-container elementor-column-gap-default\">\n\t\t\t\t\t<div class=\"elementor-column elementor-col-100 elementor-top-column elementor-element elementor-element-e97c54a\" data-id=\"e97c54a\" data-element_type=\"column\" data-e-type=\"column\">\n\t\t\t<div class=\"elementor-widget-wrap elementor-element-populated\">\n\t\t\t\t\t\t<div class=\"elementor-element elementor-element-6926b45e color-scheme-inherit text-left elementor-widget elementor-widget-text-editor\" data-id=\"6926b45e\" data-element_type=\"widget\" data-e-type=\"widget\" data-widget_type=\"text-editor.default\">\n\t\t\t\t<div class=\"elementor-widget-container\">\n\t\t\t\t\t\t\t\t\t<h4><span style=\"color: #000000;\">Politika jon\u00eb e rimbursimit dhe kthimit zgjat 7 dit\u00eb nga dita e d\u00ebrgimit t\u00eb produktit. N\u00ebse kan\u00eb kaluar 7 dit\u00eb nga blerja juaj, ne nuk mund t&#8217;ju ofrojm\u00eb nj\u00eb shk\u00ebmbim produkti ose rimbursim.<\/span><br \/><span style=\"color: #000000;\">P\u00ebr t&#8217;u kualifikuar p\u00ebr kthim, produkti juaj duhet t\u00eb jet\u00eb i pap\u00ebrdorur dhe n\u00eb t\u00eb nj\u00ebjt\u00ebn gjendje q\u00eb e keni marr\u00eb. Gjithashtu duhet t\u00eb jet\u00eb n\u00eb paketimin origjinal.<\/span><br \/><span style=\"color: #000000;\">Ka disa situata ku jepen vet\u00ebm rimbursime t\u00eb pjesshme.<\/span><\/h4><h4><span style=\"color: #000000;\">Rimbursimi<\/span><br \/><span style=\"color: #000000;\">Pasi produkti juaj t\u00eb jet\u00eb marr\u00eb dhe inspektuar, ne do t&#8217;ju d\u00ebrgojm\u00eb nj\u00eb email p\u00ebr t&#8217;ju njoftuar se kemi marr\u00eb artikullin e kthyer. Ne gjithashtu do t&#8217;ju njoftojm\u00eb p\u00ebr miratimin ose refuzimin e rimbursimit tuaj.<\/span><br \/><span style=\"color: #000000;\">N\u00ebse miratohet, at\u00ebher\u00eb rimbursimi juaj do t\u00eb p\u00ebrpunohet dhe kredia do t\u00eb aplikohet automatikisht n\u00eb kart\u00ebn tuaj t\u00eb kreditit ose n\u00eb m\u00ebnyr\u00ebn origjinale t\u00eb pages\u00ebs, brenda nj\u00eb sasie t\u00eb caktuar dit\u00ebsh (7-14 dit\u00eb nga data e njoftimit).<\/span><br \/><span style=\"color: #000000;\">Rimbursimet e vonuara ose mungojn\u00eb<\/span><br \/><span style=\"color: #000000;\">N\u00ebse ende nuk e keni marr\u00eb rimbursimin, kontrolloni p\u00ebrs\u00ebri llogarin\u00eb tuaj bankare n\u00eb fillim.<\/span><br \/><span style=\"color: #000000;\">Pastaj kontaktoni kompanin\u00eb tuaj t\u00eb kart\u00ebs s\u00eb kreditit, mund t\u00eb duhet pak koh\u00eb p\u00ebrpara se rimbursimi juaj t\u00eb postohet zyrtarisht.<\/span><br \/><span style=\"color: #000000;\">M\u00eb pas, kontaktoni bank\u00ebn tuaj. Shpesh ka pak koh\u00eb p\u00ebrpunimi p\u00ebrpara se t\u00eb shfaqet rimbursimi.<\/span><br \/><span style=\"color: #000000;\">N\u00ebse i keni b\u00ebr\u00eb t\u00eb gjitha k\u00ebto dhe ende nuk e keni marr\u00eb rimbursimin, ju lutemi na kontaktoni n\u00eb info@kosa.mk<\/span><br \/><span style=\"color: #000000;\">Artikuj me zbritje<\/span><br \/><span style=\"color: #000000;\">Vet\u00ebm artikujt me \u00e7mime t\u00eb rregullta mund t\u00eb kthehen. Artikujt e shitjes nuk mund t\u00eb rimbursohen me \u00e7mime t\u00eb rregullta. Do t&#8217;ju kthehet vet\u00ebm \u00e7mimi q\u00eb keni paguar.<\/span><br \/><span style=\"color: #000000;\">Shk\u00ebmbimet<\/span><br \/><span style=\"color: #000000;\">Ne shk\u00ebmbejm\u00eb artikuj vet\u00ebm n\u00ebse nuk p\u00ebrputhen me produktin q\u00eb keni porositur. N\u00ebse keni nevoj\u00eb ta nd\u00ebrroni p\u00ebr t\u00eb nj\u00ebjtin artikull, na d\u00ebrgoni nj\u00eb email n\u00eb info@kosa.mk dhe d\u00ebrgoni porosin\u00eb tuaj n\u00eb: 11 TETOR, 23\/2-1 SHKUP-QENDRA<\/span><br \/><span style=\"color: #000000;\">Dhurata<\/span><br \/><span style=\"color: #000000;\">N\u00ebse artikulli \u00ebsht\u00eb sh\u00ebnuar si dhurat\u00eb kur \u00ebsht\u00eb bler\u00eb dhe d\u00ebrguar direkt tek ju, ju do t\u00eb merrni nj\u00eb kupon dhurat\u00eb p\u00ebr vler\u00ebn e dhurat\u00ebs suaj. Pasi t\u00eb merret artikulli i kthyer, do t&#8217;ju d\u00ebrgohet nj\u00eb kupon me e-mail. Kostot e transportit jan\u00eb p\u00ebrgjegj\u00ebsia juaj.<\/span><br \/><span style=\"color: #000000;\">P\u00ebr t\u00eb kthyer produktin tuaj duhet ta d\u00ebrgoni produktin tuaj me post\u00eb n\u00eb: 11 TETOR 23\/2-1 SHKUP-QENDRA<\/span><\/h4><h4><span style=\"color: #000000;\">Kam nevoj\u00eb p\u00ebr ndihm\u00eb?<\/span><\/h4><h4><span style=\"color: #000000;\">Na kontaktoni n\u00eb info@kosa.mk p\u00ebr pyetje n\u00eb lidhje me rimbursimin dhe kthimin e produkteve.<\/span><\/h4>\t\t\t\t\t\t\t\t<\/div>\n\t\t\t\t<\/div>\n\t\t\t\t\t<\/div>\n\t\t<\/div>\n\t\t\t\t\t<\/div>\n\t\t<\/section>\n\t\t\t\t<\/div>\n\t\t","protected":false},"excerpt":{"rendered":"<p>POLITIKA E RIFUNDIT Politika jon\u00eb e rimbursimit dhe kthimit zgjat 7 dit\u00eb nga dita e d\u00ebrgimit t\u00eb produktit. N\u00ebse kan\u00eb<\/p>\n","protected":false},"author":1,"featured_media":0,"parent":0,"menu_order":0,"comment_status":"closed","ping_status":"closed","template":"","meta":{"footnotes":""},"class_list":["post-10085","page","type-page","status-publish","hentry"],"yoast_head":"<!-- This site is optimized with the Yoast SEO plugin v27.5 - https:\/\/yoast.com\/product\/yoast-seo-wordpress\/ -->\n<title>POLITIKA E RIFUNDIT - KOSA.MK - \u041d\u0415\u0413\u0410 \u041d\u0410 \u041a\u041e\u0421\u0410 HAIR CARE SHOP<\/title>\n<meta name=\"robots\" content=\"index, follow, max-snippet:-1, max-image-preview:large, max-video-preview:-1\" \/>\n<link rel=\"canonical\" href=\"https:\/\/kosa.mk\/sq\/politika-za-refundiranje\/\" \/>\n<meta property=\"og:locale\" content=\"sq_AL\" \/>\n<meta property=\"og:type\" content=\"article\" \/>\n<meta property=\"og:title\" content=\"POLITIKA E RIFUNDIT - KOSA.MK - \u041d\u0415\u0413\u0410 \u041d\u0410 \u041a\u041e\u0421\u0410 HAIR CARE SHOP\" \/>\n<meta property=\"og:description\" content=\"POLITIKA E RIFUNDIT Politika jon\u00eb e rimbursimit dhe kthimit zgjat 7 dit\u00eb nga dita e d\u00ebrgimit t\u00eb produktit. N\u00ebse kan\u00eb\" \/>\n<meta property=\"og:url\" content=\"https:\/\/kosa.mk\/sq\/politika-za-refundiranje\/\" \/>\n<meta property=\"og:site_name\" content=\"KOSA.MK - \u041d\u0415\u0413\u0410 \u041d\u0410 \u041a\u041e\u0421\u0410 HAIR CARE SHOP\" \/>\n<meta property=\"article:modified_time\" content=\"2023-05-10T00:22:42+00:00\" \/>\n<meta name=\"twitter:card\" content=\"summary_large_image\" \/>\n<meta name=\"twitter:label1\" content=\"Est. reading time\" \/>\n\t<meta name=\"twitter:data1\" content=\"2 minutes\" \/>\n<script type=\"application\/ld+json\" class=\"yoast-schema-graph\">{\"@context\":\"https:\\\/\\\/schema.org\",\"@graph\":[{\"@type\":\"WebPage\",\"@id\":\"https:\\\/\\\/kosa.mk\\\/sq\\\/politika-za-refundiranje\\\/\",\"url\":\"https:\\\/\\\/kosa.mk\\\/sq\\\/politika-za-refundiranje\\\/\",\"name\":\"POLITIKA E RIFUNDIT - KOSA.MK - \u041d\u0415\u0413\u0410 \u041d\u0410 \u041a\u041e\u0421\u0410 HAIR CARE SHOP\",\"isPartOf\":{\"@id\":\"https:\\\/\\\/kosa.mk\\\/#website\"},\"datePublished\":\"2023-05-09T10:27:08+00:00\",\"dateModified\":\"2023-05-10T00:22:42+00:00\",\"breadcrumb\":{\"@id\":\"https:\\\/\\\/kosa.mk\\\/sq\\\/politika-za-refundiranje\\\/#breadcrumb\"},\"inLanguage\":\"sq-AL\",\"potentialAction\":[{\"@type\":\"ReadAction\",\"target\":[\"https:\\\/\\\/kosa.mk\\\/sq\\\/politika-za-refundiranje\\\/\"]}]},{\"@type\":\"BreadcrumbList\",\"@id\":\"https:\\\/\\\/kosa.mk\\\/sq\\\/politika-za-refundiranje\\\/#breadcrumb\",\"itemListElement\":[{\"@type\":\"ListItem\",\"position\":1,\"name\":\"Home\",\"item\":\"https:\\\/\\\/kosa.mk\\\/sq\\\/\"},{\"@type\":\"ListItem\",\"position\":2,\"name\":\"POLITIKA E RIFUNDIT\"}]},{\"@type\":\"WebSite\",\"@id\":\"https:\\\/\\\/kosa.mk\\\/#website\",\"url\":\"https:\\\/\\\/kosa.mk\\\/\",\"name\":\"KOSA.MK - \u041d\u0415\u0413\u0410 \u041d\u0410 \u041a\u041e\u0421\u0410 HAIR CARE SHOP\",\"description\":\"\u041d\u0415\u0413\u0410 ,\u0421\u0422\u0410\u0408\u041b\u0418\u041d\u0413,\u0422\u0420\u0415\u0422\u041c\u0410\u041d\u0418  \u0417\u0410 \u041a\u041e\u0421\u0410 , HARECARE, HAIR TREATMENTS, SHAMPOO, MASK, CONDITIONERS, STYLING\",\"publisher\":{\"@id\":\"https:\\\/\\\/kosa.mk\\\/#organization\"},\"potentialAction\":[{\"@type\":\"SearchAction\",\"target\":{\"@type\":\"EntryPoint\",\"urlTemplate\":\"https:\\\/\\\/kosa.mk\\\/?s={search_term_string}\"},\"query-input\":{\"@type\":\"PropertyValueSpecification\",\"valueRequired\":true,\"valueName\":\"search_term_string\"}}],\"inLanguage\":\"sq-AL\"},{\"@type\":\"Organization\",\"@id\":\"https:\\\/\\\/kosa.mk\\\/#organization\",\"name\":\"KOSA.MK - \u041d\u0415\u0413\u0410 \u041d\u0410 \u041a\u041e\u0421\u0410 HAIR CARE SHOP\",\"url\":\"https:\\\/\\\/kosa.mk\\\/\",\"logo\":{\"@type\":\"ImageObject\",\"inLanguage\":\"sq-AL\",\"@id\":\"https:\\\/\\\/kosa.mk\\\/#\\\/schema\\\/logo\\\/image\\\/\",\"url\":\"https:\\\/\\\/kosa.mk\\\/wp-content\\\/uploads\\\/2023\\\/04\\\/LOGO5.png\",\"contentUrl\":\"https:\\\/\\\/kosa.mk\\\/wp-content\\\/uploads\\\/2023\\\/04\\\/LOGO5.png\",\"width\":499,\"height\":188,\"caption\":\"KOSA.MK - \u041d\u0415\u0413\u0410 \u041d\u0410 \u041a\u041e\u0421\u0410 HAIR CARE SHOP\"},\"image\":{\"@id\":\"https:\\\/\\\/kosa.mk\\\/#\\\/schema\\\/logo\\\/image\\\/\"}}]}<\/script>\n<!-- \/ Yoast SEO plugin. -->","yoast_head_json":{"title":"POLITIKA E RIFUNDIT - KOSA.MK - \u041d\u0415\u0413\u0410 \u041d\u0410 \u041a\u041e\u0421\u0410 HAIR CARE SHOP","robots":{"index":"index","follow":"follow","max-snippet":"max-snippet:-1","max-image-preview":"max-image-preview:large","max-video-preview":"max-video-preview:-1"},"canonical":"https:\/\/kosa.mk\/sq\/politika-za-refundiranje\/","og_locale":"sq_AL","og_type":"article","og_title":"POLITIKA E RIFUNDIT - KOSA.MK - \u041d\u0415\u0413\u0410 \u041d\u0410 \u041a\u041e\u0421\u0410 HAIR CARE SHOP","og_description":"POLITIKA E RIFUNDIT Politika jon\u00eb e rimbursimit dhe kthimit zgjat 7 dit\u00eb nga dita e d\u00ebrgimit t\u00eb produktit. N\u00ebse kan\u00eb","og_url":"https:\/\/kosa.mk\/sq\/politika-za-refundiranje\/","og_site_name":"KOSA.MK - \u041d\u0415\u0413\u0410 \u041d\u0410 \u041a\u041e\u0421\u0410 HAIR CARE SHOP","article_modified_time":"2023-05-10T00:22:42+00:00","twitter_card":"summary_large_image","twitter_misc":{"Est. reading time":"2 minutes"},"schema":{"@context":"https:\/\/schema.org","@graph":[{"@type":"WebPage","@id":"https:\/\/kosa.mk\/sq\/politika-za-refundiranje\/","url":"https:\/\/kosa.mk\/sq\/politika-za-refundiranje\/","name":"POLITIKA E RIFUNDIT - KOSA.MK - \u041d\u0415\u0413\u0410 \u041d\u0410 \u041a\u041e\u0421\u0410 HAIR CARE SHOP","isPartOf":{"@id":"https:\/\/kosa.mk\/#website"},"datePublished":"2023-05-09T10:27:08+00:00","dateModified":"2023-05-10T00:22:42+00:00","breadcrumb":{"@id":"https:\/\/kosa.mk\/sq\/politika-za-refundiranje\/#breadcrumb"},"inLanguage":"sq-AL","potentialAction":[{"@type":"ReadAction","target":["https:\/\/kosa.mk\/sq\/politika-za-refundiranje\/"]}]},{"@type":"BreadcrumbList","@id":"https:\/\/kosa.mk\/sq\/politika-za-refundiranje\/#breadcrumb","itemListElement":[{"@type":"ListItem","position":1,"name":"Home","item":"https:\/\/kosa.mk\/sq\/"},{"@type":"ListItem","position":2,"name":"POLITIKA E RIFUNDIT"}]},{"@type":"WebSite","@id":"https:\/\/kosa.mk\/#website","url":"https:\/\/kosa.mk\/","name":"KOSA.MK - \u041d\u0415\u0413\u0410 \u041d\u0410 \u041a\u041e\u0421\u0410 HAIR CARE SHOP","description":"\u041d\u0415\u0413\u0410 ,\u0421\u0422\u0410\u0408\u041b\u0418\u041d\u0413,\u0422\u0420\u0415\u0422\u041c\u0410\u041d\u0418  \u0417\u0410 \u041a\u041e\u0421\u0410 , HARECARE, HAIR TREATMENTS, SHAMPOO, MASK, CONDITIONERS, STYLING","publisher":{"@id":"https:\/\/kosa.mk\/#organization"},"potentialAction":[{"@type":"SearchAction","target":{"@type":"EntryPoint","urlTemplate":"https:\/\/kosa.mk\/?s={search_term_string}"},"query-input":{"@type":"PropertyValueSpecification","valueRequired":true,"valueName":"search_term_string"}}],"inLanguage":"sq-AL"},{"@type":"Organization","@id":"https:\/\/kosa.mk\/#organization","name":"KOSA.MK - \u041d\u0415\u0413\u0410 \u041d\u0410 \u041a\u041e\u0421\u0410 HAIR CARE SHOP","url":"https:\/\/kosa.mk\/","logo":{"@type":"ImageObject","inLanguage":"sq-AL","@id":"https:\/\/kosa.mk\/#\/schema\/logo\/image\/","url":"https:\/\/kosa.mk\/wp-content\/uploads\/2023\/04\/LOGO5.png","contentUrl":"https:\/\/kosa.mk\/wp-content\/uploads\/2023\/04\/LOGO5.png","width":499,"height":188,"caption":"KOSA.MK - \u041d\u0415\u0413\u0410 \u041d\u0410 \u041a\u041e\u0421\u0410 HAIR CARE SHOP"},"image":{"@id":"https:\/\/kosa.mk\/#\/schema\/logo\/image\/"}}]}},"_links":{"self":[{"href":"https:\/\/kosa.mk\/sq\/wp-json\/wp\/v2\/pages\/10085","targetHints":{"allow":["GET"]}}],"collection":[{"href":"https:\/\/kosa.mk\/sq\/wp-json\/wp\/v2\/pages"}],"about":[{"href":"https:\/\/kosa.mk\/sq\/wp-json\/wp\/v2\/types\/page"}],"author":[{"embeddable":true,"href":"https:\/\/kosa.mk\/sq\/wp-json\/wp\/v2\/users\/1"}],"replies":[{"embeddable":true,"href":"https:\/\/kosa.mk\/sq\/wp-json\/wp\/v2\/comments?post=10085"}],"version-history":[{"count":0,"href":"https:\/\/kosa.mk\/sq\/wp-json\/wp\/v2\/pages\/10085\/revisions"}],"wp:attachment":[{"href":"https:\/\/kosa.mk\/sq\/wp-json\/wp\/v2\/media?parent=10085"}],"curies":[{"name":"wp","href":"https:\/\/api.w.org\/{rel}","templated":true}]}}