{"id":9473,"date":"2023-04-20T21:40:46","date_gmt":"2023-04-20T21:40:46","guid":{"rendered":"https:\/\/kosa.mk\/privacy-policy\/"},"modified":"2023-05-07T22:48:32","modified_gmt":"2023-05-07T22:48:32","slug":"privacy-policy","status":"publish","type":"page","link":"https:\/\/kosa.mk\/sq\/privacy-policy\/","title":{"rendered":"Politikat e privat\u00ebsis\u00eb"},"content":{"rendered":"\t\t<div data-elementor-type=\"wp-page\" data-elementor-id=\"9473\" class=\"elementor elementor-9473 elementor-3\">\n\t\t\t\t\t\t<section class=\"elementor-section elementor-top-section elementor-element elementor-element-621b2ac7 elementor-section-boxed elementor-section-height-default elementor-section-height-default wd-section-disabled\" data-id=\"621b2ac7\" data-element_type=\"section\" data-e-type=\"section\">\n\t\t\t\t\t\t<div class=\"elementor-container elementor-column-gap-default\">\n\t\t\t\t\t<div class=\"elementor-column elementor-col-100 elementor-top-column elementor-element elementor-element-3f567107\" data-id=\"3f567107\" data-element_type=\"column\" data-e-type=\"column\">\n\t\t\t<div class=\"elementor-widget-wrap elementor-element-populated\">\n\t\t\t\t\t\t<div class=\"elementor-element elementor-element-84f8b9f elementor-widget elementor-widget-wd_text_block\" data-id=\"84f8b9f\" data-element_type=\"widget\" data-e-type=\"widget\" data-widget_type=\"wd_text_block.default\">\n\t\t\t\t<div class=\"elementor-widget-container\">\n\t\t\t\t\t\t\t<div class=\"wd-text-block reset-last-child text-center\">\n\t\t\t\n\t\t\t<h3><span style=\"color: #000000;\">Politikat e privat\u00ebsis\u00eb<\/span><\/h3>\n\t\t\t\t\t<\/div>\n\t\t\t\t\t\t<\/div>\n\t\t\t\t<\/div>\n\t\t\t\t<div class=\"elementor-element elementor-element-62b66e30 color-scheme-inherit text-left elementor-widget elementor-widget-text-editor\" data-id=\"62b66e30\" data-element_type=\"widget\" data-e-type=\"widget\" data-widget_type=\"text-editor.default\">\n\t\t\t\t<div class=\"elementor-widget-container\">\n\t\t\t\t\t\t\t\t\t<h4>Portali i Porosive Online kosa.mk Termat dhe Kushtet<br \/>1. Hyrje<br \/>Ka terma dhe kushte mbi te cilat funksionon kjo faqe online dhe sherben si marreveshje mes nesh dhe jush. Keto Terma shpjegojne te drejtat dhe detyrimet e te gjithe perdoruesve (nga ketej e tutje te quajtur Ju) dhe te drejtat e detyrimet e kosa.mk (nga ketej e tutje te quajtur Ne) lidhur sherbimit\/artikujve te ofruar nga ne permes kesaj faqeje. Perpara se te autorizoni kryerjen e porosise ju lutem lexoni me kujdes keto Terma dhe deklarimin e privatesise. Duke perdorur portalin tone dhe duke autorizuar kryerjen e porosise ju automatikisht keni rene dakord me Termat dhe Kushtet tona. Nese nuk bini dakord me keto Terma ju lutem mos porosisni nga portali yne.<br \/>Keto Terma dhe Kushte mund te ndryshojne ndaj ju duhet t\u2019i lexoni ato me kujdes sa here jepni nje porosi.<br \/>2. Perdorimi i Portalit Online<br \/>Termat dhe Kushtet jane te rendesishme si per ju por gjithashtu edhe per ne. Keto Terma jane krijuar per te na lidhur ne nje marreveshje kontraktuale, per te mbrojtur te drejtat e juaja dhe te drejtat tona si biznes. Ne momentin e kryerjes se porosise ju bini dakord me keto Terma. Ju bini dakord qe:<br \/>a. Ju mund ta perdorni kete faqe online per te kryer veprimtari te lidhura vetem me qellimin e ketij portali.<br \/>b. Nuk do te kryeni asnje porosi te pasakte apo me qellime negative. Nese ne shohim se eshte kryer nje porosi e tille, ne kemi te drejten mos ta dergojme mallin ne destinacionin e percaktuar nga ju.<br \/>c. Gjithashtu jeni te detyruar te na jepni detaje si emer, mbiemer, numer telefoni dhe adrese te sakte. Keto detaje na sherbejne per t\u2019iu identifikuar dhe per t\u2019u lidhur me ju ne momentin qe duam te dorezojme porosine.<br \/>d. Nese nuk na jepni informacion te sakte apo informacion te plote, mund te mos jemi te afte per te permbushur porosine tuaj.<br \/>Me kryerjen e porosise ne portalin tone online, ju garantoni se jeni mbi 18 vjec dhe jeni ligjerisht madhor per te hyre keshtu ne nje marredhenie kontraktuale me ne.<br \/>3. Disponueshmeria e Sherbimit<br \/>Ne mund t\u2019i dergojme artikujt brenda Maqedonise,Kosoves dhe Shqiperise.<br \/>4. Si eshte e formuar kontrata mes nesh<br \/>Informacioni i detajuar ne Termat dhe Kushtet nuk perbejne nje oferte per shitje por perbejne nje ftese nga ana jone qe ju te porosisni. Kontrata nuk merr fuqi nese ne nuk miratojme porosine tuaj. Ne do t\u2019iu dergojme nje email ku konfirmojme se ju keni kryer nje porosi, megjithate kjo nuk do te thote se ne do t\u2019iu dergojme mallin nese ne gjykojme se permbushja e porosise eshte e jashte-ligjshme apo nese porosia nuk perputhet me Termat dhe Kushtet e pershkruara ketu. Kontrata hyn ne fuqi ne momentin qe artikulli\/artikujt e porositur dalin nga magazina e kosa.mk per te ardhur tek ju.<br \/>5. Disponueshmeria e Artikujve<br \/>Te gjitha porosite per artikujt tane jane subjekt disponueshmerie nga ana jone dhe per kete arsye ne rast se kemi problem me furnizimin tuaj me artikullin e porositur apo nese artikulli nuk eshte gjendje ne magazine pavaresisht se vazhdon te jete i reklamuar ne portal, ne na rezervohet e drejta per ta ndare me ju kete informacion dhe per t\u2019iu ofruar nje tjeter artikull te se njejtes cilesi apo te nje cilesie me te larte dhe te se njejtes vlere me artikullin e munguar qe keni porositur paraprakisht. Nese nuk do te deshironi artikullin zevendesues te ofruar nga ne, ju nuk do te keni asnje detyrim per te vazhduar me tej porosine me ne.<br \/>6. Refuzimi i Porosise<br \/>Ne rezervojme te drejten per te hequr artikujt nga portali i porosive online ne cdo kohe dhe na lind e drejta per te shtuar\/hequr apo perditesuar cdo material apo permbajtje te ketij portali. Edhe pse ne do te bejme te pamundur per te perfunduar cdo porosi me ju, mund te kete raste te jashtezakonshme te cilat na shtyjne per te refuzuar porosine tuaj, e drejte te cilen e kemi ne cdo kohe.<br \/>Ne nuk na lindin detyrime karshi jush apo karshi paleve te treta nese gjykojme se duhet ta refuzojme nje porosi apo nese heqim artikujt nga portali jone. Nuk kemi detyrime karshi askujt nese heqim, shtojme, perditesojme materialet apo produktet tona ne portalin online.<br \/>7. Dergesa<br \/>kosa.mk do te mundohet gjithmone qe te siguroje qe ju te mos keni asnje problem me ardhjen e dergeses tuaj. Dergesa do te kryhet nga nje kompani transporti e cila ka kushtet dhe termat e veta te cilat ndryshojne dhe per te cilat ne nuk mbajme asnje pergjegjesi ne momentin qe artikulli eshte ne levizje, pra eshte jashte magazines tone. Mallrat mund te vonohen per shume shkaqe njera prej te cilave mund te jene forca madhore te tipit, kushtet atmosferike te renduara, bllokime rrugesh tokesore per shkak punimesh apo cdo lloj faktori tjeter qe e pengon rrjedhshmerine e procesit te transportimit te mallit.<br \/>8. Cmimi dhe Pagesa<br \/>Edhe pse ne kujdesemi qe te sigurojme se te gjitha cmimet e vendosura ne portalin tone jane te sakta, mund te kete raste gabimesh ne cmim. Nese ne i identifikojme keto gabime ne produktin qe ju keni porositur, ne do t\u2019iu lajmerojme sa me pare, ndersa porosia do te anulohet ne moment dhe nese ju keni kryer ndonje pagese per kete porosi, kjo pagese do t\u2019iu rimbursohet menjehere.<br \/>Cmimet e shfaqura ne portalin tone per te gjitha artikujt e reklamuar perfshijne T.V.SH-ne por nuk perfshijne asnje kosto tjeter dergese. Kosto e dergeses do te perfshihet ne fund te porosise ne varesi te cmimit.<br \/>9. Menyra e pageses dhe rimbursimi<br \/>Ne faqen tone kemi dy menyra te pageses: me para ne dore dhe permes bankes. Ne rastet kur ju keni kryer pagese permes bankes per porosine tuaj dhe nje apo te gjitha produktet kane mungese stoku, kjo pagese do t\u2019iu rimbursohet brenda 1 deri 5 dite.<br \/>10. Mbrojtja e Privatesise<br \/>kosa.mk mbron dhe respekton privatesine dhe te dhenat personale tuaja.<br \/>Perpunimi i te dhenave tuaja do te jete vetem ne sherbim te sigurise se dorezimi do te jete i rregullt dhe pa vonesa. Gjithashtu te dhenat tuaja personale do te perdoren, me pelqimin tuaj, ne dergimin e ofertave, promocioneve dhe shorteve te ndryshme qe do te organizoje faqja jone kosa.mk. Klientet tane kane te drejte ne cdo kohe te refuzojne komunikimin e ofertave promocionale nga ane e kosa.mk<br \/>11. Ngjarjet jashte kontrollit tone<br \/>Ne nuk do te mbajme pergjegjesi per asnje vonese te ndikuar nga forcat madhore. Sic eshte permendur me larte por dhe tani Forcat Madhore perfshijne cdo ngjarje qe pengon transferimin e artikullit nga ne tek ju, e cila eshte jashte kapacitetit te kontrollit nga ana jone. Te tilla Forca Madhore perfshijne:<br \/>a. Greva te ndryshme<br \/>b. Protesta civile, pushtim, sulme terroriste, lufte apo kercenime per lufte ne nje rajon te caktuar<br \/>c. Zjarri, shperthime, stuhi, permbytje, termet, epidemic apo katastrofa te tjera natyrore.<br \/>d. Pamundesia e perdorimit te rrugeve tokesore.<br \/>e. Pamundesia e perdorimit te rrjetit te telekomunikacionit.<br \/>f. Rregulloret, aktet ligjore dhe nenligjore qe mund te qeverisin nje rajon te caktuar apo qe mund te ndryshojne ne te ardhmen e qe limitojne aftesine tone per t\u2019iu derguar artikullin e porositur.<br \/>g. Greva nga kompania e transportit apo aksidente dhe pamundesi nga ana e tyre per te permbushur porosine.<br \/>12. Si ta mbylleni llogarin\u00eb tuaj dhe ti fshini t\u00eb dh\u00ebnat tuaja:<br \/>N\u00ebse mbyllni llogarin\u00eb tuaj New Line 2015 DOOEL, nuk do t\u00eb jeni m\u00eb n\u00eb gjendje t\u00eb hyni n\u00eb New Line 2015 DOOEL. Ju gjithashtu do t\u00eb humbni historin\u00eb tuaj t\u00eb blerjeve. Para se t\u00eb mbyllni llogarin\u00eb tuaj, merrni parasysh t\u00eb na kontaktoni s\u00eb pari. Ne nuk duam t&#8217;ju shohim t\u00eb largoheni dhe do t\u00eb b\u00ebjm\u00eb gjith\u00e7ka q\u00eb mundemi p\u00ebr t\u00eb zgjidhur \u00e7do problem q\u00eb mund t\u00eb keni. N\u00ebse akoma d\u00ebshironi t\u00eb mbyllni llogarin\u00eb tuaj, sigurohuni q\u00eb: ju nuk keni oferta t\u00eb hapura p\u00ebr nj\u00eb artikull dhe nuk keni pagesa t\u00eb papaguara p\u00ebr t&#8217;u p\u00ebrpunuar n\u00eb llogarin\u00eb tuaj bankare. Kur d\u00ebrgoni nj\u00eb k\u00ebrkes\u00eb p\u00ebr t\u00eb mbyllur llogarin\u00eb tuaj, t\u00eb gjitha dh\u00ebnat tuaja personale do t\u00eb fshihen.<br \/>Mbyll llogarin\u00eb dhe fshi t\u00eb dh\u00ebnat e mia<br \/>13. Marreveshja mes nesh<br \/>Keto Terma dhe Kushte perfaqesojne marreveshjen mes nesh lidhur me cdo kontrate qe do te kemi se bashku. Kjo kontrate ka fuqi mbivendosese ndaj cdo lloj komunikimi me goje apo me shkrim qe mund te kemi patur me pare.<br \/>14. E drejta jone per te ndryshuar keto Terma dhe Kushte<br \/>Ne kemi te drejte te rishikojme dhe zevendesojme keto Terma dhe Kushte kohe pas kohe. Ju do te perfshiheni ne Termat dhe Kushtet ne fuqi ne momentin qe keni kryer porosine.<br \/>15. Sugjerime<br \/>Ne mirepresim komentet dhe sugjerimet tuaja. Ju lutem na dergoni keto sugjerime dhe komente ne adresen info@kosa.mk<br \/>Ju faleminderit!<\/h4>\t\t\t\t\t\t\t\t<\/div>\n\t\t\t\t<\/div>\n\t\t\t\t\t<\/div>\n\t\t<\/div>\n\t\t\t\t\t<\/div>\n\t\t<\/section>\n\t\t\t\t<section class=\"elementor-section elementor-top-section elementor-element elementor-element-54b51be elementor-section-boxed elementor-section-height-default elementor-section-height-default wd-section-disabled\" data-id=\"54b51be\" data-element_type=\"section\" data-e-type=\"section\">\n\t\t\t\t\t\t<div class=\"elementor-container elementor-column-gap-default\">\n\t\t\t\t\t<div class=\"elementor-column elementor-col-100 elementor-top-column elementor-element elementor-element-198dba8\" data-id=\"198dba8\" data-element_type=\"column\" data-e-type=\"column\">\n\t\t\t<div class=\"elementor-widget-wrap\">\n\t\t\t\t\t\t\t<\/div>\n\t\t<\/div>\n\t\t\t\t\t<\/div>\n\t\t<\/section>\n\t\t\t\t<\/div>\n\t\t","protected":false},"excerpt":{"rendered":"<p>Politikat e privat\u00ebsis\u00eb Portali i Porosive Online kosa.mk Termat dhe Kushtet 1. Hyrje Ka terma dhe kushte mbi te cilat<\/p>\n","protected":false},"author":1,"featured_media":8443,"parent":0,"menu_order":0,"comment_status":"closed","ping_status":"closed","template":"","meta":{"footnotes":""},"class_list":["post-9473","page","type-page","status-publish","has-post-thumbnail","hentry"],"yoast_head":"<!-- This site is optimized with the Yoast SEO plugin v27.5 - https:\/\/yoast.com\/product\/yoast-seo-wordpress\/ -->\n<title>Politikat e privat\u00ebsis\u00eb - KOSA.MK - \u041d\u0415\u0413\u0410 \u041d\u0410 \u041a\u041e\u0421\u0410 HAIR CARE SHOP<\/title>\n<meta name=\"robots\" content=\"index, follow, max-snippet:-1, max-image-preview:large, max-video-preview:-1\" \/>\n<link rel=\"canonical\" href=\"https:\/\/kosa.mk\/sq\/privacy-policy\/\" \/>\n<meta property=\"og:locale\" content=\"sq_AL\" \/>\n<meta property=\"og:type\" content=\"article\" \/>\n<meta property=\"og:title\" content=\"Politikat e privat\u00ebsis\u00eb - KOSA.MK - \u041d\u0415\u0413\u0410 \u041d\u0410 \u041a\u041e\u0421\u0410 HAIR CARE SHOP\" \/>\n<meta property=\"og:description\" content=\"Politikat e privat\u00ebsis\u00eb Portali i Porosive Online kosa.mk Termat dhe Kushtet 1. Hyrje Ka terma dhe kushte mbi te cilat\" \/>\n<meta property=\"og:url\" content=\"https:\/\/kosa.mk\/sq\/privacy-policy\/\" \/>\n<meta property=\"og:site_name\" content=\"KOSA.MK - \u041d\u0415\u0413\u0410 \u041d\u0410 \u041a\u041e\u0421\u0410 HAIR CARE SHOP\" \/>\n<meta property=\"article:modified_time\" content=\"2023-05-07T22:48:32+00:00\" \/>\n<meta property=\"og:image\" content=\"https:\/\/kosa.mk\/wp-content\/uploads\/2023\/04\/LOGO5.png\" \/>\n\t<meta property=\"og:image:width\" content=\"499\" \/>\n\t<meta property=\"og:image:height\" content=\"188\" \/>\n\t<meta property=\"og:image:type\" content=\"image\/png\" \/>\n<meta name=\"twitter:card\" content=\"summary_large_image\" \/>\n<meta name=\"twitter:label1\" content=\"Est. reading time\" \/>\n\t<meta name=\"twitter:data1\" content=\"7 minutes\" \/>\n<script type=\"application\/ld+json\" class=\"yoast-schema-graph\">{\"@context\":\"https:\\\/\\\/schema.org\",\"@graph\":[{\"@type\":\"WebPage\",\"@id\":\"https:\\\/\\\/kosa.mk\\\/sq\\\/privacy-policy\\\/\",\"url\":\"https:\\\/\\\/kosa.mk\\\/sq\\\/privacy-policy\\\/\",\"name\":\"Politikat e privat\u00ebsis\u00eb - KOSA.MK - \u041d\u0415\u0413\u0410 \u041d\u0410 \u041a\u041e\u0421\u0410 HAIR CARE SHOP\",\"isPartOf\":{\"@id\":\"https:\\\/\\\/kosa.mk\\\/#website\"},\"primaryImageOfPage\":{\"@id\":\"https:\\\/\\\/kosa.mk\\\/sq\\\/privacy-policy\\\/#primaryimage\"},\"image\":{\"@id\":\"https:\\\/\\\/kosa.mk\\\/sq\\\/privacy-policy\\\/#primaryimage\"},\"thumbnailUrl\":\"https:\\\/\\\/kosa.mk\\\/wp-content\\\/uploads\\\/2023\\\/04\\\/LOGO5.png\",\"datePublished\":\"2023-04-20T21:40:46+00:00\",\"dateModified\":\"2023-05-07T22:48:32+00:00\",\"breadcrumb\":{\"@id\":\"https:\\\/\\\/kosa.mk\\\/sq\\\/privacy-policy\\\/#breadcrumb\"},\"inLanguage\":\"sq-AL\",\"potentialAction\":[{\"@type\":\"ReadAction\",\"target\":[\"https:\\\/\\\/kosa.mk\\\/sq\\\/privacy-policy\\\/\"]}]},{\"@type\":\"ImageObject\",\"inLanguage\":\"sq-AL\",\"@id\":\"https:\\\/\\\/kosa.mk\\\/sq\\\/privacy-policy\\\/#primaryimage\",\"url\":\"https:\\\/\\\/kosa.mk\\\/wp-content\\\/uploads\\\/2023\\\/04\\\/LOGO5.png\",\"contentUrl\":\"https:\\\/\\\/kosa.mk\\\/wp-content\\\/uploads\\\/2023\\\/04\\\/LOGO5.png\",\"width\":499,\"height\":188},{\"@type\":\"BreadcrumbList\",\"@id\":\"https:\\\/\\\/kosa.mk\\\/sq\\\/privacy-policy\\\/#breadcrumb\",\"itemListElement\":[{\"@type\":\"ListItem\",\"position\":1,\"name\":\"Home\",\"item\":\"https:\\\/\\\/kosa.mk\\\/sq\\\/\"},{\"@type\":\"ListItem\",\"position\":2,\"name\":\"Politikat e privat\u00ebsis\u00eb\"}]},{\"@type\":\"WebSite\",\"@id\":\"https:\\\/\\\/kosa.mk\\\/#website\",\"url\":\"https:\\\/\\\/kosa.mk\\\/\",\"name\":\"KOSA.MK - \u041d\u0415\u0413\u0410 \u041d\u0410 \u041a\u041e\u0421\u0410 HAIR CARE SHOP\",\"description\":\"\u041d\u0415\u0413\u0410 ,\u0421\u0422\u0410\u0408\u041b\u0418\u041d\u0413,\u0422\u0420\u0415\u0422\u041c\u0410\u041d\u0418  \u0417\u0410 \u041a\u041e\u0421\u0410 , HARECARE, HAIR TREATMENTS, SHAMPOO, MASK, CONDITIONERS, STYLING\",\"publisher\":{\"@id\":\"https:\\\/\\\/kosa.mk\\\/#organization\"},\"potentialAction\":[{\"@type\":\"SearchAction\",\"target\":{\"@type\":\"EntryPoint\",\"urlTemplate\":\"https:\\\/\\\/kosa.mk\\\/?s={search_term_string}\"},\"query-input\":{\"@type\":\"PropertyValueSpecification\",\"valueRequired\":true,\"valueName\":\"search_term_string\"}}],\"inLanguage\":\"sq-AL\"},{\"@type\":\"Organization\",\"@id\":\"https:\\\/\\\/kosa.mk\\\/#organization\",\"name\":\"KOSA.MK - \u041d\u0415\u0413\u0410 \u041d\u0410 \u041a\u041e\u0421\u0410 HAIR CARE SHOP\",\"url\":\"https:\\\/\\\/kosa.mk\\\/\",\"logo\":{\"@type\":\"ImageObject\",\"inLanguage\":\"sq-AL\",\"@id\":\"https:\\\/\\\/kosa.mk\\\/#\\\/schema\\\/logo\\\/image\\\/\",\"url\":\"https:\\\/\\\/kosa.mk\\\/wp-content\\\/uploads\\\/2023\\\/04\\\/LOGO5.png\",\"contentUrl\":\"https:\\\/\\\/kosa.mk\\\/wp-content\\\/uploads\\\/2023\\\/04\\\/LOGO5.png\",\"width\":499,\"height\":188,\"caption\":\"KOSA.MK - \u041d\u0415\u0413\u0410 \u041d\u0410 \u041a\u041e\u0421\u0410 HAIR CARE SHOP\"},\"image\":{\"@id\":\"https:\\\/\\\/kosa.mk\\\/#\\\/schema\\\/logo\\\/image\\\/\"}}]}<\/script>\n<!-- \/ Yoast SEO plugin. -->","yoast_head_json":{"title":"Politikat e privat\u00ebsis\u00eb - KOSA.MK - \u041d\u0415\u0413\u0410 \u041d\u0410 \u041a\u041e\u0421\u0410 HAIR CARE SHOP","robots":{"index":"index","follow":"follow","max-snippet":"max-snippet:-1","max-image-preview":"max-image-preview:large","max-video-preview":"max-video-preview:-1"},"canonical":"https:\/\/kosa.mk\/sq\/privacy-policy\/","og_locale":"sq_AL","og_type":"article","og_title":"Politikat e privat\u00ebsis\u00eb - KOSA.MK - \u041d\u0415\u0413\u0410 \u041d\u0410 \u041a\u041e\u0421\u0410 HAIR CARE SHOP","og_description":"Politikat e privat\u00ebsis\u00eb Portali i Porosive Online kosa.mk Termat dhe Kushtet 1. Hyrje Ka terma dhe kushte mbi te cilat","og_url":"https:\/\/kosa.mk\/sq\/privacy-policy\/","og_site_name":"KOSA.MK - \u041d\u0415\u0413\u0410 \u041d\u0410 \u041a\u041e\u0421\u0410 HAIR CARE SHOP","article_modified_time":"2023-05-07T22:48:32+00:00","og_image":[{"width":499,"height":188,"url":"https:\/\/kosa.mk\/wp-content\/uploads\/2023\/04\/LOGO5.png","type":"image\/png"}],"twitter_card":"summary_large_image","twitter_misc":{"Est. reading time":"7 minutes"},"schema":{"@context":"https:\/\/schema.org","@graph":[{"@type":"WebPage","@id":"https:\/\/kosa.mk\/sq\/privacy-policy\/","url":"https:\/\/kosa.mk\/sq\/privacy-policy\/","name":"Politikat e privat\u00ebsis\u00eb - KOSA.MK - \u041d\u0415\u0413\u0410 \u041d\u0410 \u041a\u041e\u0421\u0410 HAIR CARE SHOP","isPartOf":{"@id":"https:\/\/kosa.mk\/#website"},"primaryImageOfPage":{"@id":"https:\/\/kosa.mk\/sq\/privacy-policy\/#primaryimage"},"image":{"@id":"https:\/\/kosa.mk\/sq\/privacy-policy\/#primaryimage"},"thumbnailUrl":"https:\/\/kosa.mk\/wp-content\/uploads\/2023\/04\/LOGO5.png","datePublished":"2023-04-20T21:40:46+00:00","dateModified":"2023-05-07T22:48:32+00:00","breadcrumb":{"@id":"https:\/\/kosa.mk\/sq\/privacy-policy\/#breadcrumb"},"inLanguage":"sq-AL","potentialAction":[{"@type":"ReadAction","target":["https:\/\/kosa.mk\/sq\/privacy-policy\/"]}]},{"@type":"ImageObject","inLanguage":"sq-AL","@id":"https:\/\/kosa.mk\/sq\/privacy-policy\/#primaryimage","url":"https:\/\/kosa.mk\/wp-content\/uploads\/2023\/04\/LOGO5.png","contentUrl":"https:\/\/kosa.mk\/wp-content\/uploads\/2023\/04\/LOGO5.png","width":499,"height":188},{"@type":"BreadcrumbList","@id":"https:\/\/kosa.mk\/sq\/privacy-policy\/#breadcrumb","itemListElement":[{"@type":"ListItem","position":1,"name":"Home","item":"https:\/\/kosa.mk\/sq\/"},{"@type":"ListItem","position":2,"name":"Politikat e privat\u00ebsis\u00eb"}]},{"@type":"WebSite","@id":"https:\/\/kosa.mk\/#website","url":"https:\/\/kosa.mk\/","name":"KOSA.MK - \u041d\u0415\u0413\u0410 \u041d\u0410 \u041a\u041e\u0421\u0410 HAIR CARE SHOP","description":"\u041d\u0415\u0413\u0410 ,\u0421\u0422\u0410\u0408\u041b\u0418\u041d\u0413,\u0422\u0420\u0415\u0422\u041c\u0410\u041d\u0418  \u0417\u0410 \u041a\u041e\u0421\u0410 , HARECARE, HAIR TREATMENTS, SHAMPOO, MASK, CONDITIONERS, STYLING","publisher":{"@id":"https:\/\/kosa.mk\/#organization"},"potentialAction":[{"@type":"SearchAction","target":{"@type":"EntryPoint","urlTemplate":"https:\/\/kosa.mk\/?s={search_term_string}"},"query-input":{"@type":"PropertyValueSpecification","valueRequired":true,"valueName":"search_term_string"}}],"inLanguage":"sq-AL"},{"@type":"Organization","@id":"https:\/\/kosa.mk\/#organization","name":"KOSA.MK - \u041d\u0415\u0413\u0410 \u041d\u0410 \u041a\u041e\u0421\u0410 HAIR CARE SHOP","url":"https:\/\/kosa.mk\/","logo":{"@type":"ImageObject","inLanguage":"sq-AL","@id":"https:\/\/kosa.mk\/#\/schema\/logo\/image\/","url":"https:\/\/kosa.mk\/wp-content\/uploads\/2023\/04\/LOGO5.png","contentUrl":"https:\/\/kosa.mk\/wp-content\/uploads\/2023\/04\/LOGO5.png","width":499,"height":188,"caption":"KOSA.MK - \u041d\u0415\u0413\u0410 \u041d\u0410 \u041a\u041e\u0421\u0410 HAIR CARE SHOP"},"image":{"@id":"https:\/\/kosa.mk\/#\/schema\/logo\/image\/"}}]}},"_links":{"self":[{"href":"https:\/\/kosa.mk\/sq\/wp-json\/wp\/v2\/pages\/9473","targetHints":{"allow":["GET"]}}],"collection":[{"href":"https:\/\/kosa.mk\/sq\/wp-json\/wp\/v2\/pages"}],"about":[{"href":"https:\/\/kosa.mk\/sq\/wp-json\/wp\/v2\/types\/page"}],"author":[{"embeddable":true,"href":"https:\/\/kosa.mk\/sq\/wp-json\/wp\/v2\/users\/1"}],"replies":[{"embeddable":true,"href":"https:\/\/kosa.mk\/sq\/wp-json\/wp\/v2\/comments?post=9473"}],"version-history":[{"count":0,"href":"https:\/\/kosa.mk\/sq\/wp-json\/wp\/v2\/pages\/9473\/revisions"}],"wp:featuredmedia":[{"embeddable":true,"href":"https:\/\/kosa.mk\/sq\/wp-json\/wp\/v2\/media\/8443"}],"wp:attachment":[{"href":"https:\/\/kosa.mk\/sq\/wp-json\/wp\/v2\/media?parent=9473"}],"curies":[{"name":"wp","href":"https:\/\/api.w.org\/{rel}","templated":true}]}}