{"id":9924,"date":"2023-05-07T23:01:28","date_gmt":"2023-05-07T23:01:28","guid":{"rendered":"https:\/\/kosa.mk\/%d0%be%d0%bf%d1%88%d1%82%d0%b8-%d0%bf%d1%80%d0%b0%d0%b2%d0%b8%d0%bb%d0%b0-%d0%b8-%d1%83%d1%81%d0%bb%d0%be%d0%b2%d0%b8\/"},"modified":"2023-05-07T23:40:44","modified_gmt":"2023-05-07T23:40:44","slug":"opshti-pravila-i-uslovi","status":"publish","type":"page","link":"https:\/\/kosa.mk\/sq\/opshti-pravila-i-uslovi\/","title":{"rendered":"Kushtet dhe rregullat e p\u00ebrgjithshme"},"content":{"rendered":"\t\t<div data-elementor-type=\"wp-page\" data-elementor-id=\"9924\" class=\"elementor elementor-9924 elementor-9917\">\n\t\t\t\t\t\t<section class=\"elementor-section elementor-top-section elementor-element elementor-element-caafdcc elementor-section-boxed elementor-section-height-default elementor-section-height-default wd-section-disabled\" data-id=\"caafdcc\" data-element_type=\"section\" data-e-type=\"section\">\n\t\t\t\t\t\t<div class=\"elementor-container elementor-column-gap-default\">\n\t\t\t\t\t<div class=\"elementor-column elementor-col-100 elementor-top-column elementor-element elementor-element-12b6fa7\" data-id=\"12b6fa7\" data-element_type=\"column\" data-e-type=\"column\">\n\t\t\t<div class=\"elementor-widget-wrap elementor-element-populated\">\n\t\t\t\t\t\t<div class=\"elementor-element elementor-element-3505024 elementor-widget elementor-widget-heading\" data-id=\"3505024\" data-element_type=\"widget\" data-e-type=\"widget\" data-widget_type=\"heading.default\">\n\t\t\t\t<div class=\"elementor-widget-container\">\n\t\t\t\t\t<h2 class=\"elementor-heading-title elementor-size-default\">Kushtet dhe rregullat e p\u00ebrgjithshme<\/h2>\t\t\t\t<\/div>\n\t\t\t\t<\/div>\n\t\t\t\t\t<\/div>\n\t\t<\/div>\n\t\t\t\t\t<\/div>\n\t\t<\/section>\n\t\t\t\t<section class=\"elementor-section elementor-top-section elementor-element elementor-element-5a69fd2 elementor-section-boxed elementor-section-height-default elementor-section-height-default wd-section-disabled\" data-id=\"5a69fd2\" data-element_type=\"section\" data-e-type=\"section\">\n\t\t\t\t\t\t<div class=\"elementor-container elementor-column-gap-default\">\n\t\t\t\t\t<div class=\"elementor-column elementor-col-100 elementor-top-column elementor-element elementor-element-c7111ac\" data-id=\"c7111ac\" data-element_type=\"column\" data-e-type=\"column\">\n\t\t\t<div class=\"elementor-widget-wrap elementor-element-populated\">\n\t\t\t\t\t\t<div class=\"elementor-element elementor-element-b46ec49 color-scheme-inherit text-left elementor-widget elementor-widget-text-editor\" data-id=\"b46ec49\" data-element_type=\"widget\" data-e-type=\"widget\" data-widget_type=\"text-editor.default\">\n\t\t\t\t<div class=\"elementor-widget-container\">\n\t\t\t\t\t\t\t\t\t<h4 style=\"text-align: left;\"><span style=\"color: #000000;\">Me q\u00ebllim p\u00ebrmbushjen e nevojave dhe k\u00ebrkesave tuaja, Nju Lajn 2015 do t\u00eb zotohet q\u00eb uebfaqen e tij ta mbaj t\u00eb qassh\u00ebm www.kosa.mk 24 or\u00eb n\u00eb dit\u00eb.<\/span><\/h4><h4 style=\"text-align: left;\"><span style=\"color: #000000;\">N\u00eb rast t\u00eb mos qasjes s\u00eb p\u00ebrkohshme, p\u00ebrkat\u00ebsisht nd\u00ebrprerjes s\u00eb funksionimit t\u00eb uebfaqes p\u00ebr shkak t\u00eb problemeve teknike ose ndikimeve tjera jasht\u00eb kontrollit t\u00eb Nju Lajn 2015 -it, at\u00ebher\u00eb ne nuk bartim asnj\u00eb p\u00ebrgjegj\u00ebsi dhe nuk garantojm\u00eb qasje t\u00eb p\u00ebrhershme.<\/span><\/h4><h4 style=\"text-align: left;\"><span style=\"color: #000000;\">T\u00eb gjitha t\u00eb dh\u00ebnat dhe informacionet e shpallura n\u00eb uebfaqen e Nju Lajn 2015 jan\u00eb t\u00eb natyr\u00ebs informuese, nd\u00ebrsa p\u00ebr t\u00eb nj\u00ebjtat Nju Lajn 2015 e ruan t\u00eb drejt\u00ebn p\u00ebr t\u00eb ndryshuar dhe modifikuar at\u00eb var\u00ebsisht nga kushtet dhe nevojat.<\/span><\/h4><h4 style=\"text-align: left;\"><span style=\"color: #000000;\">Si rrjedhoj\u00eb e specificitetit t\u00eb mediumit \u201cinternet\u201c, n\u00eb qoft\u00eb se nuk \u00ebsht\u00eb parapar\u00eb ndryshe n\u00eb pajtueshm\u00ebri me dispozitat pozitive n\u00eb Republik\u00ebn e Maqedonis\u00eb, Nju Lajn 2015 nuk bart asnj\u00eb p\u00ebrgjegj\u00ebsi p\u00ebr sakt\u00ebsin\u00eb dhe besueshm\u00ebrin\u00eb e informacioneve dhe dokumenteve t\u00eb shpallura aty.<\/span><\/h4><h4 style=\"text-align: left;\"><span style=\"color: #000000;\">Titulli \u201cNju Lajn 2015 \u201c\u00ebsht\u00eb mark\u00eb tregtare e Nju Lajn 2015 DOOEL Shkup dhe ndalohet \u00e7far\u00ebdolloj p\u00ebrdorimi i tij pa p\u00eblqim paraprak me shkrim t\u00eb . Nju Lajn 2015 DOOEL Shkup \u0433i ruan t\u00eb gjitha t\u00eb drejtat q\u00eb burojn\u00eb nga marka e tij tregtare \u201cNju Lajn 2015 \u201c.<\/span><\/h4><h4 style=\"text-align: left;\"><span style=\"color: #000000;\">Marrja e informacioneve, t\u00eb dh\u00ebnave dhe fotografive, shp\u00ebrndarja e tyre, transmetimi ose p\u00ebrdorimi i linkut t\u00eb uebfaqes Nju Lajn 2015 \u00ebsht\u00eb e ndaluar. P\u00ebrdorimi i t\u00eb nj\u00ebjtave \u00ebsht\u00eb i mundur vet\u00ebm p\u00ebr q\u00ebllime jo komerciale dhe p\u00ebrdorim personal jasht\u00eb asaj q\u00eb \u00ebsht\u00eb e lejuar p\u00ebr \u00e7far\u00ebdo keqp\u00ebrdorimi t\u00eb t\u00eb dh\u00ebnave dhe opsioneve q\u00eb i ofron uebfaqja e Nju Lajn 2015 .<\/span><\/h4><h4 style=\"text-align: left;\"><span style=\"color: #000000;\">D\u00ebshirojm\u00eb t\u00eb dini se kjo faqe shfryt\u00ebzon skedar\u00eb tekstual t\u00eb quajtur &#8220;cookies&#8221;. Pa ato faqja nuk do t\u00eb funksiononte si\u00e7 duhet dhe nuk do t\u00eb mund t\u00eb shihnit pjes\u00ebn d\u00ebrmuese t\u00eb opsioneve.<\/span><\/h4><h5 style=\"text-align: left;\"><span style=\"color: #000000;\">\u040a\u0423 \u041b\u0410\u0408\u041d 2015 \u0414\u041e\u041e\u0415\u041b<\/span><\/h5><h4 style=\"text-align: left;\"><span style=\"color: #800000;\">info@kosa.mk<\/span><\/h4><p style=\"text-align: left;\">.<\/p>\t\t\t\t\t\t\t\t<\/div>\n\t\t\t\t<\/div>\n\t\t\t\t\t<\/div>\n\t\t<\/div>\n\t\t\t\t\t<\/div>\n\t\t<\/section>\n\t\t\t\t<\/div>\n\t\t","protected":false},"excerpt":{"rendered":"<p>Kushtet dhe rregullat e p\u00ebrgjithshme Me q\u00ebllim p\u00ebrmbushjen e nevojave dhe k\u00ebrkesave tuaja, Nju Lajn 2015 do t\u00eb zotohet q\u00eb<\/p>\n","protected":false},"author":1,"featured_media":0,"parent":0,"menu_order":0,"comment_status":"closed","ping_status":"closed","template":"","meta":{"footnotes":""},"class_list":["post-9924","page","type-page","status-publish","hentry"],"yoast_head":"<!-- This site is optimized with the Yoast SEO plugin v27.5 - https:\/\/yoast.com\/product\/yoast-seo-wordpress\/ -->\n<title>Kushtet dhe rregullat e p\u00ebrgjithshme - KOSA.MK - \u041d\u0415\u0413\u0410 \u041d\u0410 \u041a\u041e\u0421\u0410 HAIR CARE SHOP<\/title>\n<meta name=\"robots\" content=\"index, follow, max-snippet:-1, max-image-preview:large, max-video-preview:-1\" \/>\n<link rel=\"canonical\" href=\"https:\/\/kosa.mk\/sq\/opshti-pravila-i-uslovi\/\" \/>\n<meta property=\"og:locale\" content=\"sq_AL\" \/>\n<meta property=\"og:type\" content=\"article\" \/>\n<meta property=\"og:title\" content=\"Kushtet dhe rregullat e p\u00ebrgjithshme - KOSA.MK - \u041d\u0415\u0413\u0410 \u041d\u0410 \u041a\u041e\u0421\u0410 HAIR CARE SHOP\" \/>\n<meta property=\"og:description\" content=\"Kushtet dhe rregullat e p\u00ebrgjithshme Me q\u00ebllim p\u00ebrmbushjen e nevojave dhe k\u00ebrkesave tuaja, Nju Lajn 2015 do t\u00eb zotohet q\u00eb\" \/>\n<meta property=\"og:url\" content=\"https:\/\/kosa.mk\/sq\/opshti-pravila-i-uslovi\/\" \/>\n<meta property=\"og:site_name\" content=\"KOSA.MK - \u041d\u0415\u0413\u0410 \u041d\u0410 \u041a\u041e\u0421\u0410 HAIR CARE SHOP\" \/>\n<meta property=\"article:modified_time\" content=\"2023-05-07T23:40:44+00:00\" \/>\n<meta name=\"twitter:card\" content=\"summary_large_image\" \/>\n<meta name=\"twitter:label1\" content=\"Est. reading time\" \/>\n\t<meta name=\"twitter:data1\" content=\"2 minutes\" \/>\n<script type=\"application\/ld+json\" class=\"yoast-schema-graph\">{\"@context\":\"https:\\\/\\\/schema.org\",\"@graph\":[{\"@type\":\"WebPage\",\"@id\":\"https:\\\/\\\/kosa.mk\\\/sq\\\/opshti-pravila-i-uslovi\\\/\",\"url\":\"https:\\\/\\\/kosa.mk\\\/sq\\\/opshti-pravila-i-uslovi\\\/\",\"name\":\"Kushtet dhe rregullat e p\u00ebrgjithshme - KOSA.MK - \u041d\u0415\u0413\u0410 \u041d\u0410 \u041a\u041e\u0421\u0410 HAIR CARE SHOP\",\"isPartOf\":{\"@id\":\"https:\\\/\\\/kosa.mk\\\/#website\"},\"datePublished\":\"2023-05-07T23:01:28+00:00\",\"dateModified\":\"2023-05-07T23:40:44+00:00\",\"breadcrumb\":{\"@id\":\"https:\\\/\\\/kosa.mk\\\/sq\\\/opshti-pravila-i-uslovi\\\/#breadcrumb\"},\"inLanguage\":\"sq-AL\",\"potentialAction\":[{\"@type\":\"ReadAction\",\"target\":[\"https:\\\/\\\/kosa.mk\\\/sq\\\/opshti-pravila-i-uslovi\\\/\"]}]},{\"@type\":\"BreadcrumbList\",\"@id\":\"https:\\\/\\\/kosa.mk\\\/sq\\\/opshti-pravila-i-uslovi\\\/#breadcrumb\",\"itemListElement\":[{\"@type\":\"ListItem\",\"position\":1,\"name\":\"Home\",\"item\":\"https:\\\/\\\/kosa.mk\\\/sq\\\/\"},{\"@type\":\"ListItem\",\"position\":2,\"name\":\"Kushtet dhe rregullat e p\u00ebrgjithshme\"}]},{\"@type\":\"WebSite\",\"@id\":\"https:\\\/\\\/kosa.mk\\\/#website\",\"url\":\"https:\\\/\\\/kosa.mk\\\/\",\"name\":\"KOSA.MK - \u041d\u0415\u0413\u0410 \u041d\u0410 \u041a\u041e\u0421\u0410 HAIR CARE SHOP\",\"description\":\"\u041d\u0415\u0413\u0410 ,\u0421\u0422\u0410\u0408\u041b\u0418\u041d\u0413,\u0422\u0420\u0415\u0422\u041c\u0410\u041d\u0418  \u0417\u0410 \u041a\u041e\u0421\u0410 , HARECARE, HAIR TREATMENTS, SHAMPOO, MASK, CONDITIONERS, STYLING\",\"publisher\":{\"@id\":\"https:\\\/\\\/kosa.mk\\\/#organization\"},\"potentialAction\":[{\"@type\":\"SearchAction\",\"target\":{\"@type\":\"EntryPoint\",\"urlTemplate\":\"https:\\\/\\\/kosa.mk\\\/?s={search_term_string}\"},\"query-input\":{\"@type\":\"PropertyValueSpecification\",\"valueRequired\":true,\"valueName\":\"search_term_string\"}}],\"inLanguage\":\"sq-AL\"},{\"@type\":\"Organization\",\"@id\":\"https:\\\/\\\/kosa.mk\\\/#organization\",\"name\":\"KOSA.MK - \u041d\u0415\u0413\u0410 \u041d\u0410 \u041a\u041e\u0421\u0410 HAIR CARE SHOP\",\"url\":\"https:\\\/\\\/kosa.mk\\\/\",\"logo\":{\"@type\":\"ImageObject\",\"inLanguage\":\"sq-AL\",\"@id\":\"https:\\\/\\\/kosa.mk\\\/#\\\/schema\\\/logo\\\/image\\\/\",\"url\":\"https:\\\/\\\/kosa.mk\\\/wp-content\\\/uploads\\\/2023\\\/04\\\/LOGO5.png\",\"contentUrl\":\"https:\\\/\\\/kosa.mk\\\/wp-content\\\/uploads\\\/2023\\\/04\\\/LOGO5.png\",\"width\":499,\"height\":188,\"caption\":\"KOSA.MK - \u041d\u0415\u0413\u0410 \u041d\u0410 \u041a\u041e\u0421\u0410 HAIR CARE SHOP\"},\"image\":{\"@id\":\"https:\\\/\\\/kosa.mk\\\/#\\\/schema\\\/logo\\\/image\\\/\"}}]}<\/script>\n<!-- \/ Yoast SEO plugin. -->","yoast_head_json":{"title":"Kushtet dhe rregullat e p\u00ebrgjithshme - KOSA.MK - \u041d\u0415\u0413\u0410 \u041d\u0410 \u041a\u041e\u0421\u0410 HAIR CARE SHOP","robots":{"index":"index","follow":"follow","max-snippet":"max-snippet:-1","max-image-preview":"max-image-preview:large","max-video-preview":"max-video-preview:-1"},"canonical":"https:\/\/kosa.mk\/sq\/opshti-pravila-i-uslovi\/","og_locale":"sq_AL","og_type":"article","og_title":"Kushtet dhe rregullat e p\u00ebrgjithshme - KOSA.MK - \u041d\u0415\u0413\u0410 \u041d\u0410 \u041a\u041e\u0421\u0410 HAIR CARE SHOP","og_description":"Kushtet dhe rregullat e p\u00ebrgjithshme Me q\u00ebllim p\u00ebrmbushjen e nevojave dhe k\u00ebrkesave tuaja, Nju Lajn 2015 do t\u00eb zotohet q\u00eb","og_url":"https:\/\/kosa.mk\/sq\/opshti-pravila-i-uslovi\/","og_site_name":"KOSA.MK - \u041d\u0415\u0413\u0410 \u041d\u0410 \u041a\u041e\u0421\u0410 HAIR CARE SHOP","article_modified_time":"2023-05-07T23:40:44+00:00","twitter_card":"summary_large_image","twitter_misc":{"Est. reading time":"2 minutes"},"schema":{"@context":"https:\/\/schema.org","@graph":[{"@type":"WebPage","@id":"https:\/\/kosa.mk\/sq\/opshti-pravila-i-uslovi\/","url":"https:\/\/kosa.mk\/sq\/opshti-pravila-i-uslovi\/","name":"Kushtet dhe rregullat e p\u00ebrgjithshme - KOSA.MK - \u041d\u0415\u0413\u0410 \u041d\u0410 \u041a\u041e\u0421\u0410 HAIR CARE SHOP","isPartOf":{"@id":"https:\/\/kosa.mk\/#website"},"datePublished":"2023-05-07T23:01:28+00:00","dateModified":"2023-05-07T23:40:44+00:00","breadcrumb":{"@id":"https:\/\/kosa.mk\/sq\/opshti-pravila-i-uslovi\/#breadcrumb"},"inLanguage":"sq-AL","potentialAction":[{"@type":"ReadAction","target":["https:\/\/kosa.mk\/sq\/opshti-pravila-i-uslovi\/"]}]},{"@type":"BreadcrumbList","@id":"https:\/\/kosa.mk\/sq\/opshti-pravila-i-uslovi\/#breadcrumb","itemListElement":[{"@type":"ListItem","position":1,"name":"Home","item":"https:\/\/kosa.mk\/sq\/"},{"@type":"ListItem","position":2,"name":"Kushtet dhe rregullat e p\u00ebrgjithshme"}]},{"@type":"WebSite","@id":"https:\/\/kosa.mk\/#website","url":"https:\/\/kosa.mk\/","name":"KOSA.MK - \u041d\u0415\u0413\u0410 \u041d\u0410 \u041a\u041e\u0421\u0410 HAIR CARE SHOP","description":"\u041d\u0415\u0413\u0410 ,\u0421\u0422\u0410\u0408\u041b\u0418\u041d\u0413,\u0422\u0420\u0415\u0422\u041c\u0410\u041d\u0418  \u0417\u0410 \u041a\u041e\u0421\u0410 , HARECARE, HAIR TREATMENTS, SHAMPOO, MASK, CONDITIONERS, STYLING","publisher":{"@id":"https:\/\/kosa.mk\/#organization"},"potentialAction":[{"@type":"SearchAction","target":{"@type":"EntryPoint","urlTemplate":"https:\/\/kosa.mk\/?s={search_term_string}"},"query-input":{"@type":"PropertyValueSpecification","valueRequired":true,"valueName":"search_term_string"}}],"inLanguage":"sq-AL"},{"@type":"Organization","@id":"https:\/\/kosa.mk\/#organization","name":"KOSA.MK - \u041d\u0415\u0413\u0410 \u041d\u0410 \u041a\u041e\u0421\u0410 HAIR CARE SHOP","url":"https:\/\/kosa.mk\/","logo":{"@type":"ImageObject","inLanguage":"sq-AL","@id":"https:\/\/kosa.mk\/#\/schema\/logo\/image\/","url":"https:\/\/kosa.mk\/wp-content\/uploads\/2023\/04\/LOGO5.png","contentUrl":"https:\/\/kosa.mk\/wp-content\/uploads\/2023\/04\/LOGO5.png","width":499,"height":188,"caption":"KOSA.MK - \u041d\u0415\u0413\u0410 \u041d\u0410 \u041a\u041e\u0421\u0410 HAIR CARE SHOP"},"image":{"@id":"https:\/\/kosa.mk\/#\/schema\/logo\/image\/"}}]}},"_links":{"self":[{"href":"https:\/\/kosa.mk\/sq\/wp-json\/wp\/v2\/pages\/9924","targetHints":{"allow":["GET"]}}],"collection":[{"href":"https:\/\/kosa.mk\/sq\/wp-json\/wp\/v2\/pages"}],"about":[{"href":"https:\/\/kosa.mk\/sq\/wp-json\/wp\/v2\/types\/page"}],"author":[{"embeddable":true,"href":"https:\/\/kosa.mk\/sq\/wp-json\/wp\/v2\/users\/1"}],"replies":[{"embeddable":true,"href":"https:\/\/kosa.mk\/sq\/wp-json\/wp\/v2\/comments?post=9924"}],"version-history":[{"count":0,"href":"https:\/\/kosa.mk\/sq\/wp-json\/wp\/v2\/pages\/9924\/revisions"}],"wp:attachment":[{"href":"https:\/\/kosa.mk\/sq\/wp-json\/wp\/v2\/media?parent=9924"}],"curies":[{"name":"wp","href":"https:\/\/api.w.org\/{rel}","templated":true}]}}