{"id":9953,"date":"2021-10-12T15:51:09","date_gmt":"2021-10-12T15:51:09","guid":{"rendered":"https:\/\/kosa.mk\/%d0%b7%d0%b0-%d0%bd%d0%b0%d1%81\/"},"modified":"2023-05-08T00:15:00","modified_gmt":"2023-05-08T00:15:00","slug":"za-nas","status":"publish","type":"page","link":"https:\/\/kosa.mk\/sq\/za-nas\/","title":{"rendered":"P\u00ebr ne"},"content":{"rendered":"\t\t<div data-elementor-type=\"wp-page\" data-elementor-id=\"9953\" class=\"elementor elementor-9953 elementor-4400\">\n\t\t\t\t\t\t<section class=\"elementor-section elementor-top-section elementor-element elementor-element-30f4b337 elementor-section-content-middle wd-section-stretch elementor-section-boxed elementor-section-height-default elementor-section-height-default\" data-id=\"30f4b337\" data-element_type=\"section\" data-e-type=\"section\" data-settings=\"{&quot;background_background&quot;:&quot;classic&quot;}\">\n\t\t\t\t\t\t<div class=\"elementor-container elementor-column-gap-extended\">\n\t\t\t\t\t<div class=\"elementor-column elementor-col-50 elementor-top-column elementor-element elementor-element-66c0428\" data-id=\"66c0428\" data-element_type=\"column\" data-e-type=\"column\">\n\t\t\t<div class=\"elementor-widget-wrap elementor-element-populated\">\n\t\t\t\t\t\t<div class=\"elementor-element elementor-element-c06196f elementor-widget elementor-widget-wd_image_or_svg\" data-id=\"c06196f\" data-element_type=\"widget\" data-e-type=\"widget\" data-widget_type=\"wd_image_or_svg.default\">\n\t\t\t\t<div class=\"elementor-widget-container\">\n\t\t\t\t\t\n\t\t<div class=\"wd-image text-center\">\n\t\t\t\t\t\t\t\t<img decoding=\"async\" class=\"wd-lazy-load wd-lazy-fade\" src=\"https:\/\/kosa.mk\/wp-content\/themes\/woodmart\/images\/lazy.png\" data-wood-src=\"https:\/\/kosa.mk\/wp-content\/uploads\/2023\/04\/LOGO\u04222.png\" title=\"LOGO\u04222\" alt=\"LOGO\u04222\" loading=\"lazy\" \/>\t\t\t\t\t<\/div>\n\n\t\t\t\t\t\t<\/div>\n\t\t\t\t<\/div>\n\t\t\t\t\t<\/div>\n\t\t<\/div>\n\t\t\t\t<div class=\"elementor-column elementor-col-50 elementor-top-column elementor-element elementor-element-554ec6f\" data-id=\"554ec6f\" data-element_type=\"column\" data-e-type=\"column\">\n\t\t\t<div class=\"elementor-widget-wrap elementor-element-populated\">\n\t\t\t\t\t\t<div class=\"elementor-element elementor-element-18566191 elementor-widget elementor-widget-wd_title\" data-id=\"18566191\" data-element_type=\"widget\" data-e-type=\"widget\" data-widget_type=\"wd_title.default\">\n\t\t\t\t<div class=\"elementor-widget-container\">\n\t\t\t\t\t\t\t<div class=\"title-wrapper set-mb-s reset-last-child wd-title-color-primary wd-title-style-default wd-title-size-large text-center\">\n\n\t\t\t\n\t\t\t<div class=\"liner-continer\">\n\t\t\t\t<h4 class=\"woodmart-title-container title wd-fontsize-xxl\">P\u00ebr ne<\/h4> \n\t\t\t\t\t\t\t<\/div>\n\n\t\t\t\t\t<\/div>\n\t\t\t\t\t\t<\/div>\n\t\t\t\t<\/div>\n\t\t\t\t<div class=\"elementor-element elementor-element-cf34ae6 elementor-widget elementor-widget-wd_text_block\" data-id=\"cf34ae6\" data-element_type=\"widget\" data-e-type=\"widget\" data-widget_type=\"wd_text_block.default\">\n\t\t\t\t<div class=\"elementor-widget-container\">\n\t\t\t\t\t\t\t<div class=\"wd-text-block reset-last-child text-left\">\n\t\t\t\n\t\t\t<h4>Kompania New Line 2015 \u00ebsht\u00eb themeluar n\u00eb vitin 2015 dhe merret me shitjen e kozmetik\u00ebs dhe preparateve p\u00ebrmes faqes s\u00eb internetit kosa.mk. Me shum\u00eb vite pun\u00eb, kompania arriti t\u00eb nd\u00ebrtoj\u00eb nj\u00eb mark\u00eb t\u00eb fort\u00eb dhe t\u00eb njohur n\u00eb tregun maqedonas.<\/h4><h4><br \/>Nj\u00eb nga faktor\u00ebt kryesor\u00eb p\u00ebr funksionimin e suksessh\u00ebm t\u00eb kompanis\u00eb \u00ebsht\u00eb k\u00ebnaq\u00ebsia e klientit. Kompania New Line 2015 fokusohet n\u00eb ofrimin e produkteve dhe sh\u00ebrbimeve sa m\u00eb cil\u00ebsore, si dhe komunikimin e mir\u00eb me klient\u00ebt.<\/h4><h4><br \/>P\u00ebrve\u00e7 produkteve dhe sh\u00ebrbimeve cil\u00ebsore, New Line 2015 ka nj\u00eb sistem shum\u00eb efikas t\u00eb menaxhimit t\u00eb porosive dhe d\u00ebrgesave, i cili i ndihmon ata t\u00eb ruajn\u00eb klient\u00ebt e tyre dhe t'u ofrojn\u00eb atyre nj\u00eb p\u00ebrvoj\u00eb t\u00eb rehatshme dhe t\u00eb shpejt\u00eb blerjeje.<\/h4><h4>Gjithashtu, kompania ka nj\u00eb ekip me p\u00ebrvoj\u00eb ekspert\u00ebsh t\u00eb kozmetik\u00ebs, t\u00eb cil\u00ebt punojn\u00eb s\u00eb bashku me prodhuesit p\u00ebr t\u00eb zgjedhur produktet m\u00eb t\u00eb mira dhe p\u00ebr t'ua ofruar klient\u00ebve t\u00eb tyre.<br \/>Kompania p\u00ebrpiqet t\u00eb jet\u00eb gjithmon\u00eb m\u00eb e mira n\u00eb fush\u00ebn e saj t\u00eb biznesit, dhe p\u00ebr k\u00ebt\u00eb arsye vazhdimisht punon n\u00eb zhvillimin dhe p\u00ebrmir\u00ebsimin e produkteve dhe sh\u00ebrbimeve t\u00eb saj. Kjo u lejon atyre t\u00eb mbajn\u00eb klient\u00ebt e tyre dhe t\u00eb t\u00ebrheqin t\u00eb rinj.<\/h4><h4>New Line 2015 \u00ebsht\u00eb nj\u00eb kompani q\u00eb ndjek misionin e saj dhe p\u00ebrmbush vizionin e saj p\u00ebr t'u b\u00ebr\u00eb lider n\u00eb tregun maqedonas n\u00eb fush\u00ebn e kozmetik\u00ebs dhe preparateve.<br \/>Shpresojm\u00eb q\u00eb ky t\u00eb b\u00ebhet vendi q\u00eb vizitoni \u00e7do dit\u00eb p\u00ebr t\u00eb gjetur produktet dhe informacionin q\u00eb ju nevojitet. Ne do t\u00eb p\u00ebrpiqemi t\u00eb justifikojm\u00eb koh\u00ebn q\u00eb na kushtoni p\u00ebrmes p\u00ebrdit\u00ebsimeve t\u00eb vazhdueshme me produkte dhe promovime t\u00eb reja.<\/h4><h4>Pershendetje te ngrohta,<\/h4><h4><br \/>LINJA E RE 2015 LTD<br \/>11 TETOR 23\/2-1 SHKUP - QENDRA E MAQEDONISE VERIORE<\/h4><h4>\u00a0<\/h4><h4>\u00a0<\/h4>\n\t\t\t\t\t<\/div>\n\t\t\t\t\t\t<\/div>\n\t\t\t\t<\/div>\n\t\t\t\t\t<\/div>\n\t\t<\/div>\n\t\t\t\t\t<\/div>\n\t\t<\/section>\n\t\t\t\t<\/div>\n\t\t","protected":false},"excerpt":{"rendered":"<p>P\u00ebr ne Kompania New Line 2015 \u00ebsht\u00eb themeluar n\u00eb vitin 2015 dhe merret me shitjen e kozmetik\u00ebs dhe preparateve p\u00ebrmes<\/p>\n","protected":false},"author":1,"featured_media":0,"parent":0,"menu_order":0,"comment_status":"closed","ping_status":"closed","template":"","meta":{"footnotes":""},"class_list":["post-9953","page","type-page","status-publish","hentry"],"yoast_head":"<!-- This site is optimized with the Yoast SEO plugin v27.5 - https:\/\/yoast.com\/product\/yoast-seo-wordpress\/ -->\n<title>P\u00ebr ne - KOSA.MK - \u041d\u0415\u0413\u0410 \u041d\u0410 \u041a\u041e\u0421\u0410 HAIR CARE SHOP<\/title>\n<meta name=\"robots\" content=\"index, follow, max-snippet:-1, max-image-preview:large, max-video-preview:-1\" \/>\n<link rel=\"canonical\" href=\"https:\/\/kosa.mk\/sq\/za-nas\/\" \/>\n<meta property=\"og:locale\" content=\"sq_AL\" \/>\n<meta property=\"og:type\" content=\"article\" \/>\n<meta property=\"og:title\" content=\"P\u00ebr ne - KOSA.MK - \u041d\u0415\u0413\u0410 \u041d\u0410 \u041a\u041e\u0421\u0410 HAIR CARE SHOP\" \/>\n<meta property=\"og:description\" content=\"P\u00ebr ne Kompania New Line 2015 \u00ebsht\u00eb themeluar n\u00eb vitin 2015 dhe merret me shitjen e kozmetik\u00ebs dhe preparateve p\u00ebrmes\" \/>\n<meta property=\"og:url\" content=\"https:\/\/kosa.mk\/sq\/za-nas\/\" \/>\n<meta property=\"og:site_name\" content=\"KOSA.MK - \u041d\u0415\u0413\u0410 \u041d\u0410 \u041a\u041e\u0421\u0410 HAIR CARE SHOP\" \/>\n<meta property=\"article:modified_time\" content=\"2023-05-08T00:15:00+00:00\" \/>\n<meta name=\"twitter:card\" content=\"summary_large_image\" \/>\n<meta name=\"twitter:label1\" content=\"Est. reading time\" \/>\n\t<meta name=\"twitter:data1\" content=\"2 minutes\" \/>\n<script type=\"application\/ld+json\" class=\"yoast-schema-graph\">{\"@context\":\"https:\\\/\\\/schema.org\",\"@graph\":[{\"@type\":\"WebPage\",\"@id\":\"https:\\\/\\\/kosa.mk\\\/sq\\\/za-nas\\\/\",\"url\":\"https:\\\/\\\/kosa.mk\\\/sq\\\/za-nas\\\/\",\"name\":\"P\u00ebr ne - KOSA.MK - \u041d\u0415\u0413\u0410 \u041d\u0410 \u041a\u041e\u0421\u0410 HAIR CARE SHOP\",\"isPartOf\":{\"@id\":\"https:\\\/\\\/kosa.mk\\\/#website\"},\"datePublished\":\"2021-10-12T15:51:09+00:00\",\"dateModified\":\"2023-05-08T00:15:00+00:00\",\"breadcrumb\":{\"@id\":\"https:\\\/\\\/kosa.mk\\\/sq\\\/za-nas\\\/#breadcrumb\"},\"inLanguage\":\"sq-AL\",\"potentialAction\":[{\"@type\":\"ReadAction\",\"target\":[\"https:\\\/\\\/kosa.mk\\\/sq\\\/za-nas\\\/\"]}]},{\"@type\":\"BreadcrumbList\",\"@id\":\"https:\\\/\\\/kosa.mk\\\/sq\\\/za-nas\\\/#breadcrumb\",\"itemListElement\":[{\"@type\":\"ListItem\",\"position\":1,\"name\":\"Home\",\"item\":\"https:\\\/\\\/kosa.mk\\\/sq\\\/\"},{\"@type\":\"ListItem\",\"position\":2,\"name\":\"P\u00ebr ne\"}]},{\"@type\":\"WebSite\",\"@id\":\"https:\\\/\\\/kosa.mk\\\/#website\",\"url\":\"https:\\\/\\\/kosa.mk\\\/\",\"name\":\"KOSA.MK - \u041d\u0415\u0413\u0410 \u041d\u0410 \u041a\u041e\u0421\u0410 HAIR CARE SHOP\",\"description\":\"\u041d\u0415\u0413\u0410 ,\u0421\u0422\u0410\u0408\u041b\u0418\u041d\u0413,\u0422\u0420\u0415\u0422\u041c\u0410\u041d\u0418  \u0417\u0410 \u041a\u041e\u0421\u0410 , HARECARE, HAIR TREATMENTS, SHAMPOO, MASK, CONDITIONERS, STYLING\",\"publisher\":{\"@id\":\"https:\\\/\\\/kosa.mk\\\/#organization\"},\"potentialAction\":[{\"@type\":\"SearchAction\",\"target\":{\"@type\":\"EntryPoint\",\"urlTemplate\":\"https:\\\/\\\/kosa.mk\\\/?s={search_term_string}\"},\"query-input\":{\"@type\":\"PropertyValueSpecification\",\"valueRequired\":true,\"valueName\":\"search_term_string\"}}],\"inLanguage\":\"sq-AL\"},{\"@type\":\"Organization\",\"@id\":\"https:\\\/\\\/kosa.mk\\\/#organization\",\"name\":\"KOSA.MK - \u041d\u0415\u0413\u0410 \u041d\u0410 \u041a\u041e\u0421\u0410 HAIR CARE SHOP\",\"url\":\"https:\\\/\\\/kosa.mk\\\/\",\"logo\":{\"@type\":\"ImageObject\",\"inLanguage\":\"sq-AL\",\"@id\":\"https:\\\/\\\/kosa.mk\\\/#\\\/schema\\\/logo\\\/image\\\/\",\"url\":\"https:\\\/\\\/kosa.mk\\\/wp-content\\\/uploads\\\/2023\\\/04\\\/LOGO5.png\",\"contentUrl\":\"https:\\\/\\\/kosa.mk\\\/wp-content\\\/uploads\\\/2023\\\/04\\\/LOGO5.png\",\"width\":499,\"height\":188,\"caption\":\"KOSA.MK - \u041d\u0415\u0413\u0410 \u041d\u0410 \u041a\u041e\u0421\u0410 HAIR CARE SHOP\"},\"image\":{\"@id\":\"https:\\\/\\\/kosa.mk\\\/#\\\/schema\\\/logo\\\/image\\\/\"}}]}<\/script>\n<!-- \/ Yoast SEO plugin. -->","yoast_head_json":{"title":"P\u00ebr ne - KOSA.MK - \u041d\u0415\u0413\u0410 \u041d\u0410 \u041a\u041e\u0421\u0410 HAIR CARE SHOP","robots":{"index":"index","follow":"follow","max-snippet":"max-snippet:-1","max-image-preview":"max-image-preview:large","max-video-preview":"max-video-preview:-1"},"canonical":"https:\/\/kosa.mk\/sq\/za-nas\/","og_locale":"sq_AL","og_type":"article","og_title":"P\u00ebr ne - KOSA.MK - \u041d\u0415\u0413\u0410 \u041d\u0410 \u041a\u041e\u0421\u0410 HAIR CARE SHOP","og_description":"P\u00ebr ne Kompania New Line 2015 \u00ebsht\u00eb themeluar n\u00eb vitin 2015 dhe merret me shitjen e kozmetik\u00ebs dhe preparateve p\u00ebrmes","og_url":"https:\/\/kosa.mk\/sq\/za-nas\/","og_site_name":"KOSA.MK - \u041d\u0415\u0413\u0410 \u041d\u0410 \u041a\u041e\u0421\u0410 HAIR CARE SHOP","article_modified_time":"2023-05-08T00:15:00+00:00","twitter_card":"summary_large_image","twitter_misc":{"Est. reading time":"2 minutes"},"schema":{"@context":"https:\/\/schema.org","@graph":[{"@type":"WebPage","@id":"https:\/\/kosa.mk\/sq\/za-nas\/","url":"https:\/\/kosa.mk\/sq\/za-nas\/","name":"P\u00ebr ne - KOSA.MK - \u041d\u0415\u0413\u0410 \u041d\u0410 \u041a\u041e\u0421\u0410 HAIR CARE SHOP","isPartOf":{"@id":"https:\/\/kosa.mk\/#website"},"datePublished":"2021-10-12T15:51:09+00:00","dateModified":"2023-05-08T00:15:00+00:00","breadcrumb":{"@id":"https:\/\/kosa.mk\/sq\/za-nas\/#breadcrumb"},"inLanguage":"sq-AL","potentialAction":[{"@type":"ReadAction","target":["https:\/\/kosa.mk\/sq\/za-nas\/"]}]},{"@type":"BreadcrumbList","@id":"https:\/\/kosa.mk\/sq\/za-nas\/#breadcrumb","itemListElement":[{"@type":"ListItem","position":1,"name":"Home","item":"https:\/\/kosa.mk\/sq\/"},{"@type":"ListItem","position":2,"name":"P\u00ebr ne"}]},{"@type":"WebSite","@id":"https:\/\/kosa.mk\/#website","url":"https:\/\/kosa.mk\/","name":"KOSA.MK - \u041d\u0415\u0413\u0410 \u041d\u0410 \u041a\u041e\u0421\u0410 HAIR CARE SHOP","description":"\u041d\u0415\u0413\u0410 ,\u0421\u0422\u0410\u0408\u041b\u0418\u041d\u0413,\u0422\u0420\u0415\u0422\u041c\u0410\u041d\u0418  \u0417\u0410 \u041a\u041e\u0421\u0410 , HARECARE, HAIR TREATMENTS, SHAMPOO, MASK, CONDITIONERS, STYLING","publisher":{"@id":"https:\/\/kosa.mk\/#organization"},"potentialAction":[{"@type":"SearchAction","target":{"@type":"EntryPoint","urlTemplate":"https:\/\/kosa.mk\/?s={search_term_string}"},"query-input":{"@type":"PropertyValueSpecification","valueRequired":true,"valueName":"search_term_string"}}],"inLanguage":"sq-AL"},{"@type":"Organization","@id":"https:\/\/kosa.mk\/#organization","name":"KOSA.MK - \u041d\u0415\u0413\u0410 \u041d\u0410 \u041a\u041e\u0421\u0410 HAIR CARE SHOP","url":"https:\/\/kosa.mk\/","logo":{"@type":"ImageObject","inLanguage":"sq-AL","@id":"https:\/\/kosa.mk\/#\/schema\/logo\/image\/","url":"https:\/\/kosa.mk\/wp-content\/uploads\/2023\/04\/LOGO5.png","contentUrl":"https:\/\/kosa.mk\/wp-content\/uploads\/2023\/04\/LOGO5.png","width":499,"height":188,"caption":"KOSA.MK - \u041d\u0415\u0413\u0410 \u041d\u0410 \u041a\u041e\u0421\u0410 HAIR CARE SHOP"},"image":{"@id":"https:\/\/kosa.mk\/#\/schema\/logo\/image\/"}}]}},"_links":{"self":[{"href":"https:\/\/kosa.mk\/sq\/wp-json\/wp\/v2\/pages\/9953","targetHints":{"allow":["GET"]}}],"collection":[{"href":"https:\/\/kosa.mk\/sq\/wp-json\/wp\/v2\/pages"}],"about":[{"href":"https:\/\/kosa.mk\/sq\/wp-json\/wp\/v2\/types\/page"}],"author":[{"embeddable":true,"href":"https:\/\/kosa.mk\/sq\/wp-json\/wp\/v2\/users\/1"}],"replies":[{"embeddable":true,"href":"https:\/\/kosa.mk\/sq\/wp-json\/wp\/v2\/comments?post=9953"}],"version-history":[{"count":0,"href":"https:\/\/kosa.mk\/sq\/wp-json\/wp\/v2\/pages\/9953\/revisions"}],"wp:attachment":[{"href":"https:\/\/kosa.mk\/sq\/wp-json\/wp\/v2\/media?parent=9953"}],"curies":[{"name":"wp","href":"https:\/\/api.w.org\/{rel}","templated":true}]}}