{"id":10004,"date":"2023-05-08T10:48:46","date_gmt":"2023-05-08T10:48:46","guid":{"rendered":"https:\/\/kosa.mk\/product\/rebalancing-low-shampoo-250-ml-alfaparf\/"},"modified":"2023-05-08T10:48:46","modified_gmt":"2023-05-08T10:48:46","slug":"rebalancing-low-shampoo-250-ml-alfaparf-2","status":"publish","type":"product","link":"https:\/\/kosa.mk\/sq\/product\/rebalancing-low-shampoo-250-ml-alfaparf-2\/","title":{"rendered":"Rebalancing Low Shampoo 250 ml Alfaparf"},"content":{"rendered":"<h4><strong><span style=\"color: #000000;\">Rebalancing Low Shampoo 250 ml Alfaparf<\/span><\/strong><\/h4>\n<h4>Zgjidhje reale p\u00ebr t\u00eb p\u00ebrmbushur nevojat reale t\u00eb bukuris\u00eb s\u00eb meshkujve t\u00eb sot\u00ebm.<br \/>\nShampo Rebalancing Low nga linja Blends of Many pastron l\u00ebkur\u00ebn e kok\u00ebs q\u00eb vuajn\u00eb nga zbokthi dhe sebumi i tep\u00ebrt thell\u00eb. Kur kombinohet me Tonik Ribalancues, ndihmon n\u00eb ribalancimin e skalpit t\u00eb kok\u00ebs<\/h4>\n<h4>Si ta p\u00ebrdorni<br \/>\nP\u00ebr nj\u00eb trajtim intensiv kund\u00ebr zbokthit, aplikojeni shampon n\u00eb flok\u00eb t\u00eb that\u00eb, shtoni uj\u00eb, masazhoni, l\u00ebreni p\u00ebr disa minuta dhe m\u00eb pas shp\u00eblajeni.<br \/>\nRezultatet<br \/>\n87% e individ\u00ebve raportuan zbokth t\u00eb reduktuar pas aplikimit t\u00eb par\u00eb*<br \/>\n93% e individ\u00ebve raportuan ulje t\u00eb sebumit pas aplikimit t\u00eb par\u00eb*<br \/>\nArom\u00eb me nota t\u00eb gjalla t\u00eb anise, dru sandali t\u00eb sofistikuar dhe pa\u00e7uli<br \/>\n***Opinion i vullnetar\u00ebve q\u00eb i n\u00ebnshtrohen trajtimit t\u00eb plot\u00eb Rebalancing Blends of Many<\/h4>\n<p>P\u00ebrb\u00ebr\u00ebsit<\/p>\n<h4><span style=\"color: #000000;\">P\u00ebrb\u00ebr\u00ebsit<\/span><\/h4>\n","protected":false},"excerpt":{"rendered":"<h4><span style=\"color: #000000;\">Zgjidhje reale p\u00ebr t\u00eb p\u00ebrmbushur nevojat reale t\u00eb bukuris\u00eb s\u00eb meshkujve t\u00eb sot\u00ebm.<\/span><br \/>\n<span style=\"color: #000000;\">Shampo Rebalancing Low nga linja Blends of Many pastron l\u00ebkur\u00ebn e kok\u00ebs q\u00eb vuajn\u00eb nga zbokthi dhe sebumi i tep\u00ebrt thell\u00eb. Kur kombinohet me Tonik Ribalancues, ndihmon n\u00eb ribalancimin e skalpit t\u00eb kok\u00ebs<\/span><\/h4>\n","protected":false},"featured_media":10002,"comment_status":"open","ping_status":"closed","template":"","meta":[],"pwb-brand":[],"product_brand":[],"product_cat":[505,507],"product_tag":[],"class_list":{"0":"post-10004","1":"product","2":"type-product","3":"status-publish","4":"has-post-thumbnail","6":"product_cat-per-meshkuj","7":"product_cat-shampona-per-meshkuj-sq","9":"first","10":"instock","11":"shipping-taxable","12":"purchasable","13":"product-type-simple"},"yoast_head":"<!-- This site is optimized with the Yoast SEO plugin v27.5 - https:\/\/yoast.com\/product\/yoast-seo-wordpress\/ -->\n<title>Rebalancing Low Shampoo 250 ml Alfaparf - KOSA.MK - \u041d\u0415\u0413\u0410 \u041d\u0410 \u041a\u041e\u0421\u0410 HAIR CARE SHOP<\/title>\n<meta name=\"robots\" content=\"index, follow, max-snippet:-1, max-image-preview:large, max-video-preview:-1\" \/>\n<link rel=\"canonical\" href=\"https:\/\/kosa.mk\/sq\/product\/rebalancing-low-shampoo-250-ml-alfaparf-2\/\" \/>\n<meta property=\"og:locale\" content=\"sq_AL\" \/>\n<meta property=\"og:type\" content=\"article\" \/>\n<meta property=\"og:title\" content=\"Rebalancing Low Shampoo 250 ml Alfaparf - KOSA.MK - \u041d\u0415\u0413\u0410 \u041d\u0410 \u041a\u041e\u0421\u0410 HAIR CARE SHOP\" \/>\n<meta property=\"og:description\" content=\"Zgjidhje reale p\u00ebr t\u00eb p\u00ebrmbushur nevojat reale t\u00eb bukuris\u00eb s\u00eb meshkujve t\u00eb sot\u00ebm. Shampo Rebalancing Low nga linja Blends of Many pastron l\u00ebkur\u00ebn e kok\u00ebs q\u00eb vuajn\u00eb nga zbokthi dhe sebumi i tep\u00ebrt thell\u00eb. Kur kombinohet me Tonik Ribalancues, ndihmon n\u00eb ribalancimin e skalpit t\u00eb kok\u00ebs\" \/>\n<meta property=\"og:url\" content=\"https:\/\/kosa.mk\/sq\/product\/rebalancing-low-shampoo-250-ml-alfaparf-2\/\" \/>\n<meta property=\"og:site_name\" content=\"KOSA.MK - \u041d\u0415\u0413\u0410 \u041d\u0410 \u041a\u041e\u0421\u0410 HAIR CARE SHOP\" \/>\n<meta property=\"og:image\" content=\"https:\/\/kosa.mk\/wp-content\/uploads\/2023\/05\/BLENDS_OF_MANY_Rebalancing_Shampoo_Alfaparf_Milano_PF018567_2000x2000_01.jpg\" \/>\n\t<meta property=\"og:image:width\" content=\"1000\" \/>\n\t<meta property=\"og:image:height\" content=\"1000\" \/>\n\t<meta property=\"og:image:type\" content=\"image\/jpeg\" \/>\n<meta name=\"twitter:card\" content=\"summary_large_image\" \/>\n<meta name=\"twitter:label1\" content=\"Est. reading time\" \/>\n\t<meta name=\"twitter:data1\" content=\"1 minute\" \/>\n<script type=\"application\/ld+json\" class=\"yoast-schema-graph\">{\"@context\":\"https:\\\/\\\/schema.org\",\"@graph\":[{\"@type\":\"WebPage\",\"@id\":\"https:\\\/\\\/kosa.mk\\\/sq\\\/product\\\/rebalancing-low-shampoo-250-ml-alfaparf-2\\\/\",\"url\":\"https:\\\/\\\/kosa.mk\\\/sq\\\/product\\\/rebalancing-low-shampoo-250-ml-alfaparf-2\\\/\",\"name\":\"Rebalancing Low Shampoo 250 ml Alfaparf - KOSA.MK - \u041d\u0415\u0413\u0410 \u041d\u0410 \u041a\u041e\u0421\u0410 HAIR CARE SHOP\",\"isPartOf\":{\"@id\":\"https:\\\/\\\/kosa.mk\\\/#website\"},\"primaryImageOfPage\":{\"@id\":\"https:\\\/\\\/kosa.mk\\\/sq\\\/product\\\/rebalancing-low-shampoo-250-ml-alfaparf-2\\\/#primaryimage\"},\"image\":{\"@id\":\"https:\\\/\\\/kosa.mk\\\/sq\\\/product\\\/rebalancing-low-shampoo-250-ml-alfaparf-2\\\/#primaryimage\"},\"thumbnailUrl\":\"https:\\\/\\\/kosa.mk\\\/wp-content\\\/uploads\\\/2023\\\/05\\\/BLENDS_OF_MANY_Rebalancing_Shampoo_Alfaparf_Milano_PF018567_2000x2000_01.jpg\",\"datePublished\":\"2023-05-08T10:48:46+00:00\",\"breadcrumb\":{\"@id\":\"https:\\\/\\\/kosa.mk\\\/sq\\\/product\\\/rebalancing-low-shampoo-250-ml-alfaparf-2\\\/#breadcrumb\"},\"inLanguage\":\"sq-AL\",\"potentialAction\":[{\"@type\":\"ReadAction\",\"target\":[\"https:\\\/\\\/kosa.mk\\\/sq\\\/product\\\/rebalancing-low-shampoo-250-ml-alfaparf-2\\\/\"]}]},{\"@type\":\"ImageObject\",\"inLanguage\":\"sq-AL\",\"@id\":\"https:\\\/\\\/kosa.mk\\\/sq\\\/product\\\/rebalancing-low-shampoo-250-ml-alfaparf-2\\\/#primaryimage\",\"url\":\"https:\\\/\\\/kosa.mk\\\/wp-content\\\/uploads\\\/2023\\\/05\\\/BLENDS_OF_MANY_Rebalancing_Shampoo_Alfaparf_Milano_PF018567_2000x2000_01.jpg\",\"contentUrl\":\"https:\\\/\\\/kosa.mk\\\/wp-content\\\/uploads\\\/2023\\\/05\\\/BLENDS_OF_MANY_Rebalancing_Shampoo_Alfaparf_Milano_PF018567_2000x2000_01.jpg\",\"width\":1000,\"height\":1000},{\"@type\":\"BreadcrumbList\",\"@id\":\"https:\\\/\\\/kosa.mk\\\/sq\\\/product\\\/rebalancing-low-shampoo-250-ml-alfaparf-2\\\/#breadcrumb\",\"itemListElement\":[{\"@type\":\"ListItem\",\"position\":1,\"name\":\"Home\",\"item\":\"https:\\\/\\\/kosa.mk\\\/sq\\\/\"},{\"@type\":\"ListItem\",\"position\":2,\"name\":\"Shop\",\"item\":\"https:\\\/\\\/kosa.mk\\\/shop\\\/\"},{\"@type\":\"ListItem\",\"position\":3,\"name\":\"Rebalancing Low Shampoo 250 ml Alfaparf\"}]},{\"@type\":\"WebSite\",\"@id\":\"https:\\\/\\\/kosa.mk\\\/#website\",\"url\":\"https:\\\/\\\/kosa.mk\\\/\",\"name\":\"KOSA.MK - \u041d\u0415\u0413\u0410 \u041d\u0410 \u041a\u041e\u0421\u0410 HAIR CARE SHOP\",\"description\":\"\u041d\u0415\u0413\u0410 ,\u0421\u0422\u0410\u0408\u041b\u0418\u041d\u0413,\u0422\u0420\u0415\u0422\u041c\u0410\u041d\u0418  \u0417\u0410 \u041a\u041e\u0421\u0410 , HARECARE, HAIR TREATMENTS, SHAMPOO, MASK, CONDITIONERS, STYLING\",\"publisher\":{\"@id\":\"https:\\\/\\\/kosa.mk\\\/#organization\"},\"potentialAction\":[{\"@type\":\"SearchAction\",\"target\":{\"@type\":\"EntryPoint\",\"urlTemplate\":\"https:\\\/\\\/kosa.mk\\\/?s={search_term_string}\"},\"query-input\":{\"@type\":\"PropertyValueSpecification\",\"valueRequired\":true,\"valueName\":\"search_term_string\"}}],\"inLanguage\":\"sq-AL\"},{\"@type\":\"Organization\",\"@id\":\"https:\\\/\\\/kosa.mk\\\/#organization\",\"name\":\"KOSA.MK - \u041d\u0415\u0413\u0410 \u041d\u0410 \u041a\u041e\u0421\u0410 HAIR CARE SHOP\",\"url\":\"https:\\\/\\\/kosa.mk\\\/\",\"logo\":{\"@type\":\"ImageObject\",\"inLanguage\":\"sq-AL\",\"@id\":\"https:\\\/\\\/kosa.mk\\\/#\\\/schema\\\/logo\\\/image\\\/\",\"url\":\"https:\\\/\\\/kosa.mk\\\/wp-content\\\/uploads\\\/2023\\\/04\\\/LOGO5.png\",\"contentUrl\":\"https:\\\/\\\/kosa.mk\\\/wp-content\\\/uploads\\\/2023\\\/04\\\/LOGO5.png\",\"width\":499,\"height\":188,\"caption\":\"KOSA.MK - \u041d\u0415\u0413\u0410 \u041d\u0410 \u041a\u041e\u0421\u0410 HAIR CARE SHOP\"},\"image\":{\"@id\":\"https:\\\/\\\/kosa.mk\\\/#\\\/schema\\\/logo\\\/image\\\/\"}}]}<\/script>\n<!-- \/ Yoast SEO plugin. -->","yoast_head_json":{"title":"Rebalancing Low Shampoo 250 ml Alfaparf - KOSA.MK - \u041d\u0415\u0413\u0410 \u041d\u0410 \u041a\u041e\u0421\u0410 HAIR CARE SHOP","robots":{"index":"index","follow":"follow","max-snippet":"max-snippet:-1","max-image-preview":"max-image-preview:large","max-video-preview":"max-video-preview:-1"},"canonical":"https:\/\/kosa.mk\/sq\/product\/rebalancing-low-shampoo-250-ml-alfaparf-2\/","og_locale":"sq_AL","og_type":"article","og_title":"Rebalancing Low Shampoo 250 ml Alfaparf - KOSA.MK - \u041d\u0415\u0413\u0410 \u041d\u0410 \u041a\u041e\u0421\u0410 HAIR CARE SHOP","og_description":"Zgjidhje reale p\u00ebr t\u00eb p\u00ebrmbushur nevojat reale t\u00eb bukuris\u00eb s\u00eb meshkujve t\u00eb sot\u00ebm. Shampo Rebalancing Low nga linja Blends of Many pastron l\u00ebkur\u00ebn e kok\u00ebs q\u00eb vuajn\u00eb nga zbokthi dhe sebumi i tep\u00ebrt thell\u00eb. Kur kombinohet me Tonik Ribalancues, ndihmon n\u00eb ribalancimin e skalpit t\u00eb kok\u00ebs","og_url":"https:\/\/kosa.mk\/sq\/product\/rebalancing-low-shampoo-250-ml-alfaparf-2\/","og_site_name":"KOSA.MK - \u041d\u0415\u0413\u0410 \u041d\u0410 \u041a\u041e\u0421\u0410 HAIR CARE SHOP","og_image":[{"width":1000,"height":1000,"url":"https:\/\/kosa.mk\/wp-content\/uploads\/2023\/05\/BLENDS_OF_MANY_Rebalancing_Shampoo_Alfaparf_Milano_PF018567_2000x2000_01.jpg","type":"image\/jpeg"}],"twitter_card":"summary_large_image","twitter_misc":{"Est. reading time":"1 minute"},"schema":{"@context":"https:\/\/schema.org","@graph":[{"@type":"WebPage","@id":"https:\/\/kosa.mk\/sq\/product\/rebalancing-low-shampoo-250-ml-alfaparf-2\/","url":"https:\/\/kosa.mk\/sq\/product\/rebalancing-low-shampoo-250-ml-alfaparf-2\/","name":"Rebalancing Low Shampoo 250 ml Alfaparf - KOSA.MK - \u041d\u0415\u0413\u0410 \u041d\u0410 \u041a\u041e\u0421\u0410 HAIR CARE SHOP","isPartOf":{"@id":"https:\/\/kosa.mk\/#website"},"primaryImageOfPage":{"@id":"https:\/\/kosa.mk\/sq\/product\/rebalancing-low-shampoo-250-ml-alfaparf-2\/#primaryimage"},"image":{"@id":"https:\/\/kosa.mk\/sq\/product\/rebalancing-low-shampoo-250-ml-alfaparf-2\/#primaryimage"},"thumbnailUrl":"https:\/\/kosa.mk\/wp-content\/uploads\/2023\/05\/BLENDS_OF_MANY_Rebalancing_Shampoo_Alfaparf_Milano_PF018567_2000x2000_01.jpg","datePublished":"2023-05-08T10:48:46+00:00","breadcrumb":{"@id":"https:\/\/kosa.mk\/sq\/product\/rebalancing-low-shampoo-250-ml-alfaparf-2\/#breadcrumb"},"inLanguage":"sq-AL","potentialAction":[{"@type":"ReadAction","target":["https:\/\/kosa.mk\/sq\/product\/rebalancing-low-shampoo-250-ml-alfaparf-2\/"]}]},{"@type":"ImageObject","inLanguage":"sq-AL","@id":"https:\/\/kosa.mk\/sq\/product\/rebalancing-low-shampoo-250-ml-alfaparf-2\/#primaryimage","url":"https:\/\/kosa.mk\/wp-content\/uploads\/2023\/05\/BLENDS_OF_MANY_Rebalancing_Shampoo_Alfaparf_Milano_PF018567_2000x2000_01.jpg","contentUrl":"https:\/\/kosa.mk\/wp-content\/uploads\/2023\/05\/BLENDS_OF_MANY_Rebalancing_Shampoo_Alfaparf_Milano_PF018567_2000x2000_01.jpg","width":1000,"height":1000},{"@type":"BreadcrumbList","@id":"https:\/\/kosa.mk\/sq\/product\/rebalancing-low-shampoo-250-ml-alfaparf-2\/#breadcrumb","itemListElement":[{"@type":"ListItem","position":1,"name":"Home","item":"https:\/\/kosa.mk\/sq\/"},{"@type":"ListItem","position":2,"name":"Shop","item":"https:\/\/kosa.mk\/shop\/"},{"@type":"ListItem","position":3,"name":"Rebalancing Low Shampoo 250 ml Alfaparf"}]},{"@type":"WebSite","@id":"https:\/\/kosa.mk\/#website","url":"https:\/\/kosa.mk\/","name":"KOSA.MK - \u041d\u0415\u0413\u0410 \u041d\u0410 \u041a\u041e\u0421\u0410 HAIR CARE SHOP","description":"\u041d\u0415\u0413\u0410 ,\u0421\u0422\u0410\u0408\u041b\u0418\u041d\u0413,\u0422\u0420\u0415\u0422\u041c\u0410\u041d\u0418  \u0417\u0410 \u041a\u041e\u0421\u0410 , HARECARE, HAIR TREATMENTS, SHAMPOO, MASK, CONDITIONERS, STYLING","publisher":{"@id":"https:\/\/kosa.mk\/#organization"},"potentialAction":[{"@type":"SearchAction","target":{"@type":"EntryPoint","urlTemplate":"https:\/\/kosa.mk\/?s={search_term_string}"},"query-input":{"@type":"PropertyValueSpecification","valueRequired":true,"valueName":"search_term_string"}}],"inLanguage":"sq-AL"},{"@type":"Organization","@id":"https:\/\/kosa.mk\/#organization","name":"KOSA.MK - \u041d\u0415\u0413\u0410 \u041d\u0410 \u041a\u041e\u0421\u0410 HAIR CARE SHOP","url":"https:\/\/kosa.mk\/","logo":{"@type":"ImageObject","inLanguage":"sq-AL","@id":"https:\/\/kosa.mk\/#\/schema\/logo\/image\/","url":"https:\/\/kosa.mk\/wp-content\/uploads\/2023\/04\/LOGO5.png","contentUrl":"https:\/\/kosa.mk\/wp-content\/uploads\/2023\/04\/LOGO5.png","width":499,"height":188,"caption":"KOSA.MK - \u041d\u0415\u0413\u0410 \u041d\u0410 \u041a\u041e\u0421\u0410 HAIR CARE SHOP"},"image":{"@id":"https:\/\/kosa.mk\/#\/schema\/logo\/image\/"}}]}},"brands":[],"_links":{"self":[{"href":"https:\/\/kosa.mk\/sq\/wp-json\/wp\/v2\/product\/10004","targetHints":{"allow":["GET"]}}],"collection":[{"href":"https:\/\/kosa.mk\/sq\/wp-json\/wp\/v2\/product"}],"about":[{"href":"https:\/\/kosa.mk\/sq\/wp-json\/wp\/v2\/types\/product"}],"replies":[{"embeddable":true,"href":"https:\/\/kosa.mk\/sq\/wp-json\/wp\/v2\/comments?post=10004"}],"version-history":[{"count":0,"href":"https:\/\/kosa.mk\/sq\/wp-json\/wp\/v2\/product\/10004\/revisions"}],"wp:featuredmedia":[{"embeddable":true,"href":"https:\/\/kosa.mk\/sq\/wp-json\/wp\/v2\/media\/10002"}],"wp:attachment":[{"href":"https:\/\/kosa.mk\/sq\/wp-json\/wp\/v2\/media?parent=10004"}],"wp:term":[{"taxonomy":"pwb-brand","embeddable":true,"href":"https:\/\/kosa.mk\/sq\/wp-json\/wp\/v2\/pwb-brand?post=10004"},{"taxonomy":"product_brand","embeddable":true,"href":"https:\/\/kosa.mk\/sq\/wp-json\/wp\/v2\/product_brand?post=10004"},{"taxonomy":"product_cat","embeddable":true,"href":"https:\/\/kosa.mk\/sq\/wp-json\/wp\/v2\/product_cat?post=10004"},{"taxonomy":"product_tag","embeddable":true,"href":"https:\/\/kosa.mk\/sq\/wp-json\/wp\/v2\/product_tag?post=10004"}],"curies":[{"name":"wp","href":"https:\/\/api.w.org\/{rel}","templated":true}]}}