{"id":10926,"date":"2023-05-24T14:21:09","date_gmt":"2023-05-24T14:21:09","guid":{"rendered":"https:\/\/kosa.mk\/product\/selective-instant-restructuring-leave-in-spray-150ml\/"},"modified":"2023-05-24T14:21:09","modified_gmt":"2023-05-24T14:21:09","slug":"selective-instant-restructuring-leave-in-spray-150ml-2","status":"publish","type":"product","link":"https:\/\/kosa.mk\/sq\/product\/selective-instant-restructuring-leave-in-spray-150ml-2\/","title":{"rendered":"Selective Instant Restructuring Leave-In Spray 150ml"},"content":{"rendered":"<h4><span style=\"color: #000000\">Sp\u00ebrkatje dyfazore pa shp\u00eblarje p\u00ebr flok\u00eb t\u00eb that\u00eb dhe t\u00eb d\u00ebmtuar me nj\u00eb efekt t\u00eb menj\u00ebhersh\u00ebm ristrukturimi. I pasuruar me mukoz\u00ebn e k\u00ebrmillit, ushqen flok\u00ebt, leht\u00ebson shp\u00eblarjen dhe i b\u00ebn flok\u00ebt e d\u00ebmtuar t\u00eb but\u00eb dhe me shk\u00eblqim.<\/span><\/h4>\n<h4><span style=\"color: #000000\">EKSTRAKT I K\u00ebrmillit: me nj\u00eb efekt rigjenerues, rigjall\u00ebrues dhe rinovues, i jep drit\u00eb flok\u00ebve<\/span><br \/>\n<span style=\"color: #000000\">PROTEINAT E ORIZIT: kan\u00eb nj\u00eb efekt volumizues dhe kondicioner<\/span><br \/>\n<span style=\"color: #000000\">PANTENOLI dhe GLICERINA: ofrojn\u00eb hidratim dhe elasticitet intensiv<\/span><br \/>\n<span style=\"color: #000000\">PROTEINAT GRURI: me efekt riparues, mbrojt\u00ebs, ristrukturues dhe forcues<\/span><\/h4>\n<h4><span style=\"color: #000000\">Shkundni mir\u00eb para p\u00ebrdorimit. Sp\u00ebrkateni n\u00eb flok\u00eb t\u00eb thar\u00eb me peshqir ose t\u00eb that\u00eb nga nj\u00eb distanc\u00eb prej af\u00ebrsisht 20 cm. Krehni p\u00ebr t\u00eb favorizuar shp\u00ebrndarjen e barabart\u00eb. Thajeni dhe stilojeni sipas nevoj\u00ebs, pa shp\u00eblarje. Ne ju rekomandojm\u00eb ta p\u00ebrdorni at\u00eb n\u00eb kombinim me produkte t\u00eb tjera nga sfera RISANA.<\/span><\/h4>\n","protected":false},"excerpt":{"rendered":"<h4><span style=\"color: #000000\">Sp\u00ebrkatje dyfazore pa shp\u00eblarje p\u00ebr flok\u00eb t\u00eb that\u00eb dhe t\u00eb d\u00ebmtuar me ekstrakt , k\u00ebrmilli, panthenol dhe glicerin\u00eb <\/span><\/h4>\n","protected":false},"featured_media":10924,"comment_status":"open","ping_status":"closed","template":"","meta":[],"pwb-brand":[],"product_brand":[],"product_cat":[472,478,480,477],"product_tag":[],"class_list":{"0":"post-10926","1":"product","2":"type-product","3":"status-publish","4":"has-post-thumbnail","6":"product_cat-leave-in-spraj","7":"product_cat-leave-in-spraj-per-floke-bionde","8":"product_cat-leave-in-spraj-per-floke-te-thate","9":"product_cat-leave-inspraj-per-floke-te-demtuar","11":"first","12":"instock","13":"shipping-taxable","14":"purchasable","15":"product-type-simple"},"yoast_head":"<!-- This site is optimized with the Yoast SEO plugin v27.5 - https:\/\/yoast.com\/product\/yoast-seo-wordpress\/ -->\n<title>Selective Instant Restructuring Leave-In Spray 150ml - KOSA.MK - \u041d\u0415\u0413\u0410 \u041d\u0410 \u041a\u041e\u0421\u0410 HAIR CARE SHOP<\/title>\n<meta name=\"robots\" content=\"index, follow, max-snippet:-1, max-image-preview:large, max-video-preview:-1\" \/>\n<link rel=\"canonical\" href=\"https:\/\/kosa.mk\/product\/selective-instant-restructuring-leave-in-spray-150ml\/\" \/>\n<meta property=\"og:locale\" content=\"sq_AL\" \/>\n<meta property=\"og:type\" content=\"article\" \/>\n<meta property=\"og:title\" content=\"Selective Instant Restructuring Leave-In Spray 150ml - KOSA.MK - \u041d\u0415\u0413\u0410 \u041d\u0410 \u041a\u041e\u0421\u0410 HAIR CARE SHOP\" \/>\n<meta property=\"og:description\" content=\"Sp\u00ebrkatje dyfazore pa shp\u00eblarje p\u00ebr flok\u00eb t\u00eb that\u00eb dhe t\u00eb d\u00ebmtuar me ekstrakt , k\u00ebrmilli, panthenol dhe glicerin\u00eb\" \/>\n<meta property=\"og:url\" content=\"https:\/\/kosa.mk\/product\/selective-instant-restructuring-leave-in-spray-150ml\/\" \/>\n<meta property=\"og:site_name\" content=\"KOSA.MK - \u041d\u0415\u0413\u0410 \u041d\u0410 \u041a\u041e\u0421\u0410 HAIR CARE SHOP\" \/>\n<meta name=\"twitter:card\" content=\"summary_large_image\" \/>\n<meta name=\"twitter:label1\" content=\"Est. reading time\" \/>\n\t<meta name=\"twitter:data1\" content=\"1 minute\" \/>\n<script type=\"application\/ld+json\" class=\"yoast-schema-graph\">{\"@context\":\"https:\\\/\\\/schema.org\",\"@graph\":[{\"@type\":\"WebPage\",\"@id\":\"https:\\\/\\\/kosa.mk\\\/product\\\/selective-instant-restructuring-leave-in-spray-150ml\\\/\",\"url\":\"https:\\\/\\\/kosa.mk\\\/product\\\/selective-instant-restructuring-leave-in-spray-150ml\\\/\",\"name\":\"Selective Instant Restructuring Leave-In Spray 150ml - KOSA.MK - \u041d\u0415\u0413\u0410 \u041d\u0410 \u041a\u041e\u0421\u0410 HAIR CARE SHOP\",\"isPartOf\":{\"@id\":\"https:\\\/\\\/kosa.mk\\\/#website\"},\"primaryImageOfPage\":{\"@id\":\"https:\\\/\\\/kosa.mk\\\/product\\\/selective-instant-restructuring-leave-in-spray-150ml\\\/#primaryimage\"},\"image\":{\"@id\":\"https:\\\/\\\/kosa.mk\\\/product\\\/selective-instant-restructuring-leave-in-spray-150ml\\\/#primaryimage\"},\"thumbnailUrl\":\"https:\\\/\\\/kosa.mk\\\/wp-content\\\/uploads\\\/2023\\\/05\\\/Selective-Risana-Leave-In-Spray-150ml.jpg\",\"datePublished\":\"2023-05-24T14:21:09+00:00\",\"breadcrumb\":{\"@id\":\"https:\\\/\\\/kosa.mk\\\/product\\\/selective-instant-restructuring-leave-in-spray-150ml\\\/#breadcrumb\"},\"inLanguage\":\"sq-AL\",\"potentialAction\":[{\"@type\":\"ReadAction\",\"target\":[\"https:\\\/\\\/kosa.mk\\\/product\\\/selective-instant-restructuring-leave-in-spray-150ml\\\/\"]}]},{\"@type\":\"ImageObject\",\"inLanguage\":\"sq-AL\",\"@id\":\"https:\\\/\\\/kosa.mk\\\/product\\\/selective-instant-restructuring-leave-in-spray-150ml\\\/#primaryimage\",\"url\":\"https:\\\/\\\/kosa.mk\\\/wp-content\\\/uploads\\\/2023\\\/05\\\/Selective-Risana-Leave-In-Spray-150ml.jpg\",\"contentUrl\":\"https:\\\/\\\/kosa.mk\\\/wp-content\\\/uploads\\\/2023\\\/05\\\/Selective-Risana-Leave-In-Spray-150ml.jpg\",\"width\":700,\"height\":700},{\"@type\":\"BreadcrumbList\",\"@id\":\"https:\\\/\\\/kosa.mk\\\/product\\\/selective-instant-restructuring-leave-in-spray-150ml\\\/#breadcrumb\",\"itemListElement\":[{\"@type\":\"ListItem\",\"position\":1,\"name\":\"Home\",\"item\":\"https:\\\/\\\/kosa.mk\\\/sq\\\/\"},{\"@type\":\"ListItem\",\"position\":2,\"name\":\"Shop\",\"item\":\"https:\\\/\\\/kosa.mk\\\/shop\\\/\"},{\"@type\":\"ListItem\",\"position\":3,\"name\":\"Selective Instant Restructuring Leave-In Spray 150ml\"}]},{\"@type\":\"WebSite\",\"@id\":\"https:\\\/\\\/kosa.mk\\\/#website\",\"url\":\"https:\\\/\\\/kosa.mk\\\/\",\"name\":\"KOSA.MK - \u041d\u0415\u0413\u0410 \u041d\u0410 \u041a\u041e\u0421\u0410 HAIR CARE SHOP\",\"description\":\"\u041d\u0415\u0413\u0410 ,\u0421\u0422\u0410\u0408\u041b\u0418\u041d\u0413,\u0422\u0420\u0415\u0422\u041c\u0410\u041d\u0418  \u0417\u0410 \u041a\u041e\u0421\u0410 , HARECARE, HAIR TREATMENTS, SHAMPOO, MASK, CONDITIONERS, STYLING\",\"publisher\":{\"@id\":\"https:\\\/\\\/kosa.mk\\\/#organization\"},\"potentialAction\":[{\"@type\":\"SearchAction\",\"target\":{\"@type\":\"EntryPoint\",\"urlTemplate\":\"https:\\\/\\\/kosa.mk\\\/?s={search_term_string}\"},\"query-input\":{\"@type\":\"PropertyValueSpecification\",\"valueRequired\":true,\"valueName\":\"search_term_string\"}}],\"inLanguage\":\"sq-AL\"},{\"@type\":\"Organization\",\"@id\":\"https:\\\/\\\/kosa.mk\\\/#organization\",\"name\":\"KOSA.MK - \u041d\u0415\u0413\u0410 \u041d\u0410 \u041a\u041e\u0421\u0410 HAIR CARE SHOP\",\"url\":\"https:\\\/\\\/kosa.mk\\\/\",\"logo\":{\"@type\":\"ImageObject\",\"inLanguage\":\"sq-AL\",\"@id\":\"https:\\\/\\\/kosa.mk\\\/#\\\/schema\\\/logo\\\/image\\\/\",\"url\":\"https:\\\/\\\/kosa.mk\\\/wp-content\\\/uploads\\\/2023\\\/04\\\/LOGO5.png\",\"contentUrl\":\"https:\\\/\\\/kosa.mk\\\/wp-content\\\/uploads\\\/2023\\\/04\\\/LOGO5.png\",\"width\":499,\"height\":188,\"caption\":\"KOSA.MK - \u041d\u0415\u0413\u0410 \u041d\u0410 \u041a\u041e\u0421\u0410 HAIR CARE SHOP\"},\"image\":{\"@id\":\"https:\\\/\\\/kosa.mk\\\/#\\\/schema\\\/logo\\\/image\\\/\"}}]}<\/script>\n<!-- \/ Yoast SEO plugin. -->","yoast_head_json":{"title":"Selective Instant Restructuring Leave-In Spray 150ml - KOSA.MK - \u041d\u0415\u0413\u0410 \u041d\u0410 \u041a\u041e\u0421\u0410 HAIR CARE SHOP","robots":{"index":"index","follow":"follow","max-snippet":"max-snippet:-1","max-image-preview":"max-image-preview:large","max-video-preview":"max-video-preview:-1"},"canonical":"https:\/\/kosa.mk\/product\/selective-instant-restructuring-leave-in-spray-150ml\/","og_locale":"sq_AL","og_type":"article","og_title":"Selective Instant Restructuring Leave-In Spray 150ml - KOSA.MK - \u041d\u0415\u0413\u0410 \u041d\u0410 \u041a\u041e\u0421\u0410 HAIR CARE SHOP","og_description":"Sp\u00ebrkatje dyfazore pa shp\u00eblarje p\u00ebr flok\u00eb t\u00eb that\u00eb dhe t\u00eb d\u00ebmtuar me ekstrakt , k\u00ebrmilli, panthenol dhe glicerin\u00eb","og_url":"https:\/\/kosa.mk\/product\/selective-instant-restructuring-leave-in-spray-150ml\/","og_site_name":"KOSA.MK - \u041d\u0415\u0413\u0410 \u041d\u0410 \u041a\u041e\u0421\u0410 HAIR CARE SHOP","twitter_card":"summary_large_image","twitter_misc":{"Est. reading time":"1 minute"},"schema":{"@context":"https:\/\/schema.org","@graph":[{"@type":"WebPage","@id":"https:\/\/kosa.mk\/product\/selective-instant-restructuring-leave-in-spray-150ml\/","url":"https:\/\/kosa.mk\/product\/selective-instant-restructuring-leave-in-spray-150ml\/","name":"Selective Instant Restructuring Leave-In Spray 150ml - KOSA.MK - \u041d\u0415\u0413\u0410 \u041d\u0410 \u041a\u041e\u0421\u0410 HAIR CARE SHOP","isPartOf":{"@id":"https:\/\/kosa.mk\/#website"},"primaryImageOfPage":{"@id":"https:\/\/kosa.mk\/product\/selective-instant-restructuring-leave-in-spray-150ml\/#primaryimage"},"image":{"@id":"https:\/\/kosa.mk\/product\/selective-instant-restructuring-leave-in-spray-150ml\/#primaryimage"},"thumbnailUrl":"https:\/\/kosa.mk\/wp-content\/uploads\/2023\/05\/Selective-Risana-Leave-In-Spray-150ml.jpg","datePublished":"2023-05-24T14:21:09+00:00","breadcrumb":{"@id":"https:\/\/kosa.mk\/product\/selective-instant-restructuring-leave-in-spray-150ml\/#breadcrumb"},"inLanguage":"sq-AL","potentialAction":[{"@type":"ReadAction","target":["https:\/\/kosa.mk\/product\/selective-instant-restructuring-leave-in-spray-150ml\/"]}]},{"@type":"ImageObject","inLanguage":"sq-AL","@id":"https:\/\/kosa.mk\/product\/selective-instant-restructuring-leave-in-spray-150ml\/#primaryimage","url":"https:\/\/kosa.mk\/wp-content\/uploads\/2023\/05\/Selective-Risana-Leave-In-Spray-150ml.jpg","contentUrl":"https:\/\/kosa.mk\/wp-content\/uploads\/2023\/05\/Selective-Risana-Leave-In-Spray-150ml.jpg","width":700,"height":700},{"@type":"BreadcrumbList","@id":"https:\/\/kosa.mk\/product\/selective-instant-restructuring-leave-in-spray-150ml\/#breadcrumb","itemListElement":[{"@type":"ListItem","position":1,"name":"Home","item":"https:\/\/kosa.mk\/sq\/"},{"@type":"ListItem","position":2,"name":"Shop","item":"https:\/\/kosa.mk\/shop\/"},{"@type":"ListItem","position":3,"name":"Selective Instant Restructuring Leave-In Spray 150ml"}]},{"@type":"WebSite","@id":"https:\/\/kosa.mk\/#website","url":"https:\/\/kosa.mk\/","name":"KOSA.MK - \u041d\u0415\u0413\u0410 \u041d\u0410 \u041a\u041e\u0421\u0410 HAIR CARE SHOP","description":"\u041d\u0415\u0413\u0410 ,\u0421\u0422\u0410\u0408\u041b\u0418\u041d\u0413,\u0422\u0420\u0415\u0422\u041c\u0410\u041d\u0418  \u0417\u0410 \u041a\u041e\u0421\u0410 , HARECARE, HAIR TREATMENTS, SHAMPOO, MASK, CONDITIONERS, STYLING","publisher":{"@id":"https:\/\/kosa.mk\/#organization"},"potentialAction":[{"@type":"SearchAction","target":{"@type":"EntryPoint","urlTemplate":"https:\/\/kosa.mk\/?s={search_term_string}"},"query-input":{"@type":"PropertyValueSpecification","valueRequired":true,"valueName":"search_term_string"}}],"inLanguage":"sq-AL"},{"@type":"Organization","@id":"https:\/\/kosa.mk\/#organization","name":"KOSA.MK - \u041d\u0415\u0413\u0410 \u041d\u0410 \u041a\u041e\u0421\u0410 HAIR CARE SHOP","url":"https:\/\/kosa.mk\/","logo":{"@type":"ImageObject","inLanguage":"sq-AL","@id":"https:\/\/kosa.mk\/#\/schema\/logo\/image\/","url":"https:\/\/kosa.mk\/wp-content\/uploads\/2023\/04\/LOGO5.png","contentUrl":"https:\/\/kosa.mk\/wp-content\/uploads\/2023\/04\/LOGO5.png","width":499,"height":188,"caption":"KOSA.MK - \u041d\u0415\u0413\u0410 \u041d\u0410 \u041a\u041e\u0421\u0410 HAIR CARE SHOP"},"image":{"@id":"https:\/\/kosa.mk\/#\/schema\/logo\/image\/"}}]}},"brands":[],"_links":{"self":[{"href":"https:\/\/kosa.mk\/sq\/wp-json\/wp\/v2\/product\/10926","targetHints":{"allow":["GET"]}}],"collection":[{"href":"https:\/\/kosa.mk\/sq\/wp-json\/wp\/v2\/product"}],"about":[{"href":"https:\/\/kosa.mk\/sq\/wp-json\/wp\/v2\/types\/product"}],"replies":[{"embeddable":true,"href":"https:\/\/kosa.mk\/sq\/wp-json\/wp\/v2\/comments?post=10926"}],"version-history":[{"count":0,"href":"https:\/\/kosa.mk\/sq\/wp-json\/wp\/v2\/product\/10926\/revisions"}],"wp:featuredmedia":[{"embeddable":true,"href":"https:\/\/kosa.mk\/sq\/wp-json\/wp\/v2\/media\/10924"}],"wp:attachment":[{"href":"https:\/\/kosa.mk\/sq\/wp-json\/wp\/v2\/media?parent=10926"}],"wp:term":[{"taxonomy":"pwb-brand","embeddable":true,"href":"https:\/\/kosa.mk\/sq\/wp-json\/wp\/v2\/pwb-brand?post=10926"},{"taxonomy":"product_brand","embeddable":true,"href":"https:\/\/kosa.mk\/sq\/wp-json\/wp\/v2\/product_brand?post=10926"},{"taxonomy":"product_cat","embeddable":true,"href":"https:\/\/kosa.mk\/sq\/wp-json\/wp\/v2\/product_cat?post=10926"},{"taxonomy":"product_tag","embeddable":true,"href":"https:\/\/kosa.mk\/sq\/wp-json\/wp\/v2\/product_tag?post=10926"}],"curies":[{"name":"wp","href":"https:\/\/api.w.org\/{rel}","templated":true}]}}