{"id":11195,"date":"2023-05-25T05:20:33","date_gmt":"2023-05-25T05:20:33","guid":{"rendered":"https:\/\/kosa.mk\/product\/loreal-professional-absolut-repair-golden-mask-250ml\/"},"modified":"2024-11-01T00:01:02","modified_gmt":"2024-11-01T00:01:02","slug":"loreal-professional-absolut-repair-golden-mask-250ml-2","status":"publish","type":"product","link":"https:\/\/kosa.mk\/sq\/product\/loreal-professional-absolut-repair-golden-mask-250ml-2\/","title":{"rendered":"Loreal Professional Absolut Repair Golden Mask 250ml"},"content":{"rendered":"<h5>Nj\u00eb mask\u00eb e art\u00eb me nj\u00eb tekstur\u00eb m\u00eb t\u00eb leht\u00eb p\u00ebr rikthimin e flok\u00ebve t\u00eb that\u00eb dhe t\u00eb d\u00ebmtuar, e pasuruar me QUINOA + PROTEIN\u00cb Formula profesionale dhe e art\u00eb e mask\u00ebs Resurfacing Golden ruan n\u00eb \u00e7ast t\u00eb gjitha llojet e flok\u00ebve. Formula e tij krem-xhel i jep menj\u00ebher\u00eb flok\u00ebve 7 her\u00eb m\u00eb shum\u00eb shk\u00eblqim dhe but\u00ebsi. Nuk ka mbetje fibrash.<\/h5>\n<h5>Aplikojeni pas larjes me shampo p\u00ebrgjat\u00eb gjat\u00ebsis\u00eb dhe l\u00ebreni t\u00eb veproj\u00eb p\u00ebr 1 &#8211; 3 min. Shp\u00eblajeni t\u00ebr\u00ebsisht me uj\u00eb.<\/h5>\n<p>&nbsp;<\/p>\n","protected":false},"excerpt":{"rendered":"<h4>Mask\u00eb e art\u00eb me nj\u00eb tekstur\u00eb m\u00eb t\u00eb leht\u00eb p\u00ebr t\u00eb rivendosur flok\u00ebt e that\u00eb dhe t\u00eb d\u00ebmtuar, e pasuruar me QUINOA + PROTEIN\u00cb<\/h4>\n","protected":false},"featured_media":11189,"comment_status":"open","ping_status":"closed","template":"","meta":[],"pwb-brand":[],"product_brand":[],"product_cat":[442,449,448,451],"product_tag":[],"class_list":{"0":"post-11195","1":"product","2":"type-product","3":"status-publish","4":"has-post-thumbnail","6":"product_cat-maska-per-floke","7":"product_cat-maska-per-floke-bionde","8":"product_cat-maska-per-floke-te-demtuar","9":"product_cat-maska-per-floke-thate","11":"first","12":"instock","13":"shipping-taxable","14":"purchasable","15":"product-type-simple"},"yoast_head":"<!-- This site is optimized with the Yoast SEO plugin v27.5 - https:\/\/yoast.com\/product\/yoast-seo-wordpress\/ -->\n<title>Loreal Professional Absolut Repair Golden Mask 250ml - KOSA.MK - \u041d\u0415\u0413\u0410 \u041d\u0410 \u041a\u041e\u0421\u0410 HAIR CARE SHOP<\/title>\n<meta name=\"robots\" content=\"index, follow, max-snippet:-1, max-image-preview:large, max-video-preview:-1\" \/>\n<link rel=\"canonical\" href=\"https:\/\/kosa.mk\/product\/loreal-professional-absolut-repair-golden-mask-250ml\/\" \/>\n<meta property=\"og:locale\" content=\"sq_AL\" \/>\n<meta property=\"og:type\" content=\"article\" \/>\n<meta property=\"og:title\" content=\"Loreal Professional Absolut Repair Golden Mask 250ml - KOSA.MK - \u041d\u0415\u0413\u0410 \u041d\u0410 \u041a\u041e\u0421\u0410 HAIR CARE SHOP\" \/>\n<meta property=\"og:description\" content=\"Mask\u00eb e art\u00eb me nj\u00eb tekstur\u00eb m\u00eb t\u00eb leht\u00eb p\u00ebr t\u00eb rivendosur flok\u00ebt e that\u00eb dhe t\u00eb d\u00ebmtuar, e pasuruar me QUINOA + PROTEIN\u00cb\" \/>\n<meta property=\"og:url\" content=\"https:\/\/kosa.mk\/product\/loreal-professional-absolut-repair-golden-mask-250ml\/\" \/>\n<meta property=\"og:site_name\" content=\"KOSA.MK - \u041d\u0415\u0413\u0410 \u041d\u0410 \u041a\u041e\u0421\u0410 HAIR CARE SHOP\" \/>\n<meta property=\"article:modified_time\" content=\"2024-11-01T00:01:02+00:00\" \/>\n<meta name=\"twitter:card\" content=\"summary_large_image\" \/>\n<script type=\"application\/ld+json\" class=\"yoast-schema-graph\">{\"@context\":\"https:\\\/\\\/schema.org\",\"@graph\":[{\"@type\":\"WebPage\",\"@id\":\"https:\\\/\\\/kosa.mk\\\/product\\\/loreal-professional-absolut-repair-golden-mask-250ml\\\/\",\"url\":\"https:\\\/\\\/kosa.mk\\\/product\\\/loreal-professional-absolut-repair-golden-mask-250ml\\\/\",\"name\":\"Loreal Professional Absolut Repair Golden Mask 250ml - KOSA.MK - \u041d\u0415\u0413\u0410 \u041d\u0410 \u041a\u041e\u0421\u0410 HAIR CARE SHOP\",\"isPartOf\":{\"@id\":\"https:\\\/\\\/kosa.mk\\\/#website\"},\"primaryImageOfPage\":{\"@id\":\"https:\\\/\\\/kosa.mk\\\/product\\\/loreal-professional-absolut-repair-golden-mask-250ml\\\/#primaryimage\"},\"image\":{\"@id\":\"https:\\\/\\\/kosa.mk\\\/product\\\/loreal-professional-absolut-repair-golden-mask-250ml\\\/#primaryimage\"},\"thumbnailUrl\":\"https:\\\/\\\/kosa.mk\\\/wp-content\\\/uploads\\\/2023\\\/05\\\/L_Oreal_Serie_Expert_Absolut_Repair_Gold_Mask-front.jpg\",\"datePublished\":\"2023-05-25T05:20:33+00:00\",\"dateModified\":\"2024-11-01T00:01:02+00:00\",\"breadcrumb\":{\"@id\":\"https:\\\/\\\/kosa.mk\\\/product\\\/loreal-professional-absolut-repair-golden-mask-250ml\\\/#breadcrumb\"},\"inLanguage\":\"sq-AL\",\"potentialAction\":[{\"@type\":\"ReadAction\",\"target\":[\"https:\\\/\\\/kosa.mk\\\/product\\\/loreal-professional-absolut-repair-golden-mask-250ml\\\/\"]}]},{\"@type\":\"ImageObject\",\"inLanguage\":\"sq-AL\",\"@id\":\"https:\\\/\\\/kosa.mk\\\/product\\\/loreal-professional-absolut-repair-golden-mask-250ml\\\/#primaryimage\",\"url\":\"https:\\\/\\\/kosa.mk\\\/wp-content\\\/uploads\\\/2023\\\/05\\\/L_Oreal_Serie_Expert_Absolut_Repair_Gold_Mask-front.jpg\",\"contentUrl\":\"https:\\\/\\\/kosa.mk\\\/wp-content\\\/uploads\\\/2023\\\/05\\\/L_Oreal_Serie_Expert_Absolut_Repair_Gold_Mask-front.jpg\",\"width\":1000,\"height\":1000},{\"@type\":\"BreadcrumbList\",\"@id\":\"https:\\\/\\\/kosa.mk\\\/product\\\/loreal-professional-absolut-repair-golden-mask-250ml\\\/#breadcrumb\",\"itemListElement\":[{\"@type\":\"ListItem\",\"position\":1,\"name\":\"Home\",\"item\":\"https:\\\/\\\/kosa.mk\\\/sq\\\/\"},{\"@type\":\"ListItem\",\"position\":2,\"name\":\"Shop\",\"item\":\"https:\\\/\\\/kosa.mk\\\/shop\\\/\"},{\"@type\":\"ListItem\",\"position\":3,\"name\":\"Loreal Professional Absolut Repair Golden Mask 250ml\"}]},{\"@type\":\"WebSite\",\"@id\":\"https:\\\/\\\/kosa.mk\\\/#website\",\"url\":\"https:\\\/\\\/kosa.mk\\\/\",\"name\":\"KOSA.MK - \u041d\u0415\u0413\u0410 \u041d\u0410 \u041a\u041e\u0421\u0410 HAIR CARE SHOP\",\"description\":\"\u041d\u0415\u0413\u0410 ,\u0421\u0422\u0410\u0408\u041b\u0418\u041d\u0413,\u0422\u0420\u0415\u0422\u041c\u0410\u041d\u0418  \u0417\u0410 \u041a\u041e\u0421\u0410 , HARECARE, HAIR TREATMENTS, SHAMPOO, MASK, CONDITIONERS, STYLING\",\"publisher\":{\"@id\":\"https:\\\/\\\/kosa.mk\\\/#organization\"},\"potentialAction\":[{\"@type\":\"SearchAction\",\"target\":{\"@type\":\"EntryPoint\",\"urlTemplate\":\"https:\\\/\\\/kosa.mk\\\/?s={search_term_string}\"},\"query-input\":{\"@type\":\"PropertyValueSpecification\",\"valueRequired\":true,\"valueName\":\"search_term_string\"}}],\"inLanguage\":\"sq-AL\"},{\"@type\":\"Organization\",\"@id\":\"https:\\\/\\\/kosa.mk\\\/#organization\",\"name\":\"KOSA.MK - \u041d\u0415\u0413\u0410 \u041d\u0410 \u041a\u041e\u0421\u0410 HAIR CARE SHOP\",\"url\":\"https:\\\/\\\/kosa.mk\\\/\",\"logo\":{\"@type\":\"ImageObject\",\"inLanguage\":\"sq-AL\",\"@id\":\"https:\\\/\\\/kosa.mk\\\/#\\\/schema\\\/logo\\\/image\\\/\",\"url\":\"https:\\\/\\\/kosa.mk\\\/wp-content\\\/uploads\\\/2023\\\/04\\\/LOGO5.png\",\"contentUrl\":\"https:\\\/\\\/kosa.mk\\\/wp-content\\\/uploads\\\/2023\\\/04\\\/LOGO5.png\",\"width\":499,\"height\":188,\"caption\":\"KOSA.MK - \u041d\u0415\u0413\u0410 \u041d\u0410 \u041a\u041e\u0421\u0410 HAIR CARE SHOP\"},\"image\":{\"@id\":\"https:\\\/\\\/kosa.mk\\\/#\\\/schema\\\/logo\\\/image\\\/\"}}]}<\/script>\n<!-- \/ Yoast SEO plugin. -->","yoast_head_json":{"title":"Loreal Professional Absolut Repair Golden Mask 250ml - KOSA.MK - \u041d\u0415\u0413\u0410 \u041d\u0410 \u041a\u041e\u0421\u0410 HAIR CARE SHOP","robots":{"index":"index","follow":"follow","max-snippet":"max-snippet:-1","max-image-preview":"max-image-preview:large","max-video-preview":"max-video-preview:-1"},"canonical":"https:\/\/kosa.mk\/product\/loreal-professional-absolut-repair-golden-mask-250ml\/","og_locale":"sq_AL","og_type":"article","og_title":"Loreal Professional Absolut Repair Golden Mask 250ml - KOSA.MK - \u041d\u0415\u0413\u0410 \u041d\u0410 \u041a\u041e\u0421\u0410 HAIR CARE SHOP","og_description":"Mask\u00eb e art\u00eb me nj\u00eb tekstur\u00eb m\u00eb t\u00eb leht\u00eb p\u00ebr t\u00eb rivendosur flok\u00ebt e that\u00eb dhe t\u00eb d\u00ebmtuar, e pasuruar me QUINOA + PROTEIN\u00cb","og_url":"https:\/\/kosa.mk\/product\/loreal-professional-absolut-repair-golden-mask-250ml\/","og_site_name":"KOSA.MK - \u041d\u0415\u0413\u0410 \u041d\u0410 \u041a\u041e\u0421\u0410 HAIR CARE SHOP","article_modified_time":"2024-11-01T00:01:02+00:00","twitter_card":"summary_large_image","schema":{"@context":"https:\/\/schema.org","@graph":[{"@type":"WebPage","@id":"https:\/\/kosa.mk\/product\/loreal-professional-absolut-repair-golden-mask-250ml\/","url":"https:\/\/kosa.mk\/product\/loreal-professional-absolut-repair-golden-mask-250ml\/","name":"Loreal Professional Absolut Repair Golden Mask 250ml - KOSA.MK - \u041d\u0415\u0413\u0410 \u041d\u0410 \u041a\u041e\u0421\u0410 HAIR CARE SHOP","isPartOf":{"@id":"https:\/\/kosa.mk\/#website"},"primaryImageOfPage":{"@id":"https:\/\/kosa.mk\/product\/loreal-professional-absolut-repair-golden-mask-250ml\/#primaryimage"},"image":{"@id":"https:\/\/kosa.mk\/product\/loreal-professional-absolut-repair-golden-mask-250ml\/#primaryimage"},"thumbnailUrl":"https:\/\/kosa.mk\/wp-content\/uploads\/2023\/05\/L_Oreal_Serie_Expert_Absolut_Repair_Gold_Mask-front.jpg","datePublished":"2023-05-25T05:20:33+00:00","dateModified":"2024-11-01T00:01:02+00:00","breadcrumb":{"@id":"https:\/\/kosa.mk\/product\/loreal-professional-absolut-repair-golden-mask-250ml\/#breadcrumb"},"inLanguage":"sq-AL","potentialAction":[{"@type":"ReadAction","target":["https:\/\/kosa.mk\/product\/loreal-professional-absolut-repair-golden-mask-250ml\/"]}]},{"@type":"ImageObject","inLanguage":"sq-AL","@id":"https:\/\/kosa.mk\/product\/loreal-professional-absolut-repair-golden-mask-250ml\/#primaryimage","url":"https:\/\/kosa.mk\/wp-content\/uploads\/2023\/05\/L_Oreal_Serie_Expert_Absolut_Repair_Gold_Mask-front.jpg","contentUrl":"https:\/\/kosa.mk\/wp-content\/uploads\/2023\/05\/L_Oreal_Serie_Expert_Absolut_Repair_Gold_Mask-front.jpg","width":1000,"height":1000},{"@type":"BreadcrumbList","@id":"https:\/\/kosa.mk\/product\/loreal-professional-absolut-repair-golden-mask-250ml\/#breadcrumb","itemListElement":[{"@type":"ListItem","position":1,"name":"Home","item":"https:\/\/kosa.mk\/sq\/"},{"@type":"ListItem","position":2,"name":"Shop","item":"https:\/\/kosa.mk\/shop\/"},{"@type":"ListItem","position":3,"name":"Loreal Professional Absolut Repair Golden Mask 250ml"}]},{"@type":"WebSite","@id":"https:\/\/kosa.mk\/#website","url":"https:\/\/kosa.mk\/","name":"KOSA.MK - \u041d\u0415\u0413\u0410 \u041d\u0410 \u041a\u041e\u0421\u0410 HAIR CARE SHOP","description":"\u041d\u0415\u0413\u0410 ,\u0421\u0422\u0410\u0408\u041b\u0418\u041d\u0413,\u0422\u0420\u0415\u0422\u041c\u0410\u041d\u0418  \u0417\u0410 \u041a\u041e\u0421\u0410 , HARECARE, HAIR TREATMENTS, SHAMPOO, MASK, CONDITIONERS, STYLING","publisher":{"@id":"https:\/\/kosa.mk\/#organization"},"potentialAction":[{"@type":"SearchAction","target":{"@type":"EntryPoint","urlTemplate":"https:\/\/kosa.mk\/?s={search_term_string}"},"query-input":{"@type":"PropertyValueSpecification","valueRequired":true,"valueName":"search_term_string"}}],"inLanguage":"sq-AL"},{"@type":"Organization","@id":"https:\/\/kosa.mk\/#organization","name":"KOSA.MK - \u041d\u0415\u0413\u0410 \u041d\u0410 \u041a\u041e\u0421\u0410 HAIR CARE SHOP","url":"https:\/\/kosa.mk\/","logo":{"@type":"ImageObject","inLanguage":"sq-AL","@id":"https:\/\/kosa.mk\/#\/schema\/logo\/image\/","url":"https:\/\/kosa.mk\/wp-content\/uploads\/2023\/04\/LOGO5.png","contentUrl":"https:\/\/kosa.mk\/wp-content\/uploads\/2023\/04\/LOGO5.png","width":499,"height":188,"caption":"KOSA.MK - \u041d\u0415\u0413\u0410 \u041d\u0410 \u041a\u041e\u0421\u0410 HAIR CARE SHOP"},"image":{"@id":"https:\/\/kosa.mk\/#\/schema\/logo\/image\/"}}]}},"brands":[],"_links":{"self":[{"href":"https:\/\/kosa.mk\/sq\/wp-json\/wp\/v2\/product\/11195","targetHints":{"allow":["GET"]}}],"collection":[{"href":"https:\/\/kosa.mk\/sq\/wp-json\/wp\/v2\/product"}],"about":[{"href":"https:\/\/kosa.mk\/sq\/wp-json\/wp\/v2\/types\/product"}],"replies":[{"embeddable":true,"href":"https:\/\/kosa.mk\/sq\/wp-json\/wp\/v2\/comments?post=11195"}],"version-history":[{"count":0,"href":"https:\/\/kosa.mk\/sq\/wp-json\/wp\/v2\/product\/11195\/revisions"}],"wp:featuredmedia":[{"embeddable":true,"href":"https:\/\/kosa.mk\/sq\/wp-json\/wp\/v2\/media\/11189"}],"wp:attachment":[{"href":"https:\/\/kosa.mk\/sq\/wp-json\/wp\/v2\/media?parent=11195"}],"wp:term":[{"taxonomy":"pwb-brand","embeddable":true,"href":"https:\/\/kosa.mk\/sq\/wp-json\/wp\/v2\/pwb-brand?post=11195"},{"taxonomy":"product_brand","embeddable":true,"href":"https:\/\/kosa.mk\/sq\/wp-json\/wp\/v2\/product_brand?post=11195"},{"taxonomy":"product_cat","embeddable":true,"href":"https:\/\/kosa.mk\/sq\/wp-json\/wp\/v2\/product_cat?post=11195"},{"taxonomy":"product_tag","embeddable":true,"href":"https:\/\/kosa.mk\/sq\/wp-json\/wp\/v2\/product_tag?post=11195"}],"curies":[{"name":"wp","href":"https:\/\/api.w.org\/{rel}","templated":true}]}}