{"id":11225,"date":"2023-05-25T06:17:31","date_gmt":"2023-05-25T06:17:31","guid":{"rendered":"https:\/\/kosa.mk\/product\/loreal-professional-metal-detox-sulfate-free-shampoo-300ml\/"},"modified":"2024-11-01T00:01:02","modified_gmt":"2024-11-01T00:01:02","slug":"loreal-professional-metal-detox-sulfate-free-shampoo-300ml-2","status":"publish","type":"product","link":"https:\/\/kosa.mk\/sq\/product\/loreal-professional-metal-detox-sulfate-free-shampoo-300ml-2\/","title":{"rendered":"Loreal Professional Metal Detox Sulfate Free Shampoo 300ml"},"content":{"rendered":"<h5>Shampo Metal Detox pa sulfate metalike detoksifikon flokun per cdo ngjyre, sherbim balajage apo zbardhues.Metali brenda flokut gjithashtu krijon rrezik thyerjeje dhe ndikon negativisht ne rezultatet e ngjyres gjate sherbimeve te ngjyrosjes, balajazhit dhe zbardhjes.Kremi bujar i pasur transformohet ne nje te perqendruar shkum\u00eb p\u00ebr t\u00eb pastruar but\u00ebsisht flok\u00ebt dhe p\u00ebr t\u00eb hequr grumbullimin e grimcave metalike.<\/h5>\n<h5>NJ\u00cb EKSPERIENCE UNIKE: nj\u00eb xhel me nj\u00eb struktur\u00eb t\u00eb leht\u00eb q\u00eb shkumon pak pas emulsionit. Shkum\u00eb e pasur, arom\u00eb luksoze. \u00cbsht\u00eb e leht\u00eb p\u00ebr t&#8217;u shp\u00eblar\u00eb.<\/h5>\n","protected":false},"excerpt":{"rendered":"<h4>Shampo Metal Detox pa sulfate metalike p\u00ebr detoksifikimin e flok\u00ebve<\/h4>\n","protected":false},"featured_media":11219,"comment_status":"open","ping_status":"closed","template":"","meta":[],"pwb-brand":[],"product_brand":[],"product_cat":[413,419,431,424,422,433,432,429,425,427],"product_tag":[],"class_list":{"0":"post-11225","1":"product","2":"type-product","3":"status-publish","4":"has-post-thumbnail","6":"product_cat-shampona","7":"product_cat-shampona-ditore","8":"product_cat-shampona-per-floke-bionde","9":"product_cat-shampona-per-floke-te-lyer","10":"product_cat-shampona-per-floke-te-thate","11":"product_cat-shampona-per-floke-te-thate-dhe-te-demtuar","12":"product_cat-shampona-per-foloke-te-holle-dhe-te-brishte","13":"product_cat-shampona-per-meshkuj","14":"product_cat-shampona-per-volum","15":"product_cat-shampona-per-zbutjen","17":"first","18":"instock","19":"shipping-taxable","20":"purchasable","21":"product-type-simple"},"yoast_head":"<!-- This site is optimized with the Yoast SEO plugin v27.5 - https:\/\/yoast.com\/product\/yoast-seo-wordpress\/ -->\n<title>Loreal Professional Metal Detox Sulfate Free Shampoo 300ml - KOSA.MK - \u041d\u0415\u0413\u0410 \u041d\u0410 \u041a\u041e\u0421\u0410 HAIR CARE SHOP<\/title>\n<meta name=\"robots\" content=\"index, follow, max-snippet:-1, max-image-preview:large, max-video-preview:-1\" \/>\n<link rel=\"canonical\" href=\"https:\/\/kosa.mk\/product\/loreal-professional-metal-detox-sulfate-free-shampoo-300ml\/\" \/>\n<meta property=\"og:locale\" content=\"sq_AL\" \/>\n<meta property=\"og:type\" content=\"article\" \/>\n<meta property=\"og:title\" content=\"Loreal Professional Metal Detox Sulfate Free Shampoo 300ml - KOSA.MK - \u041d\u0415\u0413\u0410 \u041d\u0410 \u041a\u041e\u0421\u0410 HAIR CARE SHOP\" \/>\n<meta property=\"og:description\" content=\"Shampo Metal Detox pa sulfate metalike p\u00ebr detoksifikimin e flok\u00ebve\" \/>\n<meta property=\"og:url\" content=\"https:\/\/kosa.mk\/product\/loreal-professional-metal-detox-sulfate-free-shampoo-300ml\/\" \/>\n<meta property=\"og:site_name\" content=\"KOSA.MK - \u041d\u0415\u0413\u0410 \u041d\u0410 \u041a\u041e\u0421\u0410 HAIR CARE SHOP\" \/>\n<meta property=\"article:modified_time\" content=\"2024-11-01T00:01:02+00:00\" \/>\n<meta name=\"twitter:card\" content=\"summary_large_image\" \/>\n<script type=\"application\/ld+json\" class=\"yoast-schema-graph\">{\"@context\":\"https:\\\/\\\/schema.org\",\"@graph\":[{\"@type\":\"WebPage\",\"@id\":\"https:\\\/\\\/kosa.mk\\\/product\\\/loreal-professional-metal-detox-sulfate-free-shampoo-300ml\\\/\",\"url\":\"https:\\\/\\\/kosa.mk\\\/product\\\/loreal-professional-metal-detox-sulfate-free-shampoo-300ml\\\/\",\"name\":\"Loreal Professional Metal Detox Sulfate Free Shampoo 300ml - KOSA.MK - \u041d\u0415\u0413\u0410 \u041d\u0410 \u041a\u041e\u0421\u0410 HAIR CARE SHOP\",\"isPartOf\":{\"@id\":\"https:\\\/\\\/kosa.mk\\\/#website\"},\"primaryImageOfPage\":{\"@id\":\"https:\\\/\\\/kosa.mk\\\/product\\\/loreal-professional-metal-detox-sulfate-free-shampoo-300ml\\\/#primaryimage\"},\"image\":{\"@id\":\"https:\\\/\\\/kosa.mk\\\/product\\\/loreal-professional-metal-detox-sulfate-free-shampoo-300ml\\\/#primaryimage\"},\"thumbnailUrl\":\"https:\\\/\\\/kosa.mk\\\/wp-content\\\/uploads\\\/2023\\\/05\\\/Loreal-Metal-Detox-Shampoo-300ml.jpg\",\"datePublished\":\"2023-05-25T06:17:31+00:00\",\"dateModified\":\"2024-11-01T00:01:02+00:00\",\"breadcrumb\":{\"@id\":\"https:\\\/\\\/kosa.mk\\\/product\\\/loreal-professional-metal-detox-sulfate-free-shampoo-300ml\\\/#breadcrumb\"},\"inLanguage\":\"sq-AL\",\"potentialAction\":[{\"@type\":\"ReadAction\",\"target\":[\"https:\\\/\\\/kosa.mk\\\/product\\\/loreal-professional-metal-detox-sulfate-free-shampoo-300ml\\\/\"]}]},{\"@type\":\"ImageObject\",\"inLanguage\":\"sq-AL\",\"@id\":\"https:\\\/\\\/kosa.mk\\\/product\\\/loreal-professional-metal-detox-sulfate-free-shampoo-300ml\\\/#primaryimage\",\"url\":\"https:\\\/\\\/kosa.mk\\\/wp-content\\\/uploads\\\/2023\\\/05\\\/Loreal-Metal-Detox-Shampoo-300ml.jpg\",\"contentUrl\":\"https:\\\/\\\/kosa.mk\\\/wp-content\\\/uploads\\\/2023\\\/05\\\/Loreal-Metal-Detox-Shampoo-300ml.jpg\",\"width\":1000,\"height\":1000},{\"@type\":\"BreadcrumbList\",\"@id\":\"https:\\\/\\\/kosa.mk\\\/product\\\/loreal-professional-metal-detox-sulfate-free-shampoo-300ml\\\/#breadcrumb\",\"itemListElement\":[{\"@type\":\"ListItem\",\"position\":1,\"name\":\"Home\",\"item\":\"https:\\\/\\\/kosa.mk\\\/sq\\\/\"},{\"@type\":\"ListItem\",\"position\":2,\"name\":\"Shop\",\"item\":\"https:\\\/\\\/kosa.mk\\\/shop\\\/\"},{\"@type\":\"ListItem\",\"position\":3,\"name\":\"Loreal Professional Metal Detox Sulfate Free Shampoo 300ml\"}]},{\"@type\":\"WebSite\",\"@id\":\"https:\\\/\\\/kosa.mk\\\/#website\",\"url\":\"https:\\\/\\\/kosa.mk\\\/\",\"name\":\"KOSA.MK - \u041d\u0415\u0413\u0410 \u041d\u0410 \u041a\u041e\u0421\u0410 HAIR CARE SHOP\",\"description\":\"\u041d\u0415\u0413\u0410 ,\u0421\u0422\u0410\u0408\u041b\u0418\u041d\u0413,\u0422\u0420\u0415\u0422\u041c\u0410\u041d\u0418  \u0417\u0410 \u041a\u041e\u0421\u0410 , HARECARE, HAIR TREATMENTS, SHAMPOO, MASK, CONDITIONERS, STYLING\",\"publisher\":{\"@id\":\"https:\\\/\\\/kosa.mk\\\/#organization\"},\"potentialAction\":[{\"@type\":\"SearchAction\",\"target\":{\"@type\":\"EntryPoint\",\"urlTemplate\":\"https:\\\/\\\/kosa.mk\\\/?s={search_term_string}\"},\"query-input\":{\"@type\":\"PropertyValueSpecification\",\"valueRequired\":true,\"valueName\":\"search_term_string\"}}],\"inLanguage\":\"sq-AL\"},{\"@type\":\"Organization\",\"@id\":\"https:\\\/\\\/kosa.mk\\\/#organization\",\"name\":\"KOSA.MK - \u041d\u0415\u0413\u0410 \u041d\u0410 \u041a\u041e\u0421\u0410 HAIR CARE SHOP\",\"url\":\"https:\\\/\\\/kosa.mk\\\/\",\"logo\":{\"@type\":\"ImageObject\",\"inLanguage\":\"sq-AL\",\"@id\":\"https:\\\/\\\/kosa.mk\\\/#\\\/schema\\\/logo\\\/image\\\/\",\"url\":\"https:\\\/\\\/kosa.mk\\\/wp-content\\\/uploads\\\/2023\\\/04\\\/LOGO5.png\",\"contentUrl\":\"https:\\\/\\\/kosa.mk\\\/wp-content\\\/uploads\\\/2023\\\/04\\\/LOGO5.png\",\"width\":499,\"height\":188,\"caption\":\"KOSA.MK - \u041d\u0415\u0413\u0410 \u041d\u0410 \u041a\u041e\u0421\u0410 HAIR CARE SHOP\"},\"image\":{\"@id\":\"https:\\\/\\\/kosa.mk\\\/#\\\/schema\\\/logo\\\/image\\\/\"}}]}<\/script>\n<!-- \/ Yoast SEO plugin. -->","yoast_head_json":{"title":"Loreal Professional Metal Detox Sulfate Free Shampoo 300ml - KOSA.MK - \u041d\u0415\u0413\u0410 \u041d\u0410 \u041a\u041e\u0421\u0410 HAIR CARE SHOP","robots":{"index":"index","follow":"follow","max-snippet":"max-snippet:-1","max-image-preview":"max-image-preview:large","max-video-preview":"max-video-preview:-1"},"canonical":"https:\/\/kosa.mk\/product\/loreal-professional-metal-detox-sulfate-free-shampoo-300ml\/","og_locale":"sq_AL","og_type":"article","og_title":"Loreal Professional Metal Detox Sulfate Free Shampoo 300ml - KOSA.MK - \u041d\u0415\u0413\u0410 \u041d\u0410 \u041a\u041e\u0421\u0410 HAIR CARE SHOP","og_description":"Shampo Metal Detox pa sulfate metalike p\u00ebr detoksifikimin e flok\u00ebve","og_url":"https:\/\/kosa.mk\/product\/loreal-professional-metal-detox-sulfate-free-shampoo-300ml\/","og_site_name":"KOSA.MK - \u041d\u0415\u0413\u0410 \u041d\u0410 \u041a\u041e\u0421\u0410 HAIR CARE SHOP","article_modified_time":"2024-11-01T00:01:02+00:00","twitter_card":"summary_large_image","schema":{"@context":"https:\/\/schema.org","@graph":[{"@type":"WebPage","@id":"https:\/\/kosa.mk\/product\/loreal-professional-metal-detox-sulfate-free-shampoo-300ml\/","url":"https:\/\/kosa.mk\/product\/loreal-professional-metal-detox-sulfate-free-shampoo-300ml\/","name":"Loreal Professional Metal Detox Sulfate Free Shampoo 300ml - KOSA.MK - \u041d\u0415\u0413\u0410 \u041d\u0410 \u041a\u041e\u0421\u0410 HAIR CARE SHOP","isPartOf":{"@id":"https:\/\/kosa.mk\/#website"},"primaryImageOfPage":{"@id":"https:\/\/kosa.mk\/product\/loreal-professional-metal-detox-sulfate-free-shampoo-300ml\/#primaryimage"},"image":{"@id":"https:\/\/kosa.mk\/product\/loreal-professional-metal-detox-sulfate-free-shampoo-300ml\/#primaryimage"},"thumbnailUrl":"https:\/\/kosa.mk\/wp-content\/uploads\/2023\/05\/Loreal-Metal-Detox-Shampoo-300ml.jpg","datePublished":"2023-05-25T06:17:31+00:00","dateModified":"2024-11-01T00:01:02+00:00","breadcrumb":{"@id":"https:\/\/kosa.mk\/product\/loreal-professional-metal-detox-sulfate-free-shampoo-300ml\/#breadcrumb"},"inLanguage":"sq-AL","potentialAction":[{"@type":"ReadAction","target":["https:\/\/kosa.mk\/product\/loreal-professional-metal-detox-sulfate-free-shampoo-300ml\/"]}]},{"@type":"ImageObject","inLanguage":"sq-AL","@id":"https:\/\/kosa.mk\/product\/loreal-professional-metal-detox-sulfate-free-shampoo-300ml\/#primaryimage","url":"https:\/\/kosa.mk\/wp-content\/uploads\/2023\/05\/Loreal-Metal-Detox-Shampoo-300ml.jpg","contentUrl":"https:\/\/kosa.mk\/wp-content\/uploads\/2023\/05\/Loreal-Metal-Detox-Shampoo-300ml.jpg","width":1000,"height":1000},{"@type":"BreadcrumbList","@id":"https:\/\/kosa.mk\/product\/loreal-professional-metal-detox-sulfate-free-shampoo-300ml\/#breadcrumb","itemListElement":[{"@type":"ListItem","position":1,"name":"Home","item":"https:\/\/kosa.mk\/sq\/"},{"@type":"ListItem","position":2,"name":"Shop","item":"https:\/\/kosa.mk\/shop\/"},{"@type":"ListItem","position":3,"name":"Loreal Professional Metal Detox Sulfate Free Shampoo 300ml"}]},{"@type":"WebSite","@id":"https:\/\/kosa.mk\/#website","url":"https:\/\/kosa.mk\/","name":"KOSA.MK - \u041d\u0415\u0413\u0410 \u041d\u0410 \u041a\u041e\u0421\u0410 HAIR CARE SHOP","description":"\u041d\u0415\u0413\u0410 ,\u0421\u0422\u0410\u0408\u041b\u0418\u041d\u0413,\u0422\u0420\u0415\u0422\u041c\u0410\u041d\u0418  \u0417\u0410 \u041a\u041e\u0421\u0410 , HARECARE, HAIR TREATMENTS, SHAMPOO, MASK, CONDITIONERS, STYLING","publisher":{"@id":"https:\/\/kosa.mk\/#organization"},"potentialAction":[{"@type":"SearchAction","target":{"@type":"EntryPoint","urlTemplate":"https:\/\/kosa.mk\/?s={search_term_string}"},"query-input":{"@type":"PropertyValueSpecification","valueRequired":true,"valueName":"search_term_string"}}],"inLanguage":"sq-AL"},{"@type":"Organization","@id":"https:\/\/kosa.mk\/#organization","name":"KOSA.MK - \u041d\u0415\u0413\u0410 \u041d\u0410 \u041a\u041e\u0421\u0410 HAIR CARE SHOP","url":"https:\/\/kosa.mk\/","logo":{"@type":"ImageObject","inLanguage":"sq-AL","@id":"https:\/\/kosa.mk\/#\/schema\/logo\/image\/","url":"https:\/\/kosa.mk\/wp-content\/uploads\/2023\/04\/LOGO5.png","contentUrl":"https:\/\/kosa.mk\/wp-content\/uploads\/2023\/04\/LOGO5.png","width":499,"height":188,"caption":"KOSA.MK - \u041d\u0415\u0413\u0410 \u041d\u0410 \u041a\u041e\u0421\u0410 HAIR CARE SHOP"},"image":{"@id":"https:\/\/kosa.mk\/#\/schema\/logo\/image\/"}}]}},"brands":[],"_links":{"self":[{"href":"https:\/\/kosa.mk\/sq\/wp-json\/wp\/v2\/product\/11225","targetHints":{"allow":["GET"]}}],"collection":[{"href":"https:\/\/kosa.mk\/sq\/wp-json\/wp\/v2\/product"}],"about":[{"href":"https:\/\/kosa.mk\/sq\/wp-json\/wp\/v2\/types\/product"}],"replies":[{"embeddable":true,"href":"https:\/\/kosa.mk\/sq\/wp-json\/wp\/v2\/comments?post=11225"}],"version-history":[{"count":0,"href":"https:\/\/kosa.mk\/sq\/wp-json\/wp\/v2\/product\/11225\/revisions"}],"wp:featuredmedia":[{"embeddable":true,"href":"https:\/\/kosa.mk\/sq\/wp-json\/wp\/v2\/media\/11219"}],"wp:attachment":[{"href":"https:\/\/kosa.mk\/sq\/wp-json\/wp\/v2\/media?parent=11225"}],"wp:term":[{"taxonomy":"pwb-brand","embeddable":true,"href":"https:\/\/kosa.mk\/sq\/wp-json\/wp\/v2\/pwb-brand?post=11225"},{"taxonomy":"product_brand","embeddable":true,"href":"https:\/\/kosa.mk\/sq\/wp-json\/wp\/v2\/product_brand?post=11225"},{"taxonomy":"product_cat","embeddable":true,"href":"https:\/\/kosa.mk\/sq\/wp-json\/wp\/v2\/product_cat?post=11225"},{"taxonomy":"product_tag","embeddable":true,"href":"https:\/\/kosa.mk\/sq\/wp-json\/wp\/v2\/product_tag?post=11225"}],"curies":[{"name":"wp","href":"https:\/\/api.w.org\/{rel}","templated":true}]}}