{"id":11399,"date":"2023-05-28T04:29:14","date_gmt":"2023-05-28T04:29:14","guid":{"rendered":"https:\/\/kosa.mk\/product\/k18-leave-in-molecular-repair-hair-mask\/"},"modified":"2023-05-28T12:56:02","modified_gmt":"2023-05-28T12:56:02","slug":"k18-leave-in-molecular-repair-hair-mask","status":"publish","type":"product","link":"https:\/\/kosa.mk\/sq\/product\/k18-leave-in-molecular-repair-hair-mask\/","title":{"rendered":"K18 Leave-In Molecular Repair Hair Mask"},"content":{"rendered":"<h5><span style=\"color: #000000\">Trajtimi me mask\u00eb ishte nj\u00eb larje, e cila funksionon n\u00eb nivel molekular dhe redukton d\u00ebmtimin e flok\u00ebve n\u00eb vet\u00ebm 4 minuta. K18PEPTIDE\u2122 \u00ebsht\u00eb v\u00ebrtetuar klinikisht se riparon d\u00ebmtimet nga zbardhuesit, ngjyrat, sh\u00ebrbimet kimike dhe nxeht\u00ebsia &#8211; me rezultate t\u00eb menj\u00ebhershme dhe t\u00eb q\u00ebndrueshme p\u00ebr t\u00eb rikthyer forc\u00ebn, but\u00ebsin\u00eb, but\u00ebsin\u00eb dhe k\u00ebrcimin e flok\u00ebve.<\/span><\/h5>\n<h5><span style=\"color: #000000\">P\u00ebrfitimet kryesore:<\/span><\/h5>\n<h5><span style=\"color: #000000\">Riparon m\u00eb tej d\u00ebmtimet \u2013 rilidh t\u00eb dy zinxhir\u00ebt polipeptidik\u00eb (dhe si rezultat, lidhjet disulfide) p\u00ebr forc\u00eb p\u00ebrgjat\u00eb gjat\u00ebsis\u00eb + gjer\u00ebsis\u00eb s\u00eb flok\u00ebve \u2013 duke ofruar riparim gjith\u00ebp\u00ebrfshir\u00ebs dhe t\u00eb p\u00ebrhersh\u00ebm t\u00eb d\u00ebmtimit<\/span><\/h5>\n<h5><span style=\"color: #000000\">Rivendos flok\u00ebt edhe nga d\u00ebmtimet ekstreme &#8211; duke punuar n\u00eb shtres\u00ebn m\u00eb t\u00eb brendshme t\u00eb flok\u00ebve, rikthehet forca dhe elasticiteti i b\u00ebrtham\u00ebs p\u00ebr flok\u00eb t\u00eb fort\u00eb, t\u00eb l\u00ebmuar dhe t\u00eb gjall\u00eb<\/span><\/h5>\n<h5><span style=\"color: #000000\">Ofron rezultate t\u00eb menj\u00ebhershme dhe t\u00eb q\u00ebndrueshme &#8211; flok\u00ebt riparohen q\u00eb nga p\u00ebrdorimi i par\u00eb dhe zgjasin pas larjes s\u00eb radh\u00ebs, p\u00ebr p\u00ebrfitime t\u00eb p\u00ebrhershme riparuese<\/span><\/h5>\n<h5><span style=\"color: #000000\">Riparim i thjeshtuar &#8211; nj\u00eb formul\u00eb e p\u00ebrshtatshme q\u00eb funksionon n\u00eb vet\u00ebm 4 minuta dhe pa nevoj\u00ebn p\u00ebr shp\u00eblarje shtes\u00eb<\/span><\/h5>\n<h5><span style=\"color: #000000\">Funksionon n\u00eb t\u00eb gjitha llojet e flok\u00ebve \u2013 sepse K18PEPTIDE\u2122 funksionon n\u00eb nivel molekular (ku t\u00eb gjith\u00eb flok\u00ebt jan\u00eb t\u00eb nj\u00ebjt\u00eb), ky produkt \u00ebsht\u00eb efektiv p\u00ebr t\u00eb gjitha llojet e flok\u00ebve<\/span><\/h5>\n<h5><span style=\"color: #000000\">P\u00ebrdorimi: Aplikojeni n\u00eb flok\u00eb t\u00eb lar\u00eb me shampo (mos p\u00ebrdorni kondicioner) dhe thajeni me peshqir. Aplikoni nj\u00eb pomp\u00eb sipas nevoj\u00ebs dhe m\u00eb shum\u00eb (3 maksimumi) dhe l\u00ebreni p\u00ebr 4 minuta. Vazhdoni tharjen dhe stilimin. <\/span><\/h5>\n","protected":false},"excerpt":{"rendered":"<h4>Trajtim me mask\u00eb molekulare p\u00ebr flok\u00eb t\u00eb that\u00eb dhe t\u00eb d\u00ebmtuar<\/h4>\n","protected":false},"featured_media":11397,"comment_status":"open","ping_status":"closed","template":"","meta":[],"pwb-brand":[],"product_brand":[],"product_cat":[453,455,460,454,461,456,462,459,457,458,472,478,476,480,474,477,479,473,475,452,443,442,449,447,448,450,444,451,445,446,441,468,466,469,463,470,464,465,467],"product_tag":[],"class_list":{"0":"post-11399","1":"product","2":"type-product","3":"status-publish","4":"has-post-thumbnail","6":"product_cat-kondicioneri","7":"product_cat-kondicioneri-me-ngjyra","8":"product_cat-kondicioneri-per-floke-bionde","9":"product_cat-kondicioneri-per-floke-te-demtuar","10":"product_cat-kondicioneri-per-floke-te-holle-dhe-te-brishte","11":"product_cat-kondicioneri-per-floke-te-lyer","12":"product_cat-kondicioneri-per-floke-te-thate","13":"product_cat-kondicioneri-per-kloke-kacurrela","14":"product_cat-kondicioneri-per-volum","15":"product_cat-kondicioneri-per-zbytjen","16":"product_cat-leave-in-spraj","17":"product_cat-leave-in-spraj-per-floke-bionde","18":"product_cat-leave-in-spraj-per-floke-kacurrela","19":"product_cat-leave-in-spraj-per-floke-te-thate","20":"product_cat-leave-in-spraj-per-volum","21":"product_cat-leave-inspraj-per-floke-te-demtuar","22":"product_cat-leavein-spraj-ditore","23":"product_cat-leavein-spraj-per-floke-lyer","24":"product_cat-leavein-spraj-zbytjen","25":"product_cat-maska-ditore","26":"product_cat-maska-me-ngjyra-sq","27":"product_cat-maska-per-floke","28":"product_cat-maska-per-floke-bionde","29":"product_cat-maska-per-floke-kacurrela","30":"product_cat-maska-per-floke-te-demtuar","31":"product_cat-maska-per-floke-te-holle-dhe-te-brishte","32":"product_cat-maska-per-floke-te-lyer","33":"product_cat-maska-per-floke-thate","34":"product_cat-maska-per-volum","35":"product_cat-maska-per-zbytjen","36":"product_cat-trajtoni-per-floke","37":"product_cat-trajtoni-per-floke-bionde","38":"product_cat-trajtoni-per-floke-kacurrela","39":"product_cat-trajtoni-per-floke-te-holle-dhe-te-brishte","40":"product_cat-trajtoni-per-floke-te-lyer","41":"product_cat-trajtoni-per-floke-te-thate","42":"product_cat-trajtoni-per-volum","43":"product_cat-trajtoni-per-zbytjen","44":"product_cat-trejtoni-per-floke-te-demtuar","46":"first","47":"instock","48":"shipping-taxable","49":"purchasable","50":"product-type-variable"},"yoast_head":"<!-- This site is optimized with the Yoast SEO plugin v27.5 - https:\/\/yoast.com\/product\/yoast-seo-wordpress\/ -->\n<title>K18 Leave-In Molecular Repair Hair Mask - KOSA.MK - \u041d\u0415\u0413\u0410 \u041d\u0410 \u041a\u041e\u0421\u0410 HAIR CARE SHOP<\/title>\n<meta name=\"robots\" content=\"index, follow, max-snippet:-1, max-image-preview:large, max-video-preview:-1\" \/>\n<link rel=\"canonical\" href=\"https:\/\/kosa.mk\/sq\/product\/k18-leave-in-molecular-repair-hair-mask-2\/\" \/>\n<meta property=\"og:locale\" content=\"sq_AL\" \/>\n<meta property=\"og:type\" content=\"article\" \/>\n<meta property=\"og:title\" content=\"K18 Leave-In Molecular Repair Hair Mask - KOSA.MK - \u041d\u0415\u0413\u0410 \u041d\u0410 \u041a\u041e\u0421\u0410 HAIR CARE SHOP\" \/>\n<meta property=\"og:description\" content=\"Trajtim me mask\u00eb molekulare p\u00ebr flok\u00eb t\u00eb that\u00eb dhe t\u00eb d\u00ebmtuar\" \/>\n<meta property=\"og:url\" content=\"https:\/\/kosa.mk\/sq\/product\/k18-leave-in-molecular-repair-hair-mask-2\/\" \/>\n<meta property=\"og:site_name\" content=\"KOSA.MK - \u041d\u0415\u0413\u0410 \u041d\u0410 \u041a\u041e\u0421\u0410 HAIR CARE SHOP\" \/>\n<meta property=\"article:modified_time\" content=\"2023-05-28T12:56:02+00:00\" \/>\n<meta property=\"og:image\" content=\"https:\/\/kosa.mk\/wp-content\/uploads\/2023\/05\/k18-molekular-hair-mask-150ml-front.jpg\" \/>\n\t<meta property=\"og:image:width\" content=\"1000\" \/>\n\t<meta property=\"og:image:height\" content=\"1000\" \/>\n\t<meta property=\"og:image:type\" content=\"image\/jpeg\" \/>\n<meta name=\"twitter:card\" content=\"summary_large_image\" \/>\n<meta name=\"twitter:label1\" content=\"Est. reading time\" \/>\n\t<meta name=\"twitter:data1\" content=\"1 minute\" \/>\n<script type=\"application\/ld+json\" class=\"yoast-schema-graph\">{\"@context\":\"https:\\\/\\\/schema.org\",\"@graph\":[{\"@type\":\"WebPage\",\"@id\":\"https:\\\/\\\/kosa.mk\\\/sq\\\/product\\\/k18-leave-in-molecular-repair-hair-mask-2\\\/\",\"url\":\"https:\\\/\\\/kosa.mk\\\/sq\\\/product\\\/k18-leave-in-molecular-repair-hair-mask-2\\\/\",\"name\":\"K18 Leave-In Molecular Repair Hair Mask - KOSA.MK - \u041d\u0415\u0413\u0410 \u041d\u0410 \u041a\u041e\u0421\u0410 HAIR CARE SHOP\",\"isPartOf\":{\"@id\":\"https:\\\/\\\/kosa.mk\\\/#website\"},\"primaryImageOfPage\":{\"@id\":\"https:\\\/\\\/kosa.mk\\\/sq\\\/product\\\/k18-leave-in-molecular-repair-hair-mask-2\\\/#primaryimage\"},\"image\":{\"@id\":\"https:\\\/\\\/kosa.mk\\\/sq\\\/product\\\/k18-leave-in-molecular-repair-hair-mask-2\\\/#primaryimage\"},\"thumbnailUrl\":\"https:\\\/\\\/kosa.mk\\\/wp-content\\\/uploads\\\/2023\\\/05\\\/k18-molekular-hair-mask-150ml-front.jpg\",\"datePublished\":\"2023-05-28T04:29:14+00:00\",\"dateModified\":\"2023-05-28T12:56:02+00:00\",\"breadcrumb\":{\"@id\":\"https:\\\/\\\/kosa.mk\\\/sq\\\/product\\\/k18-leave-in-molecular-repair-hair-mask-2\\\/#breadcrumb\"},\"inLanguage\":\"sq-AL\",\"potentialAction\":[{\"@type\":\"ReadAction\",\"target\":[\"https:\\\/\\\/kosa.mk\\\/sq\\\/product\\\/k18-leave-in-molecular-repair-hair-mask-2\\\/\"]}]},{\"@type\":\"ImageObject\",\"inLanguage\":\"sq-AL\",\"@id\":\"https:\\\/\\\/kosa.mk\\\/sq\\\/product\\\/k18-leave-in-molecular-repair-hair-mask-2\\\/#primaryimage\",\"url\":\"https:\\\/\\\/kosa.mk\\\/wp-content\\\/uploads\\\/2023\\\/05\\\/k18-molekular-hair-mask-150ml-front.jpg\",\"contentUrl\":\"https:\\\/\\\/kosa.mk\\\/wp-content\\\/uploads\\\/2023\\\/05\\\/k18-molekular-hair-mask-150ml-front.jpg\",\"width\":1000,\"height\":1000},{\"@type\":\"BreadcrumbList\",\"@id\":\"https:\\\/\\\/kosa.mk\\\/sq\\\/product\\\/k18-leave-in-molecular-repair-hair-mask-2\\\/#breadcrumb\",\"itemListElement\":[{\"@type\":\"ListItem\",\"position\":1,\"name\":\"Home\",\"item\":\"https:\\\/\\\/kosa.mk\\\/sq\\\/\"},{\"@type\":\"ListItem\",\"position\":2,\"name\":\"Shop\",\"item\":\"https:\\\/\\\/kosa.mk\\\/shop\\\/\"},{\"@type\":\"ListItem\",\"position\":3,\"name\":\"K18 Leave-In Molecular Repair Hair Mask\"}]},{\"@type\":\"WebSite\",\"@id\":\"https:\\\/\\\/kosa.mk\\\/#website\",\"url\":\"https:\\\/\\\/kosa.mk\\\/\",\"name\":\"KOSA.MK - \u041d\u0415\u0413\u0410 \u041d\u0410 \u041a\u041e\u0421\u0410 HAIR CARE SHOP\",\"description\":\"\u041d\u0415\u0413\u0410 ,\u0421\u0422\u0410\u0408\u041b\u0418\u041d\u0413,\u0422\u0420\u0415\u0422\u041c\u0410\u041d\u0418  \u0417\u0410 \u041a\u041e\u0421\u0410 , HARECARE, HAIR TREATMENTS, SHAMPOO, MASK, CONDITIONERS, STYLING\",\"publisher\":{\"@id\":\"https:\\\/\\\/kosa.mk\\\/#organization\"},\"potentialAction\":[{\"@type\":\"SearchAction\",\"target\":{\"@type\":\"EntryPoint\",\"urlTemplate\":\"https:\\\/\\\/kosa.mk\\\/?s={search_term_string}\"},\"query-input\":{\"@type\":\"PropertyValueSpecification\",\"valueRequired\":true,\"valueName\":\"search_term_string\"}}],\"inLanguage\":\"sq-AL\"},{\"@type\":\"Organization\",\"@id\":\"https:\\\/\\\/kosa.mk\\\/#organization\",\"name\":\"KOSA.MK - \u041d\u0415\u0413\u0410 \u041d\u0410 \u041a\u041e\u0421\u0410 HAIR CARE SHOP\",\"url\":\"https:\\\/\\\/kosa.mk\\\/\",\"logo\":{\"@type\":\"ImageObject\",\"inLanguage\":\"sq-AL\",\"@id\":\"https:\\\/\\\/kosa.mk\\\/#\\\/schema\\\/logo\\\/image\\\/\",\"url\":\"https:\\\/\\\/kosa.mk\\\/wp-content\\\/uploads\\\/2023\\\/04\\\/LOGO5.png\",\"contentUrl\":\"https:\\\/\\\/kosa.mk\\\/wp-content\\\/uploads\\\/2023\\\/04\\\/LOGO5.png\",\"width\":499,\"height\":188,\"caption\":\"KOSA.MK - \u041d\u0415\u0413\u0410 \u041d\u0410 \u041a\u041e\u0421\u0410 HAIR CARE SHOP\"},\"image\":{\"@id\":\"https:\\\/\\\/kosa.mk\\\/#\\\/schema\\\/logo\\\/image\\\/\"}}]}<\/script>\n<!-- \/ Yoast SEO plugin. -->","yoast_head_json":{"title":"K18 Leave-In Molecular Repair Hair Mask - KOSA.MK - \u041d\u0415\u0413\u0410 \u041d\u0410 \u041a\u041e\u0421\u0410 HAIR CARE SHOP","robots":{"index":"index","follow":"follow","max-snippet":"max-snippet:-1","max-image-preview":"max-image-preview:large","max-video-preview":"max-video-preview:-1"},"canonical":"https:\/\/kosa.mk\/sq\/product\/k18-leave-in-molecular-repair-hair-mask-2\/","og_locale":"sq_AL","og_type":"article","og_title":"K18 Leave-In Molecular Repair Hair Mask - KOSA.MK - \u041d\u0415\u0413\u0410 \u041d\u0410 \u041a\u041e\u0421\u0410 HAIR CARE SHOP","og_description":"Trajtim me mask\u00eb molekulare p\u00ebr flok\u00eb t\u00eb that\u00eb dhe t\u00eb d\u00ebmtuar","og_url":"https:\/\/kosa.mk\/sq\/product\/k18-leave-in-molecular-repair-hair-mask-2\/","og_site_name":"KOSA.MK - \u041d\u0415\u0413\u0410 \u041d\u0410 \u041a\u041e\u0421\u0410 HAIR CARE SHOP","article_modified_time":"2023-05-28T12:56:02+00:00","og_image":[{"width":1000,"height":1000,"url":"https:\/\/kosa.mk\/wp-content\/uploads\/2023\/05\/k18-molekular-hair-mask-150ml-front.jpg","type":"image\/jpeg"}],"twitter_card":"summary_large_image","twitter_misc":{"Est. reading time":"1 minute"},"schema":{"@context":"https:\/\/schema.org","@graph":[{"@type":"WebPage","@id":"https:\/\/kosa.mk\/sq\/product\/k18-leave-in-molecular-repair-hair-mask-2\/","url":"https:\/\/kosa.mk\/sq\/product\/k18-leave-in-molecular-repair-hair-mask-2\/","name":"K18 Leave-In Molecular Repair Hair Mask - KOSA.MK - \u041d\u0415\u0413\u0410 \u041d\u0410 \u041a\u041e\u0421\u0410 HAIR CARE SHOP","isPartOf":{"@id":"https:\/\/kosa.mk\/#website"},"primaryImageOfPage":{"@id":"https:\/\/kosa.mk\/sq\/product\/k18-leave-in-molecular-repair-hair-mask-2\/#primaryimage"},"image":{"@id":"https:\/\/kosa.mk\/sq\/product\/k18-leave-in-molecular-repair-hair-mask-2\/#primaryimage"},"thumbnailUrl":"https:\/\/kosa.mk\/wp-content\/uploads\/2023\/05\/k18-molekular-hair-mask-150ml-front.jpg","datePublished":"2023-05-28T04:29:14+00:00","dateModified":"2023-05-28T12:56:02+00:00","breadcrumb":{"@id":"https:\/\/kosa.mk\/sq\/product\/k18-leave-in-molecular-repair-hair-mask-2\/#breadcrumb"},"inLanguage":"sq-AL","potentialAction":[{"@type":"ReadAction","target":["https:\/\/kosa.mk\/sq\/product\/k18-leave-in-molecular-repair-hair-mask-2\/"]}]},{"@type":"ImageObject","inLanguage":"sq-AL","@id":"https:\/\/kosa.mk\/sq\/product\/k18-leave-in-molecular-repair-hair-mask-2\/#primaryimage","url":"https:\/\/kosa.mk\/wp-content\/uploads\/2023\/05\/k18-molekular-hair-mask-150ml-front.jpg","contentUrl":"https:\/\/kosa.mk\/wp-content\/uploads\/2023\/05\/k18-molekular-hair-mask-150ml-front.jpg","width":1000,"height":1000},{"@type":"BreadcrumbList","@id":"https:\/\/kosa.mk\/sq\/product\/k18-leave-in-molecular-repair-hair-mask-2\/#breadcrumb","itemListElement":[{"@type":"ListItem","position":1,"name":"Home","item":"https:\/\/kosa.mk\/sq\/"},{"@type":"ListItem","position":2,"name":"Shop","item":"https:\/\/kosa.mk\/shop\/"},{"@type":"ListItem","position":3,"name":"K18 Leave-In Molecular Repair Hair Mask"}]},{"@type":"WebSite","@id":"https:\/\/kosa.mk\/#website","url":"https:\/\/kosa.mk\/","name":"KOSA.MK - \u041d\u0415\u0413\u0410 \u041d\u0410 \u041a\u041e\u0421\u0410 HAIR CARE SHOP","description":"\u041d\u0415\u0413\u0410 ,\u0421\u0422\u0410\u0408\u041b\u0418\u041d\u0413,\u0422\u0420\u0415\u0422\u041c\u0410\u041d\u0418  \u0417\u0410 \u041a\u041e\u0421\u0410 , HARECARE, HAIR TREATMENTS, SHAMPOO, MASK, CONDITIONERS, STYLING","publisher":{"@id":"https:\/\/kosa.mk\/#organization"},"potentialAction":[{"@type":"SearchAction","target":{"@type":"EntryPoint","urlTemplate":"https:\/\/kosa.mk\/?s={search_term_string}"},"query-input":{"@type":"PropertyValueSpecification","valueRequired":true,"valueName":"search_term_string"}}],"inLanguage":"sq-AL"},{"@type":"Organization","@id":"https:\/\/kosa.mk\/#organization","name":"KOSA.MK - \u041d\u0415\u0413\u0410 \u041d\u0410 \u041a\u041e\u0421\u0410 HAIR CARE SHOP","url":"https:\/\/kosa.mk\/","logo":{"@type":"ImageObject","inLanguage":"sq-AL","@id":"https:\/\/kosa.mk\/#\/schema\/logo\/image\/","url":"https:\/\/kosa.mk\/wp-content\/uploads\/2023\/04\/LOGO5.png","contentUrl":"https:\/\/kosa.mk\/wp-content\/uploads\/2023\/04\/LOGO5.png","width":499,"height":188,"caption":"KOSA.MK - \u041d\u0415\u0413\u0410 \u041d\u0410 \u041a\u041e\u0421\u0410 HAIR CARE SHOP"},"image":{"@id":"https:\/\/kosa.mk\/#\/schema\/logo\/image\/"}}]}},"brands":[],"_links":{"self":[{"href":"https:\/\/kosa.mk\/sq\/wp-json\/wp\/v2\/product\/11399","targetHints":{"allow":["GET"]}}],"collection":[{"href":"https:\/\/kosa.mk\/sq\/wp-json\/wp\/v2\/product"}],"about":[{"href":"https:\/\/kosa.mk\/sq\/wp-json\/wp\/v2\/types\/product"}],"replies":[{"embeddable":true,"href":"https:\/\/kosa.mk\/sq\/wp-json\/wp\/v2\/comments?post=11399"}],"version-history":[{"count":1,"href":"https:\/\/kosa.mk\/sq\/wp-json\/wp\/v2\/product\/11399\/revisions"}],"predecessor-version":[{"id":11460,"href":"https:\/\/kosa.mk\/sq\/wp-json\/wp\/v2\/product\/11399\/revisions\/11460"}],"wp:featuredmedia":[{"embeddable":true,"href":"https:\/\/kosa.mk\/sq\/wp-json\/wp\/v2\/media\/11397"}],"wp:attachment":[{"href":"https:\/\/kosa.mk\/sq\/wp-json\/wp\/v2\/media?parent=11399"}],"wp:term":[{"taxonomy":"pwb-brand","embeddable":true,"href":"https:\/\/kosa.mk\/sq\/wp-json\/wp\/v2\/pwb-brand?post=11399"},{"taxonomy":"product_brand","embeddable":true,"href":"https:\/\/kosa.mk\/sq\/wp-json\/wp\/v2\/product_brand?post=11399"},{"taxonomy":"product_cat","embeddable":true,"href":"https:\/\/kosa.mk\/sq\/wp-json\/wp\/v2\/product_cat?post=11399"},{"taxonomy":"product_tag","embeddable":true,"href":"https:\/\/kosa.mk\/sq\/wp-json\/wp\/v2\/product_tag?post=11399"}],"curies":[{"name":"wp","href":"https:\/\/api.w.org\/{rel}","templated":true}]}}