{"id":11466,"date":"2023-05-28T13:18:38","date_gmt":"2023-05-28T13:18:38","guid":{"rendered":"https:\/\/kosa.mk\/product\/olaplex-no-4c-bond-maintenance-clarifying-shampoo-250ml\/"},"modified":"2023-05-28T13:18:38","modified_gmt":"2023-05-28T13:18:38","slug":"olaplex-no-4c-bond-maintenance-clarifying-shampoo-250ml-2","status":"publish","type":"product","link":"https:\/\/kosa.mk\/sq\/product\/olaplex-no-4c-bond-maintenance-clarifying-shampoo-250ml-2\/","title":{"rendered":"OLAPLEX N\u00ba.4C BOND MAINTENANCE\u00ae CLARIFYING SHAMPOO 250ml"},"content":{"rendered":"<h5><span style=\"color: #000000\">Shampo p\u00ebr pastrim t\u00eb thell\u00eb t\u00eb flok\u00ebve dhe kok\u00ebs. N\u00ba.4C Bond Maintenance\u00ae p\u00ebrmban teknologji t\u00eb re p\u00ebr t\u00eb zbuluar flok\u00ebt tuaj m\u00eb t\u00eb sh\u00ebndetsh\u00ebm. Optimizoni rezultatet e riparimit t\u00eb flok\u00ebve duke hequr m\u00eb shum\u00eb papast\u00ebrti q\u00eb d\u00ebmtojn\u00eb flok\u00ebt. Shampo t\u00eb forta pastrimi mund t&#8217;i b\u00ebjn\u00eb flok\u00ebt t\u00eb ndihen si kasht\u00eb. N\u00ba.4C \u00ebsht\u00eb pa sulfate dhe pH i balancuar p\u00ebr t\u00eb mbajtur flok\u00ebt t\u00eb hidratuar.<\/span><\/h5>\n<h5><span style=\"color: #000000\">Me nj\u00eb sistem pastrimi t\u00eb flok\u00ebve me spekt\u00ebr t\u00eb gjer\u00eb dhe teknologji t\u00eb provuar shkenc\u00ebrisht t\u00eb riparimit t\u00eb fibrave OLAPLEX\u2122.<\/span><\/h5>\n<h5><span style=\"color: #000000\">P\u00ebrfitimet e dukshme t\u00eb flok\u00ebve<\/span><br \/>\n<span style=\"color: #000000\">\u2022 V\u00ebllimi i ajrit dhe but\u00ebsia<\/span><br \/>\n<span style=\"color: #000000\">\u2022 Rikthehet shkelqimi<\/span><br \/>\n<span style=\"color: #000000\">\u2022 Shk\u00eblqim i gjall\u00eb ngjyrash<\/span><br \/>\n<span style=\"color: #000000\">\u2022 Pastrimi i thell\u00eb i kok\u00ebs<\/span><\/h5>\n","protected":false},"excerpt":{"rendered":"<h4><span style=\"color: #000000\">Shampo p\u00ebr pastrim t\u00eb thell\u00eb t\u00eb flok\u00ebve dhe kok\u00ebs p\u00ebr t\u00eb gjitha llojet e flok\u00ebve<\/span><\/h4>\n","protected":false},"featured_media":11483,"comment_status":"open","ping_status":"closed","template":"","meta":[],"pwb-brand":[],"product_brand":[],"product_cat":[413,419,421,431,428,424,422,433,432,429,430,425,427],"product_tag":[],"class_list":{"0":"post-11466","1":"product","2":"type-product","3":"status-publish","4":"has-post-thumbnail","6":"product_cat-shampona","7":"product_cat-shampona-ditore","8":"product_cat-shampona-kuder-yndyr","9":"product_cat-shampona-per-floke-bionde","10":"product_cat-shampona-per-floke-kacurrele","11":"product_cat-shampona-per-floke-te-lyer","12":"product_cat-shampona-per-floke-te-thate","13":"product_cat-shampona-per-floke-te-thate-dhe-te-demtuar","14":"product_cat-shampona-per-foloke-te-holle-dhe-te-brishte","15":"product_cat-shampona-per-meshkuj","16":"product_cat-shampona-per-skalpin-e-ndjeshem","17":"product_cat-shampona-per-volum","18":"product_cat-shampona-per-zbutjen","20":"first","21":"instock","22":"shipping-taxable","23":"purchasable","24":"product-type-simple"},"yoast_head":"<!-- This site is optimized with the Yoast SEO plugin v27.5 - https:\/\/yoast.com\/product\/yoast-seo-wordpress\/ -->\n<title>OLAPLEX N\u00ba.4C BOND MAINTENANCE\u00ae CLARIFYING SHAMPOO 250ml - KOSA.MK - \u041d\u0415\u0413\u0410 \u041d\u0410 \u041a\u041e\u0421\u0410 HAIR CARE SHOP<\/title>\n<meta name=\"robots\" content=\"index, follow, max-snippet:-1, max-image-preview:large, max-video-preview:-1\" \/>\n<link rel=\"canonical\" href=\"https:\/\/kosa.mk\/product\/olaplex-no-4c-bond-maintenance-clarifying-shampoo-250ml\/\" \/>\n<meta property=\"og:locale\" content=\"sq_AL\" \/>\n<meta property=\"og:type\" content=\"article\" \/>\n<meta property=\"og:title\" content=\"OLAPLEX N\u00ba.4C BOND MAINTENANCE\u00ae CLARIFYING SHAMPOO 250ml - KOSA.MK - \u041d\u0415\u0413\u0410 \u041d\u0410 \u041a\u041e\u0421\u0410 HAIR CARE SHOP\" \/>\n<meta property=\"og:description\" content=\"Shampo p\u00ebr pastrim t\u00eb thell\u00eb t\u00eb flok\u00ebve dhe kok\u00ebs p\u00ebr t\u00eb gjitha llojet e flok\u00ebve\" \/>\n<meta property=\"og:url\" content=\"https:\/\/kosa.mk\/product\/olaplex-no-4c-bond-maintenance-clarifying-shampoo-250ml\/\" \/>\n<meta property=\"og:site_name\" content=\"KOSA.MK - \u041d\u0415\u0413\u0410 \u041d\u0410 \u041a\u041e\u0421\u0410 HAIR CARE SHOP\" \/>\n<meta name=\"twitter:card\" content=\"summary_large_image\" \/>\n<meta name=\"twitter:label1\" content=\"Est. reading time\" \/>\n\t<meta name=\"twitter:data1\" content=\"1 minute\" \/>\n<script type=\"application\/ld+json\" class=\"yoast-schema-graph\">{\"@context\":\"https:\\\/\\\/schema.org\",\"@graph\":[{\"@type\":\"WebPage\",\"@id\":\"https:\\\/\\\/kosa.mk\\\/product\\\/olaplex-no-4c-bond-maintenance-clarifying-shampoo-250ml\\\/\",\"url\":\"https:\\\/\\\/kosa.mk\\\/product\\\/olaplex-no-4c-bond-maintenance-clarifying-shampoo-250ml\\\/\",\"name\":\"OLAPLEX N\u00ba.4C BOND MAINTENANCE\u00ae CLARIFYING SHAMPOO 250ml - KOSA.MK - \u041d\u0415\u0413\u0410 \u041d\u0410 \u041a\u041e\u0421\u0410 HAIR CARE SHOP\",\"isPartOf\":{\"@id\":\"https:\\\/\\\/kosa.mk\\\/#website\"},\"primaryImageOfPage\":{\"@id\":\"https:\\\/\\\/kosa.mk\\\/product\\\/olaplex-no-4c-bond-maintenance-clarifying-shampoo-250ml\\\/#primaryimage\"},\"image\":{\"@id\":\"https:\\\/\\\/kosa.mk\\\/product\\\/olaplex-no-4c-bond-maintenance-clarifying-shampoo-250ml\\\/#primaryimage\"},\"thumbnailUrl\":\"https:\\\/\\\/kosa.mk\\\/wp-content\\\/uploads\\\/2023\\\/05\\\/olaplex-4c-shampoo-250ml.jpg\",\"datePublished\":\"2023-05-28T13:18:38+00:00\",\"breadcrumb\":{\"@id\":\"https:\\\/\\\/kosa.mk\\\/product\\\/olaplex-no-4c-bond-maintenance-clarifying-shampoo-250ml\\\/#breadcrumb\"},\"inLanguage\":\"sq-AL\",\"potentialAction\":[{\"@type\":\"ReadAction\",\"target\":[\"https:\\\/\\\/kosa.mk\\\/product\\\/olaplex-no-4c-bond-maintenance-clarifying-shampoo-250ml\\\/\"]}]},{\"@type\":\"ImageObject\",\"inLanguage\":\"sq-AL\",\"@id\":\"https:\\\/\\\/kosa.mk\\\/product\\\/olaplex-no-4c-bond-maintenance-clarifying-shampoo-250ml\\\/#primaryimage\",\"url\":\"https:\\\/\\\/kosa.mk\\\/wp-content\\\/uploads\\\/2023\\\/05\\\/olaplex-4c-shampoo-250ml.jpg\",\"contentUrl\":\"https:\\\/\\\/kosa.mk\\\/wp-content\\\/uploads\\\/2023\\\/05\\\/olaplex-4c-shampoo-250ml.jpg\",\"width\":1750,\"height\":1750},{\"@type\":\"BreadcrumbList\",\"@id\":\"https:\\\/\\\/kosa.mk\\\/product\\\/olaplex-no-4c-bond-maintenance-clarifying-shampoo-250ml\\\/#breadcrumb\",\"itemListElement\":[{\"@type\":\"ListItem\",\"position\":1,\"name\":\"Home\",\"item\":\"https:\\\/\\\/kosa.mk\\\/sq\\\/\"},{\"@type\":\"ListItem\",\"position\":2,\"name\":\"Shop\",\"item\":\"https:\\\/\\\/kosa.mk\\\/shop\\\/\"},{\"@type\":\"ListItem\",\"position\":3,\"name\":\"OLAPLEX N\u00ba.4C BOND MAINTENANCE\u00ae CLARIFYING SHAMPOO 250ml\"}]},{\"@type\":\"WebSite\",\"@id\":\"https:\\\/\\\/kosa.mk\\\/#website\",\"url\":\"https:\\\/\\\/kosa.mk\\\/\",\"name\":\"KOSA.MK - \u041d\u0415\u0413\u0410 \u041d\u0410 \u041a\u041e\u0421\u0410 HAIR CARE SHOP\",\"description\":\"\u041d\u0415\u0413\u0410 ,\u0421\u0422\u0410\u0408\u041b\u0418\u041d\u0413,\u0422\u0420\u0415\u0422\u041c\u0410\u041d\u0418  \u0417\u0410 \u041a\u041e\u0421\u0410 , HARECARE, HAIR TREATMENTS, SHAMPOO, MASK, CONDITIONERS, STYLING\",\"publisher\":{\"@id\":\"https:\\\/\\\/kosa.mk\\\/#organization\"},\"potentialAction\":[{\"@type\":\"SearchAction\",\"target\":{\"@type\":\"EntryPoint\",\"urlTemplate\":\"https:\\\/\\\/kosa.mk\\\/?s={search_term_string}\"},\"query-input\":{\"@type\":\"PropertyValueSpecification\",\"valueRequired\":true,\"valueName\":\"search_term_string\"}}],\"inLanguage\":\"sq-AL\"},{\"@type\":\"Organization\",\"@id\":\"https:\\\/\\\/kosa.mk\\\/#organization\",\"name\":\"KOSA.MK - \u041d\u0415\u0413\u0410 \u041d\u0410 \u041a\u041e\u0421\u0410 HAIR CARE SHOP\",\"url\":\"https:\\\/\\\/kosa.mk\\\/\",\"logo\":{\"@type\":\"ImageObject\",\"inLanguage\":\"sq-AL\",\"@id\":\"https:\\\/\\\/kosa.mk\\\/#\\\/schema\\\/logo\\\/image\\\/\",\"url\":\"https:\\\/\\\/kosa.mk\\\/wp-content\\\/uploads\\\/2023\\\/04\\\/LOGO5.png\",\"contentUrl\":\"https:\\\/\\\/kosa.mk\\\/wp-content\\\/uploads\\\/2023\\\/04\\\/LOGO5.png\",\"width\":499,\"height\":188,\"caption\":\"KOSA.MK - \u041d\u0415\u0413\u0410 \u041d\u0410 \u041a\u041e\u0421\u0410 HAIR CARE SHOP\"},\"image\":{\"@id\":\"https:\\\/\\\/kosa.mk\\\/#\\\/schema\\\/logo\\\/image\\\/\"}}]}<\/script>\n<!-- \/ Yoast SEO plugin. -->","yoast_head_json":{"title":"OLAPLEX N\u00ba.4C BOND MAINTENANCE\u00ae CLARIFYING SHAMPOO 250ml - KOSA.MK - \u041d\u0415\u0413\u0410 \u041d\u0410 \u041a\u041e\u0421\u0410 HAIR CARE SHOP","robots":{"index":"index","follow":"follow","max-snippet":"max-snippet:-1","max-image-preview":"max-image-preview:large","max-video-preview":"max-video-preview:-1"},"canonical":"https:\/\/kosa.mk\/product\/olaplex-no-4c-bond-maintenance-clarifying-shampoo-250ml\/","og_locale":"sq_AL","og_type":"article","og_title":"OLAPLEX N\u00ba.4C BOND MAINTENANCE\u00ae CLARIFYING SHAMPOO 250ml - KOSA.MK - \u041d\u0415\u0413\u0410 \u041d\u0410 \u041a\u041e\u0421\u0410 HAIR CARE SHOP","og_description":"Shampo p\u00ebr pastrim t\u00eb thell\u00eb t\u00eb flok\u00ebve dhe kok\u00ebs p\u00ebr t\u00eb gjitha llojet e flok\u00ebve","og_url":"https:\/\/kosa.mk\/product\/olaplex-no-4c-bond-maintenance-clarifying-shampoo-250ml\/","og_site_name":"KOSA.MK - \u041d\u0415\u0413\u0410 \u041d\u0410 \u041a\u041e\u0421\u0410 HAIR CARE SHOP","twitter_card":"summary_large_image","twitter_misc":{"Est. reading time":"1 minute"},"schema":{"@context":"https:\/\/schema.org","@graph":[{"@type":"WebPage","@id":"https:\/\/kosa.mk\/product\/olaplex-no-4c-bond-maintenance-clarifying-shampoo-250ml\/","url":"https:\/\/kosa.mk\/product\/olaplex-no-4c-bond-maintenance-clarifying-shampoo-250ml\/","name":"OLAPLEX N\u00ba.4C BOND MAINTENANCE\u00ae CLARIFYING SHAMPOO 250ml - KOSA.MK - \u041d\u0415\u0413\u0410 \u041d\u0410 \u041a\u041e\u0421\u0410 HAIR CARE SHOP","isPartOf":{"@id":"https:\/\/kosa.mk\/#website"},"primaryImageOfPage":{"@id":"https:\/\/kosa.mk\/product\/olaplex-no-4c-bond-maintenance-clarifying-shampoo-250ml\/#primaryimage"},"image":{"@id":"https:\/\/kosa.mk\/product\/olaplex-no-4c-bond-maintenance-clarifying-shampoo-250ml\/#primaryimage"},"thumbnailUrl":"https:\/\/kosa.mk\/wp-content\/uploads\/2023\/05\/olaplex-4c-shampoo-250ml.jpg","datePublished":"2023-05-28T13:18:38+00:00","breadcrumb":{"@id":"https:\/\/kosa.mk\/product\/olaplex-no-4c-bond-maintenance-clarifying-shampoo-250ml\/#breadcrumb"},"inLanguage":"sq-AL","potentialAction":[{"@type":"ReadAction","target":["https:\/\/kosa.mk\/product\/olaplex-no-4c-bond-maintenance-clarifying-shampoo-250ml\/"]}]},{"@type":"ImageObject","inLanguage":"sq-AL","@id":"https:\/\/kosa.mk\/product\/olaplex-no-4c-bond-maintenance-clarifying-shampoo-250ml\/#primaryimage","url":"https:\/\/kosa.mk\/wp-content\/uploads\/2023\/05\/olaplex-4c-shampoo-250ml.jpg","contentUrl":"https:\/\/kosa.mk\/wp-content\/uploads\/2023\/05\/olaplex-4c-shampoo-250ml.jpg","width":1750,"height":1750},{"@type":"BreadcrumbList","@id":"https:\/\/kosa.mk\/product\/olaplex-no-4c-bond-maintenance-clarifying-shampoo-250ml\/#breadcrumb","itemListElement":[{"@type":"ListItem","position":1,"name":"Home","item":"https:\/\/kosa.mk\/sq\/"},{"@type":"ListItem","position":2,"name":"Shop","item":"https:\/\/kosa.mk\/shop\/"},{"@type":"ListItem","position":3,"name":"OLAPLEX N\u00ba.4C BOND MAINTENANCE\u00ae CLARIFYING SHAMPOO 250ml"}]},{"@type":"WebSite","@id":"https:\/\/kosa.mk\/#website","url":"https:\/\/kosa.mk\/","name":"KOSA.MK - \u041d\u0415\u0413\u0410 \u041d\u0410 \u041a\u041e\u0421\u0410 HAIR CARE SHOP","description":"\u041d\u0415\u0413\u0410 ,\u0421\u0422\u0410\u0408\u041b\u0418\u041d\u0413,\u0422\u0420\u0415\u0422\u041c\u0410\u041d\u0418  \u0417\u0410 \u041a\u041e\u0421\u0410 , HARECARE, HAIR TREATMENTS, SHAMPOO, MASK, CONDITIONERS, STYLING","publisher":{"@id":"https:\/\/kosa.mk\/#organization"},"potentialAction":[{"@type":"SearchAction","target":{"@type":"EntryPoint","urlTemplate":"https:\/\/kosa.mk\/?s={search_term_string}"},"query-input":{"@type":"PropertyValueSpecification","valueRequired":true,"valueName":"search_term_string"}}],"inLanguage":"sq-AL"},{"@type":"Organization","@id":"https:\/\/kosa.mk\/#organization","name":"KOSA.MK - \u041d\u0415\u0413\u0410 \u041d\u0410 \u041a\u041e\u0421\u0410 HAIR CARE SHOP","url":"https:\/\/kosa.mk\/","logo":{"@type":"ImageObject","inLanguage":"sq-AL","@id":"https:\/\/kosa.mk\/#\/schema\/logo\/image\/","url":"https:\/\/kosa.mk\/wp-content\/uploads\/2023\/04\/LOGO5.png","contentUrl":"https:\/\/kosa.mk\/wp-content\/uploads\/2023\/04\/LOGO5.png","width":499,"height":188,"caption":"KOSA.MK - \u041d\u0415\u0413\u0410 \u041d\u0410 \u041a\u041e\u0421\u0410 HAIR CARE SHOP"},"image":{"@id":"https:\/\/kosa.mk\/#\/schema\/logo\/image\/"}}]}},"brands":[],"_links":{"self":[{"href":"https:\/\/kosa.mk\/sq\/wp-json\/wp\/v2\/product\/11466","targetHints":{"allow":["GET"]}}],"collection":[{"href":"https:\/\/kosa.mk\/sq\/wp-json\/wp\/v2\/product"}],"about":[{"href":"https:\/\/kosa.mk\/sq\/wp-json\/wp\/v2\/types\/product"}],"replies":[{"embeddable":true,"href":"https:\/\/kosa.mk\/sq\/wp-json\/wp\/v2\/comments?post=11466"}],"version-history":[{"count":0,"href":"https:\/\/kosa.mk\/sq\/wp-json\/wp\/v2\/product\/11466\/revisions"}],"wp:featuredmedia":[{"embeddable":true,"href":"https:\/\/kosa.mk\/sq\/wp-json\/wp\/v2\/media\/11483"}],"wp:attachment":[{"href":"https:\/\/kosa.mk\/sq\/wp-json\/wp\/v2\/media?parent=11466"}],"wp:term":[{"taxonomy":"pwb-brand","embeddable":true,"href":"https:\/\/kosa.mk\/sq\/wp-json\/wp\/v2\/pwb-brand?post=11466"},{"taxonomy":"product_brand","embeddable":true,"href":"https:\/\/kosa.mk\/sq\/wp-json\/wp\/v2\/product_brand?post=11466"},{"taxonomy":"product_cat","embeddable":true,"href":"https:\/\/kosa.mk\/sq\/wp-json\/wp\/v2\/product_cat?post=11466"},{"taxonomy":"product_tag","embeddable":true,"href":"https:\/\/kosa.mk\/sq\/wp-json\/wp\/v2\/product_tag?post=11466"}],"curies":[{"name":"wp","href":"https:\/\/api.w.org\/{rel}","templated":true}]}}