{"id":11915,"date":"2023-06-04T06:28:19","date_gmt":"2023-06-04T06:28:19","guid":{"rendered":"https:\/\/kosa.mk\/product\/revlon-pro-you-the-fixer-repair-shampoo\/"},"modified":"2023-06-04T06:28:19","modified_gmt":"2023-06-04T06:28:19","slug":"revlon-pro-you-the-fixer-repair-shampoo-2","status":"publish","type":"product","link":"https:\/\/kosa.mk\/sq\/product\/revlon-pro-you-the-fixer-repair-shampoo-2\/","title":{"rendered":"REVLON PRO YOU\u2122 THE FIXER REPAIR SHAMPOO"},"content":{"rendered":"<h5>Shampo p\u00ebr flok\u00eb t\u00eb d\u00ebmtuar me formul\u00eb KERACOMPLEX dhe aminoacide p\u00ebr pastrim t\u00eb thell\u00eb, i krijuar posa\u00e7\u00ebrisht p\u00ebr t\u00eb rikthyer n\u00eb jet\u00eb flok\u00ebt e d\u00ebmtuar.<\/h5>\n<p>KERACOMPLEX<br \/>\nKy kompleks i p\u00ebrb\u00ebr\u00eb nga dy p\u00ebrb\u00ebr\u00ebs kryesor\u00eb \u00ebsht\u00eb krijuar p\u00ebr t\u00eb p\u00ebrmir\u00ebsuar pamjen e flok\u00ebve.<\/p>\n<h5>-AMINOACIDET E KERATIN\u00cbS:<\/h5>\n<h5>Keratina p\u00ebrb\u00ebn deri n\u00eb 95% t\u00eb flok\u00ebve, duke e b\u00ebr\u00eb at\u00eb komponentin kryesor strukturor. Keratina i mban flok\u00ebt t\u00eb sh\u00ebndetsh\u00ebm dhe redukton d\u00ebmtimet. Aminoacidet e keratin\u00ebs me nj\u00eb pesh\u00eb molekulare mund t\u00eb dep\u00ebrtojn\u00eb n\u00eb kutikul\u00ebn e flok\u00ebve dhe t\u00eb rivendosin flok\u00ebt nga brenda.<\/h5>\n<h5>-FIBER:<br \/>\nHidroksipropilglukonamidi dhe glukonati hidroksipropilamonium. Krijon lidhje t\u00eb reja brenda dhe p\u00ebrgjat\u00eb struktur\u00ebs (mekaniz\u00ebm i dyfisht\u00eb).<\/h5>\n<h5>&#8211; P\u00cbRPAR\u00cbSIT\u00cb:<br \/>\n\u00b7 Flok\u00eb m\u00eb rezistent dhe elastik.<br \/>\n\u00b7 Rrit fleksibilitetin dhe forc\u00ebn.<br \/>\n\u00b7 Kushtet p\u00ebr flok\u00eb m\u00eb t\u00eb sh\u00ebndetsh\u00ebm (siguron krehje, lag\u00ebshti, shk\u00eblqim, but\u00ebsi dhe kondicioner).<\/h5>\n<h5>P\u00cbRMASAT<br \/>\n350 ml<br \/>\n1000 ml<\/h5>\n<h5><\/h5>\n","protected":false},"excerpt":{"rendered":"<h5>Shampo p\u00ebr flok\u00eb t\u00eb d\u00ebmtuar me formul\u00eb KERACOMPLEX dhe aminoacide p\u00ebr flok\u00eb t\u00eb d\u00ebmtuar<\/h5>\n","protected":false},"featured_media":11906,"comment_status":"open","ping_status":"closed","template":"","meta":[],"pwb-brand":[],"product_brand":[],"product_cat":[413,433],"product_tag":[],"class_list":{"0":"post-11915","1":"product","2":"type-product","3":"status-publish","4":"has-post-thumbnail","6":"product_cat-shampona","7":"product_cat-shampona-per-floke-te-thate-dhe-te-demtuar","9":"first","10":"instock","11":"shipping-taxable","12":"purchasable","13":"product-type-variable"},"yoast_head":"<!-- This site is optimized with the Yoast SEO plugin v27.5 - https:\/\/yoast.com\/product\/yoast-seo-wordpress\/ -->\n<title>REVLON PRO YOU\u2122 THE FIXER REPAIR SHAMPOO - KOSA.MK - \u041d\u0415\u0413\u0410 \u041d\u0410 \u041a\u041e\u0421\u0410 HAIR CARE SHOP<\/title>\n<meta name=\"robots\" content=\"index, follow, max-snippet:-1, max-image-preview:large, max-video-preview:-1\" \/>\n<link rel=\"canonical\" href=\"https:\/\/kosa.mk\/product\/revlon-pro-you-the-fixer-repair-shampoo\/\" \/>\n<meta property=\"og:locale\" content=\"sq_AL\" \/>\n<meta property=\"og:type\" content=\"article\" \/>\n<meta property=\"og:title\" content=\"REVLON PRO YOU\u2122 THE FIXER REPAIR SHAMPOO - KOSA.MK - \u041d\u0415\u0413\u0410 \u041d\u0410 \u041a\u041e\u0421\u0410 HAIR CARE SHOP\" \/>\n<meta property=\"og:description\" content=\"Shampo p\u00ebr flok\u00eb t\u00eb d\u00ebmtuar me formul\u00eb KERACOMPLEX dhe aminoacide p\u00ebr flok\u00eb t\u00eb d\u00ebmtuar\" \/>\n<meta property=\"og:url\" content=\"https:\/\/kosa.mk\/product\/revlon-pro-you-the-fixer-repair-shampoo\/\" \/>\n<meta property=\"og:site_name\" content=\"KOSA.MK - \u041d\u0415\u0413\u0410 \u041d\u0410 \u041a\u041e\u0421\u0410 HAIR CARE SHOP\" \/>\n<meta name=\"twitter:card\" content=\"summary_large_image\" \/>\n<meta name=\"twitter:label1\" content=\"Est. reading time\" \/>\n\t<meta name=\"twitter:data1\" content=\"1 minute\" \/>\n<script type=\"application\/ld+json\" class=\"yoast-schema-graph\">{\"@context\":\"https:\\\/\\\/schema.org\",\"@graph\":[{\"@type\":\"WebPage\",\"@id\":\"https:\\\/\\\/kosa.mk\\\/product\\\/revlon-pro-you-the-fixer-repair-shampoo\\\/\",\"url\":\"https:\\\/\\\/kosa.mk\\\/product\\\/revlon-pro-you-the-fixer-repair-shampoo\\\/\",\"name\":\"REVLON PRO YOU\u2122 THE FIXER REPAIR SHAMPOO - KOSA.MK - \u041d\u0415\u0413\u0410 \u041d\u0410 \u041a\u041e\u0421\u0410 HAIR CARE SHOP\",\"isPartOf\":{\"@id\":\"https:\\\/\\\/kosa.mk\\\/#website\"},\"primaryImageOfPage\":{\"@id\":\"https:\\\/\\\/kosa.mk\\\/product\\\/revlon-pro-you-the-fixer-repair-shampoo\\\/#primaryimage\"},\"image\":{\"@id\":\"https:\\\/\\\/kosa.mk\\\/product\\\/revlon-pro-you-the-fixer-repair-shampoo\\\/#primaryimage\"},\"thumbnailUrl\":\"https:\\\/\\\/kosa.mk\\\/wp-content\\\/uploads\\\/2023\\\/06\\\/pro-you-care-the-fixer-repair-shampoo-1.jpg\",\"datePublished\":\"2023-06-04T06:28:19+00:00\",\"breadcrumb\":{\"@id\":\"https:\\\/\\\/kosa.mk\\\/product\\\/revlon-pro-you-the-fixer-repair-shampoo\\\/#breadcrumb\"},\"inLanguage\":\"sq-AL\",\"potentialAction\":[{\"@type\":\"ReadAction\",\"target\":[\"https:\\\/\\\/kosa.mk\\\/product\\\/revlon-pro-you-the-fixer-repair-shampoo\\\/\"]}]},{\"@type\":\"ImageObject\",\"inLanguage\":\"sq-AL\",\"@id\":\"https:\\\/\\\/kosa.mk\\\/product\\\/revlon-pro-you-the-fixer-repair-shampoo\\\/#primaryimage\",\"url\":\"https:\\\/\\\/kosa.mk\\\/wp-content\\\/uploads\\\/2023\\\/06\\\/pro-you-care-the-fixer-repair-shampoo-1.jpg\",\"contentUrl\":\"https:\\\/\\\/kosa.mk\\\/wp-content\\\/uploads\\\/2023\\\/06\\\/pro-you-care-the-fixer-repair-shampoo-1.jpg\",\"width\":1000,\"height\":1000},{\"@type\":\"BreadcrumbList\",\"@id\":\"https:\\\/\\\/kosa.mk\\\/product\\\/revlon-pro-you-the-fixer-repair-shampoo\\\/#breadcrumb\",\"itemListElement\":[{\"@type\":\"ListItem\",\"position\":1,\"name\":\"Home\",\"item\":\"https:\\\/\\\/kosa.mk\\\/sq\\\/\"},{\"@type\":\"ListItem\",\"position\":2,\"name\":\"Shop\",\"item\":\"https:\\\/\\\/kosa.mk\\\/shop\\\/\"},{\"@type\":\"ListItem\",\"position\":3,\"name\":\"REVLON PRO YOU\u2122 THE FIXER REPAIR SHAMPOO\"}]},{\"@type\":\"WebSite\",\"@id\":\"https:\\\/\\\/kosa.mk\\\/#website\",\"url\":\"https:\\\/\\\/kosa.mk\\\/\",\"name\":\"KOSA.MK - \u041d\u0415\u0413\u0410 \u041d\u0410 \u041a\u041e\u0421\u0410 HAIR CARE SHOP\",\"description\":\"\u041d\u0415\u0413\u0410 ,\u0421\u0422\u0410\u0408\u041b\u0418\u041d\u0413,\u0422\u0420\u0415\u0422\u041c\u0410\u041d\u0418  \u0417\u0410 \u041a\u041e\u0421\u0410 , HARECARE, HAIR TREATMENTS, SHAMPOO, MASK, CONDITIONERS, STYLING\",\"publisher\":{\"@id\":\"https:\\\/\\\/kosa.mk\\\/#organization\"},\"potentialAction\":[{\"@type\":\"SearchAction\",\"target\":{\"@type\":\"EntryPoint\",\"urlTemplate\":\"https:\\\/\\\/kosa.mk\\\/?s={search_term_string}\"},\"query-input\":{\"@type\":\"PropertyValueSpecification\",\"valueRequired\":true,\"valueName\":\"search_term_string\"}}],\"inLanguage\":\"sq-AL\"},{\"@type\":\"Organization\",\"@id\":\"https:\\\/\\\/kosa.mk\\\/#organization\",\"name\":\"KOSA.MK - \u041d\u0415\u0413\u0410 \u041d\u0410 \u041a\u041e\u0421\u0410 HAIR CARE SHOP\",\"url\":\"https:\\\/\\\/kosa.mk\\\/\",\"logo\":{\"@type\":\"ImageObject\",\"inLanguage\":\"sq-AL\",\"@id\":\"https:\\\/\\\/kosa.mk\\\/#\\\/schema\\\/logo\\\/image\\\/\",\"url\":\"https:\\\/\\\/kosa.mk\\\/wp-content\\\/uploads\\\/2023\\\/04\\\/LOGO5.png\",\"contentUrl\":\"https:\\\/\\\/kosa.mk\\\/wp-content\\\/uploads\\\/2023\\\/04\\\/LOGO5.png\",\"width\":499,\"height\":188,\"caption\":\"KOSA.MK - \u041d\u0415\u0413\u0410 \u041d\u0410 \u041a\u041e\u0421\u0410 HAIR CARE SHOP\"},\"image\":{\"@id\":\"https:\\\/\\\/kosa.mk\\\/#\\\/schema\\\/logo\\\/image\\\/\"}}]}<\/script>\n<!-- \/ Yoast SEO plugin. -->","yoast_head_json":{"title":"REVLON PRO YOU\u2122 THE FIXER REPAIR SHAMPOO - KOSA.MK - \u041d\u0415\u0413\u0410 \u041d\u0410 \u041a\u041e\u0421\u0410 HAIR CARE SHOP","robots":{"index":"index","follow":"follow","max-snippet":"max-snippet:-1","max-image-preview":"max-image-preview:large","max-video-preview":"max-video-preview:-1"},"canonical":"https:\/\/kosa.mk\/product\/revlon-pro-you-the-fixer-repair-shampoo\/","og_locale":"sq_AL","og_type":"article","og_title":"REVLON PRO YOU\u2122 THE FIXER REPAIR SHAMPOO - KOSA.MK - \u041d\u0415\u0413\u0410 \u041d\u0410 \u041a\u041e\u0421\u0410 HAIR CARE SHOP","og_description":"Shampo p\u00ebr flok\u00eb t\u00eb d\u00ebmtuar me formul\u00eb KERACOMPLEX dhe aminoacide p\u00ebr flok\u00eb t\u00eb d\u00ebmtuar","og_url":"https:\/\/kosa.mk\/product\/revlon-pro-you-the-fixer-repair-shampoo\/","og_site_name":"KOSA.MK - \u041d\u0415\u0413\u0410 \u041d\u0410 \u041a\u041e\u0421\u0410 HAIR CARE SHOP","twitter_card":"summary_large_image","twitter_misc":{"Est. reading time":"1 minute"},"schema":{"@context":"https:\/\/schema.org","@graph":[{"@type":"WebPage","@id":"https:\/\/kosa.mk\/product\/revlon-pro-you-the-fixer-repair-shampoo\/","url":"https:\/\/kosa.mk\/product\/revlon-pro-you-the-fixer-repair-shampoo\/","name":"REVLON PRO YOU\u2122 THE FIXER REPAIR SHAMPOO - KOSA.MK - \u041d\u0415\u0413\u0410 \u041d\u0410 \u041a\u041e\u0421\u0410 HAIR CARE SHOP","isPartOf":{"@id":"https:\/\/kosa.mk\/#website"},"primaryImageOfPage":{"@id":"https:\/\/kosa.mk\/product\/revlon-pro-you-the-fixer-repair-shampoo\/#primaryimage"},"image":{"@id":"https:\/\/kosa.mk\/product\/revlon-pro-you-the-fixer-repair-shampoo\/#primaryimage"},"thumbnailUrl":"https:\/\/kosa.mk\/wp-content\/uploads\/2023\/06\/pro-you-care-the-fixer-repair-shampoo-1.jpg","datePublished":"2023-06-04T06:28:19+00:00","breadcrumb":{"@id":"https:\/\/kosa.mk\/product\/revlon-pro-you-the-fixer-repair-shampoo\/#breadcrumb"},"inLanguage":"sq-AL","potentialAction":[{"@type":"ReadAction","target":["https:\/\/kosa.mk\/product\/revlon-pro-you-the-fixer-repair-shampoo\/"]}]},{"@type":"ImageObject","inLanguage":"sq-AL","@id":"https:\/\/kosa.mk\/product\/revlon-pro-you-the-fixer-repair-shampoo\/#primaryimage","url":"https:\/\/kosa.mk\/wp-content\/uploads\/2023\/06\/pro-you-care-the-fixer-repair-shampoo-1.jpg","contentUrl":"https:\/\/kosa.mk\/wp-content\/uploads\/2023\/06\/pro-you-care-the-fixer-repair-shampoo-1.jpg","width":1000,"height":1000},{"@type":"BreadcrumbList","@id":"https:\/\/kosa.mk\/product\/revlon-pro-you-the-fixer-repair-shampoo\/#breadcrumb","itemListElement":[{"@type":"ListItem","position":1,"name":"Home","item":"https:\/\/kosa.mk\/sq\/"},{"@type":"ListItem","position":2,"name":"Shop","item":"https:\/\/kosa.mk\/shop\/"},{"@type":"ListItem","position":3,"name":"REVLON PRO YOU\u2122 THE FIXER REPAIR SHAMPOO"}]},{"@type":"WebSite","@id":"https:\/\/kosa.mk\/#website","url":"https:\/\/kosa.mk\/","name":"KOSA.MK - \u041d\u0415\u0413\u0410 \u041d\u0410 \u041a\u041e\u0421\u0410 HAIR CARE SHOP","description":"\u041d\u0415\u0413\u0410 ,\u0421\u0422\u0410\u0408\u041b\u0418\u041d\u0413,\u0422\u0420\u0415\u0422\u041c\u0410\u041d\u0418  \u0417\u0410 \u041a\u041e\u0421\u0410 , HARECARE, HAIR TREATMENTS, SHAMPOO, MASK, CONDITIONERS, STYLING","publisher":{"@id":"https:\/\/kosa.mk\/#organization"},"potentialAction":[{"@type":"SearchAction","target":{"@type":"EntryPoint","urlTemplate":"https:\/\/kosa.mk\/?s={search_term_string}"},"query-input":{"@type":"PropertyValueSpecification","valueRequired":true,"valueName":"search_term_string"}}],"inLanguage":"sq-AL"},{"@type":"Organization","@id":"https:\/\/kosa.mk\/#organization","name":"KOSA.MK - \u041d\u0415\u0413\u0410 \u041d\u0410 \u041a\u041e\u0421\u0410 HAIR CARE SHOP","url":"https:\/\/kosa.mk\/","logo":{"@type":"ImageObject","inLanguage":"sq-AL","@id":"https:\/\/kosa.mk\/#\/schema\/logo\/image\/","url":"https:\/\/kosa.mk\/wp-content\/uploads\/2023\/04\/LOGO5.png","contentUrl":"https:\/\/kosa.mk\/wp-content\/uploads\/2023\/04\/LOGO5.png","width":499,"height":188,"caption":"KOSA.MK - \u041d\u0415\u0413\u0410 \u041d\u0410 \u041a\u041e\u0421\u0410 HAIR CARE SHOP"},"image":{"@id":"https:\/\/kosa.mk\/#\/schema\/logo\/image\/"}}]}},"brands":[],"_links":{"self":[{"href":"https:\/\/kosa.mk\/sq\/wp-json\/wp\/v2\/product\/11915","targetHints":{"allow":["GET"]}}],"collection":[{"href":"https:\/\/kosa.mk\/sq\/wp-json\/wp\/v2\/product"}],"about":[{"href":"https:\/\/kosa.mk\/sq\/wp-json\/wp\/v2\/types\/product"}],"replies":[{"embeddable":true,"href":"https:\/\/kosa.mk\/sq\/wp-json\/wp\/v2\/comments?post=11915"}],"version-history":[{"count":0,"href":"https:\/\/kosa.mk\/sq\/wp-json\/wp\/v2\/product\/11915\/revisions"}],"wp:featuredmedia":[{"embeddable":true,"href":"https:\/\/kosa.mk\/sq\/wp-json\/wp\/v2\/media\/11906"}],"wp:attachment":[{"href":"https:\/\/kosa.mk\/sq\/wp-json\/wp\/v2\/media?parent=11915"}],"wp:term":[{"taxonomy":"pwb-brand","embeddable":true,"href":"https:\/\/kosa.mk\/sq\/wp-json\/wp\/v2\/pwb-brand?post=11915"},{"taxonomy":"product_brand","embeddable":true,"href":"https:\/\/kosa.mk\/sq\/wp-json\/wp\/v2\/product_brand?post=11915"},{"taxonomy":"product_cat","embeddable":true,"href":"https:\/\/kosa.mk\/sq\/wp-json\/wp\/v2\/product_cat?post=11915"},{"taxonomy":"product_tag","embeddable":true,"href":"https:\/\/kosa.mk\/sq\/wp-json\/wp\/v2\/product_tag?post=11915"}],"curies":[{"name":"wp","href":"https:\/\/api.w.org\/{rel}","templated":true}]}}