{"id":11988,"date":"2023-06-05T19:39:48","date_gmt":"2023-06-05T19:39:48","guid":{"rendered":"https:\/\/kosa.mk\/product\/revlon-pro-you-the-moisturizer-hydrating-mask-500ml\/"},"modified":"2023-06-05T19:39:48","modified_gmt":"2023-06-05T19:39:48","slug":"revlon-pro-you-the-moisturizer-hydrating-mask-500ml-2","status":"publish","type":"product","link":"https:\/\/kosa.mk\/sq\/product\/revlon-pro-you-the-moisturizer-hydrating-mask-500ml-2\/","title":{"rendered":"REVLON PRO YOU\u2122 THE MOISTURIZER HYDRATING MASK 500ml"},"content":{"rendered":"<h5>Trajtim intensiv me mask\u00eb hidratuese i krijuar posa\u00e7\u00ebrisht p\u00ebr flok\u00eb t\u00eb that\u00eb. I destinuar p\u00ebr flok\u00eb t\u00eb dehidratuar deri n\u00eb ato normale.<\/h5>\n<h5>TEKNOLOGJIA<br \/>\nSISTEMI PROVITAMIN B5<\/h5>\n<h5>Kjo \u00ebsht\u00eb nj\u00eb molekul\u00eb e vog\u00ebl q\u00eb mund t\u00eb bllokoj\u00eb ujin dhe q\u00eb kalon p\u00ebrmes kutikul\u00ebs n\u00eb korteks p\u00ebr t\u00eb ruajtur nivelet e brendshme t\u00eb lag\u00ebshtis\u00eb s\u00eb flok\u00ebve. Ajo mbulon fibrat e flok\u00ebve, duke siguruar shk\u00eblqim dhe lag\u00ebshti. Ai p\u00ebrmir\u00ebson elasticitetin dhe menaxhueshm\u00ebrin\u00eb e flok\u00ebve dhe p\u00ebrmir\u00ebson rezistenc\u00ebn e tij.<\/h5>\n","protected":false},"excerpt":{"rendered":"<h5>Trajtim intensiv me mask\u00eb hidratuese i krijuar posa\u00e7\u00ebrisht p\u00ebr flok\u00eb t\u00eb that\u00eb<\/h5>\n","protected":false},"featured_media":11984,"comment_status":"open","ping_status":"closed","template":"","meta":[],"pwb-brand":[],"product_brand":[],"product_cat":[442,449,448,451],"product_tag":[],"class_list":{"0":"post-11988","1":"product","2":"type-product","3":"status-publish","4":"has-post-thumbnail","6":"product_cat-maska-per-floke","7":"product_cat-maska-per-floke-bionde","8":"product_cat-maska-per-floke-te-demtuar","9":"product_cat-maska-per-floke-thate","11":"first","12":"instock","13":"shipping-taxable","14":"purchasable","15":"product-type-simple"},"yoast_head":"<!-- This site is optimized with the Yoast SEO plugin v27.5 - https:\/\/yoast.com\/product\/yoast-seo-wordpress\/ -->\n<title>REVLON PRO YOU\u2122 THE MOISTURIZER HYDRATING MASK 500ml - KOSA.MK - \u041d\u0415\u0413\u0410 \u041d\u0410 \u041a\u041e\u0421\u0410 HAIR CARE SHOP<\/title>\n<meta name=\"robots\" content=\"index, follow, max-snippet:-1, max-image-preview:large, max-video-preview:-1\" \/>\n<link rel=\"canonical\" href=\"https:\/\/kosa.mk\/product\/revlon-pro-you-the-moisturizer-hydrating-mask-500ml\/\" \/>\n<meta property=\"og:locale\" content=\"sq_AL\" \/>\n<meta property=\"og:type\" content=\"article\" \/>\n<meta property=\"og:title\" content=\"REVLON PRO YOU\u2122 THE MOISTURIZER HYDRATING MASK 500ml - KOSA.MK - \u041d\u0415\u0413\u0410 \u041d\u0410 \u041a\u041e\u0421\u0410 HAIR CARE SHOP\" \/>\n<meta property=\"og:description\" content=\"Trajtim intensiv me mask\u00eb hidratuese i krijuar posa\u00e7\u00ebrisht p\u00ebr flok\u00eb t\u00eb that\u00eb\" \/>\n<meta property=\"og:url\" content=\"https:\/\/kosa.mk\/product\/revlon-pro-you-the-moisturizer-hydrating-mask-500ml\/\" \/>\n<meta property=\"og:site_name\" content=\"KOSA.MK - \u041d\u0415\u0413\u0410 \u041d\u0410 \u041a\u041e\u0421\u0410 HAIR CARE SHOP\" \/>\n<meta name=\"twitter:card\" content=\"summary_large_image\" \/>\n<script type=\"application\/ld+json\" class=\"yoast-schema-graph\">{\"@context\":\"https:\\\/\\\/schema.org\",\"@graph\":[{\"@type\":\"WebPage\",\"@id\":\"https:\\\/\\\/kosa.mk\\\/product\\\/revlon-pro-you-the-moisturizer-hydrating-mask-500ml\\\/\",\"url\":\"https:\\\/\\\/kosa.mk\\\/product\\\/revlon-pro-you-the-moisturizer-hydrating-mask-500ml\\\/\",\"name\":\"REVLON PRO YOU\u2122 THE MOISTURIZER HYDRATING MASK 500ml - KOSA.MK - \u041d\u0415\u0413\u0410 \u041d\u0410 \u041a\u041e\u0421\u0410 HAIR CARE SHOP\",\"isPartOf\":{\"@id\":\"https:\\\/\\\/kosa.mk\\\/#website\"},\"primaryImageOfPage\":{\"@id\":\"https:\\\/\\\/kosa.mk\\\/product\\\/revlon-pro-you-the-moisturizer-hydrating-mask-500ml\\\/#primaryimage\"},\"image\":{\"@id\":\"https:\\\/\\\/kosa.mk\\\/product\\\/revlon-pro-you-the-moisturizer-hydrating-mask-500ml\\\/#primaryimage\"},\"thumbnailUrl\":\"https:\\\/\\\/kosa.mk\\\/wp-content\\\/uploads\\\/2023\\\/06\\\/pro-you-care-the-moisturizer-hydrating-mask-1.jpg\",\"datePublished\":\"2023-06-05T19:39:48+00:00\",\"breadcrumb\":{\"@id\":\"https:\\\/\\\/kosa.mk\\\/product\\\/revlon-pro-you-the-moisturizer-hydrating-mask-500ml\\\/#breadcrumb\"},\"inLanguage\":\"sq-AL\",\"potentialAction\":[{\"@type\":\"ReadAction\",\"target\":[\"https:\\\/\\\/kosa.mk\\\/product\\\/revlon-pro-you-the-moisturizer-hydrating-mask-500ml\\\/\"]}]},{\"@type\":\"ImageObject\",\"inLanguage\":\"sq-AL\",\"@id\":\"https:\\\/\\\/kosa.mk\\\/product\\\/revlon-pro-you-the-moisturizer-hydrating-mask-500ml\\\/#primaryimage\",\"url\":\"https:\\\/\\\/kosa.mk\\\/wp-content\\\/uploads\\\/2023\\\/06\\\/pro-you-care-the-moisturizer-hydrating-mask-1.jpg\",\"contentUrl\":\"https:\\\/\\\/kosa.mk\\\/wp-content\\\/uploads\\\/2023\\\/06\\\/pro-you-care-the-moisturizer-hydrating-mask-1.jpg\",\"width\":1000,\"height\":1000},{\"@type\":\"BreadcrumbList\",\"@id\":\"https:\\\/\\\/kosa.mk\\\/product\\\/revlon-pro-you-the-moisturizer-hydrating-mask-500ml\\\/#breadcrumb\",\"itemListElement\":[{\"@type\":\"ListItem\",\"position\":1,\"name\":\"Home\",\"item\":\"https:\\\/\\\/kosa.mk\\\/sq\\\/\"},{\"@type\":\"ListItem\",\"position\":2,\"name\":\"Shop\",\"item\":\"https:\\\/\\\/kosa.mk\\\/shop\\\/\"},{\"@type\":\"ListItem\",\"position\":3,\"name\":\"REVLON PRO YOU\u2122 THE MOISTURIZER HYDRATING MASK 500ml\"}]},{\"@type\":\"WebSite\",\"@id\":\"https:\\\/\\\/kosa.mk\\\/#website\",\"url\":\"https:\\\/\\\/kosa.mk\\\/\",\"name\":\"KOSA.MK - \u041d\u0415\u0413\u0410 \u041d\u0410 \u041a\u041e\u0421\u0410 HAIR CARE SHOP\",\"description\":\"\u041d\u0415\u0413\u0410 ,\u0421\u0422\u0410\u0408\u041b\u0418\u041d\u0413,\u0422\u0420\u0415\u0422\u041c\u0410\u041d\u0418  \u0417\u0410 \u041a\u041e\u0421\u0410 , HARECARE, HAIR TREATMENTS, SHAMPOO, MASK, CONDITIONERS, STYLING\",\"publisher\":{\"@id\":\"https:\\\/\\\/kosa.mk\\\/#organization\"},\"potentialAction\":[{\"@type\":\"SearchAction\",\"target\":{\"@type\":\"EntryPoint\",\"urlTemplate\":\"https:\\\/\\\/kosa.mk\\\/?s={search_term_string}\"},\"query-input\":{\"@type\":\"PropertyValueSpecification\",\"valueRequired\":true,\"valueName\":\"search_term_string\"}}],\"inLanguage\":\"sq-AL\"},{\"@type\":\"Organization\",\"@id\":\"https:\\\/\\\/kosa.mk\\\/#organization\",\"name\":\"KOSA.MK - \u041d\u0415\u0413\u0410 \u041d\u0410 \u041a\u041e\u0421\u0410 HAIR CARE SHOP\",\"url\":\"https:\\\/\\\/kosa.mk\\\/\",\"logo\":{\"@type\":\"ImageObject\",\"inLanguage\":\"sq-AL\",\"@id\":\"https:\\\/\\\/kosa.mk\\\/#\\\/schema\\\/logo\\\/image\\\/\",\"url\":\"https:\\\/\\\/kosa.mk\\\/wp-content\\\/uploads\\\/2023\\\/04\\\/LOGO5.png\",\"contentUrl\":\"https:\\\/\\\/kosa.mk\\\/wp-content\\\/uploads\\\/2023\\\/04\\\/LOGO5.png\",\"width\":499,\"height\":188,\"caption\":\"KOSA.MK - \u041d\u0415\u0413\u0410 \u041d\u0410 \u041a\u041e\u0421\u0410 HAIR CARE SHOP\"},\"image\":{\"@id\":\"https:\\\/\\\/kosa.mk\\\/#\\\/schema\\\/logo\\\/image\\\/\"}}]}<\/script>\n<!-- \/ Yoast SEO plugin. -->","yoast_head_json":{"title":"REVLON PRO YOU\u2122 THE MOISTURIZER HYDRATING MASK 500ml - KOSA.MK - \u041d\u0415\u0413\u0410 \u041d\u0410 \u041a\u041e\u0421\u0410 HAIR CARE SHOP","robots":{"index":"index","follow":"follow","max-snippet":"max-snippet:-1","max-image-preview":"max-image-preview:large","max-video-preview":"max-video-preview:-1"},"canonical":"https:\/\/kosa.mk\/product\/revlon-pro-you-the-moisturizer-hydrating-mask-500ml\/","og_locale":"sq_AL","og_type":"article","og_title":"REVLON PRO YOU\u2122 THE MOISTURIZER HYDRATING MASK 500ml - KOSA.MK - \u041d\u0415\u0413\u0410 \u041d\u0410 \u041a\u041e\u0421\u0410 HAIR CARE SHOP","og_description":"Trajtim intensiv me mask\u00eb hidratuese i krijuar posa\u00e7\u00ebrisht p\u00ebr flok\u00eb t\u00eb that\u00eb","og_url":"https:\/\/kosa.mk\/product\/revlon-pro-you-the-moisturizer-hydrating-mask-500ml\/","og_site_name":"KOSA.MK - \u041d\u0415\u0413\u0410 \u041d\u0410 \u041a\u041e\u0421\u0410 HAIR CARE SHOP","twitter_card":"summary_large_image","schema":{"@context":"https:\/\/schema.org","@graph":[{"@type":"WebPage","@id":"https:\/\/kosa.mk\/product\/revlon-pro-you-the-moisturizer-hydrating-mask-500ml\/","url":"https:\/\/kosa.mk\/product\/revlon-pro-you-the-moisturizer-hydrating-mask-500ml\/","name":"REVLON PRO YOU\u2122 THE MOISTURIZER HYDRATING MASK 500ml - KOSA.MK - \u041d\u0415\u0413\u0410 \u041d\u0410 \u041a\u041e\u0421\u0410 HAIR CARE SHOP","isPartOf":{"@id":"https:\/\/kosa.mk\/#website"},"primaryImageOfPage":{"@id":"https:\/\/kosa.mk\/product\/revlon-pro-you-the-moisturizer-hydrating-mask-500ml\/#primaryimage"},"image":{"@id":"https:\/\/kosa.mk\/product\/revlon-pro-you-the-moisturizer-hydrating-mask-500ml\/#primaryimage"},"thumbnailUrl":"https:\/\/kosa.mk\/wp-content\/uploads\/2023\/06\/pro-you-care-the-moisturizer-hydrating-mask-1.jpg","datePublished":"2023-06-05T19:39:48+00:00","breadcrumb":{"@id":"https:\/\/kosa.mk\/product\/revlon-pro-you-the-moisturizer-hydrating-mask-500ml\/#breadcrumb"},"inLanguage":"sq-AL","potentialAction":[{"@type":"ReadAction","target":["https:\/\/kosa.mk\/product\/revlon-pro-you-the-moisturizer-hydrating-mask-500ml\/"]}]},{"@type":"ImageObject","inLanguage":"sq-AL","@id":"https:\/\/kosa.mk\/product\/revlon-pro-you-the-moisturizer-hydrating-mask-500ml\/#primaryimage","url":"https:\/\/kosa.mk\/wp-content\/uploads\/2023\/06\/pro-you-care-the-moisturizer-hydrating-mask-1.jpg","contentUrl":"https:\/\/kosa.mk\/wp-content\/uploads\/2023\/06\/pro-you-care-the-moisturizer-hydrating-mask-1.jpg","width":1000,"height":1000},{"@type":"BreadcrumbList","@id":"https:\/\/kosa.mk\/product\/revlon-pro-you-the-moisturizer-hydrating-mask-500ml\/#breadcrumb","itemListElement":[{"@type":"ListItem","position":1,"name":"Home","item":"https:\/\/kosa.mk\/sq\/"},{"@type":"ListItem","position":2,"name":"Shop","item":"https:\/\/kosa.mk\/shop\/"},{"@type":"ListItem","position":3,"name":"REVLON PRO YOU\u2122 THE MOISTURIZER HYDRATING MASK 500ml"}]},{"@type":"WebSite","@id":"https:\/\/kosa.mk\/#website","url":"https:\/\/kosa.mk\/","name":"KOSA.MK - \u041d\u0415\u0413\u0410 \u041d\u0410 \u041a\u041e\u0421\u0410 HAIR CARE SHOP","description":"\u041d\u0415\u0413\u0410 ,\u0421\u0422\u0410\u0408\u041b\u0418\u041d\u0413,\u0422\u0420\u0415\u0422\u041c\u0410\u041d\u0418  \u0417\u0410 \u041a\u041e\u0421\u0410 , HARECARE, HAIR TREATMENTS, SHAMPOO, MASK, CONDITIONERS, STYLING","publisher":{"@id":"https:\/\/kosa.mk\/#organization"},"potentialAction":[{"@type":"SearchAction","target":{"@type":"EntryPoint","urlTemplate":"https:\/\/kosa.mk\/?s={search_term_string}"},"query-input":{"@type":"PropertyValueSpecification","valueRequired":true,"valueName":"search_term_string"}}],"inLanguage":"sq-AL"},{"@type":"Organization","@id":"https:\/\/kosa.mk\/#organization","name":"KOSA.MK - \u041d\u0415\u0413\u0410 \u041d\u0410 \u041a\u041e\u0421\u0410 HAIR CARE SHOP","url":"https:\/\/kosa.mk\/","logo":{"@type":"ImageObject","inLanguage":"sq-AL","@id":"https:\/\/kosa.mk\/#\/schema\/logo\/image\/","url":"https:\/\/kosa.mk\/wp-content\/uploads\/2023\/04\/LOGO5.png","contentUrl":"https:\/\/kosa.mk\/wp-content\/uploads\/2023\/04\/LOGO5.png","width":499,"height":188,"caption":"KOSA.MK - \u041d\u0415\u0413\u0410 \u041d\u0410 \u041a\u041e\u0421\u0410 HAIR CARE SHOP"},"image":{"@id":"https:\/\/kosa.mk\/#\/schema\/logo\/image\/"}}]}},"brands":[],"_links":{"self":[{"href":"https:\/\/kosa.mk\/sq\/wp-json\/wp\/v2\/product\/11988","targetHints":{"allow":["GET"]}}],"collection":[{"href":"https:\/\/kosa.mk\/sq\/wp-json\/wp\/v2\/product"}],"about":[{"href":"https:\/\/kosa.mk\/sq\/wp-json\/wp\/v2\/types\/product"}],"replies":[{"embeddable":true,"href":"https:\/\/kosa.mk\/sq\/wp-json\/wp\/v2\/comments?post=11988"}],"version-history":[{"count":0,"href":"https:\/\/kosa.mk\/sq\/wp-json\/wp\/v2\/product\/11988\/revisions"}],"wp:featuredmedia":[{"embeddable":true,"href":"https:\/\/kosa.mk\/sq\/wp-json\/wp\/v2\/media\/11984"}],"wp:attachment":[{"href":"https:\/\/kosa.mk\/sq\/wp-json\/wp\/v2\/media?parent=11988"}],"wp:term":[{"taxonomy":"pwb-brand","embeddable":true,"href":"https:\/\/kosa.mk\/sq\/wp-json\/wp\/v2\/pwb-brand?post=11988"},{"taxonomy":"product_brand","embeddable":true,"href":"https:\/\/kosa.mk\/sq\/wp-json\/wp\/v2\/product_brand?post=11988"},{"taxonomy":"product_cat","embeddable":true,"href":"https:\/\/kosa.mk\/sq\/wp-json\/wp\/v2\/product_cat?post=11988"},{"taxonomy":"product_tag","embeddable":true,"href":"https:\/\/kosa.mk\/sq\/wp-json\/wp\/v2\/product_tag?post=11988"}],"curies":[{"name":"wp","href":"https:\/\/api.w.org\/{rel}","templated":true}]}}