{"id":12070,"date":"2023-06-08T05:25:38","date_gmt":"2023-06-08T05:25:38","guid":{"rendered":"https:\/\/kosa.mk\/product\/revlon-pro-you-the-twister-scrunch-curl-activating-gel-350ml\/"},"modified":"2023-06-08T05:25:38","modified_gmt":"2023-06-08T05:25:38","slug":"revlon-pro-you-the-twister-scrunch-curl-activating-gel-350ml-2","status":"publish","type":"product","link":"https:\/\/kosa.mk\/sq\/product\/revlon-pro-you-the-twister-scrunch-curl-activating-gel-350ml-2\/","title":{"rendered":"REVLON PRO YOU\u2122 THE TWISTER SCRUNCH CURL ACTIVATING GEL 350ml"},"content":{"rendered":"<h5>Xhel i krijuar posa\u00e7\u00ebrisht p\u00ebr flok\u00eb ka\u00e7urrel\u00eb dhe me onde<\/h5>\n<h5>Nj\u00eb polimer i gjenerat\u00ebs s\u00eb fundit q\u00eb lidhet me struktur\u00ebn proteinike t\u00eb flok\u00ebve, duke rritur volumin e tij. Fal\u00eb pesh\u00ebs s\u00eb tij t\u00eb ul\u00ebt molekulare dhe struktur\u00ebs unike, ai ofron definicion pa pesh\u00eb.<\/h5>\n<h5>Ky Kompleks ofron p\u00ebrfitimet e m\u00ebposhtme:<br \/>\n\u2022 Ndjenja e l\u00ebmuar dhe natyrale.<br \/>\n\u2022 P\u00ebrmir\u00ebson dhe p\u00ebrcakton ka\u00e7urrelat.<br \/>\n\u2022 Kujtesa e form\u00ebs s\u00eb ka\u00e7urrelave.<br \/>\n\u2022 Ruajtja e ka\u00e7urrelave dhe lag\u00ebshtia.<\/h5>\n","protected":false},"excerpt":{"rendered":"<h4>Xhel i krijuar posa\u00e7\u00ebrisht p\u00ebr flok\u00eb ka\u00e7urrel\u00eb dhe me onde<\/h4>\n","protected":false},"featured_media":12068,"comment_status":"open","ping_status":"closed","template":"","meta":[],"pwb-brand":[],"product_brand":[],"product_cat":[489,493],"product_tag":[],"class_list":{"0":"post-12070","1":"product","2":"type-product","3":"status-publish","4":"has-post-thumbnail","6":"product_cat-stilimi","7":"product_cat-stilimi-krem-per-kacurrela","9":"first","10":"instock","11":"shipping-taxable","12":"purchasable","13":"product-type-simple"},"yoast_head":"<!-- This site is optimized with the Yoast SEO plugin v27.5 - https:\/\/yoast.com\/product\/yoast-seo-wordpress\/ -->\n<title>REVLON PRO YOU\u2122 THE TWISTER SCRUNCH CURL ACTIVATING GEL 350ml - KOSA.MK - \u041d\u0415\u0413\u0410 \u041d\u0410 \u041a\u041e\u0421\u0410 HAIR CARE SHOP<\/title>\n<meta name=\"robots\" content=\"index, follow, max-snippet:-1, max-image-preview:large, max-video-preview:-1\" \/>\n<link rel=\"canonical\" href=\"https:\/\/kosa.mk\/product\/revlon-pro-you-the-twister-scrunch-curl-activating-gel-350ml\/\" \/>\n<meta property=\"og:locale\" content=\"sq_AL\" \/>\n<meta property=\"og:type\" content=\"article\" \/>\n<meta property=\"og:title\" content=\"REVLON PRO YOU\u2122 THE TWISTER SCRUNCH CURL ACTIVATING GEL 350ml - KOSA.MK - \u041d\u0415\u0413\u0410 \u041d\u0410 \u041a\u041e\u0421\u0410 HAIR CARE SHOP\" \/>\n<meta property=\"og:description\" content=\"Xhel i krijuar posa\u00e7\u00ebrisht p\u00ebr flok\u00eb ka\u00e7urrel\u00eb dhe me onde\" \/>\n<meta property=\"og:url\" content=\"https:\/\/kosa.mk\/product\/revlon-pro-you-the-twister-scrunch-curl-activating-gel-350ml\/\" \/>\n<meta property=\"og:site_name\" content=\"KOSA.MK - \u041d\u0415\u0413\u0410 \u041d\u0410 \u041a\u041e\u0421\u0410 HAIR CARE SHOP\" \/>\n<meta name=\"twitter:card\" content=\"summary_large_image\" \/>\n<script type=\"application\/ld+json\" class=\"yoast-schema-graph\">{\"@context\":\"https:\\\/\\\/schema.org\",\"@graph\":[{\"@type\":\"WebPage\",\"@id\":\"https:\\\/\\\/kosa.mk\\\/product\\\/revlon-pro-you-the-twister-scrunch-curl-activating-gel-350ml\\\/\",\"url\":\"https:\\\/\\\/kosa.mk\\\/product\\\/revlon-pro-you-the-twister-scrunch-curl-activating-gel-350ml\\\/\",\"name\":\"REVLON PRO YOU\u2122 THE TWISTER SCRUNCH CURL ACTIVATING GEL 350ml - KOSA.MK - \u041d\u0415\u0413\u0410 \u041d\u0410 \u041a\u041e\u0421\u0410 HAIR CARE SHOP\",\"isPartOf\":{\"@id\":\"https:\\\/\\\/kosa.mk\\\/#website\"},\"primaryImageOfPage\":{\"@id\":\"https:\\\/\\\/kosa.mk\\\/product\\\/revlon-pro-you-the-twister-scrunch-curl-activating-gel-350ml\\\/#primaryimage\"},\"image\":{\"@id\":\"https:\\\/\\\/kosa.mk\\\/product\\\/revlon-pro-you-the-twister-scrunch-curl-activating-gel-350ml\\\/#primaryimage\"},\"thumbnailUrl\":\"https:\\\/\\\/kosa.mk\\\/wp-content\\\/uploads\\\/2023\\\/06\\\/Pro-you-styling-the-twister-crunch-curl-activating-gel-1.jpg\",\"datePublished\":\"2023-06-08T05:25:38+00:00\",\"breadcrumb\":{\"@id\":\"https:\\\/\\\/kosa.mk\\\/product\\\/revlon-pro-you-the-twister-scrunch-curl-activating-gel-350ml\\\/#breadcrumb\"},\"inLanguage\":\"sq-AL\",\"potentialAction\":[{\"@type\":\"ReadAction\",\"target\":[\"https:\\\/\\\/kosa.mk\\\/product\\\/revlon-pro-you-the-twister-scrunch-curl-activating-gel-350ml\\\/\"]}]},{\"@type\":\"ImageObject\",\"inLanguage\":\"sq-AL\",\"@id\":\"https:\\\/\\\/kosa.mk\\\/product\\\/revlon-pro-you-the-twister-scrunch-curl-activating-gel-350ml\\\/#primaryimage\",\"url\":\"https:\\\/\\\/kosa.mk\\\/wp-content\\\/uploads\\\/2023\\\/06\\\/Pro-you-styling-the-twister-crunch-curl-activating-gel-1.jpg\",\"contentUrl\":\"https:\\\/\\\/kosa.mk\\\/wp-content\\\/uploads\\\/2023\\\/06\\\/Pro-you-styling-the-twister-crunch-curl-activating-gel-1.jpg\",\"width\":1000,\"height\":1000},{\"@type\":\"BreadcrumbList\",\"@id\":\"https:\\\/\\\/kosa.mk\\\/product\\\/revlon-pro-you-the-twister-scrunch-curl-activating-gel-350ml\\\/#breadcrumb\",\"itemListElement\":[{\"@type\":\"ListItem\",\"position\":1,\"name\":\"Home\",\"item\":\"https:\\\/\\\/kosa.mk\\\/sq\\\/\"},{\"@type\":\"ListItem\",\"position\":2,\"name\":\"Shop\",\"item\":\"https:\\\/\\\/kosa.mk\\\/shop\\\/\"},{\"@type\":\"ListItem\",\"position\":3,\"name\":\"REVLON PRO YOU\u2122 THE TWISTER SCRUNCH CURL ACTIVATING GEL 350ml\"}]},{\"@type\":\"WebSite\",\"@id\":\"https:\\\/\\\/kosa.mk\\\/#website\",\"url\":\"https:\\\/\\\/kosa.mk\\\/\",\"name\":\"KOSA.MK - \u041d\u0415\u0413\u0410 \u041d\u0410 \u041a\u041e\u0421\u0410 HAIR CARE SHOP\",\"description\":\"\u041d\u0415\u0413\u0410 ,\u0421\u0422\u0410\u0408\u041b\u0418\u041d\u0413,\u0422\u0420\u0415\u0422\u041c\u0410\u041d\u0418  \u0417\u0410 \u041a\u041e\u0421\u0410 , HARECARE, HAIR TREATMENTS, SHAMPOO, MASK, CONDITIONERS, STYLING\",\"publisher\":{\"@id\":\"https:\\\/\\\/kosa.mk\\\/#organization\"},\"potentialAction\":[{\"@type\":\"SearchAction\",\"target\":{\"@type\":\"EntryPoint\",\"urlTemplate\":\"https:\\\/\\\/kosa.mk\\\/?s={search_term_string}\"},\"query-input\":{\"@type\":\"PropertyValueSpecification\",\"valueRequired\":true,\"valueName\":\"search_term_string\"}}],\"inLanguage\":\"sq-AL\"},{\"@type\":\"Organization\",\"@id\":\"https:\\\/\\\/kosa.mk\\\/#organization\",\"name\":\"KOSA.MK - \u041d\u0415\u0413\u0410 \u041d\u0410 \u041a\u041e\u0421\u0410 HAIR CARE SHOP\",\"url\":\"https:\\\/\\\/kosa.mk\\\/\",\"logo\":{\"@type\":\"ImageObject\",\"inLanguage\":\"sq-AL\",\"@id\":\"https:\\\/\\\/kosa.mk\\\/#\\\/schema\\\/logo\\\/image\\\/\",\"url\":\"https:\\\/\\\/kosa.mk\\\/wp-content\\\/uploads\\\/2023\\\/04\\\/LOGO5.png\",\"contentUrl\":\"https:\\\/\\\/kosa.mk\\\/wp-content\\\/uploads\\\/2023\\\/04\\\/LOGO5.png\",\"width\":499,\"height\":188,\"caption\":\"KOSA.MK - \u041d\u0415\u0413\u0410 \u041d\u0410 \u041a\u041e\u0421\u0410 HAIR CARE SHOP\"},\"image\":{\"@id\":\"https:\\\/\\\/kosa.mk\\\/#\\\/schema\\\/logo\\\/image\\\/\"}}]}<\/script>\n<!-- \/ Yoast SEO plugin. -->","yoast_head_json":{"title":"REVLON PRO YOU\u2122 THE TWISTER SCRUNCH CURL ACTIVATING GEL 350ml - KOSA.MK - \u041d\u0415\u0413\u0410 \u041d\u0410 \u041a\u041e\u0421\u0410 HAIR CARE SHOP","robots":{"index":"index","follow":"follow","max-snippet":"max-snippet:-1","max-image-preview":"max-image-preview:large","max-video-preview":"max-video-preview:-1"},"canonical":"https:\/\/kosa.mk\/product\/revlon-pro-you-the-twister-scrunch-curl-activating-gel-350ml\/","og_locale":"sq_AL","og_type":"article","og_title":"REVLON PRO YOU\u2122 THE TWISTER SCRUNCH CURL ACTIVATING GEL 350ml - KOSA.MK - \u041d\u0415\u0413\u0410 \u041d\u0410 \u041a\u041e\u0421\u0410 HAIR CARE SHOP","og_description":"Xhel i krijuar posa\u00e7\u00ebrisht p\u00ebr flok\u00eb ka\u00e7urrel\u00eb dhe me onde","og_url":"https:\/\/kosa.mk\/product\/revlon-pro-you-the-twister-scrunch-curl-activating-gel-350ml\/","og_site_name":"KOSA.MK - \u041d\u0415\u0413\u0410 \u041d\u0410 \u041a\u041e\u0421\u0410 HAIR CARE SHOP","twitter_card":"summary_large_image","schema":{"@context":"https:\/\/schema.org","@graph":[{"@type":"WebPage","@id":"https:\/\/kosa.mk\/product\/revlon-pro-you-the-twister-scrunch-curl-activating-gel-350ml\/","url":"https:\/\/kosa.mk\/product\/revlon-pro-you-the-twister-scrunch-curl-activating-gel-350ml\/","name":"REVLON PRO YOU\u2122 THE TWISTER SCRUNCH CURL ACTIVATING GEL 350ml - KOSA.MK - \u041d\u0415\u0413\u0410 \u041d\u0410 \u041a\u041e\u0421\u0410 HAIR CARE SHOP","isPartOf":{"@id":"https:\/\/kosa.mk\/#website"},"primaryImageOfPage":{"@id":"https:\/\/kosa.mk\/product\/revlon-pro-you-the-twister-scrunch-curl-activating-gel-350ml\/#primaryimage"},"image":{"@id":"https:\/\/kosa.mk\/product\/revlon-pro-you-the-twister-scrunch-curl-activating-gel-350ml\/#primaryimage"},"thumbnailUrl":"https:\/\/kosa.mk\/wp-content\/uploads\/2023\/06\/Pro-you-styling-the-twister-crunch-curl-activating-gel-1.jpg","datePublished":"2023-06-08T05:25:38+00:00","breadcrumb":{"@id":"https:\/\/kosa.mk\/product\/revlon-pro-you-the-twister-scrunch-curl-activating-gel-350ml\/#breadcrumb"},"inLanguage":"sq-AL","potentialAction":[{"@type":"ReadAction","target":["https:\/\/kosa.mk\/product\/revlon-pro-you-the-twister-scrunch-curl-activating-gel-350ml\/"]}]},{"@type":"ImageObject","inLanguage":"sq-AL","@id":"https:\/\/kosa.mk\/product\/revlon-pro-you-the-twister-scrunch-curl-activating-gel-350ml\/#primaryimage","url":"https:\/\/kosa.mk\/wp-content\/uploads\/2023\/06\/Pro-you-styling-the-twister-crunch-curl-activating-gel-1.jpg","contentUrl":"https:\/\/kosa.mk\/wp-content\/uploads\/2023\/06\/Pro-you-styling-the-twister-crunch-curl-activating-gel-1.jpg","width":1000,"height":1000},{"@type":"BreadcrumbList","@id":"https:\/\/kosa.mk\/product\/revlon-pro-you-the-twister-scrunch-curl-activating-gel-350ml\/#breadcrumb","itemListElement":[{"@type":"ListItem","position":1,"name":"Home","item":"https:\/\/kosa.mk\/sq\/"},{"@type":"ListItem","position":2,"name":"Shop","item":"https:\/\/kosa.mk\/shop\/"},{"@type":"ListItem","position":3,"name":"REVLON PRO YOU\u2122 THE TWISTER SCRUNCH CURL ACTIVATING GEL 350ml"}]},{"@type":"WebSite","@id":"https:\/\/kosa.mk\/#website","url":"https:\/\/kosa.mk\/","name":"KOSA.MK - \u041d\u0415\u0413\u0410 \u041d\u0410 \u041a\u041e\u0421\u0410 HAIR CARE SHOP","description":"\u041d\u0415\u0413\u0410 ,\u0421\u0422\u0410\u0408\u041b\u0418\u041d\u0413,\u0422\u0420\u0415\u0422\u041c\u0410\u041d\u0418  \u0417\u0410 \u041a\u041e\u0421\u0410 , HARECARE, HAIR TREATMENTS, SHAMPOO, MASK, CONDITIONERS, STYLING","publisher":{"@id":"https:\/\/kosa.mk\/#organization"},"potentialAction":[{"@type":"SearchAction","target":{"@type":"EntryPoint","urlTemplate":"https:\/\/kosa.mk\/?s={search_term_string}"},"query-input":{"@type":"PropertyValueSpecification","valueRequired":true,"valueName":"search_term_string"}}],"inLanguage":"sq-AL"},{"@type":"Organization","@id":"https:\/\/kosa.mk\/#organization","name":"KOSA.MK - \u041d\u0415\u0413\u0410 \u041d\u0410 \u041a\u041e\u0421\u0410 HAIR CARE SHOP","url":"https:\/\/kosa.mk\/","logo":{"@type":"ImageObject","inLanguage":"sq-AL","@id":"https:\/\/kosa.mk\/#\/schema\/logo\/image\/","url":"https:\/\/kosa.mk\/wp-content\/uploads\/2023\/04\/LOGO5.png","contentUrl":"https:\/\/kosa.mk\/wp-content\/uploads\/2023\/04\/LOGO5.png","width":499,"height":188,"caption":"KOSA.MK - \u041d\u0415\u0413\u0410 \u041d\u0410 \u041a\u041e\u0421\u0410 HAIR CARE SHOP"},"image":{"@id":"https:\/\/kosa.mk\/#\/schema\/logo\/image\/"}}]}},"brands":[],"_links":{"self":[{"href":"https:\/\/kosa.mk\/sq\/wp-json\/wp\/v2\/product\/12070","targetHints":{"allow":["GET"]}}],"collection":[{"href":"https:\/\/kosa.mk\/sq\/wp-json\/wp\/v2\/product"}],"about":[{"href":"https:\/\/kosa.mk\/sq\/wp-json\/wp\/v2\/types\/product"}],"replies":[{"embeddable":true,"href":"https:\/\/kosa.mk\/sq\/wp-json\/wp\/v2\/comments?post=12070"}],"version-history":[{"count":0,"href":"https:\/\/kosa.mk\/sq\/wp-json\/wp\/v2\/product\/12070\/revisions"}],"wp:featuredmedia":[{"embeddable":true,"href":"https:\/\/kosa.mk\/sq\/wp-json\/wp\/v2\/media\/12068"}],"wp:attachment":[{"href":"https:\/\/kosa.mk\/sq\/wp-json\/wp\/v2\/media?parent=12070"}],"wp:term":[{"taxonomy":"pwb-brand","embeddable":true,"href":"https:\/\/kosa.mk\/sq\/wp-json\/wp\/v2\/pwb-brand?post=12070"},{"taxonomy":"product_brand","embeddable":true,"href":"https:\/\/kosa.mk\/sq\/wp-json\/wp\/v2\/product_brand?post=12070"},{"taxonomy":"product_cat","embeddable":true,"href":"https:\/\/kosa.mk\/sq\/wp-json\/wp\/v2\/product_cat?post=12070"},{"taxonomy":"product_tag","embeddable":true,"href":"https:\/\/kosa.mk\/sq\/wp-json\/wp\/v2\/product_tag?post=12070"}],"curies":[{"name":"wp","href":"https:\/\/api.w.org\/{rel}","templated":true}]}}