{"id":12636,"date":"2024-10-02T05:30:42","date_gmt":"2024-10-02T05:30:42","guid":{"rendered":"https:\/\/kosa.mk\/product\/texturixing-dry-shampoo-semi-di-lino-200ml\/"},"modified":"2024-10-10T00:02:57","modified_gmt":"2024-10-10T00:02:57","slug":"texturixing-dry-shampoo-semi-di-lino-200ml","status":"publish","type":"product","link":"https:\/\/kosa.mk\/sq\/product\/texturixing-dry-shampoo-semi-di-lino-200ml\/","title":{"rendered":"Texturixing Dry Shampoo Semi Di Lino 200ml"},"content":{"rendered":"<h3>Shampo e that\u00eb p\u00ebr tekstur\u00eb, p\u00ebr nj\u00eb efekt t\u00eb menj\u00ebhersh\u00ebm, thith vajin e tep\u00ebrt n\u00eb rr\u00ebnj\u00ebn e flok\u00ebve, i b\u00ebn flok\u00ebt t\u00eb lehta, t\u00eb fresk\u00ebta n\u00eb pamje dhe neutralizon er\u00ebn e pak\u00ebndshme.<\/h3>\n","protected":false},"excerpt":{"rendered":"<p>Shampo p\u00ebr larjen e flok\u00ebve t\u00eb that\u00eb, i cili synon thithjen e menj\u00ebhershme t\u00eb yndyr\u00ebs s\u00eb tep\u00ebrt n\u00eb rr\u00ebnj\u00eb p\u00ebr nj\u00eb pamje dhe er\u00eb t\u00eb fresk\u00ebt t\u00eb menj\u00ebhershme.<\/p>\n","protected":false},"featured_media":12634,"comment_status":"open","ping_status":"closed","template":"","meta":[],"pwb-brand":[],"product_brand":[],"product_cat":[421,490,508],"product_tag":[],"class_list":{"0":"post-12636","1":"product","2":"type-product","3":"status-publish","4":"has-post-thumbnail","6":"product_cat-shampona-kuder-yndyr","7":"product_cat-stilimi-shampona-te-thate","8":"product_cat-stilista-per-burra","10":"first","11":"instock","12":"shipping-taxable","13":"purchasable","14":"product-type-simple"},"yoast_head":"<!-- This site is optimized with the Yoast SEO plugin v27.3 - https:\/\/yoast.com\/product\/yoast-seo-wordpress\/ -->\n<title>Texturixing Dry Shampoo Semi Di Lino 200ml - KOSA.MK - \u041d\u0415\u0413\u0410 \u041d\u0410 \u041a\u041e\u0421\u0410 HAIR CARE SHOP<\/title>\n<meta name=\"robots\" content=\"index, follow, max-snippet:-1, max-image-preview:large, max-video-preview:-1\" \/>\n<link rel=\"canonical\" href=\"https:\/\/kosa.mk\/product\/texturixing-dry-shampoo-semi-di-lino-200ml\/\" \/>\n<meta property=\"og:locale\" content=\"sq_AL\" \/>\n<meta property=\"og:type\" content=\"article\" \/>\n<meta property=\"og:title\" content=\"Texturixing Dry Shampoo Semi Di Lino 200ml - KOSA.MK - \u041d\u0415\u0413\u0410 \u041d\u0410 \u041a\u041e\u0421\u0410 HAIR CARE SHOP\" \/>\n<meta property=\"og:description\" content=\"Shampo p\u00ebr larjen e flok\u00ebve t\u00eb that\u00eb, i cili synon thithjen e menj\u00ebhershme t\u00eb yndyr\u00ebs s\u00eb tep\u00ebrt n\u00eb rr\u00ebnj\u00eb p\u00ebr nj\u00eb pamje dhe er\u00eb t\u00eb fresk\u00ebt t\u00eb menj\u00ebhershme.\" \/>\n<meta property=\"og:url\" content=\"https:\/\/kosa.mk\/product\/texturixing-dry-shampoo-semi-di-lino-200ml\/\" \/>\n<meta property=\"og:site_name\" content=\"KOSA.MK - \u041d\u0415\u0413\u0410 \u041d\u0410 \u041a\u041e\u0421\u0410 HAIR CARE SHOP\" \/>\n<meta property=\"article:modified_time\" content=\"2024-10-10T00:02:57+00:00\" \/>\n<meta name=\"twitter:card\" content=\"summary_large_image\" \/>\n<script type=\"application\/ld+json\" class=\"yoast-schema-graph\">{\"@context\":\"https:\\\/\\\/schema.org\",\"@graph\":[{\"@type\":\"WebPage\",\"@id\":\"https:\\\/\\\/kosa.mk\\\/product\\\/texturixing-dry-shampoo-semi-di-lino-200ml\\\/\",\"url\":\"https:\\\/\\\/kosa.mk\\\/product\\\/texturixing-dry-shampoo-semi-di-lino-200ml\\\/\",\"name\":\"Texturixing Dry Shampoo Semi Di Lino 200ml - KOSA.MK - \u041d\u0415\u0413\u0410 \u041d\u0410 \u041a\u041e\u0421\u0410 HAIR CARE SHOP\",\"isPartOf\":{\"@id\":\"https:\\\/\\\/kosa.mk\\\/#website\"},\"primaryImageOfPage\":{\"@id\":\"https:\\\/\\\/kosa.mk\\\/product\\\/texturixing-dry-shampoo-semi-di-lino-200ml\\\/#primaryimage\"},\"image\":{\"@id\":\"https:\\\/\\\/kosa.mk\\\/product\\\/texturixing-dry-shampoo-semi-di-lino-200ml\\\/#primaryimage\"},\"thumbnailUrl\":\"https:\\\/\\\/kosa.mk\\\/wp-content\\\/uploads\\\/2024\\\/10\\\/Style_Stories_TEXTURIZING_DRY_SHAMPOO_Alfaparf_Milano_pf017576_2000x2000_01.png-front1.jpg\",\"datePublished\":\"2024-10-02T05:30:42+00:00\",\"dateModified\":\"2024-10-10T00:02:57+00:00\",\"breadcrumb\":{\"@id\":\"https:\\\/\\\/kosa.mk\\\/product\\\/texturixing-dry-shampoo-semi-di-lino-200ml\\\/#breadcrumb\"},\"inLanguage\":\"sq-AL\",\"potentialAction\":[{\"@type\":\"ReadAction\",\"target\":[\"https:\\\/\\\/kosa.mk\\\/product\\\/texturixing-dry-shampoo-semi-di-lino-200ml\\\/\"]}]},{\"@type\":\"ImageObject\",\"inLanguage\":\"sq-AL\",\"@id\":\"https:\\\/\\\/kosa.mk\\\/product\\\/texturixing-dry-shampoo-semi-di-lino-200ml\\\/#primaryimage\",\"url\":\"https:\\\/\\\/kosa.mk\\\/wp-content\\\/uploads\\\/2024\\\/10\\\/Style_Stories_TEXTURIZING_DRY_SHAMPOO_Alfaparf_Milano_pf017576_2000x2000_01.png-front1.jpg\",\"contentUrl\":\"https:\\\/\\\/kosa.mk\\\/wp-content\\\/uploads\\\/2024\\\/10\\\/Style_Stories_TEXTURIZING_DRY_SHAMPOO_Alfaparf_Milano_pf017576_2000x2000_01.png-front1.jpg\",\"width\":1000,\"height\":1000},{\"@type\":\"BreadcrumbList\",\"@id\":\"https:\\\/\\\/kosa.mk\\\/product\\\/texturixing-dry-shampoo-semi-di-lino-200ml\\\/#breadcrumb\",\"itemListElement\":[{\"@type\":\"ListItem\",\"position\":1,\"name\":\"Home\",\"item\":\"https:\\\/\\\/kosa.mk\\\/sq\\\/\"},{\"@type\":\"ListItem\",\"position\":2,\"name\":\"Shop\",\"item\":\"https:\\\/\\\/kosa.mk\\\/shop\\\/\"},{\"@type\":\"ListItem\",\"position\":3,\"name\":\"Texturixing Dry Shampoo Semi Di Lino 200ml\"}]},{\"@type\":\"WebSite\",\"@id\":\"https:\\\/\\\/kosa.mk\\\/#website\",\"url\":\"https:\\\/\\\/kosa.mk\\\/\",\"name\":\"KOSA.MK - \u041d\u0415\u0413\u0410 \u041d\u0410 \u041a\u041e\u0421\u0410 HAIR CARE SHOP\",\"description\":\"\u041d\u0415\u0413\u0410 ,\u0421\u0422\u0410\u0408\u041b\u0418\u041d\u0413,\u0422\u0420\u0415\u0422\u041c\u0410\u041d\u0418  \u0417\u0410 \u041a\u041e\u0421\u0410 , HARECARE, HAIR TREATMENTS, SHAMPOO, MASK, CONDITIONERS, STYLING\",\"publisher\":{\"@id\":\"https:\\\/\\\/kosa.mk\\\/#organization\"},\"potentialAction\":[{\"@type\":\"SearchAction\",\"target\":{\"@type\":\"EntryPoint\",\"urlTemplate\":\"https:\\\/\\\/kosa.mk\\\/?s={search_term_string}\"},\"query-input\":{\"@type\":\"PropertyValueSpecification\",\"valueRequired\":true,\"valueName\":\"search_term_string\"}}],\"inLanguage\":\"sq-AL\"},{\"@type\":\"Organization\",\"@id\":\"https:\\\/\\\/kosa.mk\\\/#organization\",\"name\":\"KOSA.MK - \u041d\u0415\u0413\u0410 \u041d\u0410 \u041a\u041e\u0421\u0410 HAIR CARE SHOP\",\"url\":\"https:\\\/\\\/kosa.mk\\\/\",\"logo\":{\"@type\":\"ImageObject\",\"inLanguage\":\"sq-AL\",\"@id\":\"https:\\\/\\\/kosa.mk\\\/#\\\/schema\\\/logo\\\/image\\\/\",\"url\":\"https:\\\/\\\/kosa.mk\\\/wp-content\\\/uploads\\\/2023\\\/04\\\/LOGO5.png\",\"contentUrl\":\"https:\\\/\\\/kosa.mk\\\/wp-content\\\/uploads\\\/2023\\\/04\\\/LOGO5.png\",\"width\":499,\"height\":188,\"caption\":\"KOSA.MK - \u041d\u0415\u0413\u0410 \u041d\u0410 \u041a\u041e\u0421\u0410 HAIR CARE SHOP\"},\"image\":{\"@id\":\"https:\\\/\\\/kosa.mk\\\/#\\\/schema\\\/logo\\\/image\\\/\"}}]}<\/script>\n<!-- \/ Yoast SEO plugin. -->","yoast_head_json":{"title":"Texturixing Dry Shampoo Semi Di Lino 200ml - KOSA.MK - \u041d\u0415\u0413\u0410 \u041d\u0410 \u041a\u041e\u0421\u0410 HAIR CARE SHOP","robots":{"index":"index","follow":"follow","max-snippet":"max-snippet:-1","max-image-preview":"max-image-preview:large","max-video-preview":"max-video-preview:-1"},"canonical":"https:\/\/kosa.mk\/product\/texturixing-dry-shampoo-semi-di-lino-200ml\/","og_locale":"sq_AL","og_type":"article","og_title":"Texturixing Dry Shampoo Semi Di Lino 200ml - KOSA.MK - \u041d\u0415\u0413\u0410 \u041d\u0410 \u041a\u041e\u0421\u0410 HAIR CARE SHOP","og_description":"Shampo p\u00ebr larjen e flok\u00ebve t\u00eb that\u00eb, i cili synon thithjen e menj\u00ebhershme t\u00eb yndyr\u00ebs s\u00eb tep\u00ebrt n\u00eb rr\u00ebnj\u00eb p\u00ebr nj\u00eb pamje dhe er\u00eb t\u00eb fresk\u00ebt t\u00eb menj\u00ebhershme.","og_url":"https:\/\/kosa.mk\/product\/texturixing-dry-shampoo-semi-di-lino-200ml\/","og_site_name":"KOSA.MK - \u041d\u0415\u0413\u0410 \u041d\u0410 \u041a\u041e\u0421\u0410 HAIR CARE SHOP","article_modified_time":"2024-10-10T00:02:57+00:00","twitter_card":"summary_large_image","schema":{"@context":"https:\/\/schema.org","@graph":[{"@type":"WebPage","@id":"https:\/\/kosa.mk\/product\/texturixing-dry-shampoo-semi-di-lino-200ml\/","url":"https:\/\/kosa.mk\/product\/texturixing-dry-shampoo-semi-di-lino-200ml\/","name":"Texturixing Dry Shampoo Semi Di Lino 200ml - KOSA.MK - \u041d\u0415\u0413\u0410 \u041d\u0410 \u041a\u041e\u0421\u0410 HAIR CARE SHOP","isPartOf":{"@id":"https:\/\/kosa.mk\/#website"},"primaryImageOfPage":{"@id":"https:\/\/kosa.mk\/product\/texturixing-dry-shampoo-semi-di-lino-200ml\/#primaryimage"},"image":{"@id":"https:\/\/kosa.mk\/product\/texturixing-dry-shampoo-semi-di-lino-200ml\/#primaryimage"},"thumbnailUrl":"https:\/\/kosa.mk\/wp-content\/uploads\/2024\/10\/Style_Stories_TEXTURIZING_DRY_SHAMPOO_Alfaparf_Milano_pf017576_2000x2000_01.png-front1.jpg","datePublished":"2024-10-02T05:30:42+00:00","dateModified":"2024-10-10T00:02:57+00:00","breadcrumb":{"@id":"https:\/\/kosa.mk\/product\/texturixing-dry-shampoo-semi-di-lino-200ml\/#breadcrumb"},"inLanguage":"sq-AL","potentialAction":[{"@type":"ReadAction","target":["https:\/\/kosa.mk\/product\/texturixing-dry-shampoo-semi-di-lino-200ml\/"]}]},{"@type":"ImageObject","inLanguage":"sq-AL","@id":"https:\/\/kosa.mk\/product\/texturixing-dry-shampoo-semi-di-lino-200ml\/#primaryimage","url":"https:\/\/kosa.mk\/wp-content\/uploads\/2024\/10\/Style_Stories_TEXTURIZING_DRY_SHAMPOO_Alfaparf_Milano_pf017576_2000x2000_01.png-front1.jpg","contentUrl":"https:\/\/kosa.mk\/wp-content\/uploads\/2024\/10\/Style_Stories_TEXTURIZING_DRY_SHAMPOO_Alfaparf_Milano_pf017576_2000x2000_01.png-front1.jpg","width":1000,"height":1000},{"@type":"BreadcrumbList","@id":"https:\/\/kosa.mk\/product\/texturixing-dry-shampoo-semi-di-lino-200ml\/#breadcrumb","itemListElement":[{"@type":"ListItem","position":1,"name":"Home","item":"https:\/\/kosa.mk\/sq\/"},{"@type":"ListItem","position":2,"name":"Shop","item":"https:\/\/kosa.mk\/shop\/"},{"@type":"ListItem","position":3,"name":"Texturixing Dry Shampoo Semi Di Lino 200ml"}]},{"@type":"WebSite","@id":"https:\/\/kosa.mk\/#website","url":"https:\/\/kosa.mk\/","name":"KOSA.MK - \u041d\u0415\u0413\u0410 \u041d\u0410 \u041a\u041e\u0421\u0410 HAIR CARE SHOP","description":"\u041d\u0415\u0413\u0410 ,\u0421\u0422\u0410\u0408\u041b\u0418\u041d\u0413,\u0422\u0420\u0415\u0422\u041c\u0410\u041d\u0418  \u0417\u0410 \u041a\u041e\u0421\u0410 , HARECARE, HAIR TREATMENTS, SHAMPOO, MASK, CONDITIONERS, STYLING","publisher":{"@id":"https:\/\/kosa.mk\/#organization"},"potentialAction":[{"@type":"SearchAction","target":{"@type":"EntryPoint","urlTemplate":"https:\/\/kosa.mk\/?s={search_term_string}"},"query-input":{"@type":"PropertyValueSpecification","valueRequired":true,"valueName":"search_term_string"}}],"inLanguage":"sq-AL"},{"@type":"Organization","@id":"https:\/\/kosa.mk\/#organization","name":"KOSA.MK - \u041d\u0415\u0413\u0410 \u041d\u0410 \u041a\u041e\u0421\u0410 HAIR CARE SHOP","url":"https:\/\/kosa.mk\/","logo":{"@type":"ImageObject","inLanguage":"sq-AL","@id":"https:\/\/kosa.mk\/#\/schema\/logo\/image\/","url":"https:\/\/kosa.mk\/wp-content\/uploads\/2023\/04\/LOGO5.png","contentUrl":"https:\/\/kosa.mk\/wp-content\/uploads\/2023\/04\/LOGO5.png","width":499,"height":188,"caption":"KOSA.MK - \u041d\u0415\u0413\u0410 \u041d\u0410 \u041a\u041e\u0421\u0410 HAIR CARE SHOP"},"image":{"@id":"https:\/\/kosa.mk\/#\/schema\/logo\/image\/"}}]}},"brands":[],"_links":{"self":[{"href":"https:\/\/kosa.mk\/sq\/wp-json\/wp\/v2\/product\/12636","targetHints":{"allow":["GET"]}}],"collection":[{"href":"https:\/\/kosa.mk\/sq\/wp-json\/wp\/v2\/product"}],"about":[{"href":"https:\/\/kosa.mk\/sq\/wp-json\/wp\/v2\/types\/product"}],"replies":[{"embeddable":true,"href":"https:\/\/kosa.mk\/sq\/wp-json\/wp\/v2\/comments?post=12636"}],"version-history":[{"count":0,"href":"https:\/\/kosa.mk\/sq\/wp-json\/wp\/v2\/product\/12636\/revisions"}],"wp:featuredmedia":[{"embeddable":true,"href":"https:\/\/kosa.mk\/sq\/wp-json\/wp\/v2\/media\/12634"}],"wp:attachment":[{"href":"https:\/\/kosa.mk\/sq\/wp-json\/wp\/v2\/media?parent=12636"}],"wp:term":[{"taxonomy":"pwb-brand","embeddable":true,"href":"https:\/\/kosa.mk\/sq\/wp-json\/wp\/v2\/pwb-brand?post=12636"},{"taxonomy":"product_brand","embeddable":true,"href":"https:\/\/kosa.mk\/sq\/wp-json\/wp\/v2\/product_brand?post=12636"},{"taxonomy":"product_cat","embeddable":true,"href":"https:\/\/kosa.mk\/sq\/wp-json\/wp\/v2\/product_cat?post=12636"},{"taxonomy":"product_tag","embeddable":true,"href":"https:\/\/kosa.mk\/sq\/wp-json\/wp\/v2\/product_tag?post=12636"}],"curies":[{"name":"wp","href":"https:\/\/api.w.org\/{rel}","templated":true}]}}