{"id":12743,"date":"2024-10-03T06:13:58","date_gmt":"2024-10-03T06:13:58","guid":{"rendered":"https:\/\/kosa.mk\/product\/got2be-%d0%b3%d0%b5%d0%bb-%d0%b7%d0%b0-%d0%b2%d0%b5%d1%93%d0%b8-16ml\/"},"modified":"2024-10-03T06:13:58","modified_gmt":"2024-10-03T06:13:58","slug":"got2be-%d0%b3%d0%b5%d0%bb-%d0%b7%d0%b0-%d0%b2%d0%b5%d1%93%d0%b8-16ml","status":"publish","type":"product","link":"https:\/\/kosa.mk\/sq\/product\/got2be-%d0%b3%d0%b5%d0%bb-%d0%b7%d0%b0-%d0%b2%d0%b5%d1%93%d0%b8-16ml\/","title":{"rendered":"Got2Be \u0413\u0435\u043b \u0437\u0430 \u0432\u0435\u0453\u0438 16ml"},"content":{"rendered":"<h3>Xhel p\u00ebr vetullat Got2b p\u00ebr form\u00ebsimin dhe rregullimin e vetullave. Ky xhel siguron nj\u00eb q\u00ebndrueshm\u00ebri t\u00eb gjat\u00eb, pa ngjitje apo v\u00ebshtir\u00ebsi, dhe \u00ebsht\u00eb ideal p\u00ebr krijimin e nj\u00eb shum\u00ebllojshm\u00ebrie stilesh, nga vetullat natyrale deri tek ato m\u00eb t\u00eb p\u00ebrcaktuara. Xheli zakonisht vjen me nj\u00eb fur\u00e7\u00eb q\u00eb lejon aplikimin e leht\u00eb dhe t\u00eb sakt\u00eb. Xhel\u00ebt e vetullave Got2b jan\u00eb t\u00eb njohur p\u00ebr rezistenc\u00ebn e tyre ndaj ujit dhe jet\u00ebgjat\u00ebsin\u00eb, duke i b\u00ebr\u00eb ato zgjedhjen perfekte p\u00ebr p\u00ebrdorim t\u00eb p\u00ebrditsh\u00ebm.   <\/h3>\n","protected":false},"excerpt":{"rendered":"<h3>Xhel p\u00ebr vetullat Got2b, produkt p\u00ebr form\u00ebsimin dhe rregullimin e vetullave.<\/h3>\n","protected":false},"featured_media":12739,"comment_status":"open","ping_status":"closed","template":"","meta":[],"pwb-brand":[],"product_brand":[],"product_cat":[472,489,492],"product_tag":[],"class_list":{"0":"post-12743","1":"product","2":"type-product","3":"status-publish","4":"has-post-thumbnail","6":"product_cat-leave-in-spraj","7":"product_cat-stilimi","8":"product_cat-stilimi-zhele","10":"first","11":"instock","12":"shipping-taxable","13":"purchasable","14":"product-type-simple"},"yoast_head":"<!-- This site is optimized with the Yoast SEO plugin v27.5 - https:\/\/yoast.com\/product\/yoast-seo-wordpress\/ -->\n<title>Got2Be \u0413\u0435\u043b \u0437\u0430 \u0432\u0435\u0453\u0438 16ml - KOSA.MK - \u041d\u0415\u0413\u0410 \u041d\u0410 \u041a\u041e\u0421\u0410 HAIR CARE SHOP<\/title>\n<meta name=\"robots\" content=\"index, follow, max-snippet:-1, max-image-preview:large, max-video-preview:-1\" \/>\n<link rel=\"canonical\" href=\"https:\/\/kosa.mk\/product\/got2be-\u0433\u0435\u043b-\u0437\u0430-\u0432\u0435\u0453\u0438-16ml\/\" \/>\n<meta property=\"og:locale\" content=\"sq_AL\" \/>\n<meta property=\"og:type\" content=\"article\" \/>\n<meta property=\"og:title\" content=\"Got2Be \u0413\u0435\u043b \u0437\u0430 \u0432\u0435\u0453\u0438 16ml - KOSA.MK - \u041d\u0415\u0413\u0410 \u041d\u0410 \u041a\u041e\u0421\u0410 HAIR CARE SHOP\" \/>\n<meta property=\"og:description\" content=\"Xhel p\u00ebr vetullat Got2b, produkt p\u00ebr form\u00ebsimin dhe rregullimin e vetullave.\" \/>\n<meta property=\"og:url\" content=\"https:\/\/kosa.mk\/product\/got2be-\u0433\u0435\u043b-\u0437\u0430-\u0432\u0435\u0453\u0438-16ml\/\" \/>\n<meta property=\"og:site_name\" content=\"KOSA.MK - \u041d\u0415\u0413\u0410 \u041d\u0410 \u041a\u041e\u0421\u0410 HAIR CARE SHOP\" \/>\n<meta name=\"twitter:card\" content=\"summary_large_image\" \/>\n<meta name=\"twitter:label1\" content=\"Est. reading time\" \/>\n\t<meta name=\"twitter:data1\" content=\"1 minute\" \/>\n<script type=\"application\/ld+json\" class=\"yoast-schema-graph\">{\"@context\":\"https:\\\/\\\/schema.org\",\"@graph\":[{\"@type\":\"WebPage\",\"@id\":\"https:\\\/\\\/kosa.mk\\\/product\\\/got2be-%d0%b3%d0%b5%d0%bb-%d0%b7%d0%b0-%d0%b2%d0%b5%d1%93%d0%b8-16ml\\\/\",\"url\":\"https:\\\/\\\/kosa.mk\\\/product\\\/got2be-%d0%b3%d0%b5%d0%bb-%d0%b7%d0%b0-%d0%b2%d0%b5%d1%93%d0%b8-16ml\\\/\",\"name\":\"Got2Be \u0413\u0435\u043b \u0437\u0430 \u0432\u0435\u0453\u0438 16ml - KOSA.MK - \u041d\u0415\u0413\u0410 \u041d\u0410 \u041a\u041e\u0421\u0410 HAIR CARE SHOP\",\"isPartOf\":{\"@id\":\"https:\\\/\\\/kosa.mk\\\/#website\"},\"primaryImageOfPage\":{\"@id\":\"https:\\\/\\\/kosa.mk\\\/product\\\/got2be-%d0%b3%d0%b5%d0%bb-%d0%b7%d0%b0-%d0%b2%d0%b5%d1%93%d0%b8-16ml\\\/#primaryimage\"},\"image\":{\"@id\":\"https:\\\/\\\/kosa.mk\\\/product\\\/got2be-%d0%b3%d0%b5%d0%bb-%d0%b7%d0%b0-%d0%b2%d0%b5%d1%93%d0%b8-16ml\\\/#primaryimage\"},\"thumbnailUrl\":\"https:\\\/\\\/kosa.mk\\\/wp-content\\\/uploads\\\/2024\\\/10\\\/got2be-gel-kosa.jpg\",\"datePublished\":\"2024-10-03T06:13:58+00:00\",\"breadcrumb\":{\"@id\":\"https:\\\/\\\/kosa.mk\\\/product\\\/got2be-%d0%b3%d0%b5%d0%bb-%d0%b7%d0%b0-%d0%b2%d0%b5%d1%93%d0%b8-16ml\\\/#breadcrumb\"},\"inLanguage\":\"sq-AL\",\"potentialAction\":[{\"@type\":\"ReadAction\",\"target\":[\"https:\\\/\\\/kosa.mk\\\/product\\\/got2be-%d0%b3%d0%b5%d0%bb-%d0%b7%d0%b0-%d0%b2%d0%b5%d1%93%d0%b8-16ml\\\/\"]}]},{\"@type\":\"ImageObject\",\"inLanguage\":\"sq-AL\",\"@id\":\"https:\\\/\\\/kosa.mk\\\/product\\\/got2be-%d0%b3%d0%b5%d0%bb-%d0%b7%d0%b0-%d0%b2%d0%b5%d1%93%d0%b8-16ml\\\/#primaryimage\",\"url\":\"https:\\\/\\\/kosa.mk\\\/wp-content\\\/uploads\\\/2024\\\/10\\\/got2be-gel-kosa.jpg\",\"contentUrl\":\"https:\\\/\\\/kosa.mk\\\/wp-content\\\/uploads\\\/2024\\\/10\\\/got2be-gel-kosa.jpg\",\"width\":1000,\"height\":1000},{\"@type\":\"BreadcrumbList\",\"@id\":\"https:\\\/\\\/kosa.mk\\\/product\\\/got2be-%d0%b3%d0%b5%d0%bb-%d0%b7%d0%b0-%d0%b2%d0%b5%d1%93%d0%b8-16ml\\\/#breadcrumb\",\"itemListElement\":[{\"@type\":\"ListItem\",\"position\":1,\"name\":\"Home\",\"item\":\"https:\\\/\\\/kosa.mk\\\/sq\\\/\"},{\"@type\":\"ListItem\",\"position\":2,\"name\":\"Shop\",\"item\":\"https:\\\/\\\/kosa.mk\\\/shop\\\/\"},{\"@type\":\"ListItem\",\"position\":3,\"name\":\"Got2Be \u0413\u0435\u043b \u0437\u0430 \u0432\u0435\u0453\u0438 16ml\"}]},{\"@type\":\"WebSite\",\"@id\":\"https:\\\/\\\/kosa.mk\\\/#website\",\"url\":\"https:\\\/\\\/kosa.mk\\\/\",\"name\":\"KOSA.MK - \u041d\u0415\u0413\u0410 \u041d\u0410 \u041a\u041e\u0421\u0410 HAIR CARE SHOP\",\"description\":\"\u041d\u0415\u0413\u0410 ,\u0421\u0422\u0410\u0408\u041b\u0418\u041d\u0413,\u0422\u0420\u0415\u0422\u041c\u0410\u041d\u0418  \u0417\u0410 \u041a\u041e\u0421\u0410 , HARECARE, HAIR TREATMENTS, SHAMPOO, MASK, CONDITIONERS, STYLING\",\"publisher\":{\"@id\":\"https:\\\/\\\/kosa.mk\\\/#organization\"},\"potentialAction\":[{\"@type\":\"SearchAction\",\"target\":{\"@type\":\"EntryPoint\",\"urlTemplate\":\"https:\\\/\\\/kosa.mk\\\/?s={search_term_string}\"},\"query-input\":{\"@type\":\"PropertyValueSpecification\",\"valueRequired\":true,\"valueName\":\"search_term_string\"}}],\"inLanguage\":\"sq-AL\"},{\"@type\":\"Organization\",\"@id\":\"https:\\\/\\\/kosa.mk\\\/#organization\",\"name\":\"KOSA.MK - \u041d\u0415\u0413\u0410 \u041d\u0410 \u041a\u041e\u0421\u0410 HAIR CARE SHOP\",\"url\":\"https:\\\/\\\/kosa.mk\\\/\",\"logo\":{\"@type\":\"ImageObject\",\"inLanguage\":\"sq-AL\",\"@id\":\"https:\\\/\\\/kosa.mk\\\/#\\\/schema\\\/logo\\\/image\\\/\",\"url\":\"https:\\\/\\\/kosa.mk\\\/wp-content\\\/uploads\\\/2023\\\/04\\\/LOGO5.png\",\"contentUrl\":\"https:\\\/\\\/kosa.mk\\\/wp-content\\\/uploads\\\/2023\\\/04\\\/LOGO5.png\",\"width\":499,\"height\":188,\"caption\":\"KOSA.MK - \u041d\u0415\u0413\u0410 \u041d\u0410 \u041a\u041e\u0421\u0410 HAIR CARE SHOP\"},\"image\":{\"@id\":\"https:\\\/\\\/kosa.mk\\\/#\\\/schema\\\/logo\\\/image\\\/\"}}]}<\/script>\n<!-- \/ Yoast SEO plugin. -->","yoast_head_json":{"title":"Got2Be \u0413\u0435\u043b \u0437\u0430 \u0432\u0435\u0453\u0438 16ml - KOSA.MK - \u041d\u0415\u0413\u0410 \u041d\u0410 \u041a\u041e\u0421\u0410 HAIR CARE SHOP","robots":{"index":"index","follow":"follow","max-snippet":"max-snippet:-1","max-image-preview":"max-image-preview:large","max-video-preview":"max-video-preview:-1"},"canonical":"https:\/\/kosa.mk\/product\/got2be-\u0433\u0435\u043b-\u0437\u0430-\u0432\u0435\u0453\u0438-16ml\/","og_locale":"sq_AL","og_type":"article","og_title":"Got2Be \u0413\u0435\u043b \u0437\u0430 \u0432\u0435\u0453\u0438 16ml - KOSA.MK - \u041d\u0415\u0413\u0410 \u041d\u0410 \u041a\u041e\u0421\u0410 HAIR CARE SHOP","og_description":"Xhel p\u00ebr vetullat Got2b, produkt p\u00ebr form\u00ebsimin dhe rregullimin e vetullave.","og_url":"https:\/\/kosa.mk\/product\/got2be-\u0433\u0435\u043b-\u0437\u0430-\u0432\u0435\u0453\u0438-16ml\/","og_site_name":"KOSA.MK - \u041d\u0415\u0413\u0410 \u041d\u0410 \u041a\u041e\u0421\u0410 HAIR CARE SHOP","twitter_card":"summary_large_image","twitter_misc":{"Est. reading time":"1 minute"},"schema":{"@context":"https:\/\/schema.org","@graph":[{"@type":"WebPage","@id":"https:\/\/kosa.mk\/product\/got2be-%d0%b3%d0%b5%d0%bb-%d0%b7%d0%b0-%d0%b2%d0%b5%d1%93%d0%b8-16ml\/","url":"https:\/\/kosa.mk\/product\/got2be-%d0%b3%d0%b5%d0%bb-%d0%b7%d0%b0-%d0%b2%d0%b5%d1%93%d0%b8-16ml\/","name":"Got2Be \u0413\u0435\u043b \u0437\u0430 \u0432\u0435\u0453\u0438 16ml - KOSA.MK - \u041d\u0415\u0413\u0410 \u041d\u0410 \u041a\u041e\u0421\u0410 HAIR CARE SHOP","isPartOf":{"@id":"https:\/\/kosa.mk\/#website"},"primaryImageOfPage":{"@id":"https:\/\/kosa.mk\/product\/got2be-%d0%b3%d0%b5%d0%bb-%d0%b7%d0%b0-%d0%b2%d0%b5%d1%93%d0%b8-16ml\/#primaryimage"},"image":{"@id":"https:\/\/kosa.mk\/product\/got2be-%d0%b3%d0%b5%d0%bb-%d0%b7%d0%b0-%d0%b2%d0%b5%d1%93%d0%b8-16ml\/#primaryimage"},"thumbnailUrl":"https:\/\/kosa.mk\/wp-content\/uploads\/2024\/10\/got2be-gel-kosa.jpg","datePublished":"2024-10-03T06:13:58+00:00","breadcrumb":{"@id":"https:\/\/kosa.mk\/product\/got2be-%d0%b3%d0%b5%d0%bb-%d0%b7%d0%b0-%d0%b2%d0%b5%d1%93%d0%b8-16ml\/#breadcrumb"},"inLanguage":"sq-AL","potentialAction":[{"@type":"ReadAction","target":["https:\/\/kosa.mk\/product\/got2be-%d0%b3%d0%b5%d0%bb-%d0%b7%d0%b0-%d0%b2%d0%b5%d1%93%d0%b8-16ml\/"]}]},{"@type":"ImageObject","inLanguage":"sq-AL","@id":"https:\/\/kosa.mk\/product\/got2be-%d0%b3%d0%b5%d0%bb-%d0%b7%d0%b0-%d0%b2%d0%b5%d1%93%d0%b8-16ml\/#primaryimage","url":"https:\/\/kosa.mk\/wp-content\/uploads\/2024\/10\/got2be-gel-kosa.jpg","contentUrl":"https:\/\/kosa.mk\/wp-content\/uploads\/2024\/10\/got2be-gel-kosa.jpg","width":1000,"height":1000},{"@type":"BreadcrumbList","@id":"https:\/\/kosa.mk\/product\/got2be-%d0%b3%d0%b5%d0%bb-%d0%b7%d0%b0-%d0%b2%d0%b5%d1%93%d0%b8-16ml\/#breadcrumb","itemListElement":[{"@type":"ListItem","position":1,"name":"Home","item":"https:\/\/kosa.mk\/sq\/"},{"@type":"ListItem","position":2,"name":"Shop","item":"https:\/\/kosa.mk\/shop\/"},{"@type":"ListItem","position":3,"name":"Got2Be \u0413\u0435\u043b \u0437\u0430 \u0432\u0435\u0453\u0438 16ml"}]},{"@type":"WebSite","@id":"https:\/\/kosa.mk\/#website","url":"https:\/\/kosa.mk\/","name":"KOSA.MK - \u041d\u0415\u0413\u0410 \u041d\u0410 \u041a\u041e\u0421\u0410 HAIR CARE SHOP","description":"\u041d\u0415\u0413\u0410 ,\u0421\u0422\u0410\u0408\u041b\u0418\u041d\u0413,\u0422\u0420\u0415\u0422\u041c\u0410\u041d\u0418  \u0417\u0410 \u041a\u041e\u0421\u0410 , HARECARE, HAIR TREATMENTS, SHAMPOO, MASK, CONDITIONERS, STYLING","publisher":{"@id":"https:\/\/kosa.mk\/#organization"},"potentialAction":[{"@type":"SearchAction","target":{"@type":"EntryPoint","urlTemplate":"https:\/\/kosa.mk\/?s={search_term_string}"},"query-input":{"@type":"PropertyValueSpecification","valueRequired":true,"valueName":"search_term_string"}}],"inLanguage":"sq-AL"},{"@type":"Organization","@id":"https:\/\/kosa.mk\/#organization","name":"KOSA.MK - \u041d\u0415\u0413\u0410 \u041d\u0410 \u041a\u041e\u0421\u0410 HAIR CARE SHOP","url":"https:\/\/kosa.mk\/","logo":{"@type":"ImageObject","inLanguage":"sq-AL","@id":"https:\/\/kosa.mk\/#\/schema\/logo\/image\/","url":"https:\/\/kosa.mk\/wp-content\/uploads\/2023\/04\/LOGO5.png","contentUrl":"https:\/\/kosa.mk\/wp-content\/uploads\/2023\/04\/LOGO5.png","width":499,"height":188,"caption":"KOSA.MK - \u041d\u0415\u0413\u0410 \u041d\u0410 \u041a\u041e\u0421\u0410 HAIR CARE SHOP"},"image":{"@id":"https:\/\/kosa.mk\/#\/schema\/logo\/image\/"}}]}},"brands":[],"_links":{"self":[{"href":"https:\/\/kosa.mk\/sq\/wp-json\/wp\/v2\/product\/12743","targetHints":{"allow":["GET"]}}],"collection":[{"href":"https:\/\/kosa.mk\/sq\/wp-json\/wp\/v2\/product"}],"about":[{"href":"https:\/\/kosa.mk\/sq\/wp-json\/wp\/v2\/types\/product"}],"replies":[{"embeddable":true,"href":"https:\/\/kosa.mk\/sq\/wp-json\/wp\/v2\/comments?post=12743"}],"version-history":[{"count":0,"href":"https:\/\/kosa.mk\/sq\/wp-json\/wp\/v2\/product\/12743\/revisions"}],"wp:featuredmedia":[{"embeddable":true,"href":"https:\/\/kosa.mk\/sq\/wp-json\/wp\/v2\/media\/12739"}],"wp:attachment":[{"href":"https:\/\/kosa.mk\/sq\/wp-json\/wp\/v2\/media?parent=12743"}],"wp:term":[{"taxonomy":"pwb-brand","embeddable":true,"href":"https:\/\/kosa.mk\/sq\/wp-json\/wp\/v2\/pwb-brand?post=12743"},{"taxonomy":"product_brand","embeddable":true,"href":"https:\/\/kosa.mk\/sq\/wp-json\/wp\/v2\/product_brand?post=12743"},{"taxonomy":"product_cat","embeddable":true,"href":"https:\/\/kosa.mk\/sq\/wp-json\/wp\/v2\/product_cat?post=12743"},{"taxonomy":"product_tag","embeddable":true,"href":"https:\/\/kosa.mk\/sq\/wp-json\/wp\/v2\/product_tag?post=12743"}],"curies":[{"name":"wp","href":"https:\/\/api.w.org\/{rel}","templated":true}]}}