{"id":12774,"date":"2024-10-10T17:42:14","date_gmt":"2024-10-10T17:42:14","guid":{"rendered":"https:\/\/kosa.mk\/product\/inebrya-pro-age-shampoo\/"},"modified":"2024-10-10T17:42:14","modified_gmt":"2024-10-10T17:42:14","slug":"inebrya-pro-age-shampoo","status":"publish","type":"product","link":"https:\/\/kosa.mk\/sq\/product\/inebrya-pro-age-shampoo\/","title":{"rendered":"INEBRYA PRO-AGE SHAMPOO"},"content":{"rendered":"<h4>Argan-Age \u00ebsht\u00eb linja e plot\u00eb e Ice Cream e trajtimeve dhe kremrave kund\u00ebr diellit Argan p\u00ebr t\u00eb ruajtur hidratimin dhe sh\u00ebndetin e flok\u00ebve. Zhytuni n\u00eb hidratimin e ftoht\u00eb t\u00eb akullores p\u00ebr t\u00eb luftuar that\u00ebsin\u00eb, efektet an\u00ebsore t\u00eb mjeteve t\u00eb stilimit ose faktor\u00ebt mjedisor\u00eb dhe p\u00ebr t\u00eb rivendosur bukurin\u00eb natyrale t\u00eb flok\u00ebve.Ideale p\u00ebr flok\u00eb natyral\u00eb t\u00eb that\u00eb, shum\u00eb t\u00eb that\u00eb, t\u00eb skuqur dhe t\u00eb dehidratuar, t\u00eb prirur ndaj majave t\u00eb \u00e7ara, t\u00eb brisht\u00eb dhe t\u00eb v\u00ebshtir\u00eb p\u00ebr t&#8217;u krehur, i shurdh\u00ebr, i n\u00ebnshtruar ndaj p\u00ebrdorimit t\u00eb shpesht\u00eb t\u00eb mjeteve t\u00eb nxehta t\u00eb stilimit ose i ekspozuar ndaj diellit, krip\u00ebs, klorit dhe smogut.  <\/h4>\n<h4>Shampo Pro-Age \u00ebsht\u00eb nj\u00eb shampo shk\u00eblqimi me vaj argani. Ve\u00e7an\u00ebrisht i p\u00ebrshtatsh\u00ebm p\u00ebr flok\u00eb t\u00eb trajtuar, t\u00eb shurdh\u00ebr dhe t\u00eb shurdh\u00ebr, kryen nj\u00eb pastrim efektiv, duke i dh\u00ebn\u00eb gjall\u00ebri dhe shk\u00eblqim t\u00eb pakrahasuesh\u00ebm. <\/h4>\n<h4>Shishja ka % plastik\u00eb t\u00eb ricikluar. Formula \u00ebsht\u00eb vegane dhe pa silikone dhe SLS. <\/h4>\n","protected":false},"excerpt":{"rendered":"<h4>\u0428\u0430\u043c\u043f\u043e\u043d \u0437\u0430 \u0441\u0458\u0430\u0458 \u0441\u043e \u043c\u0430\u0441\u043b\u043e \u043e\u0434 \u0430\u0440\u0433\u0430\u043d<br \/>\n\u0418\u0434\u0435\u0430\u043b\u0435\u043d \u0437\u0430 \u0442\u0440\u0435\u0442\u0438\u0440\u0430\u043d\u0430, \u043c\u0430\u0442\u043d\u0430 \u0438 \u0434\u043e\u0441\u0430\u0434\u043d\u0430 \u043a\u043e\u0441\u0430<br \/>\n\u0415\u0444\u0438\u043a\u0430\u0441\u043d\u043e \u0447\u0438\u0441\u0442\u0435\u045a\u0435, \u0434\u0430\u0432\u0430\u0458\u045c\u0438 \u043d\u0435\u0441\u043f\u043e\u0440\u0435\u0434\u043b\u0438\u0432\u0430 \u0436\u0438\u0432\u043e\u0441\u0442 \u0438 \u0441\u0458\u0430\u0458<br \/>\n\u0428\u0438\u0448\u0435\u0442\u043e \u0438\u043c\u0430 % \u0440\u0435\u0446\u0438\u043a\u043b\u0438\u0440\u0430\u043d\u0430 \u043f\u043b\u0430\u0441\u0442\u0438\u043a\u0430<br \/>\n\u0424\u043e\u0440\u043c\u0443\u043b\u0430\u0442\u0430 \u0435 \u0432\u0435\u0433\u0430\u043d\u0441\u043a\u0430 \u0438 \u0431\u0435\u0437 \u0441\u0438\u043b\u0438\u043a\u043e\u043d\u0438 \u0438 SLS<\/h4>\n","protected":false},"featured_media":12768,"comment_status":"open","ping_status":"closed","template":"","meta":[],"pwb-brand":[],"product_brand":[],"product_cat":[413,419,424,433,432],"product_tag":[],"class_list":{"0":"post-12774","1":"product","2":"type-product","3":"status-publish","4":"has-post-thumbnail","6":"product_cat-shampona","7":"product_cat-shampona-ditore","8":"product_cat-shampona-per-floke-te-lyer","9":"product_cat-shampona-per-floke-te-thate-dhe-te-demtuar","10":"product_cat-shampona-per-foloke-te-holle-dhe-te-brishte","12":"first","13":"instock","14":"shipping-taxable","15":"purchasable","16":"product-type-variable"},"yoast_head":"<!-- This site is optimized with the Yoast SEO plugin v27.5 - https:\/\/yoast.com\/product\/yoast-seo-wordpress\/ -->\n<title>INEBRYA PRO-AGE SHAMPOO - KOSA.MK - \u041d\u0415\u0413\u0410 \u041d\u0410 \u041a\u041e\u0421\u0410 HAIR CARE SHOP<\/title>\n<meta name=\"robots\" content=\"index, follow, max-snippet:-1, max-image-preview:large, max-video-preview:-1\" \/>\n<link rel=\"canonical\" href=\"https:\/\/kosa.mk\/product\/inebrya-pro-age-shampoo\/\" \/>\n<meta property=\"og:locale\" content=\"sq_AL\" \/>\n<meta property=\"og:type\" content=\"article\" \/>\n<meta property=\"og:title\" content=\"INEBRYA PRO-AGE SHAMPOO - KOSA.MK - \u041d\u0415\u0413\u0410 \u041d\u0410 \u041a\u041e\u0421\u0410 HAIR CARE SHOP\" \/>\n<meta property=\"og:description\" content=\"\u0428\u0430\u043c\u043f\u043e\u043d \u0437\u0430 \u0441\u0458\u0430\u0458 \u0441\u043e \u043c\u0430\u0441\u043b\u043e \u043e\u0434 \u0430\u0440\u0433\u0430\u043d \u0418\u0434\u0435\u0430\u043b\u0435\u043d \u0437\u0430 \u0442\u0440\u0435\u0442\u0438\u0440\u0430\u043d\u0430, \u043c\u0430\u0442\u043d\u0430 \u0438 \u0434\u043e\u0441\u0430\u0434\u043d\u0430 \u043a\u043e\u0441\u0430 \u0415\u0444\u0438\u043a\u0430\u0441\u043d\u043e \u0447\u0438\u0441\u0442\u0435\u045a\u0435, \u0434\u0430\u0432\u0430\u0458\u045c\u0438 \u043d\u0435\u0441\u043f\u043e\u0440\u0435\u0434\u043b\u0438\u0432\u0430 \u0436\u0438\u0432\u043e\u0441\u0442 \u0438 \u0441\u0458\u0430\u0458 \u0428\u0438\u0448\u0435\u0442\u043e \u0438\u043c\u0430 % \u0440\u0435\u0446\u0438\u043a\u043b\u0438\u0440\u0430\u043d\u0430 \u043f\u043b\u0430\u0441\u0442\u0438\u043a\u0430 \u0424\u043e\u0440\u043c\u0443\u043b\u0430\u0442\u0430 \u0435 \u0432\u0435\u0433\u0430\u043d\u0441\u043a\u0430 \u0438 \u0431\u0435\u0437 \u0441\u0438\u043b\u0438\u043a\u043e\u043d\u0438 \u0438 SLS\" \/>\n<meta property=\"og:url\" content=\"https:\/\/kosa.mk\/product\/inebrya-pro-age-shampoo\/\" \/>\n<meta property=\"og:site_name\" content=\"KOSA.MK - \u041d\u0415\u0413\u0410 \u041d\u0410 \u041a\u041e\u0421\u0410 HAIR CARE SHOP\" \/>\n<meta name=\"twitter:card\" content=\"summary_large_image\" \/>\n<meta name=\"twitter:label1\" content=\"Est. reading time\" \/>\n\t<meta name=\"twitter:data1\" content=\"1 minute\" \/>\n<script type=\"application\/ld+json\" class=\"yoast-schema-graph\">{\"@context\":\"https:\\\/\\\/schema.org\",\"@graph\":[{\"@type\":\"WebPage\",\"@id\":\"https:\\\/\\\/kosa.mk\\\/product\\\/inebrya-pro-age-shampoo\\\/\",\"url\":\"https:\\\/\\\/kosa.mk\\\/product\\\/inebrya-pro-age-shampoo\\\/\",\"name\":\"INEBRYA PRO-AGE SHAMPOO - KOSA.MK - \u041d\u0415\u0413\u0410 \u041d\u0410 \u041a\u041e\u0421\u0410 HAIR CARE SHOP\",\"isPartOf\":{\"@id\":\"https:\\\/\\\/kosa.mk\\\/#website\"},\"primaryImageOfPage\":{\"@id\":\"https:\\\/\\\/kosa.mk\\\/product\\\/inebrya-pro-age-shampoo\\\/#primaryimage\"},\"image\":{\"@id\":\"https:\\\/\\\/kosa.mk\\\/product\\\/inebrya-pro-age-shampoo\\\/#primaryimage\"},\"thumbnailUrl\":\"https:\\\/\\\/kosa.mk\\\/wp-content\\\/uploads\\\/2024\\\/10\\\/Pro-age-shampoo-1000ml.png\",\"datePublished\":\"2024-10-10T17:42:14+00:00\",\"breadcrumb\":{\"@id\":\"https:\\\/\\\/kosa.mk\\\/product\\\/inebrya-pro-age-shampoo\\\/#breadcrumb\"},\"inLanguage\":\"sq-AL\",\"potentialAction\":[{\"@type\":\"ReadAction\",\"target\":[\"https:\\\/\\\/kosa.mk\\\/product\\\/inebrya-pro-age-shampoo\\\/\"]}]},{\"@type\":\"ImageObject\",\"inLanguage\":\"sq-AL\",\"@id\":\"https:\\\/\\\/kosa.mk\\\/product\\\/inebrya-pro-age-shampoo\\\/#primaryimage\",\"url\":\"https:\\\/\\\/kosa.mk\\\/wp-content\\\/uploads\\\/2024\\\/10\\\/Pro-age-shampoo-1000ml.png\",\"contentUrl\":\"https:\\\/\\\/kosa.mk\\\/wp-content\\\/uploads\\\/2024\\\/10\\\/Pro-age-shampoo-1000ml.png\",\"width\":2000,\"height\":2000},{\"@type\":\"BreadcrumbList\",\"@id\":\"https:\\\/\\\/kosa.mk\\\/product\\\/inebrya-pro-age-shampoo\\\/#breadcrumb\",\"itemListElement\":[{\"@type\":\"ListItem\",\"position\":1,\"name\":\"Home\",\"item\":\"https:\\\/\\\/kosa.mk\\\/sq\\\/\"},{\"@type\":\"ListItem\",\"position\":2,\"name\":\"Shop\",\"item\":\"https:\\\/\\\/kosa.mk\\\/shop\\\/\"},{\"@type\":\"ListItem\",\"position\":3,\"name\":\"INEBRYA PRO-AGE SHAMPOO\"}]},{\"@type\":\"WebSite\",\"@id\":\"https:\\\/\\\/kosa.mk\\\/#website\",\"url\":\"https:\\\/\\\/kosa.mk\\\/\",\"name\":\"KOSA.MK - \u041d\u0415\u0413\u0410 \u041d\u0410 \u041a\u041e\u0421\u0410 HAIR CARE SHOP\",\"description\":\"\u041d\u0415\u0413\u0410 ,\u0421\u0422\u0410\u0408\u041b\u0418\u041d\u0413,\u0422\u0420\u0415\u0422\u041c\u0410\u041d\u0418  \u0417\u0410 \u041a\u041e\u0421\u0410 , HARECARE, HAIR TREATMENTS, SHAMPOO, MASK, CONDITIONERS, STYLING\",\"publisher\":{\"@id\":\"https:\\\/\\\/kosa.mk\\\/#organization\"},\"potentialAction\":[{\"@type\":\"SearchAction\",\"target\":{\"@type\":\"EntryPoint\",\"urlTemplate\":\"https:\\\/\\\/kosa.mk\\\/?s={search_term_string}\"},\"query-input\":{\"@type\":\"PropertyValueSpecification\",\"valueRequired\":true,\"valueName\":\"search_term_string\"}}],\"inLanguage\":\"sq-AL\"},{\"@type\":\"Organization\",\"@id\":\"https:\\\/\\\/kosa.mk\\\/#organization\",\"name\":\"KOSA.MK - \u041d\u0415\u0413\u0410 \u041d\u0410 \u041a\u041e\u0421\u0410 HAIR CARE SHOP\",\"url\":\"https:\\\/\\\/kosa.mk\\\/\",\"logo\":{\"@type\":\"ImageObject\",\"inLanguage\":\"sq-AL\",\"@id\":\"https:\\\/\\\/kosa.mk\\\/#\\\/schema\\\/logo\\\/image\\\/\",\"url\":\"https:\\\/\\\/kosa.mk\\\/wp-content\\\/uploads\\\/2023\\\/04\\\/LOGO5.png\",\"contentUrl\":\"https:\\\/\\\/kosa.mk\\\/wp-content\\\/uploads\\\/2023\\\/04\\\/LOGO5.png\",\"width\":499,\"height\":188,\"caption\":\"KOSA.MK - \u041d\u0415\u0413\u0410 \u041d\u0410 \u041a\u041e\u0421\u0410 HAIR CARE SHOP\"},\"image\":{\"@id\":\"https:\\\/\\\/kosa.mk\\\/#\\\/schema\\\/logo\\\/image\\\/\"}}]}<\/script>\n<!-- \/ Yoast SEO plugin. -->","yoast_head_json":{"title":"INEBRYA PRO-AGE SHAMPOO - KOSA.MK - \u041d\u0415\u0413\u0410 \u041d\u0410 \u041a\u041e\u0421\u0410 HAIR CARE SHOP","robots":{"index":"index","follow":"follow","max-snippet":"max-snippet:-1","max-image-preview":"max-image-preview:large","max-video-preview":"max-video-preview:-1"},"canonical":"https:\/\/kosa.mk\/product\/inebrya-pro-age-shampoo\/","og_locale":"sq_AL","og_type":"article","og_title":"INEBRYA PRO-AGE SHAMPOO - KOSA.MK - \u041d\u0415\u0413\u0410 \u041d\u0410 \u041a\u041e\u0421\u0410 HAIR CARE SHOP","og_description":"\u0428\u0430\u043c\u043f\u043e\u043d \u0437\u0430 \u0441\u0458\u0430\u0458 \u0441\u043e \u043c\u0430\u0441\u043b\u043e \u043e\u0434 \u0430\u0440\u0433\u0430\u043d \u0418\u0434\u0435\u0430\u043b\u0435\u043d \u0437\u0430 \u0442\u0440\u0435\u0442\u0438\u0440\u0430\u043d\u0430, \u043c\u0430\u0442\u043d\u0430 \u0438 \u0434\u043e\u0441\u0430\u0434\u043d\u0430 \u043a\u043e\u0441\u0430 \u0415\u0444\u0438\u043a\u0430\u0441\u043d\u043e \u0447\u0438\u0441\u0442\u0435\u045a\u0435, \u0434\u0430\u0432\u0430\u0458\u045c\u0438 \u043d\u0435\u0441\u043f\u043e\u0440\u0435\u0434\u043b\u0438\u0432\u0430 \u0436\u0438\u0432\u043e\u0441\u0442 \u0438 \u0441\u0458\u0430\u0458 \u0428\u0438\u0448\u0435\u0442\u043e \u0438\u043c\u0430 % \u0440\u0435\u0446\u0438\u043a\u043b\u0438\u0440\u0430\u043d\u0430 \u043f\u043b\u0430\u0441\u0442\u0438\u043a\u0430 \u0424\u043e\u0440\u043c\u0443\u043b\u0430\u0442\u0430 \u0435 \u0432\u0435\u0433\u0430\u043d\u0441\u043a\u0430 \u0438 \u0431\u0435\u0437 \u0441\u0438\u043b\u0438\u043a\u043e\u043d\u0438 \u0438 SLS","og_url":"https:\/\/kosa.mk\/product\/inebrya-pro-age-shampoo\/","og_site_name":"KOSA.MK - \u041d\u0415\u0413\u0410 \u041d\u0410 \u041a\u041e\u0421\u0410 HAIR CARE SHOP","twitter_card":"summary_large_image","twitter_misc":{"Est. reading time":"1 minute"},"schema":{"@context":"https:\/\/schema.org","@graph":[{"@type":"WebPage","@id":"https:\/\/kosa.mk\/product\/inebrya-pro-age-shampoo\/","url":"https:\/\/kosa.mk\/product\/inebrya-pro-age-shampoo\/","name":"INEBRYA PRO-AGE SHAMPOO - KOSA.MK - \u041d\u0415\u0413\u0410 \u041d\u0410 \u041a\u041e\u0421\u0410 HAIR CARE SHOP","isPartOf":{"@id":"https:\/\/kosa.mk\/#website"},"primaryImageOfPage":{"@id":"https:\/\/kosa.mk\/product\/inebrya-pro-age-shampoo\/#primaryimage"},"image":{"@id":"https:\/\/kosa.mk\/product\/inebrya-pro-age-shampoo\/#primaryimage"},"thumbnailUrl":"https:\/\/kosa.mk\/wp-content\/uploads\/2024\/10\/Pro-age-shampoo-1000ml.png","datePublished":"2024-10-10T17:42:14+00:00","breadcrumb":{"@id":"https:\/\/kosa.mk\/product\/inebrya-pro-age-shampoo\/#breadcrumb"},"inLanguage":"sq-AL","potentialAction":[{"@type":"ReadAction","target":["https:\/\/kosa.mk\/product\/inebrya-pro-age-shampoo\/"]}]},{"@type":"ImageObject","inLanguage":"sq-AL","@id":"https:\/\/kosa.mk\/product\/inebrya-pro-age-shampoo\/#primaryimage","url":"https:\/\/kosa.mk\/wp-content\/uploads\/2024\/10\/Pro-age-shampoo-1000ml.png","contentUrl":"https:\/\/kosa.mk\/wp-content\/uploads\/2024\/10\/Pro-age-shampoo-1000ml.png","width":2000,"height":2000},{"@type":"BreadcrumbList","@id":"https:\/\/kosa.mk\/product\/inebrya-pro-age-shampoo\/#breadcrumb","itemListElement":[{"@type":"ListItem","position":1,"name":"Home","item":"https:\/\/kosa.mk\/sq\/"},{"@type":"ListItem","position":2,"name":"Shop","item":"https:\/\/kosa.mk\/shop\/"},{"@type":"ListItem","position":3,"name":"INEBRYA PRO-AGE SHAMPOO"}]},{"@type":"WebSite","@id":"https:\/\/kosa.mk\/#website","url":"https:\/\/kosa.mk\/","name":"KOSA.MK - \u041d\u0415\u0413\u0410 \u041d\u0410 \u041a\u041e\u0421\u0410 HAIR CARE SHOP","description":"\u041d\u0415\u0413\u0410 ,\u0421\u0422\u0410\u0408\u041b\u0418\u041d\u0413,\u0422\u0420\u0415\u0422\u041c\u0410\u041d\u0418  \u0417\u0410 \u041a\u041e\u0421\u0410 , HARECARE, HAIR TREATMENTS, SHAMPOO, MASK, CONDITIONERS, STYLING","publisher":{"@id":"https:\/\/kosa.mk\/#organization"},"potentialAction":[{"@type":"SearchAction","target":{"@type":"EntryPoint","urlTemplate":"https:\/\/kosa.mk\/?s={search_term_string}"},"query-input":{"@type":"PropertyValueSpecification","valueRequired":true,"valueName":"search_term_string"}}],"inLanguage":"sq-AL"},{"@type":"Organization","@id":"https:\/\/kosa.mk\/#organization","name":"KOSA.MK - \u041d\u0415\u0413\u0410 \u041d\u0410 \u041a\u041e\u0421\u0410 HAIR CARE SHOP","url":"https:\/\/kosa.mk\/","logo":{"@type":"ImageObject","inLanguage":"sq-AL","@id":"https:\/\/kosa.mk\/#\/schema\/logo\/image\/","url":"https:\/\/kosa.mk\/wp-content\/uploads\/2023\/04\/LOGO5.png","contentUrl":"https:\/\/kosa.mk\/wp-content\/uploads\/2023\/04\/LOGO5.png","width":499,"height":188,"caption":"KOSA.MK - \u041d\u0415\u0413\u0410 \u041d\u0410 \u041a\u041e\u0421\u0410 HAIR CARE SHOP"},"image":{"@id":"https:\/\/kosa.mk\/#\/schema\/logo\/image\/"}}]}},"brands":[],"_links":{"self":[{"href":"https:\/\/kosa.mk\/sq\/wp-json\/wp\/v2\/product\/12774","targetHints":{"allow":["GET"]}}],"collection":[{"href":"https:\/\/kosa.mk\/sq\/wp-json\/wp\/v2\/product"}],"about":[{"href":"https:\/\/kosa.mk\/sq\/wp-json\/wp\/v2\/types\/product"}],"replies":[{"embeddable":true,"href":"https:\/\/kosa.mk\/sq\/wp-json\/wp\/v2\/comments?post=12774"}],"version-history":[{"count":0,"href":"https:\/\/kosa.mk\/sq\/wp-json\/wp\/v2\/product\/12774\/revisions"}],"wp:featuredmedia":[{"embeddable":true,"href":"https:\/\/kosa.mk\/sq\/wp-json\/wp\/v2\/media\/12768"}],"wp:attachment":[{"href":"https:\/\/kosa.mk\/sq\/wp-json\/wp\/v2\/media?parent=12774"}],"wp:term":[{"taxonomy":"pwb-brand","embeddable":true,"href":"https:\/\/kosa.mk\/sq\/wp-json\/wp\/v2\/pwb-brand?post=12774"},{"taxonomy":"product_brand","embeddable":true,"href":"https:\/\/kosa.mk\/sq\/wp-json\/wp\/v2\/product_brand?post=12774"},{"taxonomy":"product_cat","embeddable":true,"href":"https:\/\/kosa.mk\/sq\/wp-json\/wp\/v2\/product_cat?post=12774"},{"taxonomy":"product_tag","embeddable":true,"href":"https:\/\/kosa.mk\/sq\/wp-json\/wp\/v2\/product_tag?post=12774"}],"curies":[{"name":"wp","href":"https:\/\/api.w.org\/{rel}","templated":true}]}}