{"id":12785,"date":"2024-10-10T18:00:48","date_gmt":"2024-10-10T18:00:48","guid":{"rendered":"https:\/\/kosa.mk\/product\/inebrya-pro-age-mask\/"},"modified":"2024-10-10T18:00:48","modified_gmt":"2024-10-10T18:00:48","slug":"inebrya-pro-age-mask","status":"publish","type":"product","link":"https:\/\/kosa.mk\/sq\/product\/inebrya-pro-age-mask\/","title":{"rendered":"INEBRYA PRO-AGE MASK"},"content":{"rendered":"<h4>Argan-Age \u00ebsht\u00eb linja e plot\u00eb e Ice Cream e trajtimeve dhe kremrave kund\u00ebr diellit Argan p\u00ebr t\u00eb ruajtur hidratimin dhe sh\u00ebndetin e flok\u00ebve. Zhytuni n\u00eb hidratimin e ftoht\u00eb t\u00eb akullores p\u00ebr t\u00eb luftuar that\u00ebsin\u00eb, efektet an\u00ebsore t\u00eb mjeteve t\u00eb stilimit ose faktor\u00ebt mjedisor\u00eb dhe p\u00ebr t\u00eb rivendosur bukurin\u00eb natyrale t\u00eb flok\u00ebve.Ideale p\u00ebr flok\u00eb natyral\u00eb t\u00eb that\u00eb, shum\u00eb t\u00eb that\u00eb, t\u00eb skuqur dhe t\u00eb dehidratuar, t\u00eb prirur ndaj majave t\u00eb \u00e7ara, t\u00eb brisht\u00eb dhe t\u00eb v\u00ebshtir\u00eb p\u00ebr t&#8217;u krehur, i shurdh\u00ebr, i n\u00ebnshtruar ndaj p\u00ebrdorimit t\u00eb shpesht\u00eb t\u00eb mjeteve t\u00eb nxehta t\u00eb stilimit ose i ekspozuar ndaj diellit, krip\u00ebs, klorit dhe smogut.  <\/h4>\n<h4>Pro-Age Mask \u00ebsht\u00eb nj\u00eb mask\u00eb shk\u00eblqimi me vaj argani, ideale p\u00ebr flok\u00eb t\u00eb trajtuar, t\u00eb shurdh\u00ebr dhe t\u00eb shurdh\u00ebr. Zb\u00ebrthehet dhe zbutet me nj\u00eb veprim t\u00eb shk\u00eblqyer kund\u00ebr k\u00ebrcitjes, duke ushqyer dhe duke i dh\u00ebn\u00eb but\u00ebsi dhe shk\u00eblqim t\u00eb jasht\u00ebzakonsh\u00ebm. <\/h4>\n<h4>Paketa ka % plastik\u00eb t\u00eb ricikluar. Formula \u00ebsht\u00eb vegane dhe pa sulfate, SLES dhe SLS. <\/h4>\n","protected":false},"excerpt":{"rendered":"<h4>Mask\u00eb shk\u00eblqimi me vaj argani<br \/>\nIdeale p\u00ebr flok\u00eb t\u00eb trajtuar, t\u00eb shurdh\u00ebr dhe t\u00eb shurdh\u00ebr<br \/>\nZhvendoset dhe zbutet me nj\u00eb veprim t\u00eb shk\u00eblqyer kund\u00ebr k\u00ebrcitjes, duke e ushqyer dhe duke i dh\u00ebn\u00eb but\u00ebsi dhe shk\u00eblqim t\u00eb jasht\u00ebzakonsh\u00ebm.<br \/>\nPaketa ka % plastik\u00eb t\u00eb ricikluar<br \/>\nFormula \u00ebsht\u00eb vegane dhe pa sulfate, SLES dhe SLS<br \/>\nP\u00ebrdorimi:<br \/>\nAplikojeni n\u00eb flok\u00eb t\u00eb lagur p\u00ebrgjat\u00eb gjat\u00ebsis\u00eb dhe majave<br \/>\nL\u00ebreni t\u00eb veproj\u00eb p\u00ebr 3-5 minuta<br \/>\nShp\u00eblajeni<\/h4>\n","protected":false},"featured_media":12777,"comment_status":"open","ping_status":"closed","template":"","meta":[],"pwb-brand":[],"product_brand":[],"product_cat":[452,442,448,444,451],"product_tag":[],"class_list":{"0":"post-12785","1":"product","2":"type-product","3":"status-publish","4":"has-post-thumbnail","6":"product_cat-maska-ditore","7":"product_cat-maska-per-floke","8":"product_cat-maska-per-floke-te-demtuar","9":"product_cat-maska-per-floke-te-lyer","10":"product_cat-maska-per-floke-thate","12":"first","13":"instock","14":"shipping-taxable","15":"purchasable","16":"product-type-variable"},"yoast_head":"<!-- This site is optimized with the Yoast SEO plugin v27.5 - https:\/\/yoast.com\/product\/yoast-seo-wordpress\/ -->\n<title>INEBRYA PRO-AGE MASK - KOSA.MK - \u041d\u0415\u0413\u0410 \u041d\u0410 \u041a\u041e\u0421\u0410 HAIR CARE SHOP<\/title>\n<meta name=\"robots\" content=\"index, follow, max-snippet:-1, max-image-preview:large, max-video-preview:-1\" \/>\n<link rel=\"canonical\" href=\"https:\/\/kosa.mk\/product\/inebrya-pro-age-mask\/\" \/>\n<meta property=\"og:locale\" content=\"sq_AL\" \/>\n<meta property=\"og:type\" content=\"article\" \/>\n<meta property=\"og:title\" content=\"INEBRYA PRO-AGE MASK - KOSA.MK - \u041d\u0415\u0413\u0410 \u041d\u0410 \u041a\u041e\u0421\u0410 HAIR CARE SHOP\" \/>\n<meta property=\"og:description\" content=\"Mask\u00eb shk\u00eblqimi me vaj argani Ideale p\u00ebr flok\u00eb t\u00eb trajtuar, t\u00eb shurdh\u00ebr dhe t\u00eb shurdh\u00ebr Zhvendoset dhe zbutet me nj\u00eb veprim t\u00eb shk\u00eblqyer kund\u00ebr k\u00ebrcitjes, duke e ushqyer dhe duke i dh\u00ebn\u00eb but\u00ebsi dhe shk\u00eblqim t\u00eb jasht\u00ebzakonsh\u00ebm. Paketa ka % plastik\u00eb t\u00eb ricikluar Formula \u00ebsht\u00eb vegane dhe pa sulfate, SLES dhe SLS P\u00ebrdorimi: Aplikojeni n\u00eb flok\u00eb t\u00eb lagur p\u00ebrgjat\u00eb gjat\u00ebsis\u00eb dhe majave L\u00ebreni t\u00eb veproj\u00eb p\u00ebr 3-5 minuta Shp\u00eblajeni\" \/>\n<meta property=\"og:url\" content=\"https:\/\/kosa.mk\/product\/inebrya-pro-age-mask\/\" \/>\n<meta property=\"og:site_name\" content=\"KOSA.MK - \u041d\u0415\u0413\u0410 \u041d\u0410 \u041a\u041e\u0421\u0410 HAIR CARE SHOP\" \/>\n<meta name=\"twitter:card\" content=\"summary_large_image\" \/>\n<meta name=\"twitter:label1\" content=\"Est. reading time\" \/>\n\t<meta name=\"twitter:data1\" content=\"1 minute\" \/>\n<script type=\"application\/ld+json\" class=\"yoast-schema-graph\">{\"@context\":\"https:\\\/\\\/schema.org\",\"@graph\":[{\"@type\":\"WebPage\",\"@id\":\"https:\\\/\\\/kosa.mk\\\/product\\\/inebrya-pro-age-mask\\\/\",\"url\":\"https:\\\/\\\/kosa.mk\\\/product\\\/inebrya-pro-age-mask\\\/\",\"name\":\"INEBRYA PRO-AGE MASK - KOSA.MK - \u041d\u0415\u0413\u0410 \u041d\u0410 \u041a\u041e\u0421\u0410 HAIR CARE SHOP\",\"isPartOf\":{\"@id\":\"https:\\\/\\\/kosa.mk\\\/#website\"},\"primaryImageOfPage\":{\"@id\":\"https:\\\/\\\/kosa.mk\\\/product\\\/inebrya-pro-age-mask\\\/#primaryimage\"},\"image\":{\"@id\":\"https:\\\/\\\/kosa.mk\\\/product\\\/inebrya-pro-age-mask\\\/#primaryimage\"},\"thumbnailUrl\":\"https:\\\/\\\/kosa.mk\\\/wp-content\\\/uploads\\\/2024\\\/10\\\/pro-age-mask-1000ml.png\",\"datePublished\":\"2024-10-10T18:00:48+00:00\",\"breadcrumb\":{\"@id\":\"https:\\\/\\\/kosa.mk\\\/product\\\/inebrya-pro-age-mask\\\/#breadcrumb\"},\"inLanguage\":\"sq-AL\",\"potentialAction\":[{\"@type\":\"ReadAction\",\"target\":[\"https:\\\/\\\/kosa.mk\\\/product\\\/inebrya-pro-age-mask\\\/\"]}]},{\"@type\":\"ImageObject\",\"inLanguage\":\"sq-AL\",\"@id\":\"https:\\\/\\\/kosa.mk\\\/product\\\/inebrya-pro-age-mask\\\/#primaryimage\",\"url\":\"https:\\\/\\\/kosa.mk\\\/wp-content\\\/uploads\\\/2024\\\/10\\\/pro-age-mask-1000ml.png\",\"contentUrl\":\"https:\\\/\\\/kosa.mk\\\/wp-content\\\/uploads\\\/2024\\\/10\\\/pro-age-mask-1000ml.png\",\"width\":2000,\"height\":2000},{\"@type\":\"BreadcrumbList\",\"@id\":\"https:\\\/\\\/kosa.mk\\\/product\\\/inebrya-pro-age-mask\\\/#breadcrumb\",\"itemListElement\":[{\"@type\":\"ListItem\",\"position\":1,\"name\":\"Home\",\"item\":\"https:\\\/\\\/kosa.mk\\\/sq\\\/\"},{\"@type\":\"ListItem\",\"position\":2,\"name\":\"Shop\",\"item\":\"https:\\\/\\\/kosa.mk\\\/shop\\\/\"},{\"@type\":\"ListItem\",\"position\":3,\"name\":\"INEBRYA PRO-AGE MASK\"}]},{\"@type\":\"WebSite\",\"@id\":\"https:\\\/\\\/kosa.mk\\\/#website\",\"url\":\"https:\\\/\\\/kosa.mk\\\/\",\"name\":\"KOSA.MK - \u041d\u0415\u0413\u0410 \u041d\u0410 \u041a\u041e\u0421\u0410 HAIR CARE SHOP\",\"description\":\"\u041d\u0415\u0413\u0410 ,\u0421\u0422\u0410\u0408\u041b\u0418\u041d\u0413,\u0422\u0420\u0415\u0422\u041c\u0410\u041d\u0418  \u0417\u0410 \u041a\u041e\u0421\u0410 , HARECARE, HAIR TREATMENTS, SHAMPOO, MASK, CONDITIONERS, STYLING\",\"publisher\":{\"@id\":\"https:\\\/\\\/kosa.mk\\\/#organization\"},\"potentialAction\":[{\"@type\":\"SearchAction\",\"target\":{\"@type\":\"EntryPoint\",\"urlTemplate\":\"https:\\\/\\\/kosa.mk\\\/?s={search_term_string}\"},\"query-input\":{\"@type\":\"PropertyValueSpecification\",\"valueRequired\":true,\"valueName\":\"search_term_string\"}}],\"inLanguage\":\"sq-AL\"},{\"@type\":\"Organization\",\"@id\":\"https:\\\/\\\/kosa.mk\\\/#organization\",\"name\":\"KOSA.MK - \u041d\u0415\u0413\u0410 \u041d\u0410 \u041a\u041e\u0421\u0410 HAIR CARE SHOP\",\"url\":\"https:\\\/\\\/kosa.mk\\\/\",\"logo\":{\"@type\":\"ImageObject\",\"inLanguage\":\"sq-AL\",\"@id\":\"https:\\\/\\\/kosa.mk\\\/#\\\/schema\\\/logo\\\/image\\\/\",\"url\":\"https:\\\/\\\/kosa.mk\\\/wp-content\\\/uploads\\\/2023\\\/04\\\/LOGO5.png\",\"contentUrl\":\"https:\\\/\\\/kosa.mk\\\/wp-content\\\/uploads\\\/2023\\\/04\\\/LOGO5.png\",\"width\":499,\"height\":188,\"caption\":\"KOSA.MK - \u041d\u0415\u0413\u0410 \u041d\u0410 \u041a\u041e\u0421\u0410 HAIR CARE SHOP\"},\"image\":{\"@id\":\"https:\\\/\\\/kosa.mk\\\/#\\\/schema\\\/logo\\\/image\\\/\"}}]}<\/script>\n<!-- \/ Yoast SEO plugin. -->","yoast_head_json":{"title":"INEBRYA PRO-AGE MASK - KOSA.MK - \u041d\u0415\u0413\u0410 \u041d\u0410 \u041a\u041e\u0421\u0410 HAIR CARE SHOP","robots":{"index":"index","follow":"follow","max-snippet":"max-snippet:-1","max-image-preview":"max-image-preview:large","max-video-preview":"max-video-preview:-1"},"canonical":"https:\/\/kosa.mk\/product\/inebrya-pro-age-mask\/","og_locale":"sq_AL","og_type":"article","og_title":"INEBRYA PRO-AGE MASK - KOSA.MK - \u041d\u0415\u0413\u0410 \u041d\u0410 \u041a\u041e\u0421\u0410 HAIR CARE SHOP","og_description":"Mask\u00eb shk\u00eblqimi me vaj argani Ideale p\u00ebr flok\u00eb t\u00eb trajtuar, t\u00eb shurdh\u00ebr dhe t\u00eb shurdh\u00ebr Zhvendoset dhe zbutet me nj\u00eb veprim t\u00eb shk\u00eblqyer kund\u00ebr k\u00ebrcitjes, duke e ushqyer dhe duke i dh\u00ebn\u00eb but\u00ebsi dhe shk\u00eblqim t\u00eb jasht\u00ebzakonsh\u00ebm. Paketa ka % plastik\u00eb t\u00eb ricikluar Formula \u00ebsht\u00eb vegane dhe pa sulfate, SLES dhe SLS P\u00ebrdorimi: Aplikojeni n\u00eb flok\u00eb t\u00eb lagur p\u00ebrgjat\u00eb gjat\u00ebsis\u00eb dhe majave L\u00ebreni t\u00eb veproj\u00eb p\u00ebr 3-5 minuta Shp\u00eblajeni","og_url":"https:\/\/kosa.mk\/product\/inebrya-pro-age-mask\/","og_site_name":"KOSA.MK - \u041d\u0415\u0413\u0410 \u041d\u0410 \u041a\u041e\u0421\u0410 HAIR CARE SHOP","twitter_card":"summary_large_image","twitter_misc":{"Est. reading time":"1 minute"},"schema":{"@context":"https:\/\/schema.org","@graph":[{"@type":"WebPage","@id":"https:\/\/kosa.mk\/product\/inebrya-pro-age-mask\/","url":"https:\/\/kosa.mk\/product\/inebrya-pro-age-mask\/","name":"INEBRYA PRO-AGE MASK - KOSA.MK - \u041d\u0415\u0413\u0410 \u041d\u0410 \u041a\u041e\u0421\u0410 HAIR CARE SHOP","isPartOf":{"@id":"https:\/\/kosa.mk\/#website"},"primaryImageOfPage":{"@id":"https:\/\/kosa.mk\/product\/inebrya-pro-age-mask\/#primaryimage"},"image":{"@id":"https:\/\/kosa.mk\/product\/inebrya-pro-age-mask\/#primaryimage"},"thumbnailUrl":"https:\/\/kosa.mk\/wp-content\/uploads\/2024\/10\/pro-age-mask-1000ml.png","datePublished":"2024-10-10T18:00:48+00:00","breadcrumb":{"@id":"https:\/\/kosa.mk\/product\/inebrya-pro-age-mask\/#breadcrumb"},"inLanguage":"sq-AL","potentialAction":[{"@type":"ReadAction","target":["https:\/\/kosa.mk\/product\/inebrya-pro-age-mask\/"]}]},{"@type":"ImageObject","inLanguage":"sq-AL","@id":"https:\/\/kosa.mk\/product\/inebrya-pro-age-mask\/#primaryimage","url":"https:\/\/kosa.mk\/wp-content\/uploads\/2024\/10\/pro-age-mask-1000ml.png","contentUrl":"https:\/\/kosa.mk\/wp-content\/uploads\/2024\/10\/pro-age-mask-1000ml.png","width":2000,"height":2000},{"@type":"BreadcrumbList","@id":"https:\/\/kosa.mk\/product\/inebrya-pro-age-mask\/#breadcrumb","itemListElement":[{"@type":"ListItem","position":1,"name":"Home","item":"https:\/\/kosa.mk\/sq\/"},{"@type":"ListItem","position":2,"name":"Shop","item":"https:\/\/kosa.mk\/shop\/"},{"@type":"ListItem","position":3,"name":"INEBRYA PRO-AGE MASK"}]},{"@type":"WebSite","@id":"https:\/\/kosa.mk\/#website","url":"https:\/\/kosa.mk\/","name":"KOSA.MK - \u041d\u0415\u0413\u0410 \u041d\u0410 \u041a\u041e\u0421\u0410 HAIR CARE SHOP","description":"\u041d\u0415\u0413\u0410 ,\u0421\u0422\u0410\u0408\u041b\u0418\u041d\u0413,\u0422\u0420\u0415\u0422\u041c\u0410\u041d\u0418  \u0417\u0410 \u041a\u041e\u0421\u0410 , HARECARE, HAIR TREATMENTS, SHAMPOO, MASK, CONDITIONERS, STYLING","publisher":{"@id":"https:\/\/kosa.mk\/#organization"},"potentialAction":[{"@type":"SearchAction","target":{"@type":"EntryPoint","urlTemplate":"https:\/\/kosa.mk\/?s={search_term_string}"},"query-input":{"@type":"PropertyValueSpecification","valueRequired":true,"valueName":"search_term_string"}}],"inLanguage":"sq-AL"},{"@type":"Organization","@id":"https:\/\/kosa.mk\/#organization","name":"KOSA.MK - \u041d\u0415\u0413\u0410 \u041d\u0410 \u041a\u041e\u0421\u0410 HAIR CARE SHOP","url":"https:\/\/kosa.mk\/","logo":{"@type":"ImageObject","inLanguage":"sq-AL","@id":"https:\/\/kosa.mk\/#\/schema\/logo\/image\/","url":"https:\/\/kosa.mk\/wp-content\/uploads\/2023\/04\/LOGO5.png","contentUrl":"https:\/\/kosa.mk\/wp-content\/uploads\/2023\/04\/LOGO5.png","width":499,"height":188,"caption":"KOSA.MK - \u041d\u0415\u0413\u0410 \u041d\u0410 \u041a\u041e\u0421\u0410 HAIR CARE SHOP"},"image":{"@id":"https:\/\/kosa.mk\/#\/schema\/logo\/image\/"}}]}},"brands":[],"_links":{"self":[{"href":"https:\/\/kosa.mk\/sq\/wp-json\/wp\/v2\/product\/12785","targetHints":{"allow":["GET"]}}],"collection":[{"href":"https:\/\/kosa.mk\/sq\/wp-json\/wp\/v2\/product"}],"about":[{"href":"https:\/\/kosa.mk\/sq\/wp-json\/wp\/v2\/types\/product"}],"replies":[{"embeddable":true,"href":"https:\/\/kosa.mk\/sq\/wp-json\/wp\/v2\/comments?post=12785"}],"version-history":[{"count":0,"href":"https:\/\/kosa.mk\/sq\/wp-json\/wp\/v2\/product\/12785\/revisions"}],"wp:featuredmedia":[{"embeddable":true,"href":"https:\/\/kosa.mk\/sq\/wp-json\/wp\/v2\/media\/12777"}],"wp:attachment":[{"href":"https:\/\/kosa.mk\/sq\/wp-json\/wp\/v2\/media?parent=12785"}],"wp:term":[{"taxonomy":"pwb-brand","embeddable":true,"href":"https:\/\/kosa.mk\/sq\/wp-json\/wp\/v2\/pwb-brand?post=12785"},{"taxonomy":"product_brand","embeddable":true,"href":"https:\/\/kosa.mk\/sq\/wp-json\/wp\/v2\/product_brand?post=12785"},{"taxonomy":"product_cat","embeddable":true,"href":"https:\/\/kosa.mk\/sq\/wp-json\/wp\/v2\/product_cat?post=12785"},{"taxonomy":"product_tag","embeddable":true,"href":"https:\/\/kosa.mk\/sq\/wp-json\/wp\/v2\/product_tag?post=12785"}],"curies":[{"name":"wp","href":"https:\/\/api.w.org\/{rel}","templated":true}]}}