{"id":12800,"date":"2024-10-11T06:08:45","date_gmt":"2024-10-11T06:08:45","guid":{"rendered":"https:\/\/kosa.mk\/product\/inebrya-pro-age-leave-in-conditioner-200ml\/"},"modified":"2024-10-11T06:08:45","modified_gmt":"2024-10-11T06:08:45","slug":"inebrya-pro-age-leave-in-conditioner-200ml","status":"publish","type":"product","link":"https:\/\/kosa.mk\/sq\/product\/inebrya-pro-age-leave-in-conditioner-200ml\/","title":{"rendered":"INEBRYA PRO-AGE LEAVE-IN CONDITIONER 200ml"},"content":{"rendered":"<h5>Argan-Age \u00ebsht\u00eb linja e plot\u00eb e Ice Cream e trajtimeve dhe kremrave kund\u00ebr diellit Argan p\u00ebr t\u00eb ruajtur hidratimin dhe sh\u00ebndetin e flok\u00ebve. Zhyt flok\u00ebt n\u00eb hidratimin e ftoht\u00eb t\u00eb akullores p\u00ebr t\u00eb luftuar that\u00ebsin\u00eb, efektet an\u00ebsore t\u00eb mjeteve t\u00eb stilimit ose faktor\u00ebt mjedisor\u00eb dhe p\u00ebr t\u00eb rivendosur bukurin\u00eb natyrale t\u00eb flok\u00ebve. ideale p\u00ebr flok\u00eb natyral\u00eb t\u00eb that\u00eb, shum\u00eb t\u00eb that\u00eb, t\u00eb d\u00ebmtuar dhe t\u00eb dehidratuar, t\u00eb prirur ndaj majave t\u00eb \u00e7ara, t\u00eb brisht\u00eb dhe t\u00eb v\u00ebshtir\u00eb p\u00ebr t&#8217;u krehur, q\u00eb i n\u00ebnshtrohen p\u00ebrdorimit t\u00eb shpesht\u00eb t\u00eb mjeteve t\u00eb stilimit t\u00eb nxeht\u00eb ose t\u00eb ekspozuar ndaj diellit, krip\u00ebs, klorit dhe smogut.  <\/h5>\n<h5>Pro-Age Conditioner \u00ebsht\u00eb nj\u00eb kondicioner dyfazor me vaj Argani, ideal p\u00ebr flok\u00eb t\u00eb trajtuar, t\u00eb that\u00eb dhe t\u00eb shurdh\u00ebr. Hidraton, zgjidh dhe lyen flok\u00ebt pa i r\u00ebnduar. Veprim efektiv kund\u00ebr ndotjes s\u00eb ajrit.  <\/h5>\n<h5>Formula \u00ebsht\u00eb vegane dhe pa sulfate, SLES dhe SLS.<\/h5>\n<ul>\n<li>\n<h5>P\u00ebrdorimi:<\/h5>\n<h5>Pas larjes me shampo, sp\u00ebrkatni gjat\u00ebsin\u00eb dhe majat e flok\u00ebve t\u00eb thar\u00eb me peshqir<\/h5>\n<h5>Masazhojeni, krehni dhe mos e shp\u00eblani<\/h5>\n<\/li>\n<\/ul>\n","protected":false},"excerpt":{"rendered":"<div class=\"product attribute overview\">\n<div class=\"value\">\n<ul>\n<li>Kondicioner dyfazor me vaj argani<br \/>\nIdeale p\u00ebr flok\u00eb t\u00eb trajtuar, t\u00eb shurdh\u00ebr dhe t\u00eb shurdh\u00ebr<br \/>\nHidraton, zgjidh dhe lyen flok\u00ebt pa i r\u00ebnduar<br \/>\nVeprim efektiv kund\u00ebr ndotjes s\u00eb ajrit<br \/>\nFormula \u00ebsht\u00eb vegane dhe pa sulfate, SLES dhe SLS<\/li>\n<\/ul>\n<\/div>\n<\/div>\n","protected":false},"featured_media":12796,"comment_status":"open","ping_status":"closed","template":"","meta":[],"pwb-brand":[],"product_brand":[],"product_cat":[472,480,477,473],"product_tag":[],"class_list":{"0":"post-12800","1":"product","2":"type-product","3":"status-publish","4":"has-post-thumbnail","6":"product_cat-leave-in-spraj","7":"product_cat-leave-in-spraj-per-floke-te-thate","8":"product_cat-leave-inspraj-per-floke-te-demtuar","9":"product_cat-leavein-spraj-per-floke-lyer","11":"first","12":"instock","13":"shipping-taxable","14":"purchasable","15":"product-type-simple"},"yoast_head":"<!-- This site is optimized with the Yoast SEO plugin v27.5 - https:\/\/yoast.com\/product\/yoast-seo-wordpress\/ -->\n<title>INEBRYA PRO-AGE LEAVE-IN CONDITIONER 200ml - KOSA.MK - \u041d\u0415\u0413\u0410 \u041d\u0410 \u041a\u041e\u0421\u0410 HAIR CARE SHOP<\/title>\n<meta name=\"robots\" content=\"index, follow, max-snippet:-1, max-image-preview:large, max-video-preview:-1\" \/>\n<link rel=\"canonical\" href=\"https:\/\/kosa.mk\/product\/inebrya-pro-age-leave-in-conditioner-200ml\/\" \/>\n<meta property=\"og:locale\" content=\"sq_AL\" \/>\n<meta property=\"og:type\" content=\"article\" \/>\n<meta property=\"og:title\" content=\"INEBRYA PRO-AGE LEAVE-IN CONDITIONER 200ml - KOSA.MK - \u041d\u0415\u0413\u0410 \u041d\u0410 \u041a\u041e\u0421\u0410 HAIR CARE SHOP\" \/>\n<meta property=\"og:description\" content=\"Kondicioner dyfazor me vaj argani Ideale p\u00ebr flok\u00eb t\u00eb trajtuar, t\u00eb shurdh\u00ebr dhe t\u00eb shurdh\u00ebr Hidraton, zgjidh dhe lyen flok\u00ebt pa i r\u00ebnduar Veprim efektiv kund\u00ebr ndotjes s\u00eb ajrit Formula \u00ebsht\u00eb vegane dhe pa sulfate, SLES dhe SLS\" \/>\n<meta property=\"og:url\" content=\"https:\/\/kosa.mk\/product\/inebrya-pro-age-leave-in-conditioner-200ml\/\" \/>\n<meta property=\"og:site_name\" content=\"KOSA.MK - \u041d\u0415\u0413\u0410 \u041d\u0410 \u041a\u041e\u0421\u0410 HAIR CARE SHOP\" \/>\n<meta name=\"twitter:card\" content=\"summary_large_image\" \/>\n<meta name=\"twitter:label1\" content=\"Est. reading time\" \/>\n\t<meta name=\"twitter:data1\" content=\"1 minute\" \/>\n<script type=\"application\/ld+json\" class=\"yoast-schema-graph\">{\"@context\":\"https:\\\/\\\/schema.org\",\"@graph\":[{\"@type\":\"WebPage\",\"@id\":\"https:\\\/\\\/kosa.mk\\\/product\\\/inebrya-pro-age-leave-in-conditioner-200ml\\\/\",\"url\":\"https:\\\/\\\/kosa.mk\\\/product\\\/inebrya-pro-age-leave-in-conditioner-200ml\\\/\",\"name\":\"INEBRYA PRO-AGE LEAVE-IN CONDITIONER 200ml - KOSA.MK - \u041d\u0415\u0413\u0410 \u041d\u0410 \u041a\u041e\u0421\u0410 HAIR CARE SHOP\",\"isPartOf\":{\"@id\":\"https:\\\/\\\/kosa.mk\\\/#website\"},\"primaryImageOfPage\":{\"@id\":\"https:\\\/\\\/kosa.mk\\\/product\\\/inebrya-pro-age-leave-in-conditioner-200ml\\\/#primaryimage\"},\"image\":{\"@id\":\"https:\\\/\\\/kosa.mk\\\/product\\\/inebrya-pro-age-leave-in-conditioner-200ml\\\/#primaryimage\"},\"thumbnailUrl\":\"https:\\\/\\\/kosa.mk\\\/wp-content\\\/uploads\\\/2024\\\/10\\\/pro-age-conditioner-200ml.png\",\"datePublished\":\"2024-10-11T06:08:45+00:00\",\"breadcrumb\":{\"@id\":\"https:\\\/\\\/kosa.mk\\\/product\\\/inebrya-pro-age-leave-in-conditioner-200ml\\\/#breadcrumb\"},\"inLanguage\":\"sq-AL\",\"potentialAction\":[{\"@type\":\"ReadAction\",\"target\":[\"https:\\\/\\\/kosa.mk\\\/product\\\/inebrya-pro-age-leave-in-conditioner-200ml\\\/\"]}]},{\"@type\":\"ImageObject\",\"inLanguage\":\"sq-AL\",\"@id\":\"https:\\\/\\\/kosa.mk\\\/product\\\/inebrya-pro-age-leave-in-conditioner-200ml\\\/#primaryimage\",\"url\":\"https:\\\/\\\/kosa.mk\\\/wp-content\\\/uploads\\\/2024\\\/10\\\/pro-age-conditioner-200ml.png\",\"contentUrl\":\"https:\\\/\\\/kosa.mk\\\/wp-content\\\/uploads\\\/2024\\\/10\\\/pro-age-conditioner-200ml.png\",\"width\":2000,\"height\":2000},{\"@type\":\"BreadcrumbList\",\"@id\":\"https:\\\/\\\/kosa.mk\\\/product\\\/inebrya-pro-age-leave-in-conditioner-200ml\\\/#breadcrumb\",\"itemListElement\":[{\"@type\":\"ListItem\",\"position\":1,\"name\":\"Home\",\"item\":\"https:\\\/\\\/kosa.mk\\\/sq\\\/\"},{\"@type\":\"ListItem\",\"position\":2,\"name\":\"Shop\",\"item\":\"https:\\\/\\\/kosa.mk\\\/shop\\\/\"},{\"@type\":\"ListItem\",\"position\":3,\"name\":\"INEBRYA PRO-AGE LEAVE-IN CONDITIONER 200ml\"}]},{\"@type\":\"WebSite\",\"@id\":\"https:\\\/\\\/kosa.mk\\\/#website\",\"url\":\"https:\\\/\\\/kosa.mk\\\/\",\"name\":\"KOSA.MK - \u041d\u0415\u0413\u0410 \u041d\u0410 \u041a\u041e\u0421\u0410 HAIR CARE SHOP\",\"description\":\"\u041d\u0415\u0413\u0410 ,\u0421\u0422\u0410\u0408\u041b\u0418\u041d\u0413,\u0422\u0420\u0415\u0422\u041c\u0410\u041d\u0418  \u0417\u0410 \u041a\u041e\u0421\u0410 , HARECARE, HAIR TREATMENTS, SHAMPOO, MASK, CONDITIONERS, STYLING\",\"publisher\":{\"@id\":\"https:\\\/\\\/kosa.mk\\\/#organization\"},\"potentialAction\":[{\"@type\":\"SearchAction\",\"target\":{\"@type\":\"EntryPoint\",\"urlTemplate\":\"https:\\\/\\\/kosa.mk\\\/?s={search_term_string}\"},\"query-input\":{\"@type\":\"PropertyValueSpecification\",\"valueRequired\":true,\"valueName\":\"search_term_string\"}}],\"inLanguage\":\"sq-AL\"},{\"@type\":\"Organization\",\"@id\":\"https:\\\/\\\/kosa.mk\\\/#organization\",\"name\":\"KOSA.MK - \u041d\u0415\u0413\u0410 \u041d\u0410 \u041a\u041e\u0421\u0410 HAIR CARE SHOP\",\"url\":\"https:\\\/\\\/kosa.mk\\\/\",\"logo\":{\"@type\":\"ImageObject\",\"inLanguage\":\"sq-AL\",\"@id\":\"https:\\\/\\\/kosa.mk\\\/#\\\/schema\\\/logo\\\/image\\\/\",\"url\":\"https:\\\/\\\/kosa.mk\\\/wp-content\\\/uploads\\\/2023\\\/04\\\/LOGO5.png\",\"contentUrl\":\"https:\\\/\\\/kosa.mk\\\/wp-content\\\/uploads\\\/2023\\\/04\\\/LOGO5.png\",\"width\":499,\"height\":188,\"caption\":\"KOSA.MK - \u041d\u0415\u0413\u0410 \u041d\u0410 \u041a\u041e\u0421\u0410 HAIR CARE SHOP\"},\"image\":{\"@id\":\"https:\\\/\\\/kosa.mk\\\/#\\\/schema\\\/logo\\\/image\\\/\"}}]}<\/script>\n<!-- \/ Yoast SEO plugin. -->","yoast_head_json":{"title":"INEBRYA PRO-AGE LEAVE-IN CONDITIONER 200ml - KOSA.MK - \u041d\u0415\u0413\u0410 \u041d\u0410 \u041a\u041e\u0421\u0410 HAIR CARE SHOP","robots":{"index":"index","follow":"follow","max-snippet":"max-snippet:-1","max-image-preview":"max-image-preview:large","max-video-preview":"max-video-preview:-1"},"canonical":"https:\/\/kosa.mk\/product\/inebrya-pro-age-leave-in-conditioner-200ml\/","og_locale":"sq_AL","og_type":"article","og_title":"INEBRYA PRO-AGE LEAVE-IN CONDITIONER 200ml - KOSA.MK - \u041d\u0415\u0413\u0410 \u041d\u0410 \u041a\u041e\u0421\u0410 HAIR CARE SHOP","og_description":"Kondicioner dyfazor me vaj argani Ideale p\u00ebr flok\u00eb t\u00eb trajtuar, t\u00eb shurdh\u00ebr dhe t\u00eb shurdh\u00ebr Hidraton, zgjidh dhe lyen flok\u00ebt pa i r\u00ebnduar Veprim efektiv kund\u00ebr ndotjes s\u00eb ajrit Formula \u00ebsht\u00eb vegane dhe pa sulfate, SLES dhe SLS","og_url":"https:\/\/kosa.mk\/product\/inebrya-pro-age-leave-in-conditioner-200ml\/","og_site_name":"KOSA.MK - \u041d\u0415\u0413\u0410 \u041d\u0410 \u041a\u041e\u0421\u0410 HAIR CARE SHOP","twitter_card":"summary_large_image","twitter_misc":{"Est. reading time":"1 minute"},"schema":{"@context":"https:\/\/schema.org","@graph":[{"@type":"WebPage","@id":"https:\/\/kosa.mk\/product\/inebrya-pro-age-leave-in-conditioner-200ml\/","url":"https:\/\/kosa.mk\/product\/inebrya-pro-age-leave-in-conditioner-200ml\/","name":"INEBRYA PRO-AGE LEAVE-IN CONDITIONER 200ml - KOSA.MK - \u041d\u0415\u0413\u0410 \u041d\u0410 \u041a\u041e\u0421\u0410 HAIR CARE SHOP","isPartOf":{"@id":"https:\/\/kosa.mk\/#website"},"primaryImageOfPage":{"@id":"https:\/\/kosa.mk\/product\/inebrya-pro-age-leave-in-conditioner-200ml\/#primaryimage"},"image":{"@id":"https:\/\/kosa.mk\/product\/inebrya-pro-age-leave-in-conditioner-200ml\/#primaryimage"},"thumbnailUrl":"https:\/\/kosa.mk\/wp-content\/uploads\/2024\/10\/pro-age-conditioner-200ml.png","datePublished":"2024-10-11T06:08:45+00:00","breadcrumb":{"@id":"https:\/\/kosa.mk\/product\/inebrya-pro-age-leave-in-conditioner-200ml\/#breadcrumb"},"inLanguage":"sq-AL","potentialAction":[{"@type":"ReadAction","target":["https:\/\/kosa.mk\/product\/inebrya-pro-age-leave-in-conditioner-200ml\/"]}]},{"@type":"ImageObject","inLanguage":"sq-AL","@id":"https:\/\/kosa.mk\/product\/inebrya-pro-age-leave-in-conditioner-200ml\/#primaryimage","url":"https:\/\/kosa.mk\/wp-content\/uploads\/2024\/10\/pro-age-conditioner-200ml.png","contentUrl":"https:\/\/kosa.mk\/wp-content\/uploads\/2024\/10\/pro-age-conditioner-200ml.png","width":2000,"height":2000},{"@type":"BreadcrumbList","@id":"https:\/\/kosa.mk\/product\/inebrya-pro-age-leave-in-conditioner-200ml\/#breadcrumb","itemListElement":[{"@type":"ListItem","position":1,"name":"Home","item":"https:\/\/kosa.mk\/sq\/"},{"@type":"ListItem","position":2,"name":"Shop","item":"https:\/\/kosa.mk\/shop\/"},{"@type":"ListItem","position":3,"name":"INEBRYA PRO-AGE LEAVE-IN CONDITIONER 200ml"}]},{"@type":"WebSite","@id":"https:\/\/kosa.mk\/#website","url":"https:\/\/kosa.mk\/","name":"KOSA.MK - \u041d\u0415\u0413\u0410 \u041d\u0410 \u041a\u041e\u0421\u0410 HAIR CARE SHOP","description":"\u041d\u0415\u0413\u0410 ,\u0421\u0422\u0410\u0408\u041b\u0418\u041d\u0413,\u0422\u0420\u0415\u0422\u041c\u0410\u041d\u0418  \u0417\u0410 \u041a\u041e\u0421\u0410 , HARECARE, HAIR TREATMENTS, SHAMPOO, MASK, CONDITIONERS, STYLING","publisher":{"@id":"https:\/\/kosa.mk\/#organization"},"potentialAction":[{"@type":"SearchAction","target":{"@type":"EntryPoint","urlTemplate":"https:\/\/kosa.mk\/?s={search_term_string}"},"query-input":{"@type":"PropertyValueSpecification","valueRequired":true,"valueName":"search_term_string"}}],"inLanguage":"sq-AL"},{"@type":"Organization","@id":"https:\/\/kosa.mk\/#organization","name":"KOSA.MK - \u041d\u0415\u0413\u0410 \u041d\u0410 \u041a\u041e\u0421\u0410 HAIR CARE SHOP","url":"https:\/\/kosa.mk\/","logo":{"@type":"ImageObject","inLanguage":"sq-AL","@id":"https:\/\/kosa.mk\/#\/schema\/logo\/image\/","url":"https:\/\/kosa.mk\/wp-content\/uploads\/2023\/04\/LOGO5.png","contentUrl":"https:\/\/kosa.mk\/wp-content\/uploads\/2023\/04\/LOGO5.png","width":499,"height":188,"caption":"KOSA.MK - \u041d\u0415\u0413\u0410 \u041d\u0410 \u041a\u041e\u0421\u0410 HAIR CARE SHOP"},"image":{"@id":"https:\/\/kosa.mk\/#\/schema\/logo\/image\/"}}]}},"brands":[],"_links":{"self":[{"href":"https:\/\/kosa.mk\/sq\/wp-json\/wp\/v2\/product\/12800","targetHints":{"allow":["GET"]}}],"collection":[{"href":"https:\/\/kosa.mk\/sq\/wp-json\/wp\/v2\/product"}],"about":[{"href":"https:\/\/kosa.mk\/sq\/wp-json\/wp\/v2\/types\/product"}],"replies":[{"embeddable":true,"href":"https:\/\/kosa.mk\/sq\/wp-json\/wp\/v2\/comments?post=12800"}],"version-history":[{"count":0,"href":"https:\/\/kosa.mk\/sq\/wp-json\/wp\/v2\/product\/12800\/revisions"}],"wp:featuredmedia":[{"embeddable":true,"href":"https:\/\/kosa.mk\/sq\/wp-json\/wp\/v2\/media\/12796"}],"wp:attachment":[{"href":"https:\/\/kosa.mk\/sq\/wp-json\/wp\/v2\/media?parent=12800"}],"wp:term":[{"taxonomy":"pwb-brand","embeddable":true,"href":"https:\/\/kosa.mk\/sq\/wp-json\/wp\/v2\/pwb-brand?post=12800"},{"taxonomy":"product_brand","embeddable":true,"href":"https:\/\/kosa.mk\/sq\/wp-json\/wp\/v2\/product_brand?post=12800"},{"taxonomy":"product_cat","embeddable":true,"href":"https:\/\/kosa.mk\/sq\/wp-json\/wp\/v2\/product_cat?post=12800"},{"taxonomy":"product_tag","embeddable":true,"href":"https:\/\/kosa.mk\/sq\/wp-json\/wp\/v2\/product_tag?post=12800"}],"curies":[{"name":"wp","href":"https:\/\/api.w.org\/{rel}","templated":true}]}}