{"id":12822,"date":"2024-10-11T07:16:06","date_gmt":"2024-10-11T07:16:06","guid":{"rendered":"https:\/\/kosa.mk\/product\/inebrya-shecare-laminating-illuminating-mask\/"},"modified":"2024-10-11T07:16:06","modified_gmt":"2024-10-11T07:16:06","slug":"inebrya-shecare-laminating-illuminating-mask","status":"publish","type":"product","link":"https:\/\/kosa.mk\/sq\/product\/inebrya-shecare-laminating-illuminating-mask\/","title":{"rendered":"INEBRYA SHECARE LAMINATING ILLUMINATING MASK"},"content":{"rendered":"<h5>Mask\u00eb ndri\u00e7uese laminuese p\u00ebr flok\u00eb t\u00eb shurdh\u00ebr dhe t\u00eb dehidratuar me nj\u00eb formul\u00eb kompakte dhe t\u00eb pasur q\u00eb p\u00ebrmban acid hialuronik me veti hidratuese dhe mbrojt\u00ebse. Ushqen flok\u00ebt e pajet\u00eb dhe t\u00eb dehidratuar, duke i ndihmuar ata t\u00eb b\u00ebhen t\u00eb but\u00eb, me shk\u00eblqim dhe t\u00eb leht\u00eb p\u00ebr t&#8217;u krehur. Formula vegane<\/p>\n<\/h5>\n<h5>P\u00ebrdorimi: Pas larjes me shampo, aplikoni nj\u00eb sasi t\u00eb vog\u00ebl t\u00eb produktit n\u00eb flok\u00eb t\u00eb thar\u00eb me peshqir, shp\u00ebrndajeni n\u00eb m\u00ebnyr\u00eb t\u00eb barabart\u00eb p\u00ebrgjat\u00eb gjat\u00ebsis\u00eb dhe majave dhe krehni. L\u00ebreni p\u00ebr 5 minuta. M\u00eb pas shp\u00eblajeni.<br \/>\n<\/h5>\n","protected":false},"excerpt":{"rendered":"<h5>Mask\u00eb ndri\u00e7uese laminuese p\u00ebr flok\u00eb t\u00eb shurdh\u00ebr dhe t\u00eb dehidratuar me nj\u00eb formul\u00eb kompakte dhe t\u00eb pasur q\u00eb p\u00ebrmban acid hialuronik me veti hidratuese dhe mbrojt\u00ebse. Ushqen flok\u00ebt e pajet\u00eb dhe t\u00eb dehidratuar, duke i ndihmuar ata t\u00eb b\u00ebhen t\u00eb but\u00eb, me shk\u00eblqim dhe t\u00eb leht\u00eb p\u00ebr t&#8217;u krehur. Formula vegane<\/p>\n<\/h5>\n","protected":false},"featured_media":12847,"comment_status":"open","ping_status":"closed","template":"","meta":[],"pwb-brand":[],"product_brand":[],"product_cat":[442,449,448,450,444,451],"product_tag":[],"class_list":{"0":"post-12822","1":"product","2":"type-product","3":"status-publish","4":"has-post-thumbnail","6":"product_cat-maska-per-floke","7":"product_cat-maska-per-floke-bionde","8":"product_cat-maska-per-floke-te-demtuar","9":"product_cat-maska-per-floke-te-holle-dhe-te-brishte","10":"product_cat-maska-per-floke-te-lyer","11":"product_cat-maska-per-floke-thate","13":"first","14":"instock","15":"shipping-taxable","16":"purchasable","17":"product-type-variable"},"yoast_head":"<!-- This site is optimized with the Yoast SEO plugin v27.5 - https:\/\/yoast.com\/product\/yoast-seo-wordpress\/ -->\n<title>INEBRYA SHECARE LAMINATING ILLUMINATING MASK - KOSA.MK - \u041d\u0415\u0413\u0410 \u041d\u0410 \u041a\u041e\u0421\u0410 HAIR CARE SHOP<\/title>\n<meta name=\"robots\" content=\"index, follow, max-snippet:-1, max-image-preview:large, max-video-preview:-1\" \/>\n<link rel=\"canonical\" href=\"https:\/\/kosa.mk\/product\/inebrya-shecare-laminating-illuminating-mask\/\" \/>\n<meta property=\"og:locale\" content=\"sq_AL\" \/>\n<meta property=\"og:type\" content=\"article\" \/>\n<meta property=\"og:title\" content=\"INEBRYA SHECARE LAMINATING ILLUMINATING MASK - KOSA.MK - \u041d\u0415\u0413\u0410 \u041d\u0410 \u041a\u041e\u0421\u0410 HAIR CARE SHOP\" \/>\n<meta property=\"og:description\" content=\"Mask\u00eb ndri\u00e7uese laminuese p\u00ebr flok\u00eb t\u00eb shurdh\u00ebr dhe t\u00eb dehidratuar me nj\u00eb formul\u00eb kompakte dhe t\u00eb pasur q\u00eb p\u00ebrmban acid hialuronik me veti hidratuese dhe mbrojt\u00ebse. Ushqen flok\u00ebt e pajet\u00eb dhe t\u00eb dehidratuar, duke i ndihmuar ata t\u00eb b\u00ebhen t\u00eb but\u00eb, me shk\u00eblqim dhe t\u00eb leht\u00eb p\u00ebr t&#039;u krehur. Formula vegane\" \/>\n<meta property=\"og:url\" content=\"https:\/\/kosa.mk\/product\/inebrya-shecare-laminating-illuminating-mask\/\" \/>\n<meta property=\"og:site_name\" content=\"KOSA.MK - \u041d\u0415\u0413\u0410 \u041d\u0410 \u041a\u041e\u0421\u0410 HAIR CARE SHOP\" \/>\n<meta name=\"twitter:card\" content=\"summary_large_image\" \/>\n<meta name=\"twitter:label1\" content=\"Est. reading time\" \/>\n\t<meta name=\"twitter:data1\" content=\"1 minute\" \/>\n<script type=\"application\/ld+json\" class=\"yoast-schema-graph\">{\"@context\":\"https:\\\/\\\/schema.org\",\"@graph\":[{\"@type\":\"WebPage\",\"@id\":\"https:\\\/\\\/kosa.mk\\\/product\\\/inebrya-shecare-laminating-illuminating-mask\\\/\",\"url\":\"https:\\\/\\\/kosa.mk\\\/product\\\/inebrya-shecare-laminating-illuminating-mask\\\/\",\"name\":\"INEBRYA SHECARE LAMINATING ILLUMINATING MASK - KOSA.MK - \u041d\u0415\u0413\u0410 \u041d\u0410 \u041a\u041e\u0421\u0410 HAIR CARE SHOP\",\"isPartOf\":{\"@id\":\"https:\\\/\\\/kosa.mk\\\/#website\"},\"primaryImageOfPage\":{\"@id\":\"https:\\\/\\\/kosa.mk\\\/product\\\/inebrya-shecare-laminating-illuminating-mask\\\/#primaryimage\"},\"image\":{\"@id\":\"https:\\\/\\\/kosa.mk\\\/product\\\/inebrya-shecare-laminating-illuminating-mask\\\/#primaryimage\"},\"thumbnailUrl\":\"https:\\\/\\\/kosa.mk\\\/wp-content\\\/uploads\\\/2024\\\/10\\\/Shecare-Repair_1000ml_mask.png\",\"datePublished\":\"2024-10-11T07:16:06+00:00\",\"breadcrumb\":{\"@id\":\"https:\\\/\\\/kosa.mk\\\/product\\\/inebrya-shecare-laminating-illuminating-mask\\\/#breadcrumb\"},\"inLanguage\":\"sq-AL\",\"potentialAction\":[{\"@type\":\"ReadAction\",\"target\":[\"https:\\\/\\\/kosa.mk\\\/product\\\/inebrya-shecare-laminating-illuminating-mask\\\/\"]}]},{\"@type\":\"ImageObject\",\"inLanguage\":\"sq-AL\",\"@id\":\"https:\\\/\\\/kosa.mk\\\/product\\\/inebrya-shecare-laminating-illuminating-mask\\\/#primaryimage\",\"url\":\"https:\\\/\\\/kosa.mk\\\/wp-content\\\/uploads\\\/2024\\\/10\\\/Shecare-Repair_1000ml_mask.png\",\"contentUrl\":\"https:\\\/\\\/kosa.mk\\\/wp-content\\\/uploads\\\/2024\\\/10\\\/Shecare-Repair_1000ml_mask.png\",\"width\":2000,\"height\":2000},{\"@type\":\"BreadcrumbList\",\"@id\":\"https:\\\/\\\/kosa.mk\\\/product\\\/inebrya-shecare-laminating-illuminating-mask\\\/#breadcrumb\",\"itemListElement\":[{\"@type\":\"ListItem\",\"position\":1,\"name\":\"Home\",\"item\":\"https:\\\/\\\/kosa.mk\\\/sq\\\/\"},{\"@type\":\"ListItem\",\"position\":2,\"name\":\"Shop\",\"item\":\"https:\\\/\\\/kosa.mk\\\/shop\\\/\"},{\"@type\":\"ListItem\",\"position\":3,\"name\":\"INEBRYA SHECARE LAMINATING ILLUMINATING MASK\"}]},{\"@type\":\"WebSite\",\"@id\":\"https:\\\/\\\/kosa.mk\\\/#website\",\"url\":\"https:\\\/\\\/kosa.mk\\\/\",\"name\":\"KOSA.MK - \u041d\u0415\u0413\u0410 \u041d\u0410 \u041a\u041e\u0421\u0410 HAIR CARE SHOP\",\"description\":\"\u041d\u0415\u0413\u0410 ,\u0421\u0422\u0410\u0408\u041b\u0418\u041d\u0413,\u0422\u0420\u0415\u0422\u041c\u0410\u041d\u0418  \u0417\u0410 \u041a\u041e\u0421\u0410 , HARECARE, HAIR TREATMENTS, SHAMPOO, MASK, CONDITIONERS, STYLING\",\"publisher\":{\"@id\":\"https:\\\/\\\/kosa.mk\\\/#organization\"},\"potentialAction\":[{\"@type\":\"SearchAction\",\"target\":{\"@type\":\"EntryPoint\",\"urlTemplate\":\"https:\\\/\\\/kosa.mk\\\/?s={search_term_string}\"},\"query-input\":{\"@type\":\"PropertyValueSpecification\",\"valueRequired\":true,\"valueName\":\"search_term_string\"}}],\"inLanguage\":\"sq-AL\"},{\"@type\":\"Organization\",\"@id\":\"https:\\\/\\\/kosa.mk\\\/#organization\",\"name\":\"KOSA.MK - \u041d\u0415\u0413\u0410 \u041d\u0410 \u041a\u041e\u0421\u0410 HAIR CARE SHOP\",\"url\":\"https:\\\/\\\/kosa.mk\\\/\",\"logo\":{\"@type\":\"ImageObject\",\"inLanguage\":\"sq-AL\",\"@id\":\"https:\\\/\\\/kosa.mk\\\/#\\\/schema\\\/logo\\\/image\\\/\",\"url\":\"https:\\\/\\\/kosa.mk\\\/wp-content\\\/uploads\\\/2023\\\/04\\\/LOGO5.png\",\"contentUrl\":\"https:\\\/\\\/kosa.mk\\\/wp-content\\\/uploads\\\/2023\\\/04\\\/LOGO5.png\",\"width\":499,\"height\":188,\"caption\":\"KOSA.MK - \u041d\u0415\u0413\u0410 \u041d\u0410 \u041a\u041e\u0421\u0410 HAIR CARE SHOP\"},\"image\":{\"@id\":\"https:\\\/\\\/kosa.mk\\\/#\\\/schema\\\/logo\\\/image\\\/\"}}]}<\/script>\n<!-- \/ Yoast SEO plugin. -->","yoast_head_json":{"title":"INEBRYA SHECARE LAMINATING ILLUMINATING MASK - KOSA.MK - \u041d\u0415\u0413\u0410 \u041d\u0410 \u041a\u041e\u0421\u0410 HAIR CARE SHOP","robots":{"index":"index","follow":"follow","max-snippet":"max-snippet:-1","max-image-preview":"max-image-preview:large","max-video-preview":"max-video-preview:-1"},"canonical":"https:\/\/kosa.mk\/product\/inebrya-shecare-laminating-illuminating-mask\/","og_locale":"sq_AL","og_type":"article","og_title":"INEBRYA SHECARE LAMINATING ILLUMINATING MASK - KOSA.MK - \u041d\u0415\u0413\u0410 \u041d\u0410 \u041a\u041e\u0421\u0410 HAIR CARE SHOP","og_description":"Mask\u00eb ndri\u00e7uese laminuese p\u00ebr flok\u00eb t\u00eb shurdh\u00ebr dhe t\u00eb dehidratuar me nj\u00eb formul\u00eb kompakte dhe t\u00eb pasur q\u00eb p\u00ebrmban acid hialuronik me veti hidratuese dhe mbrojt\u00ebse. Ushqen flok\u00ebt e pajet\u00eb dhe t\u00eb dehidratuar, duke i ndihmuar ata t\u00eb b\u00ebhen t\u00eb but\u00eb, me shk\u00eblqim dhe t\u00eb leht\u00eb p\u00ebr t'u krehur. Formula vegane","og_url":"https:\/\/kosa.mk\/product\/inebrya-shecare-laminating-illuminating-mask\/","og_site_name":"KOSA.MK - \u041d\u0415\u0413\u0410 \u041d\u0410 \u041a\u041e\u0421\u0410 HAIR CARE SHOP","twitter_card":"summary_large_image","twitter_misc":{"Est. reading time":"1 minute"},"schema":{"@context":"https:\/\/schema.org","@graph":[{"@type":"WebPage","@id":"https:\/\/kosa.mk\/product\/inebrya-shecare-laminating-illuminating-mask\/","url":"https:\/\/kosa.mk\/product\/inebrya-shecare-laminating-illuminating-mask\/","name":"INEBRYA SHECARE LAMINATING ILLUMINATING MASK - KOSA.MK - \u041d\u0415\u0413\u0410 \u041d\u0410 \u041a\u041e\u0421\u0410 HAIR CARE SHOP","isPartOf":{"@id":"https:\/\/kosa.mk\/#website"},"primaryImageOfPage":{"@id":"https:\/\/kosa.mk\/product\/inebrya-shecare-laminating-illuminating-mask\/#primaryimage"},"image":{"@id":"https:\/\/kosa.mk\/product\/inebrya-shecare-laminating-illuminating-mask\/#primaryimage"},"thumbnailUrl":"https:\/\/kosa.mk\/wp-content\/uploads\/2024\/10\/Shecare-Repair_1000ml_mask.png","datePublished":"2024-10-11T07:16:06+00:00","breadcrumb":{"@id":"https:\/\/kosa.mk\/product\/inebrya-shecare-laminating-illuminating-mask\/#breadcrumb"},"inLanguage":"sq-AL","potentialAction":[{"@type":"ReadAction","target":["https:\/\/kosa.mk\/product\/inebrya-shecare-laminating-illuminating-mask\/"]}]},{"@type":"ImageObject","inLanguage":"sq-AL","@id":"https:\/\/kosa.mk\/product\/inebrya-shecare-laminating-illuminating-mask\/#primaryimage","url":"https:\/\/kosa.mk\/wp-content\/uploads\/2024\/10\/Shecare-Repair_1000ml_mask.png","contentUrl":"https:\/\/kosa.mk\/wp-content\/uploads\/2024\/10\/Shecare-Repair_1000ml_mask.png","width":2000,"height":2000},{"@type":"BreadcrumbList","@id":"https:\/\/kosa.mk\/product\/inebrya-shecare-laminating-illuminating-mask\/#breadcrumb","itemListElement":[{"@type":"ListItem","position":1,"name":"Home","item":"https:\/\/kosa.mk\/sq\/"},{"@type":"ListItem","position":2,"name":"Shop","item":"https:\/\/kosa.mk\/shop\/"},{"@type":"ListItem","position":3,"name":"INEBRYA SHECARE LAMINATING ILLUMINATING MASK"}]},{"@type":"WebSite","@id":"https:\/\/kosa.mk\/#website","url":"https:\/\/kosa.mk\/","name":"KOSA.MK - \u041d\u0415\u0413\u0410 \u041d\u0410 \u041a\u041e\u0421\u0410 HAIR CARE SHOP","description":"\u041d\u0415\u0413\u0410 ,\u0421\u0422\u0410\u0408\u041b\u0418\u041d\u0413,\u0422\u0420\u0415\u0422\u041c\u0410\u041d\u0418  \u0417\u0410 \u041a\u041e\u0421\u0410 , HARECARE, HAIR TREATMENTS, SHAMPOO, MASK, CONDITIONERS, STYLING","publisher":{"@id":"https:\/\/kosa.mk\/#organization"},"potentialAction":[{"@type":"SearchAction","target":{"@type":"EntryPoint","urlTemplate":"https:\/\/kosa.mk\/?s={search_term_string}"},"query-input":{"@type":"PropertyValueSpecification","valueRequired":true,"valueName":"search_term_string"}}],"inLanguage":"sq-AL"},{"@type":"Organization","@id":"https:\/\/kosa.mk\/#organization","name":"KOSA.MK - \u041d\u0415\u0413\u0410 \u041d\u0410 \u041a\u041e\u0421\u0410 HAIR CARE SHOP","url":"https:\/\/kosa.mk\/","logo":{"@type":"ImageObject","inLanguage":"sq-AL","@id":"https:\/\/kosa.mk\/#\/schema\/logo\/image\/","url":"https:\/\/kosa.mk\/wp-content\/uploads\/2023\/04\/LOGO5.png","contentUrl":"https:\/\/kosa.mk\/wp-content\/uploads\/2023\/04\/LOGO5.png","width":499,"height":188,"caption":"KOSA.MK - \u041d\u0415\u0413\u0410 \u041d\u0410 \u041a\u041e\u0421\u0410 HAIR CARE SHOP"},"image":{"@id":"https:\/\/kosa.mk\/#\/schema\/logo\/image\/"}}]}},"brands":[],"_links":{"self":[{"href":"https:\/\/kosa.mk\/sq\/wp-json\/wp\/v2\/product\/12822","targetHints":{"allow":["GET"]}}],"collection":[{"href":"https:\/\/kosa.mk\/sq\/wp-json\/wp\/v2\/product"}],"about":[{"href":"https:\/\/kosa.mk\/sq\/wp-json\/wp\/v2\/types\/product"}],"replies":[{"embeddable":true,"href":"https:\/\/kosa.mk\/sq\/wp-json\/wp\/v2\/comments?post=12822"}],"version-history":[{"count":0,"href":"https:\/\/kosa.mk\/sq\/wp-json\/wp\/v2\/product\/12822\/revisions"}],"wp:featuredmedia":[{"embeddable":true,"href":"https:\/\/kosa.mk\/sq\/wp-json\/wp\/v2\/media\/12847"}],"wp:attachment":[{"href":"https:\/\/kosa.mk\/sq\/wp-json\/wp\/v2\/media?parent=12822"}],"wp:term":[{"taxonomy":"pwb-brand","embeddable":true,"href":"https:\/\/kosa.mk\/sq\/wp-json\/wp\/v2\/pwb-brand?post=12822"},{"taxonomy":"product_brand","embeddable":true,"href":"https:\/\/kosa.mk\/sq\/wp-json\/wp\/v2\/product_brand?post=12822"},{"taxonomy":"product_cat","embeddable":true,"href":"https:\/\/kosa.mk\/sq\/wp-json\/wp\/v2\/product_cat?post=12822"},{"taxonomy":"product_tag","embeddable":true,"href":"https:\/\/kosa.mk\/sq\/wp-json\/wp\/v2\/product_tag?post=12822"}],"curies":[{"name":"wp","href":"https:\/\/api.w.org\/{rel}","templated":true}]}}