{"id":13156,"date":"2026-04-21T13:55:25","date_gmt":"2026-04-21T13:55:25","guid":{"rendered":"https:\/\/kosa.mk\/product\/revlon-professional-equave-kids-minions-detangling-conditioner-200ml\/"},"modified":"2026-04-21T13:55:25","modified_gmt":"2026-04-21T13:55:25","slug":"revlon-professional-equave-kids-minions-detangling-conditioner-200ml","status":"publish","type":"product","link":"https:\/\/kosa.mk\/sq\/product\/revlon-professional-equave-kids-minions-detangling-conditioner-200ml\/","title":{"rendered":"REVLON PROFESSIONAL EQUAVE KIDS\u2122 MINIONS DETANGLING CONDITIONER 200ml"},"content":{"rendered":"<p><strong>Balsam p\u00ebr zb\u00ebrthimin e ngat\u00ebrresave pa shp\u00eblarje<\/strong><\/p>\n<p>Formula jon\u00eb vegane dhe hipoalergjike i zb\u00ebrthen dhe i zbut pa mundim flok\u00ebt, duke i l\u00ebn\u00eb t\u00eb but\u00eb, t\u00eb l\u00ebmuar, me shk\u00eblqim dhe t\u00eb leht\u00eb p\u00ebr t\u2019u krehur. Balsami zb\u00ebrthyes Revlon Professional Equave Kids\u2122 Minions \u00ebsht\u00eb formuluar me 94% p\u00ebrb\u00ebr\u00ebs me origjin\u00eb natyrale.<\/p>\n<p> <\/p>\n<p><span class=\"Y2IQFc\" lang=\"mk\"> I formuluar posa\u00e7\u00ebrisht p\u00ebr flok\u00ebt e f\u00ebmij\u00ebve. P\u00ebrfitimet kryesore Kjo formul\u00eb dyfazore \u00ebsht\u00eb testuar pediatrikisht dhe dermatologjikisht, duke ofruar kujdes t\u00eb but\u00eb ditor p\u00ebr flok\u00ebt dhe skalpin delikat t\u00eb f\u00ebmij\u00ebve. Disa produkte mund t\u00eb mos jen\u00eb t\u00eb disponueshme n\u00eb t\u00eb gjitha tregjet.<br \/>I formuluar posa\u00e7\u00ebrisht p\u00ebr flok\u00ebt e f\u00ebmij\u00ebve. P\u00ebrfitimet kryesore Kjo formul\u00eb dyfazore \u00ebsht\u00eb testuar pediatrikisht dhe dermatologjikisht, duke ofruar kujdes t\u00eb but\u00eb ditor p\u00ebr flok\u00ebt dhe skalpin delikat t\u00eb f\u00ebmij\u00ebve. Disa produkte mund t\u00eb mos jen\u00eb t\u00eb disponueshme n\u00eb t\u00eb gjitha tregjet.<\/p>\n<p>        <\/span><\/p>\n","protected":false},"excerpt":{"rendered":"<p>L\u00cbRENI N\u00cb RIGJENERUES P\u00cbR \u00c7RR\u00cbSHQITJE DHE ZGJATJE T\u00cb FLOKAVE PA SHP\u00cbLARJE<\/p>\n","protected":false},"featured_media":13150,"comment_status":"open","ping_status":"closed","template":"","meta":[],"pwb-brand":[],"product_brand":[],"product_cat":[500,476,479,475,481,486,485,484,487,483,499,501],"product_tag":[],"class_list":{"0":"post-13156","1":"product","2":"type-product","3":"status-publish","4":"has-post-thumbnail","6":"product_cat-kondicioneri-per-femi","7":"product_cat-leave-in-spraj-per-floke-kacurrela","8":"product_cat-leavein-spraj-ditore","9":"product_cat-leavein-spraj-zbytjen","10":"product_cat-mbrojtje-termike","11":"product_cat-mbrojtje-termike-ditore","12":"product_cat-mbrojtje-termike-per-floke-bionde","13":"product_cat-mbrojtje-termike-per-floke-te-demtuar","14":"product_cat-mbrojtje-termike-per-floke-te-thate","15":"product_cat-mbrojtje-termike-per-zbytjen","16":"product_cat-per-femi","17":"product_cat-spraj-per-krehje-per-femi","19":"first","20":"instock","21":"shipping-taxable","22":"purchasable","23":"product-type-simple"},"yoast_head":"<!-- This site is optimized with the Yoast SEO plugin v27.3 - https:\/\/yoast.com\/product\/yoast-seo-wordpress\/ -->\n<title>REVLON PROFESSIONAL EQUAVE KIDS\u2122 MINIONS DETANGLING CONDITIONER 200ml - KOSA.MK - \u041d\u0415\u0413\u0410 \u041d\u0410 \u041a\u041e\u0421\u0410 HAIR CARE SHOP<\/title>\n<meta name=\"robots\" content=\"index, follow, max-snippet:-1, max-image-preview:large, max-video-preview:-1\" \/>\n<link rel=\"canonical\" href=\"https:\/\/kosa.mk\/sq\/product\/revlon-professional-equave-kids-minions-detangling-conditioner-200ml\/\" \/>\n<meta property=\"og:locale\" content=\"sq_AL\" \/>\n<meta property=\"og:type\" content=\"article\" \/>\n<meta property=\"og:title\" content=\"REVLON PROFESSIONAL EQUAVE KIDS\u2122 MINIONS DETANGLING CONDITIONER 200ml - KOSA.MK - \u041d\u0415\u0413\u0410 \u041d\u0410 \u041a\u041e\u0421\u0410 HAIR CARE SHOP\" \/>\n<meta property=\"og:description\" content=\"L\u00cbRENI N\u00cb RIGJENERUES P\u00cbR \u00c7RR\u00cbSHQITJE DHE ZGJATJE T\u00cb FLOKAVE PA SHP\u00cbLARJE\" \/>\n<meta property=\"og:url\" content=\"https:\/\/kosa.mk\/sq\/product\/revlon-professional-equave-kids-minions-detangling-conditioner-200ml\/\" \/>\n<meta property=\"og:site_name\" content=\"KOSA.MK - \u041d\u0415\u0413\u0410 \u041d\u0410 \u041a\u041e\u0421\u0410 HAIR CARE SHOP\" \/>\n<meta property=\"og:image\" content=\"https:\/\/kosa.mk\/wp-content\/uploads\/2026\/04\/00-Render-scaled-1-e1776779690673.webp\" \/>\n\t<meta property=\"og:image:width\" content=\"2560\" \/>\n\t<meta property=\"og:image:height\" content=\"2560\" \/>\n\t<meta property=\"og:image:type\" content=\"image\/webp\" \/>\n<meta name=\"twitter:card\" content=\"summary_large_image\" \/>\n<meta name=\"twitter:label1\" content=\"Est. reading time\" \/>\n\t<meta name=\"twitter:data1\" content=\"1 minute\" \/>\n<script type=\"application\/ld+json\" class=\"yoast-schema-graph\">{\"@context\":\"https:\\\/\\\/schema.org\",\"@graph\":[{\"@type\":\"WebPage\",\"@id\":\"https:\\\/\\\/kosa.mk\\\/sq\\\/product\\\/revlon-professional-equave-kids-minions-detangling-conditioner-200ml\\\/\",\"url\":\"https:\\\/\\\/kosa.mk\\\/sq\\\/product\\\/revlon-professional-equave-kids-minions-detangling-conditioner-200ml\\\/\",\"name\":\"REVLON PROFESSIONAL EQUAVE KIDS\u2122 MINIONS DETANGLING CONDITIONER 200ml - KOSA.MK - \u041d\u0415\u0413\u0410 \u041d\u0410 \u041a\u041e\u0421\u0410 HAIR CARE SHOP\",\"isPartOf\":{\"@id\":\"https:\\\/\\\/kosa.mk\\\/#website\"},\"primaryImageOfPage\":{\"@id\":\"https:\\\/\\\/kosa.mk\\\/sq\\\/product\\\/revlon-professional-equave-kids-minions-detangling-conditioner-200ml\\\/#primaryimage\"},\"image\":{\"@id\":\"https:\\\/\\\/kosa.mk\\\/sq\\\/product\\\/revlon-professional-equave-kids-minions-detangling-conditioner-200ml\\\/#primaryimage\"},\"thumbnailUrl\":\"https:\\\/\\\/kosa.mk\\\/wp-content\\\/uploads\\\/2026\\\/04\\\/00-Render-scaled-1-e1776779690673.webp\",\"datePublished\":\"2026-04-21T13:55:25+00:00\",\"breadcrumb\":{\"@id\":\"https:\\\/\\\/kosa.mk\\\/sq\\\/product\\\/revlon-professional-equave-kids-minions-detangling-conditioner-200ml\\\/#breadcrumb\"},\"inLanguage\":\"sq-AL\",\"potentialAction\":[{\"@type\":\"ReadAction\",\"target\":[\"https:\\\/\\\/kosa.mk\\\/sq\\\/product\\\/revlon-professional-equave-kids-minions-detangling-conditioner-200ml\\\/\"]}]},{\"@type\":\"ImageObject\",\"inLanguage\":\"sq-AL\",\"@id\":\"https:\\\/\\\/kosa.mk\\\/sq\\\/product\\\/revlon-professional-equave-kids-minions-detangling-conditioner-200ml\\\/#primaryimage\",\"url\":\"https:\\\/\\\/kosa.mk\\\/wp-content\\\/uploads\\\/2026\\\/04\\\/00-Render-scaled-1-e1776779690673.webp\",\"contentUrl\":\"https:\\\/\\\/kosa.mk\\\/wp-content\\\/uploads\\\/2026\\\/04\\\/00-Render-scaled-1-e1776779690673.webp\",\"width\":2560,\"height\":2560},{\"@type\":\"BreadcrumbList\",\"@id\":\"https:\\\/\\\/kosa.mk\\\/sq\\\/product\\\/revlon-professional-equave-kids-minions-detangling-conditioner-200ml\\\/#breadcrumb\",\"itemListElement\":[{\"@type\":\"ListItem\",\"position\":1,\"name\":\"Home\",\"item\":\"https:\\\/\\\/kosa.mk\\\/sq\\\/\"},{\"@type\":\"ListItem\",\"position\":2,\"name\":\"Shop\",\"item\":\"https:\\\/\\\/kosa.mk\\\/shop\\\/\"},{\"@type\":\"ListItem\",\"position\":3,\"name\":\"REVLON PROFESSIONAL EQUAVE KIDS\u2122 MINIONS DETANGLING CONDITIONER 200ml\"}]},{\"@type\":\"WebSite\",\"@id\":\"https:\\\/\\\/kosa.mk\\\/#website\",\"url\":\"https:\\\/\\\/kosa.mk\\\/\",\"name\":\"KOSA.MK - \u041d\u0415\u0413\u0410 \u041d\u0410 \u041a\u041e\u0421\u0410 HAIR CARE SHOP\",\"description\":\"\u041d\u0415\u0413\u0410 ,\u0421\u0422\u0410\u0408\u041b\u0418\u041d\u0413,\u0422\u0420\u0415\u0422\u041c\u0410\u041d\u0418  \u0417\u0410 \u041a\u041e\u0421\u0410 , HARECARE, HAIR TREATMENTS, SHAMPOO, MASK, CONDITIONERS, STYLING\",\"publisher\":{\"@id\":\"https:\\\/\\\/kosa.mk\\\/#organization\"},\"potentialAction\":[{\"@type\":\"SearchAction\",\"target\":{\"@type\":\"EntryPoint\",\"urlTemplate\":\"https:\\\/\\\/kosa.mk\\\/?s={search_term_string}\"},\"query-input\":{\"@type\":\"PropertyValueSpecification\",\"valueRequired\":true,\"valueName\":\"search_term_string\"}}],\"inLanguage\":\"sq-AL\"},{\"@type\":\"Organization\",\"@id\":\"https:\\\/\\\/kosa.mk\\\/#organization\",\"name\":\"KOSA.MK - \u041d\u0415\u0413\u0410 \u041d\u0410 \u041a\u041e\u0421\u0410 HAIR CARE SHOP\",\"url\":\"https:\\\/\\\/kosa.mk\\\/\",\"logo\":{\"@type\":\"ImageObject\",\"inLanguage\":\"sq-AL\",\"@id\":\"https:\\\/\\\/kosa.mk\\\/#\\\/schema\\\/logo\\\/image\\\/\",\"url\":\"https:\\\/\\\/kosa.mk\\\/wp-content\\\/uploads\\\/2023\\\/04\\\/LOGO5.png\",\"contentUrl\":\"https:\\\/\\\/kosa.mk\\\/wp-content\\\/uploads\\\/2023\\\/04\\\/LOGO5.png\",\"width\":499,\"height\":188,\"caption\":\"KOSA.MK - \u041d\u0415\u0413\u0410 \u041d\u0410 \u041a\u041e\u0421\u0410 HAIR CARE SHOP\"},\"image\":{\"@id\":\"https:\\\/\\\/kosa.mk\\\/#\\\/schema\\\/logo\\\/image\\\/\"}}]}<\/script>\n<!-- \/ Yoast SEO plugin. -->","yoast_head_json":{"title":"REVLON PROFESSIONAL EQUAVE KIDS\u2122 MINIONS DETANGLING CONDITIONER 200ml - KOSA.MK - \u041d\u0415\u0413\u0410 \u041d\u0410 \u041a\u041e\u0421\u0410 HAIR CARE SHOP","robots":{"index":"index","follow":"follow","max-snippet":"max-snippet:-1","max-image-preview":"max-image-preview:large","max-video-preview":"max-video-preview:-1"},"canonical":"https:\/\/kosa.mk\/sq\/product\/revlon-professional-equave-kids-minions-detangling-conditioner-200ml\/","og_locale":"sq_AL","og_type":"article","og_title":"REVLON PROFESSIONAL EQUAVE KIDS\u2122 MINIONS DETANGLING CONDITIONER 200ml - KOSA.MK - \u041d\u0415\u0413\u0410 \u041d\u0410 \u041a\u041e\u0421\u0410 HAIR CARE SHOP","og_description":"L\u00cbRENI N\u00cb RIGJENERUES P\u00cbR \u00c7RR\u00cbSHQITJE DHE ZGJATJE T\u00cb FLOKAVE PA SHP\u00cbLARJE","og_url":"https:\/\/kosa.mk\/sq\/product\/revlon-professional-equave-kids-minions-detangling-conditioner-200ml\/","og_site_name":"KOSA.MK - \u041d\u0415\u0413\u0410 \u041d\u0410 \u041a\u041e\u0421\u0410 HAIR CARE SHOP","og_image":[{"width":2560,"height":2560,"url":"https:\/\/kosa.mk\/wp-content\/uploads\/2026\/04\/00-Render-scaled-1-e1776779690673.webp","type":"image\/webp"}],"twitter_card":"summary_large_image","twitter_misc":{"Est. reading time":"1 minute"},"schema":{"@context":"https:\/\/schema.org","@graph":[{"@type":"WebPage","@id":"https:\/\/kosa.mk\/sq\/product\/revlon-professional-equave-kids-minions-detangling-conditioner-200ml\/","url":"https:\/\/kosa.mk\/sq\/product\/revlon-professional-equave-kids-minions-detangling-conditioner-200ml\/","name":"REVLON PROFESSIONAL EQUAVE KIDS\u2122 MINIONS DETANGLING CONDITIONER 200ml - KOSA.MK - \u041d\u0415\u0413\u0410 \u041d\u0410 \u041a\u041e\u0421\u0410 HAIR CARE SHOP","isPartOf":{"@id":"https:\/\/kosa.mk\/#website"},"primaryImageOfPage":{"@id":"https:\/\/kosa.mk\/sq\/product\/revlon-professional-equave-kids-minions-detangling-conditioner-200ml\/#primaryimage"},"image":{"@id":"https:\/\/kosa.mk\/sq\/product\/revlon-professional-equave-kids-minions-detangling-conditioner-200ml\/#primaryimage"},"thumbnailUrl":"https:\/\/kosa.mk\/wp-content\/uploads\/2026\/04\/00-Render-scaled-1-e1776779690673.webp","datePublished":"2026-04-21T13:55:25+00:00","breadcrumb":{"@id":"https:\/\/kosa.mk\/sq\/product\/revlon-professional-equave-kids-minions-detangling-conditioner-200ml\/#breadcrumb"},"inLanguage":"sq-AL","potentialAction":[{"@type":"ReadAction","target":["https:\/\/kosa.mk\/sq\/product\/revlon-professional-equave-kids-minions-detangling-conditioner-200ml\/"]}]},{"@type":"ImageObject","inLanguage":"sq-AL","@id":"https:\/\/kosa.mk\/sq\/product\/revlon-professional-equave-kids-minions-detangling-conditioner-200ml\/#primaryimage","url":"https:\/\/kosa.mk\/wp-content\/uploads\/2026\/04\/00-Render-scaled-1-e1776779690673.webp","contentUrl":"https:\/\/kosa.mk\/wp-content\/uploads\/2026\/04\/00-Render-scaled-1-e1776779690673.webp","width":2560,"height":2560},{"@type":"BreadcrumbList","@id":"https:\/\/kosa.mk\/sq\/product\/revlon-professional-equave-kids-minions-detangling-conditioner-200ml\/#breadcrumb","itemListElement":[{"@type":"ListItem","position":1,"name":"Home","item":"https:\/\/kosa.mk\/sq\/"},{"@type":"ListItem","position":2,"name":"Shop","item":"https:\/\/kosa.mk\/shop\/"},{"@type":"ListItem","position":3,"name":"REVLON PROFESSIONAL EQUAVE KIDS\u2122 MINIONS DETANGLING CONDITIONER 200ml"}]},{"@type":"WebSite","@id":"https:\/\/kosa.mk\/#website","url":"https:\/\/kosa.mk\/","name":"KOSA.MK - \u041d\u0415\u0413\u0410 \u041d\u0410 \u041a\u041e\u0421\u0410 HAIR CARE SHOP","description":"\u041d\u0415\u0413\u0410 ,\u0421\u0422\u0410\u0408\u041b\u0418\u041d\u0413,\u0422\u0420\u0415\u0422\u041c\u0410\u041d\u0418  \u0417\u0410 \u041a\u041e\u0421\u0410 , HARECARE, HAIR TREATMENTS, SHAMPOO, MASK, CONDITIONERS, STYLING","publisher":{"@id":"https:\/\/kosa.mk\/#organization"},"potentialAction":[{"@type":"SearchAction","target":{"@type":"EntryPoint","urlTemplate":"https:\/\/kosa.mk\/?s={search_term_string}"},"query-input":{"@type":"PropertyValueSpecification","valueRequired":true,"valueName":"search_term_string"}}],"inLanguage":"sq-AL"},{"@type":"Organization","@id":"https:\/\/kosa.mk\/#organization","name":"KOSA.MK - \u041d\u0415\u0413\u0410 \u041d\u0410 \u041a\u041e\u0421\u0410 HAIR CARE SHOP","url":"https:\/\/kosa.mk\/","logo":{"@type":"ImageObject","inLanguage":"sq-AL","@id":"https:\/\/kosa.mk\/#\/schema\/logo\/image\/","url":"https:\/\/kosa.mk\/wp-content\/uploads\/2023\/04\/LOGO5.png","contentUrl":"https:\/\/kosa.mk\/wp-content\/uploads\/2023\/04\/LOGO5.png","width":499,"height":188,"caption":"KOSA.MK - \u041d\u0415\u0413\u0410 \u041d\u0410 \u041a\u041e\u0421\u0410 HAIR CARE SHOP"},"image":{"@id":"https:\/\/kosa.mk\/#\/schema\/logo\/image\/"}}]}},"brands":[],"_links":{"self":[{"href":"https:\/\/kosa.mk\/sq\/wp-json\/wp\/v2\/product\/13156","targetHints":{"allow":["GET"]}}],"collection":[{"href":"https:\/\/kosa.mk\/sq\/wp-json\/wp\/v2\/product"}],"about":[{"href":"https:\/\/kosa.mk\/sq\/wp-json\/wp\/v2\/types\/product"}],"replies":[{"embeddable":true,"href":"https:\/\/kosa.mk\/sq\/wp-json\/wp\/v2\/comments?post=13156"}],"version-history":[{"count":0,"href":"https:\/\/kosa.mk\/sq\/wp-json\/wp\/v2\/product\/13156\/revisions"}],"wp:featuredmedia":[{"embeddable":true,"href":"https:\/\/kosa.mk\/sq\/wp-json\/wp\/v2\/media\/13150"}],"wp:attachment":[{"href":"https:\/\/kosa.mk\/sq\/wp-json\/wp\/v2\/media?parent=13156"}],"wp:term":[{"taxonomy":"pwb-brand","embeddable":true,"href":"https:\/\/kosa.mk\/sq\/wp-json\/wp\/v2\/pwb-brand?post=13156"},{"taxonomy":"product_brand","embeddable":true,"href":"https:\/\/kosa.mk\/sq\/wp-json\/wp\/v2\/product_brand?post=13156"},{"taxonomy":"product_cat","embeddable":true,"href":"https:\/\/kosa.mk\/sq\/wp-json\/wp\/v2\/product_cat?post=13156"},{"taxonomy":"product_tag","embeddable":true,"href":"https:\/\/kosa.mk\/sq\/wp-json\/wp\/v2\/product_tag?post=13156"}],"curies":[{"name":"wp","href":"https:\/\/api.w.org\/{rel}","templated":true}]}}