{"id":9427,"date":"2023-05-04T10:58:29","date_gmt":"2023-05-04T10:58:29","guid":{"rendered":"https:\/\/kosa.mk\/product\/revlon-professional-restart-color-protective-micellar-shampoo\/"},"modified":"2023-05-06T15:31:46","modified_gmt":"2023-05-06T15:31:46","slug":"revlon-professional-restart-color-protective-micellar-shampoo-250ml","status":"publish","type":"product","link":"https:\/\/kosa.mk\/sq\/product\/revlon-professional-restart-color-protective-micellar-shampoo-250ml\/","title":{"rendered":"Revlon Professional Restart Color Protective Micellar Shampoo 250ml"},"content":{"rendered":"<p><span style=\"color: #000000;\"><strong>Revlon Professional Restart Color Protective Micellar Shampoo<\/strong><\/span><\/p>\n<p><span style=\"color: #000000;\">Gama REVLON PROFESSIONAL\u00ae RE\/START rimendon kujdesin e flok\u00ebve dhe produktet me formula me veprim t\u00eb dyfisht\u00eb q\u00eb kujdesen p\u00ebr flok\u00ebt dhe l\u00ebkur\u00ebn e kok\u00ebs duke u fokusuar n\u00eb zgjidhjet e synuara p\u00ebr \u00e7do lloj floku. Shampo Micellar Protective Color RE\/START \u00ebsht\u00eb krijuar posa\u00e7\u00ebrisht p\u00ebr njer\u00ebzit me flok\u00eb t\u00eb lyer. Me nj\u00eb tekstur\u00eb kremoze, kjo shampo mbrojt\u00ebse me ngjyra me veprim t\u00eb dyfisht\u00eb \u00ebsht\u00eb formuluar me p\u00ebrb\u00ebr\u00ebs p\u00ebr kujdesin e l\u00ebkur\u00ebs q\u00eb ndihmojn\u00eb n\u00eb balancimin e mikrobiom\u00ebs natyrale t\u00eb kok\u00ebs dhe mbrojn\u00eb flok\u00ebt e trajtuar me ngjyr\u00eb. L\u00ebkura e kok\u00ebs lihet e qet\u00eb, e rehatshme dhe er\u00ebrat e pak\u00ebndshme neutralizohen. Shampo p\u00ebr flok\u00eb t\u00eb lyer, e mbushur me ekstrakt natyral antioksidant acai, parandalon zbehjen e ngjyr\u00ebs p\u00ebr shkak t\u00eb agjent\u00ebve oksidues dhe larjes. Fal\u00eb formul\u00ebs s\u00eb teknologjis\u00eb KERABIOTIC OXIGUARD\u2122, ngjyra \u00ebsht\u00eb m\u00eb e leht\u00eb p\u00ebr t&#8217;u ruajtur, me gjall\u00ebri t\u00eb shtuar dhe shk\u00eblqim ngjyrash t\u00eb q\u00ebndrueshme.<\/span><\/p>\n<p><span style=\"color: #000000;\">\u2022 Mbron dhe qet\u00ebson l\u00ebkur\u00ebn e kok\u00ebs<\/span><br \/>\n<span style=\"color: #000000;\">\u2022 Balancon mikrobiom\u00ebn e kok\u00ebs<\/span><br \/>\n<span style=\"color: #000000;\">\u2022 Shampo micellare neutralizon aromat e pak\u00ebndshme t\u00eb kok\u00ebs<\/span><br \/>\n<span style=\"color: #000000;\">\u2022 Eliminon mbetjet p\u00ebr t\u00eb mbrojtur boj\u00ebn<\/span><br \/>\n<span style=\"color: #000000;\">\u2022 Mbron ngjyr\u00ebn nga zbehja e shkaktuar nga larja<\/span><br \/>\n<span style=\"color: #000000;\">\u2022 Redukton dhe barazon porozitetin n\u00eb fibrat e flok\u00ebve p\u00ebr rezultate m\u00eb t\u00eb nj\u00ebtrajtshme<\/span><br \/>\n<span style=\"color: #000000;\">\u2022 Rrit ndri\u00e7imin e ngjyr\u00ebs<\/span><\/p>\n<p><span style=\"color: #000000;\">P\u00ebrdorimi<\/span><br \/>\n<span style=\"color: #000000;\">1) Aplikoni nj\u00eb shampo mbrojt\u00ebse n\u00eb flok\u00eb t\u00eb lagur.<\/span><br \/>\n<span style=\"color: #000000;\">2) Masazhoni but\u00ebsisht.<\/span><br \/>\n<span style=\"color: #000000;\">3) Shp\u00eblajeni t\u00ebr\u00ebsisht. P\u00ebrs\u00ebriteni n\u00ebse \u00ebsht\u00eb e nevojshme.<\/span><\/p>\n","protected":false},"excerpt":{"rendered":"<p><span style=\"color: #000000;\">Gama REVLON PROFESSIONAL\u00ae RE\/START rimendon kujdesin e flok\u00ebve dhe produktet me formula me veprim t\u00eb dyfisht\u00eb q\u00eb kujdesen p\u00ebr flok\u00ebt dhe l\u00ebkur\u00ebn e kok\u00ebs duke u fokusuar n\u00eb zgjidhjet e synuara p\u00ebr \u00e7do lloj floku.<\/span><\/p>\n","protected":false},"featured_media":9425,"comment_status":"open","ping_status":"closed","template":"","meta":[],"pwb-brand":[],"product_brand":[],"product_cat":[413,424],"product_tag":[],"class_list":{"0":"post-9427","1":"product","2":"type-product","3":"status-publish","4":"has-post-thumbnail","6":"product_cat-shampona","7":"product_cat-shampona-per-floke-te-lyer","9":"first","10":"instock","11":"shipping-taxable","12":"purchasable","13":"product-type-simple"},"yoast_head":"<!-- This site is optimized with the Yoast SEO plugin v27.5 - https:\/\/yoast.com\/product\/yoast-seo-wordpress\/ -->\n<title>Revlon Professional Restart Color Protective Micellar Shampoo 250ml - KOSA.MK - \u041d\u0415\u0413\u0410 \u041d\u0410 \u041a\u041e\u0421\u0410 HAIR CARE SHOP<\/title>\n<meta name=\"robots\" content=\"index, follow, max-snippet:-1, max-image-preview:large, max-video-preview:-1\" \/>\n<link rel=\"canonical\" href=\"https:\/\/kosa.mk\/sq\/product\/revlon-professional-restart-color-protective-micellar-shampoo-250ml\/\" \/>\n<meta property=\"og:locale\" content=\"sq_AL\" \/>\n<meta property=\"og:type\" content=\"article\" \/>\n<meta property=\"og:title\" content=\"Revlon Professional Restart Color Protective Micellar Shampoo 250ml - KOSA.MK - \u041d\u0415\u0413\u0410 \u041d\u0410 \u041a\u041e\u0421\u0410 HAIR CARE SHOP\" \/>\n<meta property=\"og:description\" content=\"Gama REVLON PROFESSIONAL\u00ae RE\/START rimendon kujdesin e flok\u00ebve dhe produktet me formula me veprim t\u00eb dyfisht\u00eb q\u00eb kujdesen p\u00ebr flok\u00ebt dhe l\u00ebkur\u00ebn e kok\u00ebs duke u fokusuar n\u00eb zgjidhjet e synuara p\u00ebr \u00e7do lloj floku.\" \/>\n<meta property=\"og:url\" content=\"https:\/\/kosa.mk\/sq\/product\/revlon-professional-restart-color-protective-micellar-shampoo-250ml\/\" \/>\n<meta property=\"og:site_name\" content=\"KOSA.MK - \u041d\u0415\u0413\u0410 \u041d\u0410 \u041a\u041e\u0421\u0410 HAIR CARE SHOP\" \/>\n<meta property=\"article:modified_time\" content=\"2023-05-06T15:31:46+00:00\" \/>\n<meta property=\"og:image\" content=\"https:\/\/kosa.mk\/wp-content\/uploads\/2023\/05\/Revlon-Professional-Restart-Color-Protective-Micellar-Shampoo.jpg\" \/>\n\t<meta property=\"og:image:width\" content=\"1000\" \/>\n\t<meta property=\"og:image:height\" content=\"1000\" \/>\n\t<meta property=\"og:image:type\" content=\"image\/jpeg\" \/>\n<meta name=\"twitter:card\" content=\"summary_large_image\" \/>\n<meta name=\"twitter:label1\" content=\"Est. reading time\" \/>\n\t<meta name=\"twitter:data1\" content=\"1 minute\" \/>\n<script type=\"application\/ld+json\" class=\"yoast-schema-graph\">{\"@context\":\"https:\\\/\\\/schema.org\",\"@graph\":[{\"@type\":\"WebPage\",\"@id\":\"https:\\\/\\\/kosa.mk\\\/sq\\\/product\\\/revlon-professional-restart-color-protective-micellar-shampoo-250ml\\\/\",\"url\":\"https:\\\/\\\/kosa.mk\\\/sq\\\/product\\\/revlon-professional-restart-color-protective-micellar-shampoo-250ml\\\/\",\"name\":\"Revlon Professional Restart Color Protective Micellar Shampoo 250ml - KOSA.MK - \u041d\u0415\u0413\u0410 \u041d\u0410 \u041a\u041e\u0421\u0410 HAIR CARE SHOP\",\"isPartOf\":{\"@id\":\"https:\\\/\\\/kosa.mk\\\/#website\"},\"primaryImageOfPage\":{\"@id\":\"https:\\\/\\\/kosa.mk\\\/sq\\\/product\\\/revlon-professional-restart-color-protective-micellar-shampoo-250ml\\\/#primaryimage\"},\"image\":{\"@id\":\"https:\\\/\\\/kosa.mk\\\/sq\\\/product\\\/revlon-professional-restart-color-protective-micellar-shampoo-250ml\\\/#primaryimage\"},\"thumbnailUrl\":\"https:\\\/\\\/kosa.mk\\\/wp-content\\\/uploads\\\/2023\\\/05\\\/Revlon-Professional-Restart-Color-Protective-Micellar-Shampoo.jpg\",\"datePublished\":\"2023-05-04T10:58:29+00:00\",\"dateModified\":\"2023-05-06T15:31:46+00:00\",\"breadcrumb\":{\"@id\":\"https:\\\/\\\/kosa.mk\\\/sq\\\/product\\\/revlon-professional-restart-color-protective-micellar-shampoo-250ml\\\/#breadcrumb\"},\"inLanguage\":\"sq-AL\",\"potentialAction\":[{\"@type\":\"ReadAction\",\"target\":[\"https:\\\/\\\/kosa.mk\\\/sq\\\/product\\\/revlon-professional-restart-color-protective-micellar-shampoo-250ml\\\/\"]}]},{\"@type\":\"ImageObject\",\"inLanguage\":\"sq-AL\",\"@id\":\"https:\\\/\\\/kosa.mk\\\/sq\\\/product\\\/revlon-professional-restart-color-protective-micellar-shampoo-250ml\\\/#primaryimage\",\"url\":\"https:\\\/\\\/kosa.mk\\\/wp-content\\\/uploads\\\/2023\\\/05\\\/Revlon-Professional-Restart-Color-Protective-Micellar-Shampoo.jpg\",\"contentUrl\":\"https:\\\/\\\/kosa.mk\\\/wp-content\\\/uploads\\\/2023\\\/05\\\/Revlon-Professional-Restart-Color-Protective-Micellar-Shampoo.jpg\",\"width\":1000,\"height\":1000,\"caption\":\"Revlon Professional Restart Color Protective Micellar Shampoo\"},{\"@type\":\"BreadcrumbList\",\"@id\":\"https:\\\/\\\/kosa.mk\\\/sq\\\/product\\\/revlon-professional-restart-color-protective-micellar-shampoo-250ml\\\/#breadcrumb\",\"itemListElement\":[{\"@type\":\"ListItem\",\"position\":1,\"name\":\"Home\",\"item\":\"https:\\\/\\\/kosa.mk\\\/sq\\\/\"},{\"@type\":\"ListItem\",\"position\":2,\"name\":\"Shop\",\"item\":\"https:\\\/\\\/kosa.mk\\\/shop\\\/\"},{\"@type\":\"ListItem\",\"position\":3,\"name\":\"Revlon Professional Restart Color Protective Micellar Shampoo 250ml\"}]},{\"@type\":\"WebSite\",\"@id\":\"https:\\\/\\\/kosa.mk\\\/#website\",\"url\":\"https:\\\/\\\/kosa.mk\\\/\",\"name\":\"KOSA.MK - \u041d\u0415\u0413\u0410 \u041d\u0410 \u041a\u041e\u0421\u0410 HAIR CARE SHOP\",\"description\":\"\u041d\u0415\u0413\u0410 ,\u0421\u0422\u0410\u0408\u041b\u0418\u041d\u0413,\u0422\u0420\u0415\u0422\u041c\u0410\u041d\u0418  \u0417\u0410 \u041a\u041e\u0421\u0410 , HARECARE, HAIR TREATMENTS, SHAMPOO, MASK, CONDITIONERS, STYLING\",\"publisher\":{\"@id\":\"https:\\\/\\\/kosa.mk\\\/#organization\"},\"potentialAction\":[{\"@type\":\"SearchAction\",\"target\":{\"@type\":\"EntryPoint\",\"urlTemplate\":\"https:\\\/\\\/kosa.mk\\\/?s={search_term_string}\"},\"query-input\":{\"@type\":\"PropertyValueSpecification\",\"valueRequired\":true,\"valueName\":\"search_term_string\"}}],\"inLanguage\":\"sq-AL\"},{\"@type\":\"Organization\",\"@id\":\"https:\\\/\\\/kosa.mk\\\/#organization\",\"name\":\"KOSA.MK - \u041d\u0415\u0413\u0410 \u041d\u0410 \u041a\u041e\u0421\u0410 HAIR CARE SHOP\",\"url\":\"https:\\\/\\\/kosa.mk\\\/\",\"logo\":{\"@type\":\"ImageObject\",\"inLanguage\":\"sq-AL\",\"@id\":\"https:\\\/\\\/kosa.mk\\\/#\\\/schema\\\/logo\\\/image\\\/\",\"url\":\"https:\\\/\\\/kosa.mk\\\/wp-content\\\/uploads\\\/2023\\\/04\\\/LOGO5.png\",\"contentUrl\":\"https:\\\/\\\/kosa.mk\\\/wp-content\\\/uploads\\\/2023\\\/04\\\/LOGO5.png\",\"width\":499,\"height\":188,\"caption\":\"KOSA.MK - \u041d\u0415\u0413\u0410 \u041d\u0410 \u041a\u041e\u0421\u0410 HAIR CARE SHOP\"},\"image\":{\"@id\":\"https:\\\/\\\/kosa.mk\\\/#\\\/schema\\\/logo\\\/image\\\/\"}}]}<\/script>\n<!-- \/ Yoast SEO plugin. -->","yoast_head_json":{"title":"Revlon Professional Restart Color Protective Micellar Shampoo 250ml - KOSA.MK - \u041d\u0415\u0413\u0410 \u041d\u0410 \u041a\u041e\u0421\u0410 HAIR CARE SHOP","robots":{"index":"index","follow":"follow","max-snippet":"max-snippet:-1","max-image-preview":"max-image-preview:large","max-video-preview":"max-video-preview:-1"},"canonical":"https:\/\/kosa.mk\/sq\/product\/revlon-professional-restart-color-protective-micellar-shampoo-250ml\/","og_locale":"sq_AL","og_type":"article","og_title":"Revlon Professional Restart Color Protective Micellar Shampoo 250ml - KOSA.MK - \u041d\u0415\u0413\u0410 \u041d\u0410 \u041a\u041e\u0421\u0410 HAIR CARE SHOP","og_description":"Gama REVLON PROFESSIONAL\u00ae RE\/START rimendon kujdesin e flok\u00ebve dhe produktet me formula me veprim t\u00eb dyfisht\u00eb q\u00eb kujdesen p\u00ebr flok\u00ebt dhe l\u00ebkur\u00ebn e kok\u00ebs duke u fokusuar n\u00eb zgjidhjet e synuara p\u00ebr \u00e7do lloj floku.","og_url":"https:\/\/kosa.mk\/sq\/product\/revlon-professional-restart-color-protective-micellar-shampoo-250ml\/","og_site_name":"KOSA.MK - \u041d\u0415\u0413\u0410 \u041d\u0410 \u041a\u041e\u0421\u0410 HAIR CARE SHOP","article_modified_time":"2023-05-06T15:31:46+00:00","og_image":[{"width":1000,"height":1000,"url":"https:\/\/kosa.mk\/wp-content\/uploads\/2023\/05\/Revlon-Professional-Restart-Color-Protective-Micellar-Shampoo.jpg","type":"image\/jpeg"}],"twitter_card":"summary_large_image","twitter_misc":{"Est. reading time":"1 minute"},"schema":{"@context":"https:\/\/schema.org","@graph":[{"@type":"WebPage","@id":"https:\/\/kosa.mk\/sq\/product\/revlon-professional-restart-color-protective-micellar-shampoo-250ml\/","url":"https:\/\/kosa.mk\/sq\/product\/revlon-professional-restart-color-protective-micellar-shampoo-250ml\/","name":"Revlon Professional Restart Color Protective Micellar Shampoo 250ml - KOSA.MK - \u041d\u0415\u0413\u0410 \u041d\u0410 \u041a\u041e\u0421\u0410 HAIR CARE SHOP","isPartOf":{"@id":"https:\/\/kosa.mk\/#website"},"primaryImageOfPage":{"@id":"https:\/\/kosa.mk\/sq\/product\/revlon-professional-restart-color-protective-micellar-shampoo-250ml\/#primaryimage"},"image":{"@id":"https:\/\/kosa.mk\/sq\/product\/revlon-professional-restart-color-protective-micellar-shampoo-250ml\/#primaryimage"},"thumbnailUrl":"https:\/\/kosa.mk\/wp-content\/uploads\/2023\/05\/Revlon-Professional-Restart-Color-Protective-Micellar-Shampoo.jpg","datePublished":"2023-05-04T10:58:29+00:00","dateModified":"2023-05-06T15:31:46+00:00","breadcrumb":{"@id":"https:\/\/kosa.mk\/sq\/product\/revlon-professional-restart-color-protective-micellar-shampoo-250ml\/#breadcrumb"},"inLanguage":"sq-AL","potentialAction":[{"@type":"ReadAction","target":["https:\/\/kosa.mk\/sq\/product\/revlon-professional-restart-color-protective-micellar-shampoo-250ml\/"]}]},{"@type":"ImageObject","inLanguage":"sq-AL","@id":"https:\/\/kosa.mk\/sq\/product\/revlon-professional-restart-color-protective-micellar-shampoo-250ml\/#primaryimage","url":"https:\/\/kosa.mk\/wp-content\/uploads\/2023\/05\/Revlon-Professional-Restart-Color-Protective-Micellar-Shampoo.jpg","contentUrl":"https:\/\/kosa.mk\/wp-content\/uploads\/2023\/05\/Revlon-Professional-Restart-Color-Protective-Micellar-Shampoo.jpg","width":1000,"height":1000,"caption":"Revlon Professional Restart Color Protective Micellar Shampoo"},{"@type":"BreadcrumbList","@id":"https:\/\/kosa.mk\/sq\/product\/revlon-professional-restart-color-protective-micellar-shampoo-250ml\/#breadcrumb","itemListElement":[{"@type":"ListItem","position":1,"name":"Home","item":"https:\/\/kosa.mk\/sq\/"},{"@type":"ListItem","position":2,"name":"Shop","item":"https:\/\/kosa.mk\/shop\/"},{"@type":"ListItem","position":3,"name":"Revlon Professional Restart Color Protective Micellar Shampoo 250ml"}]},{"@type":"WebSite","@id":"https:\/\/kosa.mk\/#website","url":"https:\/\/kosa.mk\/","name":"KOSA.MK - \u041d\u0415\u0413\u0410 \u041d\u0410 \u041a\u041e\u0421\u0410 HAIR CARE SHOP","description":"\u041d\u0415\u0413\u0410 ,\u0421\u0422\u0410\u0408\u041b\u0418\u041d\u0413,\u0422\u0420\u0415\u0422\u041c\u0410\u041d\u0418  \u0417\u0410 \u041a\u041e\u0421\u0410 , HARECARE, HAIR TREATMENTS, SHAMPOO, MASK, CONDITIONERS, STYLING","publisher":{"@id":"https:\/\/kosa.mk\/#organization"},"potentialAction":[{"@type":"SearchAction","target":{"@type":"EntryPoint","urlTemplate":"https:\/\/kosa.mk\/?s={search_term_string}"},"query-input":{"@type":"PropertyValueSpecification","valueRequired":true,"valueName":"search_term_string"}}],"inLanguage":"sq-AL"},{"@type":"Organization","@id":"https:\/\/kosa.mk\/#organization","name":"KOSA.MK - \u041d\u0415\u0413\u0410 \u041d\u0410 \u041a\u041e\u0421\u0410 HAIR CARE SHOP","url":"https:\/\/kosa.mk\/","logo":{"@type":"ImageObject","inLanguage":"sq-AL","@id":"https:\/\/kosa.mk\/#\/schema\/logo\/image\/","url":"https:\/\/kosa.mk\/wp-content\/uploads\/2023\/04\/LOGO5.png","contentUrl":"https:\/\/kosa.mk\/wp-content\/uploads\/2023\/04\/LOGO5.png","width":499,"height":188,"caption":"KOSA.MK - \u041d\u0415\u0413\u0410 \u041d\u0410 \u041a\u041e\u0421\u0410 HAIR CARE SHOP"},"image":{"@id":"https:\/\/kosa.mk\/#\/schema\/logo\/image\/"}}]}},"brands":[],"_links":{"self":[{"href":"https:\/\/kosa.mk\/sq\/wp-json\/wp\/v2\/product\/9427","targetHints":{"allow":["GET"]}}],"collection":[{"href":"https:\/\/kosa.mk\/sq\/wp-json\/wp\/v2\/product"}],"about":[{"href":"https:\/\/kosa.mk\/sq\/wp-json\/wp\/v2\/types\/product"}],"replies":[{"embeddable":true,"href":"https:\/\/kosa.mk\/sq\/wp-json\/wp\/v2\/comments?post=9427"}],"version-history":[{"count":0,"href":"https:\/\/kosa.mk\/sq\/wp-json\/wp\/v2\/product\/9427\/revisions"}],"wp:featuredmedia":[{"embeddable":true,"href":"https:\/\/kosa.mk\/sq\/wp-json\/wp\/v2\/media\/9425"}],"wp:attachment":[{"href":"https:\/\/kosa.mk\/sq\/wp-json\/wp\/v2\/media?parent=9427"}],"wp:term":[{"taxonomy":"pwb-brand","embeddable":true,"href":"https:\/\/kosa.mk\/sq\/wp-json\/wp\/v2\/pwb-brand?post=9427"},{"taxonomy":"product_brand","embeddable":true,"href":"https:\/\/kosa.mk\/sq\/wp-json\/wp\/v2\/product_brand?post=9427"},{"taxonomy":"product_cat","embeddable":true,"href":"https:\/\/kosa.mk\/sq\/wp-json\/wp\/v2\/product_cat?post=9427"},{"taxonomy":"product_tag","embeddable":true,"href":"https:\/\/kosa.mk\/sq\/wp-json\/wp\/v2\/product_tag?post=9427"}],"curies":[{"name":"wp","href":"https:\/\/api.w.org\/{rel}","templated":true}]}}