{"id":9519,"date":"2023-05-05T22:50:40","date_gmt":"2023-05-05T22:50:40","guid":{"rendered":"https:\/\/kosa.mk\/product\/revlon-professional-restart-recovery-intense-recovery-mask-250ml\/"},"modified":"2023-05-05T22:50:40","modified_gmt":"2023-05-05T22:50:40","slug":"revlon-professional-restart-recovery-intense-recovery-mask-250ml-2","status":"publish","type":"product","link":"https:\/\/kosa.mk\/sq\/product\/revlon-professional-restart-recovery-intense-recovery-mask-250ml-2\/","title":{"rendered":"Revlon Professional Restart Recovery Intense Recovery Mask 250ml"},"content":{"rendered":"<h4><strong>Revlon Professional Restart Recovery Intense Recovery Mask 250ml<\/strong><\/h4>\n<h4><span style=\"color: #000000;\">Gama REVLON PROFESSIONAL\u00ae RE\/START rimendon kujdesin e flok\u00ebve dhe produktet me formula me veprim t\u00eb dyfisht\u00eb q\u00eb kujdesen p\u00ebr flok\u00ebt dhe l\u00ebkur\u00ebn e kok\u00ebs duke u fokusuar n\u00eb zgjidhjet e synuara p\u00ebr \u00e7do lloj floku. Nj\u00eb trajtim shum\u00eb efektiv p\u00ebr flok\u00ebt e d\u00ebmtuar, maska rikuperuese intensive RE\/START Recovery \u00ebsht\u00eb krijuar posa\u00e7\u00ebrisht p\u00ebr flok\u00ebt e trash\u00eb dhe t\u00eb d\u00ebmtuar q\u00eb kan\u00eb nevoj\u00eb p\u00ebr forcimin dhe parandalimin e majave t\u00eb \u00e7ara. Kur p\u00ebrdoret me shampon RE\/START, kjo mask\u00eb intensive me veprim t\u00eb dyfisht\u00eb p\u00ebr flok\u00eb t\u00eb dob\u00ebt ndihmon n\u00eb balancimin e mikrobiom\u00ebs s\u00eb kok\u00ebs dhe forcon flok\u00ebt e dob\u00ebt. E mbushur me qeramid biomimetik dhe molekula q\u00eb nd\u00ebrtojn\u00eb lidhje, maska rikuperuese e flok\u00ebve rind\u00ebrton flok\u00ebt e d\u00ebmtuar nga brenda jasht\u00eb. Nd\u00ebrsa gjithashtu ushqen dhe hidratues, trajtimi forcues i flok\u00ebve forcon dhe mbyll sip\u00ebrfaqen e flok\u00ebve p\u00ebr t\u00eb parandaluar majat e \u00e7ara. Flok\u00ebt jan\u00eb gjithashtu m\u00eb t\u00eb l\u00ebmuar, m\u00eb t\u00eb but\u00eb dhe kan\u00eb nj\u00eb shk\u00eblqim t\u00eb shtuar. I formuluar me teknologjin\u00eb KERABIOTIC CERA BM\u2122, trajtimi rind\u00ebrtues i flok\u00ebve \u00ebsht\u00eb i leht\u00eb p\u00ebr t&#8217;u p\u00ebrdorur si pjes\u00eb e rutin\u00ebs suaj t\u00eb rregullt t\u00eb kujdesit t\u00eb flok\u00ebve, me efikasitet t\u00eb provuar n\u00eb riparimin e flok\u00ebve t\u00eb d\u00ebmtuar kimikisht. Thjesht aplikojeni mask\u00ebn forcuese t\u00eb flok\u00ebve n\u00eb flok\u00ebt q\u00eb tashm\u00eb jan\u00eb lar\u00eb me shampo dhe thar\u00eb me peshqir, l\u00ebreni t\u00eb veproj\u00eb p\u00ebr 3-5 minuta dhe m\u00eb pas shp\u00eblajeni t\u00ebr\u00ebsisht. Kur p\u00ebrdoret s\u00eb bashku me shampon rigjenerues micellar, trajtimi riparues i flok\u00ebve ndihmon gjithashtu n\u00eb balancimin dhe mbrojtjen e mikrobiom\u00ebs natyrale t\u00eb kok\u00ebs me nj\u00eb efekt qet\u00ebsues. P\u00ebrve\u00e7 k\u00ebsaj mask\u00eb p\u00ebr rikuperimin e flok\u00ebve, ju mund t\u00eb eksploroni pjes\u00ebn tjet\u00ebr t\u00eb koleksionit RE\/START p\u00ebr nj\u00eb qasje t\u00eb re ndaj zgjidhjeve t\u00eb synuara p\u00ebr kujdesin e flok\u00ebve, nga rr\u00ebnja n\u00eb maj\u00eb.<\/span><\/h4>\n<h4><span style=\"color: #000000;\">\u2022 Riparon fibr\u00ebn e d\u00ebmtuar t\u00eb flok\u00ebve nga brenda<\/span><br \/>\n<span style=\"color: #000000;\">\u2022 Forcon flok\u00ebt e dob\u00ebsuar \u2022<\/span><br \/>\n<span style=\"color: #000000;\">\u2022 Mbyll sip\u00ebrfaqen e flok\u00ebve<\/span><br \/>\n<span style=\"color: #000000;\">\u2022 I l\u00eb flok\u00ebt t\u00eb l\u00ebmuar dhe t\u00eb but\u00eb<\/span><br \/>\n<span style=\"color: #000000;\">\u2022 Hidraton<\/span><br \/>\n<span style=\"color: #000000;\">\u2022 Ofron trajtim t\u00eb thell\u00eb, intensiv t\u00eb forcimit t\u00eb flok\u00ebve<\/span><br \/>\n<span style=\"color: #000000;\">\u2022 Ndihmon n\u00eb mbylljen e dukshme t\u00eb majave t\u00eb flok\u00ebve<\/span><br \/>\n<span style=\"color: #000000;\">\u2022 P\u00ebr flok\u00eb t\u00eb d\u00ebmtuar<\/span><br \/>\n<span style=\"color: #000000;\">\u2022 P\u00ebrmir\u00ebson shk\u00eblqimin dhe but\u00ebsin\u00eb<\/span><\/h4>\n","protected":false},"excerpt":{"rendered":"<h4><span style=\"color: #000000;\">Gama REVLON PROFESSIONAL\u00ae RE\/START rimendon kujdesin e flok\u00ebve dhe produktet me formula me veprim t\u00eb dyfisht\u00eb q\u00eb kujdesen p\u00ebr flok\u00ebt dhe l\u00ebkur\u00ebn e kok\u00ebs duke u fokusuar n\u00eb zgjidhjet e synuara p\u00ebr \u00e7do lloj floku.<\/span><\/h4>\n","protected":false},"featured_media":9518,"comment_status":"open","ping_status":"closed","template":"","meta":[],"pwb-brand":[],"product_brand":[],"product_cat":[442,448],"product_tag":[],"class_list":{"0":"post-9519","1":"product","2":"type-product","3":"status-publish","4":"has-post-thumbnail","6":"product_cat-maska-per-floke","7":"product_cat-maska-per-floke-te-demtuar","9":"first","10":"instock","11":"shipping-taxable","12":"purchasable","13":"product-type-simple"},"yoast_head":"<!-- This site is optimized with the Yoast SEO plugin v27.5 - https:\/\/yoast.com\/product\/yoast-seo-wordpress\/ -->\n<title>Revlon Professional Restart Recovery Intense Recovery Mask 250ml - KOSA.MK - \u041d\u0415\u0413\u0410 \u041d\u0410 \u041a\u041e\u0421\u0410 HAIR CARE SHOP<\/title>\n<meta name=\"robots\" content=\"index, follow, max-snippet:-1, max-image-preview:large, max-video-preview:-1\" \/>\n<link rel=\"canonical\" href=\"https:\/\/kosa.mk\/sq\/product\/revlon-professional-restart-recovery-intense-recovery-mask-250ml-2\/\" \/>\n<meta property=\"og:locale\" content=\"sq_AL\" \/>\n<meta property=\"og:type\" content=\"article\" \/>\n<meta property=\"og:title\" content=\"Revlon Professional Restart Recovery Intense Recovery Mask 250ml - KOSA.MK - \u041d\u0415\u0413\u0410 \u041d\u0410 \u041a\u041e\u0421\u0410 HAIR CARE SHOP\" \/>\n<meta property=\"og:description\" content=\"Gama REVLON PROFESSIONAL\u00ae RE\/START rimendon kujdesin e flok\u00ebve dhe produktet me formula me veprim t\u00eb dyfisht\u00eb q\u00eb kujdesen p\u00ebr flok\u00ebt dhe l\u00ebkur\u00ebn e kok\u00ebs duke u fokusuar n\u00eb zgjidhjet e synuara p\u00ebr \u00e7do lloj floku.\" \/>\n<meta property=\"og:url\" content=\"https:\/\/kosa.mk\/sq\/product\/revlon-professional-restart-recovery-intense-recovery-mask-250ml-2\/\" \/>\n<meta property=\"og:site_name\" content=\"KOSA.MK - \u041d\u0415\u0413\u0410 \u041d\u0410 \u041a\u041e\u0421\u0410 HAIR CARE SHOP\" \/>\n<meta property=\"og:image\" content=\"https:\/\/kosa.mk\/wp-content\/uploads\/2023\/05\/Revlon-Professional-Restart-Recovery-Intense-Recovery-Mask.jpg\" \/>\n\t<meta property=\"og:image:width\" content=\"1000\" \/>\n\t<meta property=\"og:image:height\" content=\"1000\" \/>\n\t<meta property=\"og:image:type\" content=\"image\/jpeg\" \/>\n<meta name=\"twitter:card\" content=\"summary_large_image\" \/>\n<meta name=\"twitter:label1\" content=\"Est. reading time\" \/>\n\t<meta name=\"twitter:data1\" content=\"2 minutes\" \/>\n<script type=\"application\/ld+json\" class=\"yoast-schema-graph\">{\"@context\":\"https:\\\/\\\/schema.org\",\"@graph\":[{\"@type\":\"WebPage\",\"@id\":\"https:\\\/\\\/kosa.mk\\\/sq\\\/product\\\/revlon-professional-restart-recovery-intense-recovery-mask-250ml-2\\\/\",\"url\":\"https:\\\/\\\/kosa.mk\\\/sq\\\/product\\\/revlon-professional-restart-recovery-intense-recovery-mask-250ml-2\\\/\",\"name\":\"Revlon Professional Restart Recovery Intense Recovery Mask 250ml - KOSA.MK - \u041d\u0415\u0413\u0410 \u041d\u0410 \u041a\u041e\u0421\u0410 HAIR CARE SHOP\",\"isPartOf\":{\"@id\":\"https:\\\/\\\/kosa.mk\\\/#website\"},\"primaryImageOfPage\":{\"@id\":\"https:\\\/\\\/kosa.mk\\\/sq\\\/product\\\/revlon-professional-restart-recovery-intense-recovery-mask-250ml-2\\\/#primaryimage\"},\"image\":{\"@id\":\"https:\\\/\\\/kosa.mk\\\/sq\\\/product\\\/revlon-professional-restart-recovery-intense-recovery-mask-250ml-2\\\/#primaryimage\"},\"thumbnailUrl\":\"https:\\\/\\\/kosa.mk\\\/wp-content\\\/uploads\\\/2023\\\/05\\\/Revlon-Professional-Restart-Recovery-Intense-Recovery-Mask.jpg\",\"datePublished\":\"2023-05-05T22:50:40+00:00\",\"breadcrumb\":{\"@id\":\"https:\\\/\\\/kosa.mk\\\/sq\\\/product\\\/revlon-professional-restart-recovery-intense-recovery-mask-250ml-2\\\/#breadcrumb\"},\"inLanguage\":\"sq-AL\",\"potentialAction\":[{\"@type\":\"ReadAction\",\"target\":[\"https:\\\/\\\/kosa.mk\\\/sq\\\/product\\\/revlon-professional-restart-recovery-intense-recovery-mask-250ml-2\\\/\"]}]},{\"@type\":\"ImageObject\",\"inLanguage\":\"sq-AL\",\"@id\":\"https:\\\/\\\/kosa.mk\\\/sq\\\/product\\\/revlon-professional-restart-recovery-intense-recovery-mask-250ml-2\\\/#primaryimage\",\"url\":\"https:\\\/\\\/kosa.mk\\\/wp-content\\\/uploads\\\/2023\\\/05\\\/Revlon-Professional-Restart-Recovery-Intense-Recovery-Mask.jpg\",\"contentUrl\":\"https:\\\/\\\/kosa.mk\\\/wp-content\\\/uploads\\\/2023\\\/05\\\/Revlon-Professional-Restart-Recovery-Intense-Recovery-Mask.jpg\",\"width\":1000,\"height\":1000},{\"@type\":\"BreadcrumbList\",\"@id\":\"https:\\\/\\\/kosa.mk\\\/sq\\\/product\\\/revlon-professional-restart-recovery-intense-recovery-mask-250ml-2\\\/#breadcrumb\",\"itemListElement\":[{\"@type\":\"ListItem\",\"position\":1,\"name\":\"Home\",\"item\":\"https:\\\/\\\/kosa.mk\\\/sq\\\/\"},{\"@type\":\"ListItem\",\"position\":2,\"name\":\"Shop\",\"item\":\"https:\\\/\\\/kosa.mk\\\/shop\\\/\"},{\"@type\":\"ListItem\",\"position\":3,\"name\":\"Revlon Professional Restart Recovery Intense Recovery Mask 250ml\"}]},{\"@type\":\"WebSite\",\"@id\":\"https:\\\/\\\/kosa.mk\\\/#website\",\"url\":\"https:\\\/\\\/kosa.mk\\\/\",\"name\":\"KOSA.MK - \u041d\u0415\u0413\u0410 \u041d\u0410 \u041a\u041e\u0421\u0410 HAIR CARE SHOP\",\"description\":\"\u041d\u0415\u0413\u0410 ,\u0421\u0422\u0410\u0408\u041b\u0418\u041d\u0413,\u0422\u0420\u0415\u0422\u041c\u0410\u041d\u0418  \u0417\u0410 \u041a\u041e\u0421\u0410 , HARECARE, HAIR TREATMENTS, SHAMPOO, MASK, CONDITIONERS, STYLING\",\"publisher\":{\"@id\":\"https:\\\/\\\/kosa.mk\\\/#organization\"},\"potentialAction\":[{\"@type\":\"SearchAction\",\"target\":{\"@type\":\"EntryPoint\",\"urlTemplate\":\"https:\\\/\\\/kosa.mk\\\/?s={search_term_string}\"},\"query-input\":{\"@type\":\"PropertyValueSpecification\",\"valueRequired\":true,\"valueName\":\"search_term_string\"}}],\"inLanguage\":\"sq-AL\"},{\"@type\":\"Organization\",\"@id\":\"https:\\\/\\\/kosa.mk\\\/#organization\",\"name\":\"KOSA.MK - \u041d\u0415\u0413\u0410 \u041d\u0410 \u041a\u041e\u0421\u0410 HAIR CARE SHOP\",\"url\":\"https:\\\/\\\/kosa.mk\\\/\",\"logo\":{\"@type\":\"ImageObject\",\"inLanguage\":\"sq-AL\",\"@id\":\"https:\\\/\\\/kosa.mk\\\/#\\\/schema\\\/logo\\\/image\\\/\",\"url\":\"https:\\\/\\\/kosa.mk\\\/wp-content\\\/uploads\\\/2023\\\/04\\\/LOGO5.png\",\"contentUrl\":\"https:\\\/\\\/kosa.mk\\\/wp-content\\\/uploads\\\/2023\\\/04\\\/LOGO5.png\",\"width\":499,\"height\":188,\"caption\":\"KOSA.MK - \u041d\u0415\u0413\u0410 \u041d\u0410 \u041a\u041e\u0421\u0410 HAIR CARE SHOP\"},\"image\":{\"@id\":\"https:\\\/\\\/kosa.mk\\\/#\\\/schema\\\/logo\\\/image\\\/\"}}]}<\/script>\n<!-- \/ Yoast SEO plugin. -->","yoast_head_json":{"title":"Revlon Professional Restart Recovery Intense Recovery Mask 250ml - KOSA.MK - \u041d\u0415\u0413\u0410 \u041d\u0410 \u041a\u041e\u0421\u0410 HAIR CARE SHOP","robots":{"index":"index","follow":"follow","max-snippet":"max-snippet:-1","max-image-preview":"max-image-preview:large","max-video-preview":"max-video-preview:-1"},"canonical":"https:\/\/kosa.mk\/sq\/product\/revlon-professional-restart-recovery-intense-recovery-mask-250ml-2\/","og_locale":"sq_AL","og_type":"article","og_title":"Revlon Professional Restart Recovery Intense Recovery Mask 250ml - KOSA.MK - \u041d\u0415\u0413\u0410 \u041d\u0410 \u041a\u041e\u0421\u0410 HAIR CARE SHOP","og_description":"Gama REVLON PROFESSIONAL\u00ae RE\/START rimendon kujdesin e flok\u00ebve dhe produktet me formula me veprim t\u00eb dyfisht\u00eb q\u00eb kujdesen p\u00ebr flok\u00ebt dhe l\u00ebkur\u00ebn e kok\u00ebs duke u fokusuar n\u00eb zgjidhjet e synuara p\u00ebr \u00e7do lloj floku.","og_url":"https:\/\/kosa.mk\/sq\/product\/revlon-professional-restart-recovery-intense-recovery-mask-250ml-2\/","og_site_name":"KOSA.MK - \u041d\u0415\u0413\u0410 \u041d\u0410 \u041a\u041e\u0421\u0410 HAIR CARE SHOP","og_image":[{"width":1000,"height":1000,"url":"https:\/\/kosa.mk\/wp-content\/uploads\/2023\/05\/Revlon-Professional-Restart-Recovery-Intense-Recovery-Mask.jpg","type":"image\/jpeg"}],"twitter_card":"summary_large_image","twitter_misc":{"Est. reading time":"2 minutes"},"schema":{"@context":"https:\/\/schema.org","@graph":[{"@type":"WebPage","@id":"https:\/\/kosa.mk\/sq\/product\/revlon-professional-restart-recovery-intense-recovery-mask-250ml-2\/","url":"https:\/\/kosa.mk\/sq\/product\/revlon-professional-restart-recovery-intense-recovery-mask-250ml-2\/","name":"Revlon Professional Restart Recovery Intense Recovery Mask 250ml - KOSA.MK - \u041d\u0415\u0413\u0410 \u041d\u0410 \u041a\u041e\u0421\u0410 HAIR CARE SHOP","isPartOf":{"@id":"https:\/\/kosa.mk\/#website"},"primaryImageOfPage":{"@id":"https:\/\/kosa.mk\/sq\/product\/revlon-professional-restart-recovery-intense-recovery-mask-250ml-2\/#primaryimage"},"image":{"@id":"https:\/\/kosa.mk\/sq\/product\/revlon-professional-restart-recovery-intense-recovery-mask-250ml-2\/#primaryimage"},"thumbnailUrl":"https:\/\/kosa.mk\/wp-content\/uploads\/2023\/05\/Revlon-Professional-Restart-Recovery-Intense-Recovery-Mask.jpg","datePublished":"2023-05-05T22:50:40+00:00","breadcrumb":{"@id":"https:\/\/kosa.mk\/sq\/product\/revlon-professional-restart-recovery-intense-recovery-mask-250ml-2\/#breadcrumb"},"inLanguage":"sq-AL","potentialAction":[{"@type":"ReadAction","target":["https:\/\/kosa.mk\/sq\/product\/revlon-professional-restart-recovery-intense-recovery-mask-250ml-2\/"]}]},{"@type":"ImageObject","inLanguage":"sq-AL","@id":"https:\/\/kosa.mk\/sq\/product\/revlon-professional-restart-recovery-intense-recovery-mask-250ml-2\/#primaryimage","url":"https:\/\/kosa.mk\/wp-content\/uploads\/2023\/05\/Revlon-Professional-Restart-Recovery-Intense-Recovery-Mask.jpg","contentUrl":"https:\/\/kosa.mk\/wp-content\/uploads\/2023\/05\/Revlon-Professional-Restart-Recovery-Intense-Recovery-Mask.jpg","width":1000,"height":1000},{"@type":"BreadcrumbList","@id":"https:\/\/kosa.mk\/sq\/product\/revlon-professional-restart-recovery-intense-recovery-mask-250ml-2\/#breadcrumb","itemListElement":[{"@type":"ListItem","position":1,"name":"Home","item":"https:\/\/kosa.mk\/sq\/"},{"@type":"ListItem","position":2,"name":"Shop","item":"https:\/\/kosa.mk\/shop\/"},{"@type":"ListItem","position":3,"name":"Revlon Professional Restart Recovery Intense Recovery Mask 250ml"}]},{"@type":"WebSite","@id":"https:\/\/kosa.mk\/#website","url":"https:\/\/kosa.mk\/","name":"KOSA.MK - \u041d\u0415\u0413\u0410 \u041d\u0410 \u041a\u041e\u0421\u0410 HAIR CARE SHOP","description":"\u041d\u0415\u0413\u0410 ,\u0421\u0422\u0410\u0408\u041b\u0418\u041d\u0413,\u0422\u0420\u0415\u0422\u041c\u0410\u041d\u0418  \u0417\u0410 \u041a\u041e\u0421\u0410 , HARECARE, HAIR TREATMENTS, SHAMPOO, MASK, CONDITIONERS, STYLING","publisher":{"@id":"https:\/\/kosa.mk\/#organization"},"potentialAction":[{"@type":"SearchAction","target":{"@type":"EntryPoint","urlTemplate":"https:\/\/kosa.mk\/?s={search_term_string}"},"query-input":{"@type":"PropertyValueSpecification","valueRequired":true,"valueName":"search_term_string"}}],"inLanguage":"sq-AL"},{"@type":"Organization","@id":"https:\/\/kosa.mk\/#organization","name":"KOSA.MK - \u041d\u0415\u0413\u0410 \u041d\u0410 \u041a\u041e\u0421\u0410 HAIR CARE SHOP","url":"https:\/\/kosa.mk\/","logo":{"@type":"ImageObject","inLanguage":"sq-AL","@id":"https:\/\/kosa.mk\/#\/schema\/logo\/image\/","url":"https:\/\/kosa.mk\/wp-content\/uploads\/2023\/04\/LOGO5.png","contentUrl":"https:\/\/kosa.mk\/wp-content\/uploads\/2023\/04\/LOGO5.png","width":499,"height":188,"caption":"KOSA.MK - \u041d\u0415\u0413\u0410 \u041d\u0410 \u041a\u041e\u0421\u0410 HAIR CARE SHOP"},"image":{"@id":"https:\/\/kosa.mk\/#\/schema\/logo\/image\/"}}]}},"brands":[],"_links":{"self":[{"href":"https:\/\/kosa.mk\/sq\/wp-json\/wp\/v2\/product\/9519","targetHints":{"allow":["GET"]}}],"collection":[{"href":"https:\/\/kosa.mk\/sq\/wp-json\/wp\/v2\/product"}],"about":[{"href":"https:\/\/kosa.mk\/sq\/wp-json\/wp\/v2\/types\/product"}],"replies":[{"embeddable":true,"href":"https:\/\/kosa.mk\/sq\/wp-json\/wp\/v2\/comments?post=9519"}],"version-history":[{"count":0,"href":"https:\/\/kosa.mk\/sq\/wp-json\/wp\/v2\/product\/9519\/revisions"}],"wp:featuredmedia":[{"embeddable":true,"href":"https:\/\/kosa.mk\/sq\/wp-json\/wp\/v2\/media\/9518"}],"wp:attachment":[{"href":"https:\/\/kosa.mk\/sq\/wp-json\/wp\/v2\/media?parent=9519"}],"wp:term":[{"taxonomy":"pwb-brand","embeddable":true,"href":"https:\/\/kosa.mk\/sq\/wp-json\/wp\/v2\/pwb-brand?post=9519"},{"taxonomy":"product_brand","embeddable":true,"href":"https:\/\/kosa.mk\/sq\/wp-json\/wp\/v2\/product_brand?post=9519"},{"taxonomy":"product_cat","embeddable":true,"href":"https:\/\/kosa.mk\/sq\/wp-json\/wp\/v2\/product_cat?post=9519"},{"taxonomy":"product_tag","embeddable":true,"href":"https:\/\/kosa.mk\/sq\/wp-json\/wp\/v2\/product_tag?post=9519"}],"curies":[{"name":"wp","href":"https:\/\/api.w.org\/{rel}","templated":true}]}}