{"id":9595,"date":"2023-05-06T10:44:56","date_gmt":"2023-05-06T10:44:56","guid":{"rendered":"https:\/\/kosa.mk\/product\/revlon-professional-restart-curls-nourishing-conditioner-and-leave-in-200ml\/"},"modified":"2023-05-06T10:44:56","modified_gmt":"2023-05-06T10:44:56","slug":"revlon-professional-restart-curls-nourishing-conditioner-and-leave-in-200ml-2","status":"publish","type":"product","link":"https:\/\/kosa.mk\/sq\/product\/revlon-professional-restart-curls-nourishing-conditioner-and-leave-in-200ml-2\/","title":{"rendered":"Revlon Professional Restart Curls Nourishing Conditioner and Leave-In 200ml"},"content":{"rendered":"<h4>Gama REVLON PROFESSIONAL\u00ae RE\/START rimendon kujdesin e flok\u00ebve dhe produktet me formula me veprim t\u00eb dyfisht\u00eb q\u00eb kujdesen p\u00ebr flok\u00ebt dhe l\u00ebkur\u00ebn e kok\u00ebs duke u fokusuar n\u00eb zgjidhjet e synuara p\u00ebr \u00e7do lloj floku. Kondicioneri RE\/START Nourishing and Leave-In \u00ebsht\u00eb nj\u00eb kondicioner ushqyes shum\u00ebp\u00ebrdorues, i krijuar posa\u00e7\u00ebrisht p\u00ebr flok\u00eb ka\u00e7urrel\u00eb, me onde dhe me dredha. Kondicioneri i flok\u00ebve ka\u00e7urrel\u00eb me veprim t\u00eb dyfisht\u00eb, kur p\u00ebrdoret s\u00eb bashku me shampon, ndihmon n\u00eb balancimin e mikrobiom\u00ebs natyrale t\u00eb kok\u00ebs, nd\u00ebrsa ushqen dhe hidraton flok\u00ebt. L\u00ebkura e kok\u00ebs lihet e qet\u00eb, e rehatshme dhe e mbrojtur. I formuluar p\u00ebr t\u00eb hidratuar dhe zbutur flok\u00ebt, kondicioneri i flok\u00ebve pa silikon p\u00ebrmban vaj jojoba dhe lipide biomimetike vegane q\u00eb rikthen vajrat natyrale t\u00eb flok\u00ebve dhe mbyllin shtres\u00ebn mbrojt\u00ebse t\u00eb kutikul\u00ebs. P\u00ebrb\u00ebr\u00ebsit me veprim t\u00eb dyfisht\u00eb gjithashtu minimizojn\u00eb k\u00ebrcitjen, ruajn\u00eb elasticitetin e flok\u00ebve dhe e b\u00ebjn\u00eb m\u00eb t\u00eb leht\u00eb shp\u00eblarjen. Kondicioneri i gjithansh\u00ebm p\u00ebr flok\u00eb ka\u00e7urrela mund t\u00eb p\u00ebrdoret n\u00eb dy m\u00ebnyra t\u00eb ndryshme, n\u00eb var\u00ebsi t\u00eb llojit t\u00eb flok\u00ebve dhe efektit t\u00eb d\u00ebshiruar. P\u00ebr hidratim dhe ushqim maksimal, kondicioneri hidratues p\u00ebr flok\u00ebt ka\u00e7urrel\u00eb mund t\u00eb p\u00ebrdoret pas larjes me shampo, duke e aplikuar nga rr\u00ebnja n\u00eb majat. L\u00ebreni t\u00eb zhytet p\u00ebr 2-3 minuta dhe m\u00eb pas shp\u00eblajeni t\u00ebr\u00ebsisht. P\u00ebr t\u00eb p\u00ebrdorur zbut\u00ebsin e flok\u00ebve me vaj jojoba si nj\u00eb zbut\u00ebs p\u00ebr flok\u00ebt ka\u00e7urrel\u00eb, thjesht aplikoni nj\u00eb sasi t\u00eb vog\u00ebl n\u00eb flok\u00eb t\u00eb lagur dhe shp\u00ebrndajeni n\u00eb m\u00ebnyr\u00eb t\u00eb barabart\u00eb. Ndiqni at\u00eb duke i stiluar flok\u00ebt si t\u00eb d\u00ebshironi. P\u00ebrdorimi i produktit pa silikon si nj\u00eb mjet p\u00ebr t&#8217;u futur krijon p\u00ebrkufizim afatgjat\u00eb t\u00eb tekstur\u00ebs n\u00eb m\u00ebnyr\u00eb q\u00eb ka\u00e7urrelat, val\u00ebt dhe mb\u00ebshtjelljet t\u00eb ushqehen dhe t\u00eb mbushen plot. P\u00ebrve\u00e7 k\u00ebtij kondicioneri p\u00ebr kontrollin e k\u00ebrcitjes n\u00eb p\u00ebrputhje me metod\u00ebn Curly Girl, ju mund t\u00eb zbuloni pjes\u00ebn tjet\u00ebr t\u00eb koleksionit RE\/START p\u00ebr nj\u00eb qasje t\u00eb re ndaj zgjidhjeve t\u00eb synuara p\u00ebr kujdesin e flok\u00ebve, nga rr\u00ebnja n\u00eb maj\u00eb.<\/h4>\n<h4>LLOJI I KURLEVE 2 dhe 3<br \/>\nShp\u00eblarje (p\u00ebr t\u00eb ushqyer, hidratuar dhe p\u00ebr t\u00eb b\u00ebr\u00eb ka\u00e7urrelat gati p\u00ebr stilim): pas larjes me shampo, aplikoni kondicionerin vegan nga rr\u00ebnj\u00ebt deri te majat. L\u00ebreni t\u00eb veproj\u00eb p\u00ebr 2-3 minuta. Shp\u00eblajeni t\u00ebr\u00ebsisht<\/h4>\n<h4>LLOJI KURLE 4<br \/>\nL\u00ebreni (p\u00ebr ushqim intensiv dhe ka\u00e7urrela t\u00eb ngushta t\u00eb p\u00ebrcaktuara): aplikoni nj\u00eb sasi t\u00eb vog\u00ebl t\u00eb kondicionerit vegan n\u00eb flok\u00eb t\u00eb lagur, shp\u00ebrndajeni n\u00eb m\u00ebnyr\u00eb homogjene dhe stilojini. Mos e shp\u00eblani.<\/h4>\n","protected":false},"excerpt":{"rendered":"<h4>Revlon Professional Restart Curls Nourishing Conditioner and Leave-In 200ml rimendon kujdesin e flok\u00ebve dhe produktet me formula me veprim t\u00eb dyfisht\u00eb q\u00eb kujdesen p\u00ebr flok\u00ebt dhe l\u00ebkur\u00ebn e kok\u00ebs duke u fokusuar n\u00eb zgjidhjet e synuara p\u00ebr \u00e7do lloj floku. RE\/START Nourishing Conditioner and Leave-In \u00ebsht\u00eb nj\u00eb kondicioner ushqyes me shum\u00eb p\u00ebrdorime i krijuar posa\u00e7\u00ebrisht p\u00ebr flok\u00eb ka\u00e7urrel\u00eb, me onde dhe ka\u00e7urrela.<\/h4>\n<p>&nbsp;<\/p>\n","protected":false},"featured_media":9593,"comment_status":"open","ping_status":"closed","template":"","meta":[],"pwb-brand":[],"product_brand":[],"product_cat":[453,459],"product_tag":[],"class_list":{"0":"post-9595","1":"product","2":"type-product","3":"status-publish","4":"has-post-thumbnail","6":"product_cat-kondicioneri","7":"product_cat-kondicioneri-per-kloke-kacurrela","9":"first","10":"instock","11":"shipping-taxable","12":"purchasable","13":"product-type-simple"},"yoast_head":"<!-- This site is optimized with the Yoast SEO plugin v27.5 - https:\/\/yoast.com\/product\/yoast-seo-wordpress\/ -->\n<title>Revlon Professional Restart Curls Nourishing Conditioner and Leave-In 200ml - KOSA.MK - \u041d\u0415\u0413\u0410 \u041d\u0410 \u041a\u041e\u0421\u0410 HAIR CARE SHOP<\/title>\n<meta name=\"robots\" content=\"index, follow, max-snippet:-1, max-image-preview:large, max-video-preview:-1\" \/>\n<link rel=\"canonical\" href=\"https:\/\/kosa.mk\/sq\/product\/revlon-professional-restart-curls-nourishing-conditioner-and-leave-in-200ml-2\/\" \/>\n<meta property=\"og:locale\" content=\"sq_AL\" \/>\n<meta property=\"og:type\" content=\"article\" \/>\n<meta property=\"og:title\" content=\"Revlon Professional Restart Curls Nourishing Conditioner and Leave-In 200ml - KOSA.MK - \u041d\u0415\u0413\u0410 \u041d\u0410 \u041a\u041e\u0421\u0410 HAIR CARE SHOP\" \/>\n<meta property=\"og:description\" content=\"Revlon Professional Restart Curls Nourishing Conditioner and Leave-In 200ml rimendon kujdesin e flok\u00ebve dhe produktet me formula me veprim t\u00eb dyfisht\u00eb q\u00eb kujdesen p\u00ebr flok\u00ebt dhe l\u00ebkur\u00ebn e kok\u00ebs duke u fokusuar n\u00eb zgjidhjet e synuara p\u00ebr \u00e7do lloj floku. RE\/START Nourishing Conditioner and Leave-In \u00ebsht\u00eb nj\u00eb kondicioner ushqyes me shum\u00eb p\u00ebrdorime i krijuar posa\u00e7\u00ebrisht p\u00ebr flok\u00eb ka\u00e7urrel\u00eb, me onde dhe ka\u00e7urrela. &nbsp;\" \/>\n<meta property=\"og:url\" content=\"https:\/\/kosa.mk\/sq\/product\/revlon-professional-restart-curls-nourishing-conditioner-and-leave-in-200ml-2\/\" \/>\n<meta property=\"og:site_name\" content=\"KOSA.MK - \u041d\u0415\u0413\u0410 \u041d\u0410 \u041a\u041e\u0421\u0410 HAIR CARE SHOP\" \/>\n<meta property=\"og:image\" content=\"https:\/\/kosa.mk\/wp-content\/uploads\/2023\/05\/Revlon-Professional-Restart-Curls-Nourishing-Conditioner-and-Leave-In-200ml.jpg\" \/>\n\t<meta property=\"og:image:width\" content=\"624\" \/>\n\t<meta property=\"og:image:height\" content=\"624\" \/>\n\t<meta property=\"og:image:type\" content=\"image\/jpeg\" \/>\n<meta name=\"twitter:card\" content=\"summary_large_image\" \/>\n<meta name=\"twitter:label1\" content=\"Est. reading time\" \/>\n\t<meta name=\"twitter:data1\" content=\"2 minutes\" \/>\n<script type=\"application\/ld+json\" class=\"yoast-schema-graph\">{\"@context\":\"https:\\\/\\\/schema.org\",\"@graph\":[{\"@type\":\"WebPage\",\"@id\":\"https:\\\/\\\/kosa.mk\\\/sq\\\/product\\\/revlon-professional-restart-curls-nourishing-conditioner-and-leave-in-200ml-2\\\/\",\"url\":\"https:\\\/\\\/kosa.mk\\\/sq\\\/product\\\/revlon-professional-restart-curls-nourishing-conditioner-and-leave-in-200ml-2\\\/\",\"name\":\"Revlon Professional Restart Curls Nourishing Conditioner and Leave-In 200ml - KOSA.MK - \u041d\u0415\u0413\u0410 \u041d\u0410 \u041a\u041e\u0421\u0410 HAIR CARE SHOP\",\"isPartOf\":{\"@id\":\"https:\\\/\\\/kosa.mk\\\/#website\"},\"primaryImageOfPage\":{\"@id\":\"https:\\\/\\\/kosa.mk\\\/sq\\\/product\\\/revlon-professional-restart-curls-nourishing-conditioner-and-leave-in-200ml-2\\\/#primaryimage\"},\"image\":{\"@id\":\"https:\\\/\\\/kosa.mk\\\/sq\\\/product\\\/revlon-professional-restart-curls-nourishing-conditioner-and-leave-in-200ml-2\\\/#primaryimage\"},\"thumbnailUrl\":\"https:\\\/\\\/kosa.mk\\\/wp-content\\\/uploads\\\/2023\\\/05\\\/Revlon-Professional-Restart-Curls-Nourishing-Conditioner-and-Leave-In-200ml.jpg\",\"datePublished\":\"2023-05-06T10:44:56+00:00\",\"breadcrumb\":{\"@id\":\"https:\\\/\\\/kosa.mk\\\/sq\\\/product\\\/revlon-professional-restart-curls-nourishing-conditioner-and-leave-in-200ml-2\\\/#breadcrumb\"},\"inLanguage\":\"sq-AL\",\"potentialAction\":[{\"@type\":\"ReadAction\",\"target\":[\"https:\\\/\\\/kosa.mk\\\/sq\\\/product\\\/revlon-professional-restart-curls-nourishing-conditioner-and-leave-in-200ml-2\\\/\"]}]},{\"@type\":\"ImageObject\",\"inLanguage\":\"sq-AL\",\"@id\":\"https:\\\/\\\/kosa.mk\\\/sq\\\/product\\\/revlon-professional-restart-curls-nourishing-conditioner-and-leave-in-200ml-2\\\/#primaryimage\",\"url\":\"https:\\\/\\\/kosa.mk\\\/wp-content\\\/uploads\\\/2023\\\/05\\\/Revlon-Professional-Restart-Curls-Nourishing-Conditioner-and-Leave-In-200ml.jpg\",\"contentUrl\":\"https:\\\/\\\/kosa.mk\\\/wp-content\\\/uploads\\\/2023\\\/05\\\/Revlon-Professional-Restart-Curls-Nourishing-Conditioner-and-Leave-In-200ml.jpg\",\"width\":624,\"height\":624},{\"@type\":\"BreadcrumbList\",\"@id\":\"https:\\\/\\\/kosa.mk\\\/sq\\\/product\\\/revlon-professional-restart-curls-nourishing-conditioner-and-leave-in-200ml-2\\\/#breadcrumb\",\"itemListElement\":[{\"@type\":\"ListItem\",\"position\":1,\"name\":\"Home\",\"item\":\"https:\\\/\\\/kosa.mk\\\/sq\\\/\"},{\"@type\":\"ListItem\",\"position\":2,\"name\":\"Shop\",\"item\":\"https:\\\/\\\/kosa.mk\\\/shop\\\/\"},{\"@type\":\"ListItem\",\"position\":3,\"name\":\"Revlon Professional Restart Curls Nourishing Conditioner and Leave-In 200ml\"}]},{\"@type\":\"WebSite\",\"@id\":\"https:\\\/\\\/kosa.mk\\\/#website\",\"url\":\"https:\\\/\\\/kosa.mk\\\/\",\"name\":\"KOSA.MK - \u041d\u0415\u0413\u0410 \u041d\u0410 \u041a\u041e\u0421\u0410 HAIR CARE SHOP\",\"description\":\"\u041d\u0415\u0413\u0410 ,\u0421\u0422\u0410\u0408\u041b\u0418\u041d\u0413,\u0422\u0420\u0415\u0422\u041c\u0410\u041d\u0418  \u0417\u0410 \u041a\u041e\u0421\u0410 , HARECARE, HAIR TREATMENTS, SHAMPOO, MASK, CONDITIONERS, STYLING\",\"publisher\":{\"@id\":\"https:\\\/\\\/kosa.mk\\\/#organization\"},\"potentialAction\":[{\"@type\":\"SearchAction\",\"target\":{\"@type\":\"EntryPoint\",\"urlTemplate\":\"https:\\\/\\\/kosa.mk\\\/?s={search_term_string}\"},\"query-input\":{\"@type\":\"PropertyValueSpecification\",\"valueRequired\":true,\"valueName\":\"search_term_string\"}}],\"inLanguage\":\"sq-AL\"},{\"@type\":\"Organization\",\"@id\":\"https:\\\/\\\/kosa.mk\\\/#organization\",\"name\":\"KOSA.MK - \u041d\u0415\u0413\u0410 \u041d\u0410 \u041a\u041e\u0421\u0410 HAIR CARE SHOP\",\"url\":\"https:\\\/\\\/kosa.mk\\\/\",\"logo\":{\"@type\":\"ImageObject\",\"inLanguage\":\"sq-AL\",\"@id\":\"https:\\\/\\\/kosa.mk\\\/#\\\/schema\\\/logo\\\/image\\\/\",\"url\":\"https:\\\/\\\/kosa.mk\\\/wp-content\\\/uploads\\\/2023\\\/04\\\/LOGO5.png\",\"contentUrl\":\"https:\\\/\\\/kosa.mk\\\/wp-content\\\/uploads\\\/2023\\\/04\\\/LOGO5.png\",\"width\":499,\"height\":188,\"caption\":\"KOSA.MK - \u041d\u0415\u0413\u0410 \u041d\u0410 \u041a\u041e\u0421\u0410 HAIR CARE SHOP\"},\"image\":{\"@id\":\"https:\\\/\\\/kosa.mk\\\/#\\\/schema\\\/logo\\\/image\\\/\"}}]}<\/script>\n<!-- \/ Yoast SEO plugin. -->","yoast_head_json":{"title":"Revlon Professional Restart Curls Nourishing Conditioner and Leave-In 200ml - KOSA.MK - \u041d\u0415\u0413\u0410 \u041d\u0410 \u041a\u041e\u0421\u0410 HAIR CARE SHOP","robots":{"index":"index","follow":"follow","max-snippet":"max-snippet:-1","max-image-preview":"max-image-preview:large","max-video-preview":"max-video-preview:-1"},"canonical":"https:\/\/kosa.mk\/sq\/product\/revlon-professional-restart-curls-nourishing-conditioner-and-leave-in-200ml-2\/","og_locale":"sq_AL","og_type":"article","og_title":"Revlon Professional Restart Curls Nourishing Conditioner and Leave-In 200ml - KOSA.MK - \u041d\u0415\u0413\u0410 \u041d\u0410 \u041a\u041e\u0421\u0410 HAIR CARE SHOP","og_description":"Revlon Professional Restart Curls Nourishing Conditioner and Leave-In 200ml rimendon kujdesin e flok\u00ebve dhe produktet me formula me veprim t\u00eb dyfisht\u00eb q\u00eb kujdesen p\u00ebr flok\u00ebt dhe l\u00ebkur\u00ebn e kok\u00ebs duke u fokusuar n\u00eb zgjidhjet e synuara p\u00ebr \u00e7do lloj floku. RE\/START Nourishing Conditioner and Leave-In \u00ebsht\u00eb nj\u00eb kondicioner ushqyes me shum\u00eb p\u00ebrdorime i krijuar posa\u00e7\u00ebrisht p\u00ebr flok\u00eb ka\u00e7urrel\u00eb, me onde dhe ka\u00e7urrela. &nbsp;","og_url":"https:\/\/kosa.mk\/sq\/product\/revlon-professional-restart-curls-nourishing-conditioner-and-leave-in-200ml-2\/","og_site_name":"KOSA.MK - \u041d\u0415\u0413\u0410 \u041d\u0410 \u041a\u041e\u0421\u0410 HAIR CARE SHOP","og_image":[{"width":624,"height":624,"url":"https:\/\/kosa.mk\/wp-content\/uploads\/2023\/05\/Revlon-Professional-Restart-Curls-Nourishing-Conditioner-and-Leave-In-200ml.jpg","type":"image\/jpeg"}],"twitter_card":"summary_large_image","twitter_misc":{"Est. reading time":"2 minutes"},"schema":{"@context":"https:\/\/schema.org","@graph":[{"@type":"WebPage","@id":"https:\/\/kosa.mk\/sq\/product\/revlon-professional-restart-curls-nourishing-conditioner-and-leave-in-200ml-2\/","url":"https:\/\/kosa.mk\/sq\/product\/revlon-professional-restart-curls-nourishing-conditioner-and-leave-in-200ml-2\/","name":"Revlon Professional Restart Curls Nourishing Conditioner and Leave-In 200ml - KOSA.MK - \u041d\u0415\u0413\u0410 \u041d\u0410 \u041a\u041e\u0421\u0410 HAIR CARE SHOP","isPartOf":{"@id":"https:\/\/kosa.mk\/#website"},"primaryImageOfPage":{"@id":"https:\/\/kosa.mk\/sq\/product\/revlon-professional-restart-curls-nourishing-conditioner-and-leave-in-200ml-2\/#primaryimage"},"image":{"@id":"https:\/\/kosa.mk\/sq\/product\/revlon-professional-restart-curls-nourishing-conditioner-and-leave-in-200ml-2\/#primaryimage"},"thumbnailUrl":"https:\/\/kosa.mk\/wp-content\/uploads\/2023\/05\/Revlon-Professional-Restart-Curls-Nourishing-Conditioner-and-Leave-In-200ml.jpg","datePublished":"2023-05-06T10:44:56+00:00","breadcrumb":{"@id":"https:\/\/kosa.mk\/sq\/product\/revlon-professional-restart-curls-nourishing-conditioner-and-leave-in-200ml-2\/#breadcrumb"},"inLanguage":"sq-AL","potentialAction":[{"@type":"ReadAction","target":["https:\/\/kosa.mk\/sq\/product\/revlon-professional-restart-curls-nourishing-conditioner-and-leave-in-200ml-2\/"]}]},{"@type":"ImageObject","inLanguage":"sq-AL","@id":"https:\/\/kosa.mk\/sq\/product\/revlon-professional-restart-curls-nourishing-conditioner-and-leave-in-200ml-2\/#primaryimage","url":"https:\/\/kosa.mk\/wp-content\/uploads\/2023\/05\/Revlon-Professional-Restart-Curls-Nourishing-Conditioner-and-Leave-In-200ml.jpg","contentUrl":"https:\/\/kosa.mk\/wp-content\/uploads\/2023\/05\/Revlon-Professional-Restart-Curls-Nourishing-Conditioner-and-Leave-In-200ml.jpg","width":624,"height":624},{"@type":"BreadcrumbList","@id":"https:\/\/kosa.mk\/sq\/product\/revlon-professional-restart-curls-nourishing-conditioner-and-leave-in-200ml-2\/#breadcrumb","itemListElement":[{"@type":"ListItem","position":1,"name":"Home","item":"https:\/\/kosa.mk\/sq\/"},{"@type":"ListItem","position":2,"name":"Shop","item":"https:\/\/kosa.mk\/shop\/"},{"@type":"ListItem","position":3,"name":"Revlon Professional Restart Curls Nourishing Conditioner and Leave-In 200ml"}]},{"@type":"WebSite","@id":"https:\/\/kosa.mk\/#website","url":"https:\/\/kosa.mk\/","name":"KOSA.MK - \u041d\u0415\u0413\u0410 \u041d\u0410 \u041a\u041e\u0421\u0410 HAIR CARE SHOP","description":"\u041d\u0415\u0413\u0410 ,\u0421\u0422\u0410\u0408\u041b\u0418\u041d\u0413,\u0422\u0420\u0415\u0422\u041c\u0410\u041d\u0418  \u0417\u0410 \u041a\u041e\u0421\u0410 , HARECARE, HAIR TREATMENTS, SHAMPOO, MASK, CONDITIONERS, STYLING","publisher":{"@id":"https:\/\/kosa.mk\/#organization"},"potentialAction":[{"@type":"SearchAction","target":{"@type":"EntryPoint","urlTemplate":"https:\/\/kosa.mk\/?s={search_term_string}"},"query-input":{"@type":"PropertyValueSpecification","valueRequired":true,"valueName":"search_term_string"}}],"inLanguage":"sq-AL"},{"@type":"Organization","@id":"https:\/\/kosa.mk\/#organization","name":"KOSA.MK - \u041d\u0415\u0413\u0410 \u041d\u0410 \u041a\u041e\u0421\u0410 HAIR CARE SHOP","url":"https:\/\/kosa.mk\/","logo":{"@type":"ImageObject","inLanguage":"sq-AL","@id":"https:\/\/kosa.mk\/#\/schema\/logo\/image\/","url":"https:\/\/kosa.mk\/wp-content\/uploads\/2023\/04\/LOGO5.png","contentUrl":"https:\/\/kosa.mk\/wp-content\/uploads\/2023\/04\/LOGO5.png","width":499,"height":188,"caption":"KOSA.MK - \u041d\u0415\u0413\u0410 \u041d\u0410 \u041a\u041e\u0421\u0410 HAIR CARE SHOP"},"image":{"@id":"https:\/\/kosa.mk\/#\/schema\/logo\/image\/"}}]}},"brands":[],"_links":{"self":[{"href":"https:\/\/kosa.mk\/sq\/wp-json\/wp\/v2\/product\/9595","targetHints":{"allow":["GET"]}}],"collection":[{"href":"https:\/\/kosa.mk\/sq\/wp-json\/wp\/v2\/product"}],"about":[{"href":"https:\/\/kosa.mk\/sq\/wp-json\/wp\/v2\/types\/product"}],"replies":[{"embeddable":true,"href":"https:\/\/kosa.mk\/sq\/wp-json\/wp\/v2\/comments?post=9595"}],"version-history":[{"count":0,"href":"https:\/\/kosa.mk\/sq\/wp-json\/wp\/v2\/product\/9595\/revisions"}],"wp:featuredmedia":[{"embeddable":true,"href":"https:\/\/kosa.mk\/sq\/wp-json\/wp\/v2\/media\/9593"}],"wp:attachment":[{"href":"https:\/\/kosa.mk\/sq\/wp-json\/wp\/v2\/media?parent=9595"}],"wp:term":[{"taxonomy":"pwb-brand","embeddable":true,"href":"https:\/\/kosa.mk\/sq\/wp-json\/wp\/v2\/pwb-brand?post=9595"},{"taxonomy":"product_brand","embeddable":true,"href":"https:\/\/kosa.mk\/sq\/wp-json\/wp\/v2\/product_brand?post=9595"},{"taxonomy":"product_cat","embeddable":true,"href":"https:\/\/kosa.mk\/sq\/wp-json\/wp\/v2\/product_cat?post=9595"},{"taxonomy":"product_tag","embeddable":true,"href":"https:\/\/kosa.mk\/sq\/wp-json\/wp\/v2\/product_tag?post=9595"}],"curies":[{"name":"wp","href":"https:\/\/api.w.org\/{rel}","templated":true}]}}