{"id":9745,"date":"2023-05-06T23:15:45","date_gmt":"2023-05-06T23:15:45","guid":{"rendered":"https:\/\/kosa.mk\/product\/uniqone-hair-treatment-150ml-revlon\/"},"modified":"2023-05-06T23:15:45","modified_gmt":"2023-05-06T23:15:45","slug":"uniqone-hair-treatment-150ml-revlon-2-2","status":"publish","type":"product","link":"https:\/\/kosa.mk\/sq\/product\/uniqone-hair-treatment-150ml-revlon-2-2\/","title":{"rendered":"UniqOne\u2122 Hair Treatment 150ml REVLON"},"content":{"rendered":"<h4><strong>UniqOne\u2122 Hair Treatment 150ml REVLON<\/strong><\/h4>\n<h4>Gama REVLON PROFESSIONAL UniqOne sjell kujdesin profesional t\u00eb flok\u00ebve n\u00eb sht\u00ebpin\u00eb tuaj me trajtime t\u00eb lehta p\u00ebr t&#8217;u p\u00ebrdorur p\u00ebr flok\u00ebt q\u00eb kan\u00eb 10 p\u00ebrfitime reale q\u00eb i duhen flok\u00ebve n\u00eb nj\u00eb produkt t\u00eb vet\u00ebm. Trajtimi i flok\u00ebve UniqOne Frizzy shuan flok\u00ebt tuaj, duke i l\u00ebn\u00eb ata m\u00eb t\u00eb but\u00eb dhe m\u00eb t\u00eb l\u00ebmuar se kurr\u00eb m\u00eb par\u00eb. Nga kalimi i nj\u00eb dite relaksuese n\u00eb sht\u00ebpi, deri te dalja dhe takimi i dit\u00ebs s\u00eb pun\u00ebs kok\u00eb m\u00eb kok\u00eb, flok\u00ebt tuaj t\u00eb m\u00ebndafsht\u00eb do t\u00eb q\u00ebndrojn\u00eb t\u00eb buta n\u00eb prekje fal\u00eb riparimit UNIQONE p\u00ebr flok\u00ebt e d\u00ebmtuar. P\u00ebrve\u00e7 shtimit t\u00eb shk\u00eblqimit dhe trupit, Trajtimi Ditor i Flok\u00ebve me Mbrojtje UV kombinon 10 p\u00ebrfitime n\u00eb vet\u00ebm nj\u00eb produkt me mbrojtjen e ngjyr\u00ebs dhe parandalimin e thyerjes, duke e b\u00ebr\u00eb at\u00eb trajtimin ideal p\u00ebr t\u00eb gjitha llojet e flok\u00ebve. Ky trajtim floku i larguar i transformon flok\u00ebt tuaj nga t\u00eb ngat\u00ebrruar n\u00eb t\u00eb leht\u00eb p\u00ebr t&#8217;u krehur. Fal\u00eb formul\u00ebs s\u00eb tij t\u00eb krijuar me kujdes, trajtimi me llak p\u00ebr kondicionimin e flok\u00ebve zb\u00ebrthehet duke i hidratuar flok\u00ebt dhe duke i b\u00ebr\u00eb m\u00eb t\u00eb stiluar. Flok\u00ebt tuaja pa nyje do t\u00eb q\u00ebndrojn\u00eb t\u00eb vendosura gjat\u00eb gjith\u00eb dit\u00ebs, n\u00eb m\u00ebnyr\u00eb q\u00eb t\u00eb mos shqet\u00ebsoheni kurr\u00eb p\u00ebr t&#8217;u dukur pa stil.<\/h4>\n<h4>10 P\u00cbRFITIMET E V\u00cbRTETA:<\/h4>\n<h4>1. RIPARON FLOK\u00cbT E THARE DHE T\u00cb D\u00cbMTUARA<br \/>\n2. FORCON DHE REZULON THYEREN<br \/>\n3. KUSHTET DHE SHP\u00cbRTHIMET<br \/>\n4. KONTROLLON FRIZZ<br \/>\n5. Hidraton MENJ\u00cbHER\u00cb<br \/>\n6. MBROJTJA NGA NGROHJA<br \/>\n7. RRITEN SHKELKRIMIN DHE MBROJN\u00cb NGJYR\u00cbN<br \/>\n8. BUT\u00cbSIA DHE MENAXHUESHM\u00cbRIA<br \/>\n9. NDIHMON N\u00cb PARANDALIMIN E MAKJEVE T\u00cb NDARJES<br \/>\n10. RIFRESKON FLOKUR\u00cbN<\/h4>\n","protected":false},"excerpt":{"rendered":"<h4>Gama REVLON PROFESSIONAL UniqOne sjell kujdes profesional p\u00ebr flok\u00ebt n\u00eb sht\u00ebpin\u00eb tuaj me trajtime t\u00eb thjeshta p\u00ebr t&#8217;u p\u00ebrdorur p\u00ebr flok\u00ebt q\u00eb kan\u00eb 10 p\u00ebrfitime reale q\u00eb nevojiten p\u00ebr flok\u00ebt tuaj n\u00eb nj\u00eb produkt t\u00eb vet\u00ebm.<\/h4>\n","protected":false},"featured_media":12421,"comment_status":"open","ping_status":"closed","template":"","meta":[],"pwb-brand":[],"product_brand":[],"product_cat":[472,477],"product_tag":[],"class_list":{"0":"post-9745","1":"product","2":"type-product","3":"status-publish","4":"has-post-thumbnail","6":"product_cat-leave-in-spraj","7":"product_cat-leave-inspraj-per-floke-te-demtuar","9":"first","10":"instock","11":"shipping-taxable","12":"purchasable","13":"product-type-simple"},"yoast_head":"<!-- This site is optimized with the Yoast SEO plugin v27.5 - https:\/\/yoast.com\/product\/yoast-seo-wordpress\/ -->\n<title>UniqOne\u2122 Hair Treatment 150ml REVLON - KOSA.MK - \u041d\u0415\u0413\u0410 \u041d\u0410 \u041a\u041e\u0421\u0410 HAIR CARE SHOP<\/title>\n<meta name=\"robots\" content=\"index, follow, max-snippet:-1, max-image-preview:large, max-video-preview:-1\" \/>\n<link rel=\"canonical\" href=\"https:\/\/kosa.mk\/sq\/product\/uniqone-hair-treatment-150ml-revlon-2-2\/\" \/>\n<meta property=\"og:locale\" content=\"sq_AL\" \/>\n<meta property=\"og:type\" content=\"article\" \/>\n<meta property=\"og:title\" content=\"UniqOne\u2122 Hair Treatment 150ml REVLON - KOSA.MK - \u041d\u0415\u0413\u0410 \u041d\u0410 \u041a\u041e\u0421\u0410 HAIR CARE SHOP\" \/>\n<meta property=\"og:description\" content=\"Gama REVLON PROFESSIONAL UniqOne sjell kujdes profesional p\u00ebr flok\u00ebt n\u00eb sht\u00ebpin\u00eb tuaj me trajtime t\u00eb thjeshta p\u00ebr t&#039;u p\u00ebrdorur p\u00ebr flok\u00ebt q\u00eb kan\u00eb 10 p\u00ebrfitime reale q\u00eb nevojiten p\u00ebr flok\u00ebt tuaj n\u00eb nj\u00eb produkt t\u00eb vet\u00ebm.\" \/>\n<meta property=\"og:url\" content=\"https:\/\/kosa.mk\/sq\/product\/uniqone-hair-treatment-150ml-revlon-2-2\/\" \/>\n<meta property=\"og:site_name\" content=\"KOSA.MK - \u041d\u0415\u0413\u0410 \u041d\u0410 \u041a\u041e\u0421\u0410 HAIR CARE SHOP\" \/>\n<meta property=\"og:image\" content=\"https:\/\/kosa.mk\/wp-content\/uploads\/2023\/05\/unique-1-clasic.jpg\" \/>\n\t<meta property=\"og:image:width\" content=\"1000\" \/>\n\t<meta property=\"og:image:height\" content=\"1000\" \/>\n\t<meta property=\"og:image:type\" content=\"image\/jpeg\" \/>\n<meta name=\"twitter:card\" content=\"summary_large_image\" \/>\n<meta name=\"twitter:label1\" content=\"Est. reading time\" \/>\n\t<meta name=\"twitter:data1\" content=\"2 minutes\" \/>\n<script type=\"application\/ld+json\" class=\"yoast-schema-graph\">{\"@context\":\"https:\\\/\\\/schema.org\",\"@graph\":[{\"@type\":\"WebPage\",\"@id\":\"https:\\\/\\\/kosa.mk\\\/sq\\\/product\\\/uniqone-hair-treatment-150ml-revlon-2-2\\\/\",\"url\":\"https:\\\/\\\/kosa.mk\\\/sq\\\/product\\\/uniqone-hair-treatment-150ml-revlon-2-2\\\/\",\"name\":\"UniqOne\u2122 Hair Treatment 150ml REVLON - KOSA.MK - \u041d\u0415\u0413\u0410 \u041d\u0410 \u041a\u041e\u0421\u0410 HAIR CARE SHOP\",\"isPartOf\":{\"@id\":\"https:\\\/\\\/kosa.mk\\\/#website\"},\"primaryImageOfPage\":{\"@id\":\"https:\\\/\\\/kosa.mk\\\/sq\\\/product\\\/uniqone-hair-treatment-150ml-revlon-2-2\\\/#primaryimage\"},\"image\":{\"@id\":\"https:\\\/\\\/kosa.mk\\\/sq\\\/product\\\/uniqone-hair-treatment-150ml-revlon-2-2\\\/#primaryimage\"},\"thumbnailUrl\":\"https:\\\/\\\/kosa.mk\\\/wp-content\\\/uploads\\\/2023\\\/05\\\/unique-1-clasic.jpg\",\"datePublished\":\"2023-05-06T23:15:45+00:00\",\"breadcrumb\":{\"@id\":\"https:\\\/\\\/kosa.mk\\\/sq\\\/product\\\/uniqone-hair-treatment-150ml-revlon-2-2\\\/#breadcrumb\"},\"inLanguage\":\"sq-AL\",\"potentialAction\":[{\"@type\":\"ReadAction\",\"target\":[\"https:\\\/\\\/kosa.mk\\\/sq\\\/product\\\/uniqone-hair-treatment-150ml-revlon-2-2\\\/\"]}]},{\"@type\":\"ImageObject\",\"inLanguage\":\"sq-AL\",\"@id\":\"https:\\\/\\\/kosa.mk\\\/sq\\\/product\\\/uniqone-hair-treatment-150ml-revlon-2-2\\\/#primaryimage\",\"url\":\"https:\\\/\\\/kosa.mk\\\/wp-content\\\/uploads\\\/2023\\\/05\\\/unique-1-clasic.jpg\",\"contentUrl\":\"https:\\\/\\\/kosa.mk\\\/wp-content\\\/uploads\\\/2023\\\/05\\\/unique-1-clasic.jpg\",\"width\":1000,\"height\":1000},{\"@type\":\"BreadcrumbList\",\"@id\":\"https:\\\/\\\/kosa.mk\\\/sq\\\/product\\\/uniqone-hair-treatment-150ml-revlon-2-2\\\/#breadcrumb\",\"itemListElement\":[{\"@type\":\"ListItem\",\"position\":1,\"name\":\"Home\",\"item\":\"https:\\\/\\\/kosa.mk\\\/sq\\\/\"},{\"@type\":\"ListItem\",\"position\":2,\"name\":\"Shop\",\"item\":\"https:\\\/\\\/kosa.mk\\\/shop\\\/\"},{\"@type\":\"ListItem\",\"position\":3,\"name\":\"UniqOne\u2122 Hair Treatment 150ml REVLON\"}]},{\"@type\":\"WebSite\",\"@id\":\"https:\\\/\\\/kosa.mk\\\/#website\",\"url\":\"https:\\\/\\\/kosa.mk\\\/\",\"name\":\"KOSA.MK - \u041d\u0415\u0413\u0410 \u041d\u0410 \u041a\u041e\u0421\u0410 HAIR CARE SHOP\",\"description\":\"\u041d\u0415\u0413\u0410 ,\u0421\u0422\u0410\u0408\u041b\u0418\u041d\u0413,\u0422\u0420\u0415\u0422\u041c\u0410\u041d\u0418  \u0417\u0410 \u041a\u041e\u0421\u0410 , HARECARE, HAIR TREATMENTS, SHAMPOO, MASK, CONDITIONERS, STYLING\",\"publisher\":{\"@id\":\"https:\\\/\\\/kosa.mk\\\/#organization\"},\"potentialAction\":[{\"@type\":\"SearchAction\",\"target\":{\"@type\":\"EntryPoint\",\"urlTemplate\":\"https:\\\/\\\/kosa.mk\\\/?s={search_term_string}\"},\"query-input\":{\"@type\":\"PropertyValueSpecification\",\"valueRequired\":true,\"valueName\":\"search_term_string\"}}],\"inLanguage\":\"sq-AL\"},{\"@type\":\"Organization\",\"@id\":\"https:\\\/\\\/kosa.mk\\\/#organization\",\"name\":\"KOSA.MK - \u041d\u0415\u0413\u0410 \u041d\u0410 \u041a\u041e\u0421\u0410 HAIR CARE SHOP\",\"url\":\"https:\\\/\\\/kosa.mk\\\/\",\"logo\":{\"@type\":\"ImageObject\",\"inLanguage\":\"sq-AL\",\"@id\":\"https:\\\/\\\/kosa.mk\\\/#\\\/schema\\\/logo\\\/image\\\/\",\"url\":\"https:\\\/\\\/kosa.mk\\\/wp-content\\\/uploads\\\/2023\\\/04\\\/LOGO5.png\",\"contentUrl\":\"https:\\\/\\\/kosa.mk\\\/wp-content\\\/uploads\\\/2023\\\/04\\\/LOGO5.png\",\"width\":499,\"height\":188,\"caption\":\"KOSA.MK - \u041d\u0415\u0413\u0410 \u041d\u0410 \u041a\u041e\u0421\u0410 HAIR CARE SHOP\"},\"image\":{\"@id\":\"https:\\\/\\\/kosa.mk\\\/#\\\/schema\\\/logo\\\/image\\\/\"}}]}<\/script>\n<!-- \/ Yoast SEO plugin. -->","yoast_head_json":{"title":"UniqOne\u2122 Hair Treatment 150ml REVLON - KOSA.MK - \u041d\u0415\u0413\u0410 \u041d\u0410 \u041a\u041e\u0421\u0410 HAIR CARE SHOP","robots":{"index":"index","follow":"follow","max-snippet":"max-snippet:-1","max-image-preview":"max-image-preview:large","max-video-preview":"max-video-preview:-1"},"canonical":"https:\/\/kosa.mk\/sq\/product\/uniqone-hair-treatment-150ml-revlon-2-2\/","og_locale":"sq_AL","og_type":"article","og_title":"UniqOne\u2122 Hair Treatment 150ml REVLON - KOSA.MK - \u041d\u0415\u0413\u0410 \u041d\u0410 \u041a\u041e\u0421\u0410 HAIR CARE SHOP","og_description":"Gama REVLON PROFESSIONAL UniqOne sjell kujdes profesional p\u00ebr flok\u00ebt n\u00eb sht\u00ebpin\u00eb tuaj me trajtime t\u00eb thjeshta p\u00ebr t'u p\u00ebrdorur p\u00ebr flok\u00ebt q\u00eb kan\u00eb 10 p\u00ebrfitime reale q\u00eb nevojiten p\u00ebr flok\u00ebt tuaj n\u00eb nj\u00eb produkt t\u00eb vet\u00ebm.","og_url":"https:\/\/kosa.mk\/sq\/product\/uniqone-hair-treatment-150ml-revlon-2-2\/","og_site_name":"KOSA.MK - \u041d\u0415\u0413\u0410 \u041d\u0410 \u041a\u041e\u0421\u0410 HAIR CARE SHOP","og_image":[{"width":1000,"height":1000,"url":"https:\/\/kosa.mk\/wp-content\/uploads\/2023\/05\/unique-1-clasic.jpg","type":"image\/jpeg"}],"twitter_card":"summary_large_image","twitter_misc":{"Est. reading time":"2 minutes"},"schema":{"@context":"https:\/\/schema.org","@graph":[{"@type":"WebPage","@id":"https:\/\/kosa.mk\/sq\/product\/uniqone-hair-treatment-150ml-revlon-2-2\/","url":"https:\/\/kosa.mk\/sq\/product\/uniqone-hair-treatment-150ml-revlon-2-2\/","name":"UniqOne\u2122 Hair Treatment 150ml REVLON - KOSA.MK - \u041d\u0415\u0413\u0410 \u041d\u0410 \u041a\u041e\u0421\u0410 HAIR CARE SHOP","isPartOf":{"@id":"https:\/\/kosa.mk\/#website"},"primaryImageOfPage":{"@id":"https:\/\/kosa.mk\/sq\/product\/uniqone-hair-treatment-150ml-revlon-2-2\/#primaryimage"},"image":{"@id":"https:\/\/kosa.mk\/sq\/product\/uniqone-hair-treatment-150ml-revlon-2-2\/#primaryimage"},"thumbnailUrl":"https:\/\/kosa.mk\/wp-content\/uploads\/2023\/05\/unique-1-clasic.jpg","datePublished":"2023-05-06T23:15:45+00:00","breadcrumb":{"@id":"https:\/\/kosa.mk\/sq\/product\/uniqone-hair-treatment-150ml-revlon-2-2\/#breadcrumb"},"inLanguage":"sq-AL","potentialAction":[{"@type":"ReadAction","target":["https:\/\/kosa.mk\/sq\/product\/uniqone-hair-treatment-150ml-revlon-2-2\/"]}]},{"@type":"ImageObject","inLanguage":"sq-AL","@id":"https:\/\/kosa.mk\/sq\/product\/uniqone-hair-treatment-150ml-revlon-2-2\/#primaryimage","url":"https:\/\/kosa.mk\/wp-content\/uploads\/2023\/05\/unique-1-clasic.jpg","contentUrl":"https:\/\/kosa.mk\/wp-content\/uploads\/2023\/05\/unique-1-clasic.jpg","width":1000,"height":1000},{"@type":"BreadcrumbList","@id":"https:\/\/kosa.mk\/sq\/product\/uniqone-hair-treatment-150ml-revlon-2-2\/#breadcrumb","itemListElement":[{"@type":"ListItem","position":1,"name":"Home","item":"https:\/\/kosa.mk\/sq\/"},{"@type":"ListItem","position":2,"name":"Shop","item":"https:\/\/kosa.mk\/shop\/"},{"@type":"ListItem","position":3,"name":"UniqOne\u2122 Hair Treatment 150ml REVLON"}]},{"@type":"WebSite","@id":"https:\/\/kosa.mk\/#website","url":"https:\/\/kosa.mk\/","name":"KOSA.MK - \u041d\u0415\u0413\u0410 \u041d\u0410 \u041a\u041e\u0421\u0410 HAIR CARE SHOP","description":"\u041d\u0415\u0413\u0410 ,\u0421\u0422\u0410\u0408\u041b\u0418\u041d\u0413,\u0422\u0420\u0415\u0422\u041c\u0410\u041d\u0418  \u0417\u0410 \u041a\u041e\u0421\u0410 , HARECARE, HAIR TREATMENTS, SHAMPOO, MASK, CONDITIONERS, STYLING","publisher":{"@id":"https:\/\/kosa.mk\/#organization"},"potentialAction":[{"@type":"SearchAction","target":{"@type":"EntryPoint","urlTemplate":"https:\/\/kosa.mk\/?s={search_term_string}"},"query-input":{"@type":"PropertyValueSpecification","valueRequired":true,"valueName":"search_term_string"}}],"inLanguage":"sq-AL"},{"@type":"Organization","@id":"https:\/\/kosa.mk\/#organization","name":"KOSA.MK - \u041d\u0415\u0413\u0410 \u041d\u0410 \u041a\u041e\u0421\u0410 HAIR CARE SHOP","url":"https:\/\/kosa.mk\/","logo":{"@type":"ImageObject","inLanguage":"sq-AL","@id":"https:\/\/kosa.mk\/#\/schema\/logo\/image\/","url":"https:\/\/kosa.mk\/wp-content\/uploads\/2023\/04\/LOGO5.png","contentUrl":"https:\/\/kosa.mk\/wp-content\/uploads\/2023\/04\/LOGO5.png","width":499,"height":188,"caption":"KOSA.MK - \u041d\u0415\u0413\u0410 \u041d\u0410 \u041a\u041e\u0421\u0410 HAIR CARE SHOP"},"image":{"@id":"https:\/\/kosa.mk\/#\/schema\/logo\/image\/"}}]}},"brands":[],"_links":{"self":[{"href":"https:\/\/kosa.mk\/sq\/wp-json\/wp\/v2\/product\/9745","targetHints":{"allow":["GET"]}}],"collection":[{"href":"https:\/\/kosa.mk\/sq\/wp-json\/wp\/v2\/product"}],"about":[{"href":"https:\/\/kosa.mk\/sq\/wp-json\/wp\/v2\/types\/product"}],"replies":[{"embeddable":true,"href":"https:\/\/kosa.mk\/sq\/wp-json\/wp\/v2\/comments?post=9745"}],"version-history":[{"count":0,"href":"https:\/\/kosa.mk\/sq\/wp-json\/wp\/v2\/product\/9745\/revisions"}],"wp:featuredmedia":[{"embeddable":true,"href":"https:\/\/kosa.mk\/sq\/wp-json\/wp\/v2\/media\/12421"}],"wp:attachment":[{"href":"https:\/\/kosa.mk\/sq\/wp-json\/wp\/v2\/media?parent=9745"}],"wp:term":[{"taxonomy":"pwb-brand","embeddable":true,"href":"https:\/\/kosa.mk\/sq\/wp-json\/wp\/v2\/pwb-brand?post=9745"},{"taxonomy":"product_brand","embeddable":true,"href":"https:\/\/kosa.mk\/sq\/wp-json\/wp\/v2\/product_brand?post=9745"},{"taxonomy":"product_cat","embeddable":true,"href":"https:\/\/kosa.mk\/sq\/wp-json\/wp\/v2\/product_cat?post=9745"},{"taxonomy":"product_tag","embeddable":true,"href":"https:\/\/kosa.mk\/sq\/wp-json\/wp\/v2\/product_tag?post=9745"}],"curies":[{"name":"wp","href":"https:\/\/api.w.org\/{rel}","templated":true}]}}