{"id":9757,"date":"2023-05-06T23:41:07","date_gmt":"2023-05-06T23:41:07","guid":{"rendered":"https:\/\/kosa.mk\/product\/style-stories-blow-dry-cream-150ml-alfaparf\/"},"modified":"2023-05-06T23:41:07","modified_gmt":"2023-05-06T23:41:07","slug":"style-stories-blow-dry-cream-150ml-alfaparf-2","status":"publish","type":"product","link":"https:\/\/kosa.mk\/sq\/product\/style-stories-blow-dry-cream-150ml-alfaparf-2\/","title":{"rendered":"Style Stories Blow-Dry Cream 150ml Alfaparf"},"content":{"rendered":"<h4><strong>Style Stories Blow-Dry Cream 150ml Alfaparf<\/strong><\/h4>\n<h4>P\u00ebr ata q\u00eb nuk e kufizojn\u00eb k\u00ebrkimin e tyre p\u00ebr p\u00ebrsosm\u00ebri n\u00eb raste t\u00eb ve\u00e7anta, kremi p\u00ebr tharjen e flok\u00ebve Alfaparf Milano Style Stories \u00ebsht\u00eb zgjidhja p\u00ebr ka\u00e7urrelat e \u00ebnd\u00ebrruara, \u00e7do dit\u00eb. Kremi Style Stories Blow Dry \u00ebsht\u00eb nj\u00eb trajtim para-stili q\u00eb shton trupin dhe e b\u00ebn tharjen m\u00eb t\u00eb shpejt\u00eb dhe m\u00eb t\u00eb leht\u00eb. Kremi p\u00ebr tharjen e flok\u00ebve lufton fluturimet dhe nuk i r\u00ebndon flok\u00ebt. \u00cbsht\u00eb nj\u00eb p\u00ebrb\u00ebr\u00ebs i domosdosh\u00ebm p\u00ebr t\u00eb gjitha p\u00ebrzierjet e produkteve n\u00eb linj\u00ebn Story Styles. Ideale p\u00ebr p\u00ebrdorim p\u00ebrpara prerjes I p\u00ebrshtatsh\u00ebm p\u00ebr t\u00eb gjitha llojet e flok\u00ebve Kondicioner jasht\u00ebzakonisht i fuqish\u00ebm q\u00eb i jep trup flok\u00ebve t\u00eb im\u00ebt N\u00eb zem\u00ebr t\u00eb t\u00eb gjitha formulave t\u00eb Style Stories \u00ebsht\u00eb Moringa Oleifera. Ky p\u00ebrb\u00ebr\u00ebs i ve\u00e7ant\u00eb, i njohur gjithashtu si pema e mrekullis\u00eb, p\u00ebrdoret n\u00eb trajtimet e l\u00ebkur\u00ebs dhe flok\u00ebve p\u00ebr t\u00eb neutralizuar k\u00ebrcitjen e pak\u00ebndshme dhe p\u00ebr t&#8217;i dh\u00ebn\u00eb flok\u00ebve tuaj nj\u00eb ndjesi past\u00ebrtie m\u00eb t\u00eb q\u00ebndrueshme. Ai gjithashtu p\u00ebrmban veti foto-mbrojt\u00ebse q\u00eb kund\u00ebrshtojn\u00eb d\u00ebmtimin e radikal\u00ebve t\u00eb lir\u00eb.<\/h4>\n<h4>P\u00ebrb\u00ebr\u00ebsit<br \/>\nAqua (Water), Disiloxane, Cetearyl Alcohol, Behentrimonium Chloride, Cetyl Dimethicone, Propylene Glycol, Quaternium-80, Parfum (Fragrance), Phenoxyethanol, Cetrimonium Chloride, Polyquaternium-37, Ethylhexylglycerin, Isopropyl Alcohol, Guar Hydroxypropyltrimonium Chloride, Glycerin, Lactic Acid, Sodium Cocoyl Amino Acids, Hexyl Cinnamal, Linalool, Potassium Dimethicone Peg-7 Panthenyl Phosphate, Citral, Moringa Pterygosperma Seed Extract.<\/h4>\n<h4>Si ta p\u00ebrdorni<br \/>\nShp\u00ebrndani kremin p\u00ebr tharjen e flok\u00ebve Alfaparf n\u00eb flok\u00eb t\u00eb lagur p\u00ebrpara se t&#8217;i thani, m\u00eb pas stilojini.<\/h4>\n","protected":false},"excerpt":{"rendered":"<h4>P\u00ebr ata q\u00eb nuk e kufizojn\u00eb k\u00ebrkimin e tyre p\u00ebr p\u00ebrsosm\u00ebri n\u00eb raste t\u00eb ve\u00e7anta, kremi p\u00ebr tharjen e flok\u00ebve Alfaparf Milano Style Stories \u00ebsht\u00eb zgjidhja p\u00ebr ka\u00e7urrelat e \u00ebnd\u00ebrruara, \u00e7do dit\u00eb. Kremi Style Stories Blow Dry \u00ebsht\u00eb nj\u00eb trajtim para-stili q\u00eb shton trupin dhe e b\u00ebn tharjen m\u00eb t\u00eb shpejt\u00eb dhe m\u00eb t\u00eb leht\u00eb.<\/h4>\n","protected":false},"featured_media":9753,"comment_status":"open","ping_status":"closed","template":"","meta":[],"pwb-brand":[],"product_brand":[],"product_cat":[472,476,474],"product_tag":[],"class_list":{"0":"post-9757","1":"product","2":"type-product","3":"status-publish","4":"has-post-thumbnail","6":"product_cat-leave-in-spraj","7":"product_cat-leave-in-spraj-per-floke-kacurrela","8":"product_cat-leave-in-spraj-per-volum","10":"first","11":"instock","12":"shipping-taxable","13":"purchasable","14":"product-type-simple"},"yoast_head":"<!-- This site is optimized with the Yoast SEO plugin v27.5 - https:\/\/yoast.com\/product\/yoast-seo-wordpress\/ -->\n<title>Style Stories Blow-Dry Cream 150ml Alfaparf - KOSA.MK - \u041d\u0415\u0413\u0410 \u041d\u0410 \u041a\u041e\u0421\u0410 HAIR CARE SHOP<\/title>\n<meta name=\"robots\" content=\"index, follow, max-snippet:-1, max-image-preview:large, max-video-preview:-1\" \/>\n<link rel=\"canonical\" href=\"https:\/\/kosa.mk\/sq\/product\/style-stories-blow-dry-cream-150ml-alfaparf-2\/\" \/>\n<meta property=\"og:locale\" content=\"sq_AL\" \/>\n<meta property=\"og:type\" content=\"article\" \/>\n<meta property=\"og:title\" content=\"Style Stories Blow-Dry Cream 150ml Alfaparf - KOSA.MK - \u041d\u0415\u0413\u0410 \u041d\u0410 \u041a\u041e\u0421\u0410 HAIR CARE SHOP\" \/>\n<meta property=\"og:description\" content=\"P\u00ebr ata q\u00eb nuk e kufizojn\u00eb k\u00ebrkimin e tyre p\u00ebr p\u00ebrsosm\u00ebri n\u00eb raste t\u00eb ve\u00e7anta, kremi p\u00ebr tharjen e flok\u00ebve Alfaparf Milano Style Stories \u00ebsht\u00eb zgjidhja p\u00ebr ka\u00e7urrelat e \u00ebnd\u00ebrruara, \u00e7do dit\u00eb. Kremi Style Stories Blow Dry \u00ebsht\u00eb nj\u00eb trajtim para-stili q\u00eb shton trupin dhe e b\u00ebn tharjen m\u00eb t\u00eb shpejt\u00eb dhe m\u00eb t\u00eb leht\u00eb.\" \/>\n<meta property=\"og:url\" content=\"https:\/\/kosa.mk\/sq\/product\/style-stories-blow-dry-cream-150ml-alfaparf-2\/\" \/>\n<meta property=\"og:site_name\" content=\"KOSA.MK - \u041d\u0415\u0413\u0410 \u041d\u0410 \u041a\u041e\u0421\u0410 HAIR CARE SHOP\" \/>\n<meta property=\"og:image\" content=\"https:\/\/kosa.mk\/wp-content\/uploads\/2023\/05\/Alfaparf_Milano_Style_Stories_Blow_Dry_Cream_-_Front_750x.jpg\" \/>\n\t<meta property=\"og:image:width\" content=\"1000\" \/>\n\t<meta property=\"og:image:height\" content=\"1000\" \/>\n\t<meta property=\"og:image:type\" content=\"image\/jpeg\" \/>\n<meta name=\"twitter:card\" content=\"summary_large_image\" \/>\n<meta name=\"twitter:label1\" content=\"Est. reading time\" \/>\n\t<meta name=\"twitter:data1\" content=\"2 minutes\" \/>\n<script type=\"application\/ld+json\" class=\"yoast-schema-graph\">{\"@context\":\"https:\\\/\\\/schema.org\",\"@graph\":[{\"@type\":\"WebPage\",\"@id\":\"https:\\\/\\\/kosa.mk\\\/sq\\\/product\\\/style-stories-blow-dry-cream-150ml-alfaparf-2\\\/\",\"url\":\"https:\\\/\\\/kosa.mk\\\/sq\\\/product\\\/style-stories-blow-dry-cream-150ml-alfaparf-2\\\/\",\"name\":\"Style Stories Blow-Dry Cream 150ml Alfaparf - KOSA.MK - \u041d\u0415\u0413\u0410 \u041d\u0410 \u041a\u041e\u0421\u0410 HAIR CARE SHOP\",\"isPartOf\":{\"@id\":\"https:\\\/\\\/kosa.mk\\\/#website\"},\"primaryImageOfPage\":{\"@id\":\"https:\\\/\\\/kosa.mk\\\/sq\\\/product\\\/style-stories-blow-dry-cream-150ml-alfaparf-2\\\/#primaryimage\"},\"image\":{\"@id\":\"https:\\\/\\\/kosa.mk\\\/sq\\\/product\\\/style-stories-blow-dry-cream-150ml-alfaparf-2\\\/#primaryimage\"},\"thumbnailUrl\":\"https:\\\/\\\/kosa.mk\\\/wp-content\\\/uploads\\\/2023\\\/05\\\/Alfaparf_Milano_Style_Stories_Blow_Dry_Cream_-_Front_750x.jpg\",\"datePublished\":\"2023-05-06T23:41:07+00:00\",\"breadcrumb\":{\"@id\":\"https:\\\/\\\/kosa.mk\\\/sq\\\/product\\\/style-stories-blow-dry-cream-150ml-alfaparf-2\\\/#breadcrumb\"},\"inLanguage\":\"sq-AL\",\"potentialAction\":[{\"@type\":\"ReadAction\",\"target\":[\"https:\\\/\\\/kosa.mk\\\/sq\\\/product\\\/style-stories-blow-dry-cream-150ml-alfaparf-2\\\/\"]}]},{\"@type\":\"ImageObject\",\"inLanguage\":\"sq-AL\",\"@id\":\"https:\\\/\\\/kosa.mk\\\/sq\\\/product\\\/style-stories-blow-dry-cream-150ml-alfaparf-2\\\/#primaryimage\",\"url\":\"https:\\\/\\\/kosa.mk\\\/wp-content\\\/uploads\\\/2023\\\/05\\\/Alfaparf_Milano_Style_Stories_Blow_Dry_Cream_-_Front_750x.jpg\",\"contentUrl\":\"https:\\\/\\\/kosa.mk\\\/wp-content\\\/uploads\\\/2023\\\/05\\\/Alfaparf_Milano_Style_Stories_Blow_Dry_Cream_-_Front_750x.jpg\",\"width\":1000,\"height\":1000},{\"@type\":\"BreadcrumbList\",\"@id\":\"https:\\\/\\\/kosa.mk\\\/sq\\\/product\\\/style-stories-blow-dry-cream-150ml-alfaparf-2\\\/#breadcrumb\",\"itemListElement\":[{\"@type\":\"ListItem\",\"position\":1,\"name\":\"Home\",\"item\":\"https:\\\/\\\/kosa.mk\\\/sq\\\/\"},{\"@type\":\"ListItem\",\"position\":2,\"name\":\"Shop\",\"item\":\"https:\\\/\\\/kosa.mk\\\/shop\\\/\"},{\"@type\":\"ListItem\",\"position\":3,\"name\":\"Style Stories Blow-Dry Cream 150ml Alfaparf\"}]},{\"@type\":\"WebSite\",\"@id\":\"https:\\\/\\\/kosa.mk\\\/#website\",\"url\":\"https:\\\/\\\/kosa.mk\\\/\",\"name\":\"KOSA.MK - \u041d\u0415\u0413\u0410 \u041d\u0410 \u041a\u041e\u0421\u0410 HAIR CARE SHOP\",\"description\":\"\u041d\u0415\u0413\u0410 ,\u0421\u0422\u0410\u0408\u041b\u0418\u041d\u0413,\u0422\u0420\u0415\u0422\u041c\u0410\u041d\u0418  \u0417\u0410 \u041a\u041e\u0421\u0410 , HARECARE, HAIR TREATMENTS, SHAMPOO, MASK, CONDITIONERS, STYLING\",\"publisher\":{\"@id\":\"https:\\\/\\\/kosa.mk\\\/#organization\"},\"potentialAction\":[{\"@type\":\"SearchAction\",\"target\":{\"@type\":\"EntryPoint\",\"urlTemplate\":\"https:\\\/\\\/kosa.mk\\\/?s={search_term_string}\"},\"query-input\":{\"@type\":\"PropertyValueSpecification\",\"valueRequired\":true,\"valueName\":\"search_term_string\"}}],\"inLanguage\":\"sq-AL\"},{\"@type\":\"Organization\",\"@id\":\"https:\\\/\\\/kosa.mk\\\/#organization\",\"name\":\"KOSA.MK - \u041d\u0415\u0413\u0410 \u041d\u0410 \u041a\u041e\u0421\u0410 HAIR CARE SHOP\",\"url\":\"https:\\\/\\\/kosa.mk\\\/\",\"logo\":{\"@type\":\"ImageObject\",\"inLanguage\":\"sq-AL\",\"@id\":\"https:\\\/\\\/kosa.mk\\\/#\\\/schema\\\/logo\\\/image\\\/\",\"url\":\"https:\\\/\\\/kosa.mk\\\/wp-content\\\/uploads\\\/2023\\\/04\\\/LOGO5.png\",\"contentUrl\":\"https:\\\/\\\/kosa.mk\\\/wp-content\\\/uploads\\\/2023\\\/04\\\/LOGO5.png\",\"width\":499,\"height\":188,\"caption\":\"KOSA.MK - \u041d\u0415\u0413\u0410 \u041d\u0410 \u041a\u041e\u0421\u0410 HAIR CARE SHOP\"},\"image\":{\"@id\":\"https:\\\/\\\/kosa.mk\\\/#\\\/schema\\\/logo\\\/image\\\/\"}}]}<\/script>\n<!-- \/ Yoast SEO plugin. -->","yoast_head_json":{"title":"Style Stories Blow-Dry Cream 150ml Alfaparf - KOSA.MK - \u041d\u0415\u0413\u0410 \u041d\u0410 \u041a\u041e\u0421\u0410 HAIR CARE SHOP","robots":{"index":"index","follow":"follow","max-snippet":"max-snippet:-1","max-image-preview":"max-image-preview:large","max-video-preview":"max-video-preview:-1"},"canonical":"https:\/\/kosa.mk\/sq\/product\/style-stories-blow-dry-cream-150ml-alfaparf-2\/","og_locale":"sq_AL","og_type":"article","og_title":"Style Stories Blow-Dry Cream 150ml Alfaparf - KOSA.MK - \u041d\u0415\u0413\u0410 \u041d\u0410 \u041a\u041e\u0421\u0410 HAIR CARE SHOP","og_description":"P\u00ebr ata q\u00eb nuk e kufizojn\u00eb k\u00ebrkimin e tyre p\u00ebr p\u00ebrsosm\u00ebri n\u00eb raste t\u00eb ve\u00e7anta, kremi p\u00ebr tharjen e flok\u00ebve Alfaparf Milano Style Stories \u00ebsht\u00eb zgjidhja p\u00ebr ka\u00e7urrelat e \u00ebnd\u00ebrruara, \u00e7do dit\u00eb. Kremi Style Stories Blow Dry \u00ebsht\u00eb nj\u00eb trajtim para-stili q\u00eb shton trupin dhe e b\u00ebn tharjen m\u00eb t\u00eb shpejt\u00eb dhe m\u00eb t\u00eb leht\u00eb.","og_url":"https:\/\/kosa.mk\/sq\/product\/style-stories-blow-dry-cream-150ml-alfaparf-2\/","og_site_name":"KOSA.MK - \u041d\u0415\u0413\u0410 \u041d\u0410 \u041a\u041e\u0421\u0410 HAIR CARE SHOP","og_image":[{"width":1000,"height":1000,"url":"https:\/\/kosa.mk\/wp-content\/uploads\/2023\/05\/Alfaparf_Milano_Style_Stories_Blow_Dry_Cream_-_Front_750x.jpg","type":"image\/jpeg"}],"twitter_card":"summary_large_image","twitter_misc":{"Est. reading time":"2 minutes"},"schema":{"@context":"https:\/\/schema.org","@graph":[{"@type":"WebPage","@id":"https:\/\/kosa.mk\/sq\/product\/style-stories-blow-dry-cream-150ml-alfaparf-2\/","url":"https:\/\/kosa.mk\/sq\/product\/style-stories-blow-dry-cream-150ml-alfaparf-2\/","name":"Style Stories Blow-Dry Cream 150ml Alfaparf - KOSA.MK - \u041d\u0415\u0413\u0410 \u041d\u0410 \u041a\u041e\u0421\u0410 HAIR CARE SHOP","isPartOf":{"@id":"https:\/\/kosa.mk\/#website"},"primaryImageOfPage":{"@id":"https:\/\/kosa.mk\/sq\/product\/style-stories-blow-dry-cream-150ml-alfaparf-2\/#primaryimage"},"image":{"@id":"https:\/\/kosa.mk\/sq\/product\/style-stories-blow-dry-cream-150ml-alfaparf-2\/#primaryimage"},"thumbnailUrl":"https:\/\/kosa.mk\/wp-content\/uploads\/2023\/05\/Alfaparf_Milano_Style_Stories_Blow_Dry_Cream_-_Front_750x.jpg","datePublished":"2023-05-06T23:41:07+00:00","breadcrumb":{"@id":"https:\/\/kosa.mk\/sq\/product\/style-stories-blow-dry-cream-150ml-alfaparf-2\/#breadcrumb"},"inLanguage":"sq-AL","potentialAction":[{"@type":"ReadAction","target":["https:\/\/kosa.mk\/sq\/product\/style-stories-blow-dry-cream-150ml-alfaparf-2\/"]}]},{"@type":"ImageObject","inLanguage":"sq-AL","@id":"https:\/\/kosa.mk\/sq\/product\/style-stories-blow-dry-cream-150ml-alfaparf-2\/#primaryimage","url":"https:\/\/kosa.mk\/wp-content\/uploads\/2023\/05\/Alfaparf_Milano_Style_Stories_Blow_Dry_Cream_-_Front_750x.jpg","contentUrl":"https:\/\/kosa.mk\/wp-content\/uploads\/2023\/05\/Alfaparf_Milano_Style_Stories_Blow_Dry_Cream_-_Front_750x.jpg","width":1000,"height":1000},{"@type":"BreadcrumbList","@id":"https:\/\/kosa.mk\/sq\/product\/style-stories-blow-dry-cream-150ml-alfaparf-2\/#breadcrumb","itemListElement":[{"@type":"ListItem","position":1,"name":"Home","item":"https:\/\/kosa.mk\/sq\/"},{"@type":"ListItem","position":2,"name":"Shop","item":"https:\/\/kosa.mk\/shop\/"},{"@type":"ListItem","position":3,"name":"Style Stories Blow-Dry Cream 150ml Alfaparf"}]},{"@type":"WebSite","@id":"https:\/\/kosa.mk\/#website","url":"https:\/\/kosa.mk\/","name":"KOSA.MK - \u041d\u0415\u0413\u0410 \u041d\u0410 \u041a\u041e\u0421\u0410 HAIR CARE SHOP","description":"\u041d\u0415\u0413\u0410 ,\u0421\u0422\u0410\u0408\u041b\u0418\u041d\u0413,\u0422\u0420\u0415\u0422\u041c\u0410\u041d\u0418  \u0417\u0410 \u041a\u041e\u0421\u0410 , HARECARE, HAIR TREATMENTS, SHAMPOO, MASK, CONDITIONERS, STYLING","publisher":{"@id":"https:\/\/kosa.mk\/#organization"},"potentialAction":[{"@type":"SearchAction","target":{"@type":"EntryPoint","urlTemplate":"https:\/\/kosa.mk\/?s={search_term_string}"},"query-input":{"@type":"PropertyValueSpecification","valueRequired":true,"valueName":"search_term_string"}}],"inLanguage":"sq-AL"},{"@type":"Organization","@id":"https:\/\/kosa.mk\/#organization","name":"KOSA.MK - \u041d\u0415\u0413\u0410 \u041d\u0410 \u041a\u041e\u0421\u0410 HAIR CARE SHOP","url":"https:\/\/kosa.mk\/","logo":{"@type":"ImageObject","inLanguage":"sq-AL","@id":"https:\/\/kosa.mk\/#\/schema\/logo\/image\/","url":"https:\/\/kosa.mk\/wp-content\/uploads\/2023\/04\/LOGO5.png","contentUrl":"https:\/\/kosa.mk\/wp-content\/uploads\/2023\/04\/LOGO5.png","width":499,"height":188,"caption":"KOSA.MK - \u041d\u0415\u0413\u0410 \u041d\u0410 \u041a\u041e\u0421\u0410 HAIR CARE SHOP"},"image":{"@id":"https:\/\/kosa.mk\/#\/schema\/logo\/image\/"}}]}},"brands":[],"_links":{"self":[{"href":"https:\/\/kosa.mk\/sq\/wp-json\/wp\/v2\/product\/9757","targetHints":{"allow":["GET"]}}],"collection":[{"href":"https:\/\/kosa.mk\/sq\/wp-json\/wp\/v2\/product"}],"about":[{"href":"https:\/\/kosa.mk\/sq\/wp-json\/wp\/v2\/types\/product"}],"replies":[{"embeddable":true,"href":"https:\/\/kosa.mk\/sq\/wp-json\/wp\/v2\/comments?post=9757"}],"version-history":[{"count":0,"href":"https:\/\/kosa.mk\/sq\/wp-json\/wp\/v2\/product\/9757\/revisions"}],"wp:featuredmedia":[{"embeddable":true,"href":"https:\/\/kosa.mk\/sq\/wp-json\/wp\/v2\/media\/9753"}],"wp:attachment":[{"href":"https:\/\/kosa.mk\/sq\/wp-json\/wp\/v2\/media?parent=9757"}],"wp:term":[{"taxonomy":"pwb-brand","embeddable":true,"href":"https:\/\/kosa.mk\/sq\/wp-json\/wp\/v2\/pwb-brand?post=9757"},{"taxonomy":"product_brand","embeddable":true,"href":"https:\/\/kosa.mk\/sq\/wp-json\/wp\/v2\/product_brand?post=9757"},{"taxonomy":"product_cat","embeddable":true,"href":"https:\/\/kosa.mk\/sq\/wp-json\/wp\/v2\/product_cat?post=9757"},{"taxonomy":"product_tag","embeddable":true,"href":"https:\/\/kosa.mk\/sq\/wp-json\/wp\/v2\/product_tag?post=9757"}],"curies":[{"name":"wp","href":"https:\/\/api.w.org\/{rel}","templated":true}]}}