{"id":9871,"date":"2023-05-07T20:00:45","date_gmt":"2023-05-07T20:00:45","guid":{"rendered":"https:\/\/kosa.mk\/product\/revlon-professional-equave-kids-detangling-conditioner-200ml\/"},"modified":"2023-05-07T20:00:45","modified_gmt":"2023-05-07T20:00:45","slug":"revlon-professional-equave-kids-detangling-conditioner-200ml-2","status":"publish","type":"product","link":"https:\/\/kosa.mk\/sq\/product\/revlon-professional-equave-kids-detangling-conditioner-200ml-2\/","title":{"rendered":"Revlon Professional Equave Kids\u2122 Detangling Conditioner 200ml"},"content":{"rendered":"<h4><strong>Revlon Professional Equave Kids\u2122 Detangling Conditioner 200ml<\/strong><\/h4>\n<h4>Koleksioni REVLON PROFESSIONAL Equave p\u00ebr f\u00ebmij\u00eb ofron kujdes profesional dhe t\u00eb leht\u00eb p\u00ebr t&#8217;u kondicionuar me p\u00ebrb\u00ebr\u00ebs t\u00eb but\u00eb q\u00eb u m\u00ebsojn\u00eb f\u00ebmij\u00ebve r\u00ebnd\u00ebsin\u00eb e kujdesit t\u00eb sh\u00ebndetsh\u00ebm t\u00eb flok\u00ebve. Trajtoni f\u00ebmij\u00ebt me p\u00ebrb\u00ebr\u00ebsit e dobish\u00ebm q\u00eb kan\u00eb nevoj\u00eb p\u00ebr flok\u00ebt dhe skalpin e tyre, me kondicionerin revlon Professional Equave Kids Detangling. Kondicioneri p\u00ebr f\u00ebmij\u00eb i dizajnuar me kujdes \u00ebsht\u00eb i formuluar me protein\u00eb gruri q\u00eb e lejon at\u00eb t\u00eb mbroj\u00eb flok\u00ebt gjat\u00eb gjith\u00eb dit\u00ebs, nd\u00ebrsa keratina jo vet\u00ebm q\u00eb zbut flok\u00ebt, por gjithashtu redukton ngat\u00ebrrimin dhe parandalon elektricitetin statik. Kondicioneri p\u00ebr f\u00ebmij\u00ebt me flok\u00eb t\u00eb ngat\u00ebrruar i b\u00ebn nyjet m\u00eb t\u00eb bezdisshme, duke e b\u00ebr\u00eb krehjen t\u00eb leht\u00eb dhe t\u00eb k\u00ebndshme. Me p\u00ebrdorimin e p\u00ebrditsh\u00ebm t\u00eb kondicionerit p\u00ebr f\u00ebmij\u00eb, t\u00eb testuar dermatologjikisht, t\u00eb pasuruar me keratin\u00eb, trajtohen majat e \u00e7ara dhe zvog\u00eblohen zvarritjet duke i l\u00ebn\u00eb flok\u00ebt t\u00eb but\u00eb, t\u00eb m\u00ebndafsht\u00eb dhe me shk\u00eblqim. Kondicioneri pastrues p\u00ebr f\u00ebmij\u00ebt e mosh\u00ebs 3-12 vje\u00e7 p\u00ebrmban filtra UVA dhe UVB.<\/h4>\n<h4>P\u00ebrfitimet kryesore: Zhduk dhe zbut menj\u00ebher\u00eb flok\u00ebt p\u00ebr shk\u00eblqim dhe t\u00eb m\u00ebndafsht\u00eb me nj\u00eb arom\u00eb t\u00eb shijshme molle jeshile q\u00eb f\u00ebmij\u00ebt do ta adhurojn\u00eb.<br \/>\n\u2022 Nj\u00eb formul\u00eb e testuar dermatologjikisht e cila p\u00ebrmban p\u00ebrb\u00ebr\u00ebs t\u00eb zgjedhur posa\u00e7\u00ebrisht bazuar n\u00eb karakteristikat e flok\u00ebve dhe l\u00ebkur\u00ebs s\u00eb f\u00ebmij\u00ebve.<br \/>\n\u2022 Zb\u00ebrthehet, e b\u00ebn m\u00eb t\u00eb leht\u00eb krehjen dhe zbut flok\u00ebt n\u00eb \u00e7ast, duke i l\u00ebn\u00eb ato t\u00eb m\u00ebndafshta dhe me shk\u00eblqim.<br \/>\n\u2022 Formuluar me p\u00ebrb\u00ebr\u00ebs q\u00eb jan\u00eb t\u00eb but\u00eb p\u00ebr flok\u00ebt dhe skalpin e f\u00ebmij\u00ebve.<br \/>\n\u2022 Arom\u00eb delikate dhe e \u00ebmb\u00ebl, me nj\u00eb nuanc\u00eb moll\u00eb jeshile t\u00eb fresk\u00ebt.<br \/>\n\u2022 P\u00ebrmban filt\u00ebr UVA\/UVB.<\/h4>\n<h4>Si ta p\u00ebrdorni<br \/>\n1. Shkundni dhe aplikoni kondicionerin e l\u00ebn\u00eb p\u00ebr f\u00ebmij\u00ebt n\u00eb flok\u00eb t\u00eb lagur ose t\u00eb that\u00eb.<br \/>\n2. Mos e shp\u00eblani.<br \/>\nMos e p\u00ebrdorni te f\u00ebmij\u00ebt n\u00ebn 3 vje\u00e7.<\/h4>\n","protected":false},"excerpt":{"rendered":"<h4>Koleksioni REVLON PROFESSIONAL Equave p\u00ebr f\u00ebmij\u00eb ofron kujdes profesional dhe t\u00eb leht\u00eb p\u00ebr t&#8217;u kondicionuar me p\u00ebrb\u00ebr\u00ebs t\u00eb but\u00eb q\u00eb u m\u00ebsojn\u00eb f\u00ebmij\u00ebve r\u00ebnd\u00ebsin\u00eb e kujdesit t\u00eb sh\u00ebndetsh\u00ebm t\u00eb flok\u00ebve. Trajtoni f\u00ebmij\u00ebt me p\u00ebrb\u00ebr\u00ebsit e dobish\u00ebm q\u00eb kan\u00eb nevoj\u00eb p\u00ebr flok\u00ebt dhe skalpin e tyre, me kondicionerin revlon Professional Equave Kids Detangling.<\/h4>\n","protected":false},"featured_media":12735,"comment_status":"open","ping_status":"closed","template":"","meta":[],"pwb-brand":[],"product_brand":[],"product_cat":[500,499],"product_tag":[],"class_list":{"0":"post-9871","1":"product","2":"type-product","3":"status-publish","4":"has-post-thumbnail","6":"product_cat-kondicioneri-per-femi","7":"product_cat-per-femi","9":"first","10":"instock","11":"shipping-taxable","12":"purchasable","13":"product-type-simple"},"yoast_head":"<!-- This site is optimized with the Yoast SEO plugin v27.5 - https:\/\/yoast.com\/product\/yoast-seo-wordpress\/ -->\n<title>Revlon Professional Equave Kids\u2122 Detangling Conditioner 200ml - KOSA.MK - \u041d\u0415\u0413\u0410 \u041d\u0410 \u041a\u041e\u0421\u0410 HAIR CARE SHOP<\/title>\n<meta name=\"robots\" content=\"index, follow, max-snippet:-1, max-image-preview:large, max-video-preview:-1\" \/>\n<link rel=\"canonical\" href=\"https:\/\/kosa.mk\/sq\/product\/revlon-professional-equave-kids-detangling-conditioner-200ml-2\/\" \/>\n<meta property=\"og:locale\" content=\"sq_AL\" \/>\n<meta property=\"og:type\" content=\"article\" \/>\n<meta property=\"og:title\" content=\"Revlon Professional Equave Kids\u2122 Detangling Conditioner 200ml - KOSA.MK - \u041d\u0415\u0413\u0410 \u041d\u0410 \u041a\u041e\u0421\u0410 HAIR CARE SHOP\" \/>\n<meta property=\"og:description\" content=\"Koleksioni REVLON PROFESSIONAL Equave p\u00ebr f\u00ebmij\u00eb ofron kujdes profesional dhe t\u00eb leht\u00eb p\u00ebr t&#039;u kondicionuar me p\u00ebrb\u00ebr\u00ebs t\u00eb but\u00eb q\u00eb u m\u00ebsojn\u00eb f\u00ebmij\u00ebve r\u00ebnd\u00ebsin\u00eb e kujdesit t\u00eb sh\u00ebndetsh\u00ebm t\u00eb flok\u00ebve. Trajtoni f\u00ebmij\u00ebt me p\u00ebrb\u00ebr\u00ebsit e dobish\u00ebm q\u00eb kan\u00eb nevoj\u00eb p\u00ebr flok\u00ebt dhe skalpin e tyre, me kondicionerin revlon Professional Equave Kids Detangling.\" \/>\n<meta property=\"og:url\" content=\"https:\/\/kosa.mk\/sq\/product\/revlon-professional-equave-kids-detangling-conditioner-200ml-2\/\" \/>\n<meta property=\"og:site_name\" content=\"KOSA.MK - \u041d\u0415\u0413\u0410 \u041d\u0410 \u041a\u041e\u0421\u0410 HAIR CARE SHOP\" \/>\n<meta property=\"og:image\" content=\"https:\/\/kosa.mk\/wp-content\/uploads\/2023\/05\/Revlon-Professional-Equave-Kids\u2122-Detangling-Conditioner-200ml.jpg\" \/>\n\t<meta property=\"og:image:width\" content=\"1000\" \/>\n\t<meta property=\"og:image:height\" content=\"1000\" \/>\n\t<meta property=\"og:image:type\" content=\"image\/jpeg\" \/>\n<meta name=\"twitter:card\" content=\"summary_large_image\" \/>\n<meta name=\"twitter:label1\" content=\"Est. reading time\" \/>\n\t<meta name=\"twitter:data1\" content=\"2 minutes\" \/>\n<script type=\"application\/ld+json\" class=\"yoast-schema-graph\">{\"@context\":\"https:\\\/\\\/schema.org\",\"@graph\":[{\"@type\":\"WebPage\",\"@id\":\"https:\\\/\\\/kosa.mk\\\/sq\\\/product\\\/revlon-professional-equave-kids-detangling-conditioner-200ml-2\\\/\",\"url\":\"https:\\\/\\\/kosa.mk\\\/sq\\\/product\\\/revlon-professional-equave-kids-detangling-conditioner-200ml-2\\\/\",\"name\":\"Revlon Professional Equave Kids\u2122 Detangling Conditioner 200ml - KOSA.MK - \u041d\u0415\u0413\u0410 \u041d\u0410 \u041a\u041e\u0421\u0410 HAIR CARE SHOP\",\"isPartOf\":{\"@id\":\"https:\\\/\\\/kosa.mk\\\/#website\"},\"primaryImageOfPage\":{\"@id\":\"https:\\\/\\\/kosa.mk\\\/sq\\\/product\\\/revlon-professional-equave-kids-detangling-conditioner-200ml-2\\\/#primaryimage\"},\"image\":{\"@id\":\"https:\\\/\\\/kosa.mk\\\/sq\\\/product\\\/revlon-professional-equave-kids-detangling-conditioner-200ml-2\\\/#primaryimage\"},\"thumbnailUrl\":\"https:\\\/\\\/kosa.mk\\\/wp-content\\\/uploads\\\/2023\\\/05\\\/revlon-revlon-equave-kids-detangling-conditioner-2-green.webp\",\"datePublished\":\"2023-05-07T20:00:45+00:00\",\"breadcrumb\":{\"@id\":\"https:\\\/\\\/kosa.mk\\\/sq\\\/product\\\/revlon-professional-equave-kids-detangling-conditioner-200ml-2\\\/#breadcrumb\"},\"inLanguage\":\"sq-AL\",\"potentialAction\":[{\"@type\":\"ReadAction\",\"target\":[\"https:\\\/\\\/kosa.mk\\\/sq\\\/product\\\/revlon-professional-equave-kids-detangling-conditioner-200ml-2\\\/\"]}]},{\"@type\":\"ImageObject\",\"inLanguage\":\"sq-AL\",\"@id\":\"https:\\\/\\\/kosa.mk\\\/sq\\\/product\\\/revlon-professional-equave-kids-detangling-conditioner-200ml-2\\\/#primaryimage\",\"url\":\"https:\\\/\\\/kosa.mk\\\/wp-content\\\/uploads\\\/2023\\\/05\\\/revlon-revlon-equave-kids-detangling-conditioner-2-green.webp\",\"contentUrl\":\"https:\\\/\\\/kosa.mk\\\/wp-content\\\/uploads\\\/2023\\\/05\\\/revlon-revlon-equave-kids-detangling-conditioner-2-green.webp\",\"width\":1652,\"height\":1652},{\"@type\":\"BreadcrumbList\",\"@id\":\"https:\\\/\\\/kosa.mk\\\/sq\\\/product\\\/revlon-professional-equave-kids-detangling-conditioner-200ml-2\\\/#breadcrumb\",\"itemListElement\":[{\"@type\":\"ListItem\",\"position\":1,\"name\":\"Home\",\"item\":\"https:\\\/\\\/kosa.mk\\\/sq\\\/\"},{\"@type\":\"ListItem\",\"position\":2,\"name\":\"Shop\",\"item\":\"https:\\\/\\\/kosa.mk\\\/shop\\\/\"},{\"@type\":\"ListItem\",\"position\":3,\"name\":\"Revlon Professional Equave Kids\u2122 Detangling Conditioner 200ml\"}]},{\"@type\":\"WebSite\",\"@id\":\"https:\\\/\\\/kosa.mk\\\/#website\",\"url\":\"https:\\\/\\\/kosa.mk\\\/\",\"name\":\"KOSA.MK - \u041d\u0415\u0413\u0410 \u041d\u0410 \u041a\u041e\u0421\u0410 HAIR CARE SHOP\",\"description\":\"\u041d\u0415\u0413\u0410 ,\u0421\u0422\u0410\u0408\u041b\u0418\u041d\u0413,\u0422\u0420\u0415\u0422\u041c\u0410\u041d\u0418  \u0417\u0410 \u041a\u041e\u0421\u0410 , HARECARE, HAIR TREATMENTS, SHAMPOO, MASK, CONDITIONERS, STYLING\",\"publisher\":{\"@id\":\"https:\\\/\\\/kosa.mk\\\/#organization\"},\"potentialAction\":[{\"@type\":\"SearchAction\",\"target\":{\"@type\":\"EntryPoint\",\"urlTemplate\":\"https:\\\/\\\/kosa.mk\\\/?s={search_term_string}\"},\"query-input\":{\"@type\":\"PropertyValueSpecification\",\"valueRequired\":true,\"valueName\":\"search_term_string\"}}],\"inLanguage\":\"sq-AL\"},{\"@type\":\"Organization\",\"@id\":\"https:\\\/\\\/kosa.mk\\\/#organization\",\"name\":\"KOSA.MK - \u041d\u0415\u0413\u0410 \u041d\u0410 \u041a\u041e\u0421\u0410 HAIR CARE SHOP\",\"url\":\"https:\\\/\\\/kosa.mk\\\/\",\"logo\":{\"@type\":\"ImageObject\",\"inLanguage\":\"sq-AL\",\"@id\":\"https:\\\/\\\/kosa.mk\\\/#\\\/schema\\\/logo\\\/image\\\/\",\"url\":\"https:\\\/\\\/kosa.mk\\\/wp-content\\\/uploads\\\/2023\\\/04\\\/LOGO5.png\",\"contentUrl\":\"https:\\\/\\\/kosa.mk\\\/wp-content\\\/uploads\\\/2023\\\/04\\\/LOGO5.png\",\"width\":499,\"height\":188,\"caption\":\"KOSA.MK - \u041d\u0415\u0413\u0410 \u041d\u0410 \u041a\u041e\u0421\u0410 HAIR CARE SHOP\"},\"image\":{\"@id\":\"https:\\\/\\\/kosa.mk\\\/#\\\/schema\\\/logo\\\/image\\\/\"}}]}<\/script>\n<!-- \/ Yoast SEO plugin. -->","yoast_head_json":{"title":"Revlon Professional Equave Kids\u2122 Detangling Conditioner 200ml - KOSA.MK - \u041d\u0415\u0413\u0410 \u041d\u0410 \u041a\u041e\u0421\u0410 HAIR CARE SHOP","robots":{"index":"index","follow":"follow","max-snippet":"max-snippet:-1","max-image-preview":"max-image-preview:large","max-video-preview":"max-video-preview:-1"},"canonical":"https:\/\/kosa.mk\/sq\/product\/revlon-professional-equave-kids-detangling-conditioner-200ml-2\/","og_locale":"sq_AL","og_type":"article","og_title":"Revlon Professional Equave Kids\u2122 Detangling Conditioner 200ml - KOSA.MK - \u041d\u0415\u0413\u0410 \u041d\u0410 \u041a\u041e\u0421\u0410 HAIR CARE SHOP","og_description":"Koleksioni REVLON PROFESSIONAL Equave p\u00ebr f\u00ebmij\u00eb ofron kujdes profesional dhe t\u00eb leht\u00eb p\u00ebr t'u kondicionuar me p\u00ebrb\u00ebr\u00ebs t\u00eb but\u00eb q\u00eb u m\u00ebsojn\u00eb f\u00ebmij\u00ebve r\u00ebnd\u00ebsin\u00eb e kujdesit t\u00eb sh\u00ebndetsh\u00ebm t\u00eb flok\u00ebve. Trajtoni f\u00ebmij\u00ebt me p\u00ebrb\u00ebr\u00ebsit e dobish\u00ebm q\u00eb kan\u00eb nevoj\u00eb p\u00ebr flok\u00ebt dhe skalpin e tyre, me kondicionerin revlon Professional Equave Kids Detangling.","og_url":"https:\/\/kosa.mk\/sq\/product\/revlon-professional-equave-kids-detangling-conditioner-200ml-2\/","og_site_name":"KOSA.MK - \u041d\u0415\u0413\u0410 \u041d\u0410 \u041a\u041e\u0421\u0410 HAIR CARE SHOP","og_image":[{"width":1000,"height":1000,"url":"https:\/\/kosa.mk\/wp-content\/uploads\/2023\/05\/Revlon-Professional-Equave-Kids\u2122-Detangling-Conditioner-200ml.jpg","type":"image\/jpeg"}],"twitter_card":"summary_large_image","twitter_misc":{"Est. reading time":"2 minutes"},"schema":{"@context":"https:\/\/schema.org","@graph":[{"@type":"WebPage","@id":"https:\/\/kosa.mk\/sq\/product\/revlon-professional-equave-kids-detangling-conditioner-200ml-2\/","url":"https:\/\/kosa.mk\/sq\/product\/revlon-professional-equave-kids-detangling-conditioner-200ml-2\/","name":"Revlon Professional Equave Kids\u2122 Detangling Conditioner 200ml - KOSA.MK - \u041d\u0415\u0413\u0410 \u041d\u0410 \u041a\u041e\u0421\u0410 HAIR CARE SHOP","isPartOf":{"@id":"https:\/\/kosa.mk\/#website"},"primaryImageOfPage":{"@id":"https:\/\/kosa.mk\/sq\/product\/revlon-professional-equave-kids-detangling-conditioner-200ml-2\/#primaryimage"},"image":{"@id":"https:\/\/kosa.mk\/sq\/product\/revlon-professional-equave-kids-detangling-conditioner-200ml-2\/#primaryimage"},"thumbnailUrl":"https:\/\/kosa.mk\/wp-content\/uploads\/2023\/05\/revlon-revlon-equave-kids-detangling-conditioner-2-green.webp","datePublished":"2023-05-07T20:00:45+00:00","breadcrumb":{"@id":"https:\/\/kosa.mk\/sq\/product\/revlon-professional-equave-kids-detangling-conditioner-200ml-2\/#breadcrumb"},"inLanguage":"sq-AL","potentialAction":[{"@type":"ReadAction","target":["https:\/\/kosa.mk\/sq\/product\/revlon-professional-equave-kids-detangling-conditioner-200ml-2\/"]}]},{"@type":"ImageObject","inLanguage":"sq-AL","@id":"https:\/\/kosa.mk\/sq\/product\/revlon-professional-equave-kids-detangling-conditioner-200ml-2\/#primaryimage","url":"https:\/\/kosa.mk\/wp-content\/uploads\/2023\/05\/revlon-revlon-equave-kids-detangling-conditioner-2-green.webp","contentUrl":"https:\/\/kosa.mk\/wp-content\/uploads\/2023\/05\/revlon-revlon-equave-kids-detangling-conditioner-2-green.webp","width":1652,"height":1652},{"@type":"BreadcrumbList","@id":"https:\/\/kosa.mk\/sq\/product\/revlon-professional-equave-kids-detangling-conditioner-200ml-2\/#breadcrumb","itemListElement":[{"@type":"ListItem","position":1,"name":"Home","item":"https:\/\/kosa.mk\/sq\/"},{"@type":"ListItem","position":2,"name":"Shop","item":"https:\/\/kosa.mk\/shop\/"},{"@type":"ListItem","position":3,"name":"Revlon Professional Equave Kids\u2122 Detangling Conditioner 200ml"}]},{"@type":"WebSite","@id":"https:\/\/kosa.mk\/#website","url":"https:\/\/kosa.mk\/","name":"KOSA.MK - \u041d\u0415\u0413\u0410 \u041d\u0410 \u041a\u041e\u0421\u0410 HAIR CARE SHOP","description":"\u041d\u0415\u0413\u0410 ,\u0421\u0422\u0410\u0408\u041b\u0418\u041d\u0413,\u0422\u0420\u0415\u0422\u041c\u0410\u041d\u0418  \u0417\u0410 \u041a\u041e\u0421\u0410 , HARECARE, HAIR TREATMENTS, SHAMPOO, MASK, CONDITIONERS, STYLING","publisher":{"@id":"https:\/\/kosa.mk\/#organization"},"potentialAction":[{"@type":"SearchAction","target":{"@type":"EntryPoint","urlTemplate":"https:\/\/kosa.mk\/?s={search_term_string}"},"query-input":{"@type":"PropertyValueSpecification","valueRequired":true,"valueName":"search_term_string"}}],"inLanguage":"sq-AL"},{"@type":"Organization","@id":"https:\/\/kosa.mk\/#organization","name":"KOSA.MK - \u041d\u0415\u0413\u0410 \u041d\u0410 \u041a\u041e\u0421\u0410 HAIR CARE SHOP","url":"https:\/\/kosa.mk\/","logo":{"@type":"ImageObject","inLanguage":"sq-AL","@id":"https:\/\/kosa.mk\/#\/schema\/logo\/image\/","url":"https:\/\/kosa.mk\/wp-content\/uploads\/2023\/04\/LOGO5.png","contentUrl":"https:\/\/kosa.mk\/wp-content\/uploads\/2023\/04\/LOGO5.png","width":499,"height":188,"caption":"KOSA.MK - \u041d\u0415\u0413\u0410 \u041d\u0410 \u041a\u041e\u0421\u0410 HAIR CARE SHOP"},"image":{"@id":"https:\/\/kosa.mk\/#\/schema\/logo\/image\/"}}]}},"brands":[],"_links":{"self":[{"href":"https:\/\/kosa.mk\/sq\/wp-json\/wp\/v2\/product\/9871","targetHints":{"allow":["GET"]}}],"collection":[{"href":"https:\/\/kosa.mk\/sq\/wp-json\/wp\/v2\/product"}],"about":[{"href":"https:\/\/kosa.mk\/sq\/wp-json\/wp\/v2\/types\/product"}],"replies":[{"embeddable":true,"href":"https:\/\/kosa.mk\/sq\/wp-json\/wp\/v2\/comments?post=9871"}],"version-history":[{"count":0,"href":"https:\/\/kosa.mk\/sq\/wp-json\/wp\/v2\/product\/9871\/revisions"}],"wp:featuredmedia":[{"embeddable":true,"href":"https:\/\/kosa.mk\/sq\/wp-json\/wp\/v2\/media\/12735"}],"wp:attachment":[{"href":"https:\/\/kosa.mk\/sq\/wp-json\/wp\/v2\/media?parent=9871"}],"wp:term":[{"taxonomy":"pwb-brand","embeddable":true,"href":"https:\/\/kosa.mk\/sq\/wp-json\/wp\/v2\/pwb-brand?post=9871"},{"taxonomy":"product_brand","embeddable":true,"href":"https:\/\/kosa.mk\/sq\/wp-json\/wp\/v2\/product_brand?post=9871"},{"taxonomy":"product_cat","embeddable":true,"href":"https:\/\/kosa.mk\/sq\/wp-json\/wp\/v2\/product_cat?post=9871"},{"taxonomy":"product_tag","embeddable":true,"href":"https:\/\/kosa.mk\/sq\/wp-json\/wp\/v2\/product_tag?post=9871"}],"curies":[{"name":"wp","href":"https:\/\/api.w.org\/{rel}","templated":true}]}}