{"id":9998,"date":"2023-05-08T10:29:56","date_gmt":"2023-05-08T10:29:56","guid":{"rendered":"https:\/\/kosa.mk\/product\/energizing-low-shampoo-250-ml-alfaparf\/"},"modified":"2023-05-08T10:29:56","modified_gmt":"2023-05-08T10:29:56","slug":"energizing-low-shampoo-250-ml-alfaparf-2","status":"publish","type":"product","link":"https:\/\/kosa.mk\/sq\/product\/energizing-low-shampoo-250-ml-alfaparf-2\/","title":{"rendered":"Energizing Low Shampoo 250 ml AlfaParf"},"content":{"rendered":"<h4><strong>Energizing Low Shampoo 250 ml AlfaParf<\/strong><\/h4>\n<h4>Zgjidhje reale p\u00ebr t\u00eb p\u00ebrmbushur nevojat reale t\u00eb bukuris\u00eb s\u00eb meshkujve t\u00eb sot\u00ebm.<br \/>\nShampo Energizing Low nga linja Blends of Many pastron skalpin e kok\u00ebs thell\u00eb dhe i jep fibrave vitalitet t\u00eb rinovuar. Kur kombinohet me Losion Energjizues, \u00ebsht\u00eb nj\u00eb trajtim ndihm\u00ebs p\u00ebr humbjen e flok\u00ebve.<\/h4>\n<h4>Si ta p\u00ebrdorni<br \/>\nShp\u00ebrndajeni mbi flok\u00eb t\u00eb lagur dhe emulsifikojeni. Shp\u00eblajeni t\u00ebr\u00ebsisht P\u00ebrs\u00ebriteni n\u00ebse \u00ebsht\u00eb e nevojshme. Gjithashtu rekomandohet p\u00ebr p\u00ebrdorim t\u00eb p\u00ebrditsh\u00ebm.<br \/>\nRezultatet<br \/>\nFlok\u00ebt 5 her\u00eb m\u00eb t\u00eb fort\u00eb*<br \/>\n11% m\u00eb e trash\u00eb p\u00ebr cm2*<br \/>\nArom\u00eb me nota t\u00eb gjalla t\u00eb anise, dru sandali t\u00eb sofistikuar dhe pa\u00e7uli<br \/>\n**Test instrumental n\u00eb trajtimin e plot\u00eb Energizing Blends of Many. kundrejt placebos<\/h4>\n<h4>P\u00ebrb\u00ebr\u00ebsit<\/h4>\n<h4>aqua (water), sodium cocoyl isethionate, disodium laureth sulfosuccinate, cocamidopropyl betaine, hydrogenated coconut acid, acrylates copolymer, phenoxyethanol, parfum (fragrance), sodium chloride, sodium isethionate, glycol distearate, polyquaternium-22, laureth-4, sodium benzoate, sodium hydroxide, ethylhexylglycerin, lactic acid, polyquaternium-7, laureth-2, peg\/ppg-120\/10 trimethylolpropane trioleate, pentylene glycol, helianthus annuus (sunflower) seed oil, plankton extract, camellia sinensis leaf extract, sodium pca, biosaccharide gum-4, sodium lactate, arginine, aspartic acid, pca, glycine, alanine, serine, valine, bht, isoleucine, proline, threonine, histidine, phenylalanine, ascorbyl palmitate.<\/h4>\n<p>&nbsp;<\/p>\n","protected":false},"excerpt":{"rendered":"<h4>Zgjidhje reale p\u00ebr t\u00eb p\u00ebrmbushur nevojat reale t\u00eb bukuris\u00eb s\u00eb meshkujve t\u00eb sot\u00ebm.<br \/>\nShampo Energizing Low nga linja Blends of Many pastron skalpin e kok\u00ebs thell\u00eb dhe i jep fibrave vitalitet t\u00eb rinovuar. Kur kombinohet me Losion Energjizues, \u00ebsht\u00eb nj\u00eb trajtim ndihm\u00ebs p\u00ebr humbjen e flok\u00ebve.<\/h4>\n","protected":false},"featured_media":9996,"comment_status":"open","ping_status":"closed","template":"","meta":[],"pwb-brand":[],"product_brand":[],"product_cat":[505,413,429,507],"product_tag":[],"class_list":{"0":"post-9998","1":"product","2":"type-product","3":"status-publish","4":"has-post-thumbnail","6":"product_cat-per-meshkuj","7":"product_cat-shampona","8":"product_cat-shampona-per-meshkuj","9":"product_cat-shampona-per-meshkuj-sq","11":"first","12":"instock","13":"shipping-taxable","14":"purchasable","15":"product-type-simple"},"yoast_head":"<!-- This site is optimized with the Yoast SEO plugin v27.5 - https:\/\/yoast.com\/product\/yoast-seo-wordpress\/ -->\n<title>Energizing Low Shampoo 250 ml AlfaParf - KOSA.MK - \u041d\u0415\u0413\u0410 \u041d\u0410 \u041a\u041e\u0421\u0410 HAIR CARE SHOP<\/title>\n<meta name=\"robots\" content=\"index, follow, max-snippet:-1, max-image-preview:large, max-video-preview:-1\" \/>\n<link rel=\"canonical\" href=\"https:\/\/kosa.mk\/sq\/product\/energizing-low-shampoo-250-ml-alfaparf-2\/\" \/>\n<meta property=\"og:locale\" content=\"sq_AL\" \/>\n<meta property=\"og:type\" content=\"article\" \/>\n<meta property=\"og:title\" content=\"Energizing Low Shampoo 250 ml AlfaParf - KOSA.MK - \u041d\u0415\u0413\u0410 \u041d\u0410 \u041a\u041e\u0421\u0410 HAIR CARE SHOP\" \/>\n<meta property=\"og:description\" content=\"Zgjidhje reale p\u00ebr t\u00eb p\u00ebrmbushur nevojat reale t\u00eb bukuris\u00eb s\u00eb meshkujve t\u00eb sot\u00ebm. Shampo Energizing Low nga linja Blends of Many pastron skalpin e kok\u00ebs thell\u00eb dhe i jep fibrave vitalitet t\u00eb rinovuar. Kur kombinohet me Losion Energjizues, \u00ebsht\u00eb nj\u00eb trajtim ndihm\u00ebs p\u00ebr humbjen e flok\u00ebve.\" \/>\n<meta property=\"og:url\" content=\"https:\/\/kosa.mk\/sq\/product\/energizing-low-shampoo-250-ml-alfaparf-2\/\" \/>\n<meta property=\"og:site_name\" content=\"KOSA.MK - \u041d\u0415\u0413\u0410 \u041d\u0410 \u041a\u041e\u0421\u0410 HAIR CARE SHOP\" \/>\n<meta property=\"og:image\" content=\"https:\/\/kosa.mk\/wp-content\/uploads\/2023\/05\/BLENDS_OF_MANY_Energizing_Shampoo_Alfaparf_Milano_PF018566_2000x2000_01.jpg\" \/>\n\t<meta property=\"og:image:width\" content=\"1000\" \/>\n\t<meta property=\"og:image:height\" content=\"1000\" \/>\n\t<meta property=\"og:image:type\" content=\"image\/jpeg\" \/>\n<meta name=\"twitter:card\" content=\"summary_large_image\" \/>\n<meta name=\"twitter:label1\" content=\"Est. reading time\" \/>\n\t<meta name=\"twitter:data1\" content=\"1 minute\" \/>\n<script type=\"application\/ld+json\" class=\"yoast-schema-graph\">{\"@context\":\"https:\\\/\\\/schema.org\",\"@graph\":[{\"@type\":\"WebPage\",\"@id\":\"https:\\\/\\\/kosa.mk\\\/sq\\\/product\\\/energizing-low-shampoo-250-ml-alfaparf-2\\\/\",\"url\":\"https:\\\/\\\/kosa.mk\\\/sq\\\/product\\\/energizing-low-shampoo-250-ml-alfaparf-2\\\/\",\"name\":\"Energizing Low Shampoo 250 ml AlfaParf - KOSA.MK - \u041d\u0415\u0413\u0410 \u041d\u0410 \u041a\u041e\u0421\u0410 HAIR CARE SHOP\",\"isPartOf\":{\"@id\":\"https:\\\/\\\/kosa.mk\\\/#website\"},\"primaryImageOfPage\":{\"@id\":\"https:\\\/\\\/kosa.mk\\\/sq\\\/product\\\/energizing-low-shampoo-250-ml-alfaparf-2\\\/#primaryimage\"},\"image\":{\"@id\":\"https:\\\/\\\/kosa.mk\\\/sq\\\/product\\\/energizing-low-shampoo-250-ml-alfaparf-2\\\/#primaryimage\"},\"thumbnailUrl\":\"https:\\\/\\\/kosa.mk\\\/wp-content\\\/uploads\\\/2023\\\/05\\\/BLENDS_OF_MANY_Energizing_Shampoo_Alfaparf_Milano_PF018566_2000x2000_01.jpg\",\"datePublished\":\"2023-05-08T10:29:56+00:00\",\"breadcrumb\":{\"@id\":\"https:\\\/\\\/kosa.mk\\\/sq\\\/product\\\/energizing-low-shampoo-250-ml-alfaparf-2\\\/#breadcrumb\"},\"inLanguage\":\"sq-AL\",\"potentialAction\":[{\"@type\":\"ReadAction\",\"target\":[\"https:\\\/\\\/kosa.mk\\\/sq\\\/product\\\/energizing-low-shampoo-250-ml-alfaparf-2\\\/\"]}]},{\"@type\":\"ImageObject\",\"inLanguage\":\"sq-AL\",\"@id\":\"https:\\\/\\\/kosa.mk\\\/sq\\\/product\\\/energizing-low-shampoo-250-ml-alfaparf-2\\\/#primaryimage\",\"url\":\"https:\\\/\\\/kosa.mk\\\/wp-content\\\/uploads\\\/2023\\\/05\\\/BLENDS_OF_MANY_Energizing_Shampoo_Alfaparf_Milano_PF018566_2000x2000_01.jpg\",\"contentUrl\":\"https:\\\/\\\/kosa.mk\\\/wp-content\\\/uploads\\\/2023\\\/05\\\/BLENDS_OF_MANY_Energizing_Shampoo_Alfaparf_Milano_PF018566_2000x2000_01.jpg\",\"width\":1000,\"height\":1000},{\"@type\":\"BreadcrumbList\",\"@id\":\"https:\\\/\\\/kosa.mk\\\/sq\\\/product\\\/energizing-low-shampoo-250-ml-alfaparf-2\\\/#breadcrumb\",\"itemListElement\":[{\"@type\":\"ListItem\",\"position\":1,\"name\":\"Home\",\"item\":\"https:\\\/\\\/kosa.mk\\\/sq\\\/\"},{\"@type\":\"ListItem\",\"position\":2,\"name\":\"Shop\",\"item\":\"https:\\\/\\\/kosa.mk\\\/shop\\\/\"},{\"@type\":\"ListItem\",\"position\":3,\"name\":\"Energizing Low Shampoo 250 ml AlfaParf\"}]},{\"@type\":\"WebSite\",\"@id\":\"https:\\\/\\\/kosa.mk\\\/#website\",\"url\":\"https:\\\/\\\/kosa.mk\\\/\",\"name\":\"KOSA.MK - \u041d\u0415\u0413\u0410 \u041d\u0410 \u041a\u041e\u0421\u0410 HAIR CARE SHOP\",\"description\":\"\u041d\u0415\u0413\u0410 ,\u0421\u0422\u0410\u0408\u041b\u0418\u041d\u0413,\u0422\u0420\u0415\u0422\u041c\u0410\u041d\u0418  \u0417\u0410 \u041a\u041e\u0421\u0410 , HARECARE, HAIR TREATMENTS, SHAMPOO, MASK, CONDITIONERS, STYLING\",\"publisher\":{\"@id\":\"https:\\\/\\\/kosa.mk\\\/#organization\"},\"potentialAction\":[{\"@type\":\"SearchAction\",\"target\":{\"@type\":\"EntryPoint\",\"urlTemplate\":\"https:\\\/\\\/kosa.mk\\\/?s={search_term_string}\"},\"query-input\":{\"@type\":\"PropertyValueSpecification\",\"valueRequired\":true,\"valueName\":\"search_term_string\"}}],\"inLanguage\":\"sq-AL\"},{\"@type\":\"Organization\",\"@id\":\"https:\\\/\\\/kosa.mk\\\/#organization\",\"name\":\"KOSA.MK - \u041d\u0415\u0413\u0410 \u041d\u0410 \u041a\u041e\u0421\u0410 HAIR CARE SHOP\",\"url\":\"https:\\\/\\\/kosa.mk\\\/\",\"logo\":{\"@type\":\"ImageObject\",\"inLanguage\":\"sq-AL\",\"@id\":\"https:\\\/\\\/kosa.mk\\\/#\\\/schema\\\/logo\\\/image\\\/\",\"url\":\"https:\\\/\\\/kosa.mk\\\/wp-content\\\/uploads\\\/2023\\\/04\\\/LOGO5.png\",\"contentUrl\":\"https:\\\/\\\/kosa.mk\\\/wp-content\\\/uploads\\\/2023\\\/04\\\/LOGO5.png\",\"width\":499,\"height\":188,\"caption\":\"KOSA.MK - \u041d\u0415\u0413\u0410 \u041d\u0410 \u041a\u041e\u0421\u0410 HAIR CARE SHOP\"},\"image\":{\"@id\":\"https:\\\/\\\/kosa.mk\\\/#\\\/schema\\\/logo\\\/image\\\/\"}}]}<\/script>\n<!-- \/ Yoast SEO plugin. -->","yoast_head_json":{"title":"Energizing Low Shampoo 250 ml AlfaParf - KOSA.MK - \u041d\u0415\u0413\u0410 \u041d\u0410 \u041a\u041e\u0421\u0410 HAIR CARE SHOP","robots":{"index":"index","follow":"follow","max-snippet":"max-snippet:-1","max-image-preview":"max-image-preview:large","max-video-preview":"max-video-preview:-1"},"canonical":"https:\/\/kosa.mk\/sq\/product\/energizing-low-shampoo-250-ml-alfaparf-2\/","og_locale":"sq_AL","og_type":"article","og_title":"Energizing Low Shampoo 250 ml AlfaParf - KOSA.MK - \u041d\u0415\u0413\u0410 \u041d\u0410 \u041a\u041e\u0421\u0410 HAIR CARE SHOP","og_description":"Zgjidhje reale p\u00ebr t\u00eb p\u00ebrmbushur nevojat reale t\u00eb bukuris\u00eb s\u00eb meshkujve t\u00eb sot\u00ebm. Shampo Energizing Low nga linja Blends of Many pastron skalpin e kok\u00ebs thell\u00eb dhe i jep fibrave vitalitet t\u00eb rinovuar. Kur kombinohet me Losion Energjizues, \u00ebsht\u00eb nj\u00eb trajtim ndihm\u00ebs p\u00ebr humbjen e flok\u00ebve.","og_url":"https:\/\/kosa.mk\/sq\/product\/energizing-low-shampoo-250-ml-alfaparf-2\/","og_site_name":"KOSA.MK - \u041d\u0415\u0413\u0410 \u041d\u0410 \u041a\u041e\u0421\u0410 HAIR CARE SHOP","og_image":[{"width":1000,"height":1000,"url":"https:\/\/kosa.mk\/wp-content\/uploads\/2023\/05\/BLENDS_OF_MANY_Energizing_Shampoo_Alfaparf_Milano_PF018566_2000x2000_01.jpg","type":"image\/jpeg"}],"twitter_card":"summary_large_image","twitter_misc":{"Est. reading time":"1 minute"},"schema":{"@context":"https:\/\/schema.org","@graph":[{"@type":"WebPage","@id":"https:\/\/kosa.mk\/sq\/product\/energizing-low-shampoo-250-ml-alfaparf-2\/","url":"https:\/\/kosa.mk\/sq\/product\/energizing-low-shampoo-250-ml-alfaparf-2\/","name":"Energizing Low Shampoo 250 ml AlfaParf - KOSA.MK - \u041d\u0415\u0413\u0410 \u041d\u0410 \u041a\u041e\u0421\u0410 HAIR CARE SHOP","isPartOf":{"@id":"https:\/\/kosa.mk\/#website"},"primaryImageOfPage":{"@id":"https:\/\/kosa.mk\/sq\/product\/energizing-low-shampoo-250-ml-alfaparf-2\/#primaryimage"},"image":{"@id":"https:\/\/kosa.mk\/sq\/product\/energizing-low-shampoo-250-ml-alfaparf-2\/#primaryimage"},"thumbnailUrl":"https:\/\/kosa.mk\/wp-content\/uploads\/2023\/05\/BLENDS_OF_MANY_Energizing_Shampoo_Alfaparf_Milano_PF018566_2000x2000_01.jpg","datePublished":"2023-05-08T10:29:56+00:00","breadcrumb":{"@id":"https:\/\/kosa.mk\/sq\/product\/energizing-low-shampoo-250-ml-alfaparf-2\/#breadcrumb"},"inLanguage":"sq-AL","potentialAction":[{"@type":"ReadAction","target":["https:\/\/kosa.mk\/sq\/product\/energizing-low-shampoo-250-ml-alfaparf-2\/"]}]},{"@type":"ImageObject","inLanguage":"sq-AL","@id":"https:\/\/kosa.mk\/sq\/product\/energizing-low-shampoo-250-ml-alfaparf-2\/#primaryimage","url":"https:\/\/kosa.mk\/wp-content\/uploads\/2023\/05\/BLENDS_OF_MANY_Energizing_Shampoo_Alfaparf_Milano_PF018566_2000x2000_01.jpg","contentUrl":"https:\/\/kosa.mk\/wp-content\/uploads\/2023\/05\/BLENDS_OF_MANY_Energizing_Shampoo_Alfaparf_Milano_PF018566_2000x2000_01.jpg","width":1000,"height":1000},{"@type":"BreadcrumbList","@id":"https:\/\/kosa.mk\/sq\/product\/energizing-low-shampoo-250-ml-alfaparf-2\/#breadcrumb","itemListElement":[{"@type":"ListItem","position":1,"name":"Home","item":"https:\/\/kosa.mk\/sq\/"},{"@type":"ListItem","position":2,"name":"Shop","item":"https:\/\/kosa.mk\/shop\/"},{"@type":"ListItem","position":3,"name":"Energizing Low Shampoo 250 ml AlfaParf"}]},{"@type":"WebSite","@id":"https:\/\/kosa.mk\/#website","url":"https:\/\/kosa.mk\/","name":"KOSA.MK - \u041d\u0415\u0413\u0410 \u041d\u0410 \u041a\u041e\u0421\u0410 HAIR CARE SHOP","description":"\u041d\u0415\u0413\u0410 ,\u0421\u0422\u0410\u0408\u041b\u0418\u041d\u0413,\u0422\u0420\u0415\u0422\u041c\u0410\u041d\u0418  \u0417\u0410 \u041a\u041e\u0421\u0410 , HARECARE, HAIR TREATMENTS, SHAMPOO, MASK, CONDITIONERS, STYLING","publisher":{"@id":"https:\/\/kosa.mk\/#organization"},"potentialAction":[{"@type":"SearchAction","target":{"@type":"EntryPoint","urlTemplate":"https:\/\/kosa.mk\/?s={search_term_string}"},"query-input":{"@type":"PropertyValueSpecification","valueRequired":true,"valueName":"search_term_string"}}],"inLanguage":"sq-AL"},{"@type":"Organization","@id":"https:\/\/kosa.mk\/#organization","name":"KOSA.MK - \u041d\u0415\u0413\u0410 \u041d\u0410 \u041a\u041e\u0421\u0410 HAIR CARE SHOP","url":"https:\/\/kosa.mk\/","logo":{"@type":"ImageObject","inLanguage":"sq-AL","@id":"https:\/\/kosa.mk\/#\/schema\/logo\/image\/","url":"https:\/\/kosa.mk\/wp-content\/uploads\/2023\/04\/LOGO5.png","contentUrl":"https:\/\/kosa.mk\/wp-content\/uploads\/2023\/04\/LOGO5.png","width":499,"height":188,"caption":"KOSA.MK - \u041d\u0415\u0413\u0410 \u041d\u0410 \u041a\u041e\u0421\u0410 HAIR CARE SHOP"},"image":{"@id":"https:\/\/kosa.mk\/#\/schema\/logo\/image\/"}}]}},"brands":[],"_links":{"self":[{"href":"https:\/\/kosa.mk\/sq\/wp-json\/wp\/v2\/product\/9998","targetHints":{"allow":["GET"]}}],"collection":[{"href":"https:\/\/kosa.mk\/sq\/wp-json\/wp\/v2\/product"}],"about":[{"href":"https:\/\/kosa.mk\/sq\/wp-json\/wp\/v2\/types\/product"}],"replies":[{"embeddable":true,"href":"https:\/\/kosa.mk\/sq\/wp-json\/wp\/v2\/comments?post=9998"}],"version-history":[{"count":0,"href":"https:\/\/kosa.mk\/sq\/wp-json\/wp\/v2\/product\/9998\/revisions"}],"wp:featuredmedia":[{"embeddable":true,"href":"https:\/\/kosa.mk\/sq\/wp-json\/wp\/v2\/media\/9996"}],"wp:attachment":[{"href":"https:\/\/kosa.mk\/sq\/wp-json\/wp\/v2\/media?parent=9998"}],"wp:term":[{"taxonomy":"pwb-brand","embeddable":true,"href":"https:\/\/kosa.mk\/sq\/wp-json\/wp\/v2\/pwb-brand?post=9998"},{"taxonomy":"product_brand","embeddable":true,"href":"https:\/\/kosa.mk\/sq\/wp-json\/wp\/v2\/product_brand?post=9998"},{"taxonomy":"product_cat","embeddable":true,"href":"https:\/\/kosa.mk\/sq\/wp-json\/wp\/v2\/product_cat?post=9998"},{"taxonomy":"product_tag","embeddable":true,"href":"https:\/\/kosa.mk\/sq\/wp-json\/wp\/v2\/product_tag?post=9998"}],"curies":[{"name":"wp","href":"https:\/\/api.w.org\/{rel}","templated":true}]}}